{"id":35381,"date":"2016-11-07T16:18:51","date_gmt":"2016-11-07T15:18:51","guid":{"rendered":"https:\/\/staging.lucky-hunter.com\/product\/power-bank-bolyguard\/"},"modified":"2022-11-22T15:17:15","modified_gmt":"2022-11-22T14:17:15","slug":"power-bank-bolyguard","status":"publish","type":"product","link":"https:\/\/staging.lucky-hunter.com\/fr\/product\/power-bank-bolyguard\/","title":{"rendered":"Power Bank Bolyguard"},"content":{"rendered":"<h3>Power Bank Bolyguard<\/h3>\n<p>Ce produit est dot\u00e9 d&#8217;un panneau solaire \u00e9tanche, pour une recharge \u00e9cologique de votre cam\u00e9ra. Une fois cette formidable Power Bank branch\u00e9e \u00e0 vos cam\u00e9ras, vous serez certain qu\u2019elles sont aliment\u00e9es.<\/p>\n<p>Avec ce nouveau panneau solaire con\u00e7u sur-mesure par Bolyguard, vous \u00eates non seulement toujours s\u00fbr de l\u2019alimentation de votre cam\u00e9ra de chasse Bolyguard, mais il peut aussi alimenter d\u2019autres appareils. Si vous n&#8217;utilisez pas votre cam\u00e9ra cette saison, vous disposez d&#8217;une Power Bank fonctionnant \u00e0 l\u2019\u00e9nergie solaire et utilisable pour recharger votre t\u00e9l\u00e9phone portable, votre tablette ou de nombreux autres appareils. Le panneau solaire est aliment\u00e9 par 4 piles au lithium rechargeables qui convertissent rapidement l&#8217;\u00e9nergie solaire pour alimenter la cam\u00e9ra ou l&#8217;appareil que vous chargez.<\/p>\n<p>Les LED sur la Power Bank Bolyguard indiquent la quantit\u00e9 d&#8217;\u00e9nergie disponible dans la batterie au lithium :<\/p>\n<p>1 LED : &lt;25 % d\u2019\u00e9nergie<\/p>\n<p>2 LED :<\/p>\n<p>25-50 % d\u2019\u00e9nergie 3 LED :<\/p>\n<p>50-75 % d\u2019\u00e9nergie 4 LED : &gt; 75 % d\u2019\u00e9nergie<\/p>\n<p>Le panneau solaire dispose de deux param\u00e8tres : le mode Cam\u00e9ra et le mode G\u00e9n\u00e9ral.<\/p>\n<p>Pour passer d&#8217;un mode \u00e0 l&#8217;autre, il suffit d\u2019appuyer sur le bouton \u00e0 l&#8217;arri\u00e8re du panneau solaire pendant environ 5 secondes. Mode cam\u00e9ra et mode g\u00e9n\u00e9ral. Vous passez d&#8217;un mode \u00e0 l&#8217;autre en appuyant sur le bouton \u00e0 l&#8217;arri\u00e8re du panneau solaire pendant environ 5 secondes.<\/p>\n<p>En mode cam\u00e9ra, le panneau solaire alimente la cam\u00e9ra pendant qu&#8217;elle est active. Ceci n&#8217;est pas possible en mode g\u00e9n\u00e9ral.<\/p>\n<div><strong>Pensez \u00e0 choisir le mod\u00e8le de c\u00e2ble adapt\u00e9 \u00e0 votre cam\u00e9ra Bolyguard :<\/strong><\/div>\n<ul>\n<li>Le c\u00e2ble de type BG595 convient aux mod\u00e8les SG880, SG883, BG584 et BG595<\/li>\n<li>Le c\u00e2ble de type MG995 convient aux mod\u00e8les MG982, MG983, MG984, MG995, SG520, BG960 et BG590.<\/li>\n<\/ul>\n<p>Pour voir le param\u00e8tre actuel du panneau solaire, appuyez sur le bouton \u00e0 l&#8217;arri\u00e8re. Si les 4 voyants LED s\u2019allument, le panneau solaire est en mode G\u00e9n\u00e9ral. S\u2019ils ne s&#8217;allument pas, il est en mode Cam\u00e9ra.<\/p>\n<p>Il convient \u00e9galement de mentionner qu&#8217;il ne faut pas changer de r\u00e9glage pendant la charge.<\/p>\n<p>Le panneau solaire de cette Power Bank ne peut pas \u00eatre utilis\u00e9 pour les cam\u00e9ras Spypoint car elles n\u00e9cessitent une alimentation de 2 amp\u00e8res. Ce panneau solaire produit 1 amp\u00e8re.<\/p>\n<h4><strong>Caract\u00e9ristiques\u00a0:<\/strong><\/h4>\n<ul>\n<li>Sortie : 12V \/ 1A et 5V \/ 2A<\/li>\n<li>Capacit\u00e9 de la batterie : 7200 mAh<\/li>\n<li>Temp\u00e9rature de fonctionnement : de -20 \u00e0 80 degr\u00e9s<\/li>\n<li>Taille : 128 x 64 x 24 mm<\/li>\n<li>Poids : 215 g.<\/li>\n<li>100% \u00e9tanche selon la norme IP65.<\/li>\n<li>Le montage est inclus.<\/li>\n<\/ul>\n","protected":false},"excerpt":{"rendered":"<p>Le panneau solaire dispose d&#8217;une puissante batterie lithium-ion polym\u00e8re de 7200 mAh qui convertit rapidement l&#8217;\u00e9nergie solaire pour alimenter la cam\u00e9ra.\u00a0Il peut \u00e9galement servir de batterie externe pour d&#8217;autres appareils \u00e9lectroniques tels qu&#8217;un t\u00e9l\u00e9phone portable, une tablette, etc.<\/p>\n","protected":false},"featured_media":28862,"template":"","meta":[],"product_brand":[8207],"product_cat":[8232],"product_tag":[],"yoast_head":"<!-- This site is optimized with the Yoast SEO plugin v24.3 - https:\/\/yoast.com\/wordpress\/plugins\/seo\/ -->\n<title>Power Bank Bolyguard pour cam\u00e9ra de pistage | Lucky Hunter<\/title>\n<meta name=\"description\" content=\"Imperm\u00e9able, r\u00e9sistant et fiable. Cette Power Bank Bolyguard garantit que vous avez toujours de la puissance sur votre cam\u00e9ra de pistage Bolyguard.\" \/>\n<meta name=\"robots\" content=\"noindex, follow, max-snippet:-1, max-image-preview:large, max-video-preview:-1\" \/>\n<meta property=\"og:locale\" content=\"fr_FR\" \/>\n<meta property=\"og:type\" content=\"article\" \/>\n<meta property=\"og:title\" content=\"Power Bank Bolyguard pour cam\u00e9ra de pistage | Lucky Hunter\" \/>\n<meta property=\"og:description\" content=\"Imperm\u00e9able, r\u00e9sistant et fiable. Cette Power Bank Bolyguard garantit que vous avez toujours de la puissance sur votre cam\u00e9ra de pistage Bolyguard.\" \/>\n<meta property=\"og:url\" content=\"https:\/\/staging.lucky-hunter.com\/product\/bolyguard-power-bank-for-trail-camera\/\" \/>\n<meta property=\"og:site_name\" content=\"Lucky-Hunter\" \/>\n<meta property=\"article:modified_time\" content=\"2022-11-22T14:17:15+00:00\" \/>\n<meta property=\"og:image\" content=\"https:\/\/staging.lucky-hunter.com\/wp-content\/uploads\/2017\/06\/JK-624-1.png\" \/>\n\t<meta property=\"og:image:width\" content=\"1000\" \/>\n\t<meta property=\"og:image:height\" content=\"1000\" \/>\n\t<meta property=\"og:image:type\" content=\"image\/png\" \/>\n<meta name=\"twitter:card\" content=\"summary_large_image\" \/>\n<meta name=\"twitter:title\" content=\"Power Bank Bolyguard pour cam\u00e9ra de pistage | Lucky Hunter\" \/>\n<meta name=\"twitter:description\" content=\"Imperm\u00e9able, r\u00e9sistant et fiable. Cette Power Bank Bolyguard garantit que vous avez toujours de la puissance sur votre cam\u00e9ra de pistage Bolyguard.\" \/>\n<meta name=\"twitter:label1\" content=\"Dur\u00e9e de lecture estim\u00e9e\" \/>\n\t<meta name=\"twitter:data1\" content=\"2 minutes\" \/>\n<script type=\"application\/ld+json\" class=\"yoast-schema-graph\">{\"@context\":\"https:\/\/schema.org\",\"@graph\":[{\"@type\":\"WebPage\",\"@id\":\"https:\/\/staging.lucky-hunter.com\/product\/bolyguard-power-bank-for-trail-camera\/\",\"url\":\"https:\/\/staging.lucky-hunter.com\/product\/bolyguard-power-bank-for-trail-camera\/\",\"name\":\"Power Bank Bolyguard pour cam\u00e9ra de pistage | Lucky Hunter\",\"isPartOf\":{\"@id\":\"https:\/\/staging.lucky-hunter.com\/#website\"},\"primaryImageOfPage\":{\"@id\":\"https:\/\/staging.lucky-hunter.com\/product\/bolyguard-power-bank-for-trail-camera\/#primaryimage\"},\"image\":{\"@id\":\"https:\/\/staging.lucky-hunter.com\/product\/bolyguard-power-bank-for-trail-camera\/#primaryimage\"},\"thumbnailUrl\":\"https:\/\/staging.lucky-hunter.com\/wp-content\/uploads\/2017\/06\/JK-624-1.png\",\"datePublished\":\"2016-11-07T15:18:51+00:00\",\"dateModified\":\"2022-11-22T14:17:15+00:00\",\"description\":\"Imperm\u00e9able, r\u00e9sistant et fiable. Cette Power Bank Bolyguard garantit que vous avez toujours de la puissance sur votre cam\u00e9ra de pistage Bolyguard.\",\"breadcrumb\":{\"@id\":\"https:\/\/staging.lucky-hunter.com\/product\/bolyguard-power-bank-for-trail-camera\/#breadcrumb\"},\"inLanguage\":\"fr-FR\",\"potentialAction\":[{\"@type\":\"ReadAction\",\"target\":[\"https:\/\/staging.lucky-hunter.com\/product\/bolyguard-power-bank-for-trail-camera\/\"]}]},{\"@type\":\"ImageObject\",\"inLanguage\":\"fr-FR\",\"@id\":\"https:\/\/staging.lucky-hunter.com\/product\/bolyguard-power-bank-for-trail-camera\/#primaryimage\",\"url\":\"https:\/\/staging.lucky-hunter.com\/wp-content\/uploads\/2017\/06\/JK-624-1.png\",\"contentUrl\":\"https:\/\/staging.lucky-hunter.com\/wp-content\/uploads\/2017\/06\/JK-624-1.png\",\"width\":1000,\"height\":1000},{\"@type\":\"BreadcrumbList\",\"@id\":\"https:\/\/staging.lucky-hunter.com\/product\/bolyguard-power-bank-for-trail-camera\/#breadcrumb\",\"itemListElement\":[{\"@type\":\"ListItem\",\"position\":1,\"name\":\"Home\",\"item\":\"https:\/\/staging.lucky-hunter.com\/fr\/\"},{\"@type\":\"ListItem\",\"position\":2,\"name\":\"Boutique\",\"item\":\"https:\/\/staging.lucky-hunter.com\/fr\/shop\/\"},{\"@type\":\"ListItem\",\"position\":3,\"name\":\"Power Bank Bolyguard\"}]},{\"@type\":\"WebSite\",\"@id\":\"https:\/\/staging.lucky-hunter.com\/#website\",\"url\":\"https:\/\/staging.lucky-hunter.com\/\",\"name\":\"Lucky-Hunter\",\"description\":\"Gear Up or Give Up\",\"potentialAction\":[{\"@type\":\"SearchAction\",\"target\":{\"@type\":\"EntryPoint\",\"urlTemplate\":\"https:\/\/staging.lucky-hunter.com\/?s={search_term_string}\"},\"query-input\":{\"@type\":\"PropertyValueSpecification\",\"valueRequired\":true,\"valueName\":\"search_term_string\"}}],\"inLanguage\":\"fr-FR\"}]}<\/script>\n<!-- \/ Yoast SEO plugin. -->","yoast_head_json":{"title":"Power Bank Bolyguard pour cam\u00e9ra de pistage | Lucky Hunter","description":"Imperm\u00e9able, r\u00e9sistant et fiable. Cette Power Bank Bolyguard garantit que vous avez toujours de la puissance sur votre cam\u00e9ra de pistage Bolyguard.","robots":{"index":"noindex","follow":"follow","max-snippet":"max-snippet:-1","max-image-preview":"max-image-preview:large","max-video-preview":"max-video-preview:-1"},"og_locale":"fr_FR","og_type":"article","og_title":"Power Bank Bolyguard pour cam\u00e9ra de pistage | Lucky Hunter","og_description":"Imperm\u00e9able, r\u00e9sistant et fiable. Cette Power Bank Bolyguard garantit que vous avez toujours de la puissance sur votre cam\u00e9ra de pistage Bolyguard.","og_url":"https:\/\/staging.lucky-hunter.com\/product\/bolyguard-power-bank-for-trail-camera\/","og_site_name":"Lucky-Hunter","article_modified_time":"2022-11-22T14:17:15+00:00","og_image":[{"width":1000,"height":1000,"url":"https:\/\/staging.lucky-hunter.com\/wp-content\/uploads\/2017\/06\/JK-624-1.png","type":"image\/png"}],"twitter_card":"summary_large_image","twitter_title":"Power Bank Bolyguard pour cam\u00e9ra de pistage | Lucky Hunter","twitter_description":"Imperm\u00e9able, r\u00e9sistant et fiable. Cette Power Bank Bolyguard garantit que vous avez toujours de la puissance sur votre cam\u00e9ra de pistage Bolyguard.","twitter_misc":{"Dur\u00e9e de lecture estim\u00e9e":"2 minutes"},"schema":{"@context":"https:\/\/schema.org","@graph":[{"@type":"WebPage","@id":"https:\/\/staging.lucky-hunter.com\/product\/bolyguard-power-bank-for-trail-camera\/","url":"https:\/\/staging.lucky-hunter.com\/product\/bolyguard-power-bank-for-trail-camera\/","name":"Power Bank Bolyguard pour cam\u00e9ra de pistage | Lucky Hunter","isPartOf":{"@id":"https:\/\/staging.lucky-hunter.com\/#website"},"primaryImageOfPage":{"@id":"https:\/\/staging.lucky-hunter.com\/product\/bolyguard-power-bank-for-trail-camera\/#primaryimage"},"image":{"@id":"https:\/\/staging.lucky-hunter.com\/product\/bolyguard-power-bank-for-trail-camera\/#primaryimage"},"thumbnailUrl":"https:\/\/staging.lucky-hunter.com\/wp-content\/uploads\/2017\/06\/JK-624-1.png","datePublished":"2016-11-07T15:18:51+00:00","dateModified":"2022-11-22T14:17:15+00:00","description":"Imperm\u00e9able, r\u00e9sistant et fiable. Cette Power Bank Bolyguard garantit que vous avez toujours de la puissance sur votre cam\u00e9ra de pistage Bolyguard.","breadcrumb":{"@id":"https:\/\/staging.lucky-hunter.com\/product\/bolyguard-power-bank-for-trail-camera\/#breadcrumb"},"inLanguage":"fr-FR","potentialAction":[{"@type":"ReadAction","target":["https:\/\/staging.lucky-hunter.com\/product\/bolyguard-power-bank-for-trail-camera\/"]}]},{"@type":"ImageObject","inLanguage":"fr-FR","@id":"https:\/\/staging.lucky-hunter.com\/product\/bolyguard-power-bank-for-trail-camera\/#primaryimage","url":"https:\/\/staging.lucky-hunter.com\/wp-content\/uploads\/2017\/06\/JK-624-1.png","contentUrl":"https:\/\/staging.lucky-hunter.com\/wp-content\/uploads\/2017\/06\/JK-624-1.png","width":1000,"height":1000},{"@type":"BreadcrumbList","@id":"https:\/\/staging.lucky-hunter.com\/product\/bolyguard-power-bank-for-trail-camera\/#breadcrumb","itemListElement":[{"@type":"ListItem","position":1,"name":"Home","item":"https:\/\/staging.lucky-hunter.com\/fr\/"},{"@type":"ListItem","position":2,"name":"Boutique","item":"https:\/\/staging.lucky-hunter.com\/fr\/shop\/"},{"@type":"ListItem","position":3,"name":"Power Bank Bolyguard"}]},{"@type":"WebSite","@id":"https:\/\/staging.lucky-hunter.com\/#website","url":"https:\/\/staging.lucky-hunter.com\/","name":"Lucky-Hunter","description":"Gear Up or Give Up","potentialAction":[{"@type":"SearchAction","target":{"@type":"EntryPoint","urlTemplate":"https:\/\/staging.lucky-hunter.com\/?s={search_term_string}"},"query-input":{"@type":"PropertyValueSpecification","valueRequired":true,"valueName":"search_term_string"}}],"inLanguage":"fr-FR"}]}},"_links":{"self":[{"href":"https:\/\/staging.lucky-hunter.com\/fr\/wp-json\/wp\/v2\/product\/35381"}],"collection":[{"href":"https:\/\/staging.lucky-hunter.com\/fr\/wp-json\/wp\/v2\/product"}],"about":[{"href":"https:\/\/staging.lucky-hunter.com\/fr\/wp-json\/wp\/v2\/types\/product"}],"wp:featuredmedia":[{"embeddable":true,"href":"https:\/\/staging.lucky-hunter.com\/fr\/wp-json\/wp\/v2\/media\/28862"}],"wp:attachment":[{"href":"https:\/\/staging.lucky-hunter.com\/fr\/wp-json\/wp\/v2\/media?parent=35381"}],"wp:term":[{"taxonomy":"product_brand","embeddable":true,"href":"https:\/\/staging.lucky-hunter.com\/fr\/wp-json\/wp\/v2\/product_brand?post=35381"},{"taxonomy":"product_cat","embeddable":true,"href":"https:\/\/staging.lucky-hunter.com\/fr\/wp-json\/wp\/v2\/product_cat?post=35381"},{"taxonomy":"product_tag","embeddable":true,"href":"https:\/\/staging.lucky-hunter.com\/fr\/wp-json\/wp\/v2\/product_tag?post=35381"}],"curies":[{"name":"wp","href":"https:\/\/api.w.org\/{rel}","templated":true}]}}