{"id":35379,"date":"2017-03-08T15:33:44","date_gmt":"2017-03-08T14:33:44","guid":{"rendered":"https:\/\/staging.lucky-hunter.com\/product\/appeau-dan-thompson-pc2d-extreme-range-double-cottontail\/"},"modified":"2025-07-01T14:24:26","modified_gmt":"2025-07-01T12:24:26","slug":"appeau-dan-thompson-pc2d-extreme-range-double-cottontail","status":"publish","type":"product","link":"https:\/\/staging.lucky-hunter.com\/fr\/product\/appeau-dan-thompson-pc2d-extreme-range-double-cottontail\/","title":{"rendered":"Appeau Dan Thompson PC2D Extreme Range"},"content":{"rendered":"<h2><strong>Appeau Dan Thompson PC2D Extreme Range Double Cottontail<\/strong><\/h2>\n<p>Un tout nouvel appeau \u00e0 renard du fabricant am\u00e9ricain Dan Thompson, avec une port\u00e9e extra longue.<\/p>\n<p>Avec le PC2D, vous pouvez g\u00e9n\u00e9rer le son tr\u00e8s aigu, rugueux et strident du cri du li\u00e8vre. Le PC2D est fabriqu\u00e9 \u00e0 la main et accord\u00e9 individuellement, pour un son parfait caract\u00e9ristique des appeaux Dan Thompson.<\/p>\n<p>Le PC2D est fabriqu\u00e9 \u00e0 la main et accord\u00e9 individuellement, pour un son parfait caract\u00e9ristique des appeaux Dan Thompson.<\/p>\n<p>L&#8217;appel est fait en bois de noyer exquis assurant un ton clair et naturel.<\/p>\n<p>Les appeaux Dan Thompson sont parmi les plus faciles \u00e0 utiliser correctement, et Ils sont recommand\u00e9s par certains des utilisateurs d\u2019appeaux les plus c\u00e9l\u00e8bres d\u2019Europe, tels que le cin\u00e9aste su\u00e9dois Ulf Lindroth.<\/p>\n","protected":false},"excerpt":{"rendered":"<p>Le PC2D est fabriqu\u00e9 \u00e0 la main et accord\u00e9 individuellement, pour un son parfait caract\u00e9ristique des appeaux Dan Thompson.<\/p>\n","protected":false},"featured_media":29678,"template":"","meta":[],"product_brand":[8211],"product_cat":[8234],"product_tag":[9445],"yoast_head":"<!-- This site is optimized with the Yoast SEO plugin v24.3 - https:\/\/yoast.com\/wordpress\/plugins\/seo\/ -->\n<title>Appeau Dan Thompson PC2D Extreme Range Double Cottontail | Lucky Hunter<\/title>\n<meta name=\"description\" content=\"Fait \u00e0 la main et r\u00e9gl\u00e9 individuellement. L&#039;appeau Dan Thompson PC2D Extreme Range Double Cottontail est id\u00e9al pour la chasse aux carnassiers.\" \/>\n<meta name=\"robots\" content=\"noindex, follow, max-snippet:-1, max-image-preview:large, max-video-preview:-1\" \/>\n<meta property=\"og:locale\" content=\"fr_FR\" \/>\n<meta property=\"og:type\" content=\"article\" \/>\n<meta property=\"og:title\" content=\"Appeau Dan Thompson PC2D Extreme Range Double Cottontail | Lucky Hunter\" \/>\n<meta property=\"og:description\" content=\"Fait \u00e0 la main et r\u00e9gl\u00e9 individuellement. L&#039;appeau Dan Thompson PC2D Extreme Range Double Cottontail est id\u00e9al pour la chasse aux carnassiers.\" \/>\n<meta property=\"og:url\" content=\"https:\/\/staging.lucky-hunter.com\/fr\/product\/appeau-dan-thompson-pc2d-extreme-range-double-cottontail\/\" \/>\n<meta property=\"og:site_name\" content=\"Lucky-Hunter\" \/>\n<meta property=\"article:modified_time\" content=\"2025-07-01T12:24:26+00:00\" \/>\n<meta property=\"og:image\" content=\"https:\/\/staging.lucky-hunter.com\/wp-content\/uploads\/2017\/03\/lk-152.png\" \/>\n\t<meta property=\"og:image:width\" content=\"1000\" \/>\n\t<meta property=\"og:image:height\" content=\"1000\" \/>\n\t<meta property=\"og:image:type\" content=\"image\/png\" \/>\n<meta name=\"twitter:card\" content=\"summary_large_image\" \/>\n<meta name=\"twitter:title\" content=\"Appeau Dan Thompson PC2D Extreme Range Double Cottontail | Lucky Hunter\" \/>\n<meta name=\"twitter:description\" content=\"Fait \u00e0 la main et r\u00e9gl\u00e9 individuellement. L&#039;appeau Dan Thompson PC2D Extreme Range Double Cottontail est id\u00e9al pour la chasse aux carnassiers.\" \/>\n<meta name=\"twitter:label1\" content=\"Dur\u00e9e de lecture estim\u00e9e\" \/>\n\t<meta name=\"twitter:data1\" content=\"1 minute\" \/>\n<script type=\"application\/ld+json\" class=\"yoast-schema-graph\">{\"@context\":\"https:\/\/schema.org\",\"@graph\":[{\"@type\":\"WebPage\",\"@id\":\"https:\/\/staging.lucky-hunter.com\/fr\/product\/appeau-dan-thompson-pc2d-extreme-range-double-cottontail\/\",\"url\":\"https:\/\/staging.lucky-hunter.com\/fr\/product\/appeau-dan-thompson-pc2d-extreme-range-double-cottontail\/\",\"name\":\"Appeau Dan Thompson PC2D Extreme Range Double Cottontail | Lucky Hunter\",\"isPartOf\":{\"@id\":\"https:\/\/staging.lucky-hunter.com\/#website\"},\"primaryImageOfPage\":{\"@id\":\"https:\/\/staging.lucky-hunter.com\/fr\/product\/appeau-dan-thompson-pc2d-extreme-range-double-cottontail\/#primaryimage\"},\"image\":{\"@id\":\"https:\/\/staging.lucky-hunter.com\/fr\/product\/appeau-dan-thompson-pc2d-extreme-range-double-cottontail\/#primaryimage\"},\"thumbnailUrl\":\"https:\/\/staging.lucky-hunter.com\/wp-content\/uploads\/2017\/03\/lk-152.png\",\"datePublished\":\"2017-03-08T14:33:44+00:00\",\"dateModified\":\"2025-07-01T12:24:26+00:00\",\"description\":\"Fait \u00e0 la main et r\u00e9gl\u00e9 individuellement. L'appeau Dan Thompson PC2D Extreme Range Double Cottontail est id\u00e9al pour la chasse aux carnassiers.\",\"breadcrumb\":{\"@id\":\"https:\/\/staging.lucky-hunter.com\/fr\/product\/appeau-dan-thompson-pc2d-extreme-range-double-cottontail\/#breadcrumb\"},\"inLanguage\":\"fr-FR\",\"potentialAction\":[{\"@type\":\"ReadAction\",\"target\":[\"https:\/\/staging.lucky-hunter.com\/fr\/product\/appeau-dan-thompson-pc2d-extreme-range-double-cottontail\/\"]}]},{\"@type\":\"ImageObject\",\"inLanguage\":\"fr-FR\",\"@id\":\"https:\/\/staging.lucky-hunter.com\/fr\/product\/appeau-dan-thompson-pc2d-extreme-range-double-cottontail\/#primaryimage\",\"url\":\"https:\/\/staging.lucky-hunter.com\/wp-content\/uploads\/2017\/03\/lk-152.png\",\"contentUrl\":\"https:\/\/staging.lucky-hunter.com\/wp-content\/uploads\/2017\/03\/lk-152.png\",\"width\":1000,\"height\":1000,\"caption\":\"Dan Thompson PC2D Extreme Range Double Cottontail Call\"},{\"@type\":\"BreadcrumbList\",\"@id\":\"https:\/\/staging.lucky-hunter.com\/fr\/product\/appeau-dan-thompson-pc2d-extreme-range-double-cottontail\/#breadcrumb\",\"itemListElement\":[{\"@type\":\"ListItem\",\"position\":1,\"name\":\"Home\",\"item\":\"https:\/\/staging.lucky-hunter.com\/fr\/\"},{\"@type\":\"ListItem\",\"position\":2,\"name\":\"Boutique\",\"item\":\"https:\/\/staging.lucky-hunter.com\/fr\/shop\/\"},{\"@type\":\"ListItem\",\"position\":3,\"name\":\"Appeau Dan Thompson PC2D Extreme Range\"}]},{\"@type\":\"WebSite\",\"@id\":\"https:\/\/staging.lucky-hunter.com\/#website\",\"url\":\"https:\/\/staging.lucky-hunter.com\/\",\"name\":\"Lucky-Hunter\",\"description\":\"Gear Up or Give Up\",\"potentialAction\":[{\"@type\":\"SearchAction\",\"target\":{\"@type\":\"EntryPoint\",\"urlTemplate\":\"https:\/\/staging.lucky-hunter.com\/?s={search_term_string}\"},\"query-input\":{\"@type\":\"PropertyValueSpecification\",\"valueRequired\":true,\"valueName\":\"search_term_string\"}}],\"inLanguage\":\"fr-FR\"}]}<\/script>\n<!-- \/ Yoast SEO plugin. -->","yoast_head_json":{"title":"Appeau Dan Thompson PC2D Extreme Range Double Cottontail | Lucky Hunter","description":"Fait \u00e0 la main et r\u00e9gl\u00e9 individuellement. L'appeau Dan Thompson PC2D Extreme Range Double Cottontail est id\u00e9al pour la chasse aux carnassiers.","robots":{"index":"noindex","follow":"follow","max-snippet":"max-snippet:-1","max-image-preview":"max-image-preview:large","max-video-preview":"max-video-preview:-1"},"og_locale":"fr_FR","og_type":"article","og_title":"Appeau Dan Thompson PC2D Extreme Range Double Cottontail | Lucky Hunter","og_description":"Fait \u00e0 la main et r\u00e9gl\u00e9 individuellement. L'appeau Dan Thompson PC2D Extreme Range Double Cottontail est id\u00e9al pour la chasse aux carnassiers.","og_url":"https:\/\/staging.lucky-hunter.com\/fr\/product\/appeau-dan-thompson-pc2d-extreme-range-double-cottontail\/","og_site_name":"Lucky-Hunter","article_modified_time":"2025-07-01T12:24:26+00:00","og_image":[{"width":1000,"height":1000,"url":"https:\/\/staging.lucky-hunter.com\/wp-content\/uploads\/2017\/03\/lk-152.png","type":"image\/png"}],"twitter_card":"summary_large_image","twitter_title":"Appeau Dan Thompson PC2D Extreme Range Double Cottontail | Lucky Hunter","twitter_description":"Fait \u00e0 la main et r\u00e9gl\u00e9 individuellement. L'appeau Dan Thompson PC2D Extreme Range Double Cottontail est id\u00e9al pour la chasse aux carnassiers.","twitter_misc":{"Dur\u00e9e de lecture estim\u00e9e":"1 minute"},"schema":{"@context":"https:\/\/schema.org","@graph":[{"@type":"WebPage","@id":"https:\/\/staging.lucky-hunter.com\/fr\/product\/appeau-dan-thompson-pc2d-extreme-range-double-cottontail\/","url":"https:\/\/staging.lucky-hunter.com\/fr\/product\/appeau-dan-thompson-pc2d-extreme-range-double-cottontail\/","name":"Appeau Dan Thompson PC2D Extreme Range Double Cottontail | Lucky Hunter","isPartOf":{"@id":"https:\/\/staging.lucky-hunter.com\/#website"},"primaryImageOfPage":{"@id":"https:\/\/staging.lucky-hunter.com\/fr\/product\/appeau-dan-thompson-pc2d-extreme-range-double-cottontail\/#primaryimage"},"image":{"@id":"https:\/\/staging.lucky-hunter.com\/fr\/product\/appeau-dan-thompson-pc2d-extreme-range-double-cottontail\/#primaryimage"},"thumbnailUrl":"https:\/\/staging.lucky-hunter.com\/wp-content\/uploads\/2017\/03\/lk-152.png","datePublished":"2017-03-08T14:33:44+00:00","dateModified":"2025-07-01T12:24:26+00:00","description":"Fait \u00e0 la main et r\u00e9gl\u00e9 individuellement. L'appeau Dan Thompson PC2D Extreme Range Double Cottontail est id\u00e9al pour la chasse aux carnassiers.","breadcrumb":{"@id":"https:\/\/staging.lucky-hunter.com\/fr\/product\/appeau-dan-thompson-pc2d-extreme-range-double-cottontail\/#breadcrumb"},"inLanguage":"fr-FR","potentialAction":[{"@type":"ReadAction","target":["https:\/\/staging.lucky-hunter.com\/fr\/product\/appeau-dan-thompson-pc2d-extreme-range-double-cottontail\/"]}]},{"@type":"ImageObject","inLanguage":"fr-FR","@id":"https:\/\/staging.lucky-hunter.com\/fr\/product\/appeau-dan-thompson-pc2d-extreme-range-double-cottontail\/#primaryimage","url":"https:\/\/staging.lucky-hunter.com\/wp-content\/uploads\/2017\/03\/lk-152.png","contentUrl":"https:\/\/staging.lucky-hunter.com\/wp-content\/uploads\/2017\/03\/lk-152.png","width":1000,"height":1000,"caption":"Dan Thompson PC2D Extreme Range Double Cottontail Call"},{"@type":"BreadcrumbList","@id":"https:\/\/staging.lucky-hunter.com\/fr\/product\/appeau-dan-thompson-pc2d-extreme-range-double-cottontail\/#breadcrumb","itemListElement":[{"@type":"ListItem","position":1,"name":"Home","item":"https:\/\/staging.lucky-hunter.com\/fr\/"},{"@type":"ListItem","position":2,"name":"Boutique","item":"https:\/\/staging.lucky-hunter.com\/fr\/shop\/"},{"@type":"ListItem","position":3,"name":"Appeau Dan Thompson PC2D Extreme Range"}]},{"@type":"WebSite","@id":"https:\/\/staging.lucky-hunter.com\/#website","url":"https:\/\/staging.lucky-hunter.com\/","name":"Lucky-Hunter","description":"Gear Up or Give Up","potentialAction":[{"@type":"SearchAction","target":{"@type":"EntryPoint","urlTemplate":"https:\/\/staging.lucky-hunter.com\/?s={search_term_string}"},"query-input":{"@type":"PropertyValueSpecification","valueRequired":true,"valueName":"search_term_string"}}],"inLanguage":"fr-FR"}]}},"_links":{"self":[{"href":"https:\/\/staging.lucky-hunter.com\/fr\/wp-json\/wp\/v2\/product\/35379"}],"collection":[{"href":"https:\/\/staging.lucky-hunter.com\/fr\/wp-json\/wp\/v2\/product"}],"about":[{"href":"https:\/\/staging.lucky-hunter.com\/fr\/wp-json\/wp\/v2\/types\/product"}],"wp:featuredmedia":[{"embeddable":true,"href":"https:\/\/staging.lucky-hunter.com\/fr\/wp-json\/wp\/v2\/media\/29678"}],"wp:attachment":[{"href":"https:\/\/staging.lucky-hunter.com\/fr\/wp-json\/wp\/v2\/media?parent=35379"}],"wp:term":[{"taxonomy":"product_brand","embeddable":true,"href":"https:\/\/staging.lucky-hunter.com\/fr\/wp-json\/wp\/v2\/product_brand?post=35379"},{"taxonomy":"product_cat","embeddable":true,"href":"https:\/\/staging.lucky-hunter.com\/fr\/wp-json\/wp\/v2\/product_cat?post=35379"},{"taxonomy":"product_tag","embeddable":true,"href":"https:\/\/staging.lucky-hunter.com\/fr\/wp-json\/wp\/v2\/product_tag?post=35379"}],"curies":[{"name":"wp","href":"https:\/\/api.w.org\/{rel}","templated":true}]}}