{"id":35378,"date":"2017-04-07T13:59:32","date_gmt":"2017-04-07T11:59:32","guid":{"rendered":"https:\/\/staging.lucky-hunter.com\/product\/attaches-pour-attelage-gang-rig-rigem-right\/"},"modified":"2025-07-01T14:17:55","modified_gmt":"2025-07-01T12:17:55","slug":"attaches-pour-attelage-gang-rig-rigem-right-pour-systeme-longline","status":"publish","type":"product","link":"https:\/\/staging.lucky-hunter.com\/fr\/product\/attaches-pour-attelage-gang-rig-rigem-right-pour-systeme-longline\/","title":{"rendered":"Attaches pour Attelage Gang Rig &#8211; Rig&#8217;Em Right"},"content":{"rendered":"<h2><strong>Attaches individuelles pour syst\u00e8me d\u2019attelage Gang Rig<\/strong><\/h2>\n<p>Vous avez une ligne principale\u00a0? Si vous l&#8217;achetez s\u00e9par\u00e9ment ici dans la boutique, vous pouvez utiliser ces 12 attaches pr\u00e9-mont\u00e9es pour vous faciliter la vie lors de la chasse aux canards sur l&#8217;eau.<\/p>\n<p>Les attaches comportent une ligne de 90 cm et peuvent \u00eatre connect\u00e9es directement \u00e0 vos formes. Apr\u00e8s quoi, elles sont pr\u00eates \u00e0 \u00eatre utilis\u00e9es et connect\u00e9es \u00e0 la ligne principale lorsque vous installez l\u2019attelage.<\/p>\n<p>Les formes se connectent \u00e0 l\u2019extr\u00e9mit\u00e9 de l\u2019attache qui est dot\u00e9e d\u2019un petit \u00e9merillon en acier inoxydable avec un crochet.<\/p>\n<p>Ensuite, l\u2019autre extr\u00e9mit\u00e9 se connecte \u00e0 la ligne principale en un clin d&#8217;\u0153il gr\u00e2ce au grand fermoir en acier inoxydable, qui s\u2019utilise facilement m\u00eame avec des gants.<\/p>\n<p><strong>L&#8217;ensemble se compose de :<\/strong><\/p>\n<ul>\n<li>12 Attaches individuelles pour attelage Gang Rig<\/li>\n<li>Lignes rigides qui \u00e9vitent les n\u0153uds. Environ 90 cm chacune.<\/li>\n<li>Grands crochets en acier inoxydable de 15 cm.<\/li>\n<\/ul>\n","protected":false},"excerpt":{"rendered":"<p>Vous avez une ligne principale\u00a0? Si vous l&#8217;achetez s\u00e9par\u00e9ment ici dans la boutique, vous pouvez utiliser ces 12 attaches pr\u00e9-mont\u00e9es pour vous faciliter la vie lors de la chasse aux canards sur l&#8217;eau.<\/p>\n","protected":false},"featured_media":30675,"template":"","meta":[],"product_brand":[8127],"product_cat":[8165],"product_tag":[],"yoast_head":"<!-- This site is optimized with the Yoast SEO plugin v24.3 - https:\/\/yoast.com\/wordpress\/plugins\/seo\/ -->\n<title>Attaches pour Attelage Gang Rig Rig&#039;Em Right - Pour syst\u00e8me longline<\/title>\n<meta name=\"description\" content=\"Les attaches comportent une ligne de 90 cm et peuvent \u00eatre connect\u00e9es directement \u00e0 vos formes.\" \/>\n<meta name=\"robots\" content=\"noindex, follow, max-snippet:-1, max-image-preview:large, max-video-preview:-1\" \/>\n<meta property=\"og:locale\" content=\"fr_FR\" \/>\n<meta property=\"og:type\" content=\"article\" \/>\n<meta property=\"og:title\" content=\"Attaches pour Attelage Gang Rig Rig&#039;Em Right - Pour syst\u00e8me longline\" \/>\n<meta property=\"og:description\" content=\"Les attaches comportent une ligne de 90 cm et peuvent \u00eatre connect\u00e9es directement \u00e0 vos formes.\" \/>\n<meta property=\"og:url\" content=\"https:\/\/staging.lucky-hunter.com\/fr\/product\/attaches-pour-attelage-gang-rig-rigem-right-pour-systeme-longline\/\" \/>\n<meta property=\"og:site_name\" content=\"Lucky-Hunter\" \/>\n<meta property=\"article:modified_time\" content=\"2025-07-01T12:17:55+00:00\" \/>\n<meta property=\"og:image\" content=\"https:\/\/staging.lucky-hunter.com\/wp-content\/uploads\/2017\/04\/LF-425-3.png\" \/>\n\t<meta property=\"og:image:width\" content=\"1000\" \/>\n\t<meta property=\"og:image:height\" content=\"1000\" \/>\n\t<meta property=\"og:image:type\" content=\"image\/png\" \/>\n<meta name=\"twitter:card\" content=\"summary_large_image\" \/>\n<meta name=\"twitter:label1\" content=\"Dur\u00e9e de lecture estim\u00e9e\" \/>\n\t<meta name=\"twitter:data1\" content=\"1 minute\" \/>\n<script type=\"application\/ld+json\" class=\"yoast-schema-graph\">{\"@context\":\"https:\/\/schema.org\",\"@graph\":[{\"@type\":\"WebPage\",\"@id\":\"https:\/\/staging.lucky-hunter.com\/fr\/product\/attaches-pour-attelage-gang-rig-rigem-right-pour-systeme-longline\/\",\"url\":\"https:\/\/staging.lucky-hunter.com\/fr\/product\/attaches-pour-attelage-gang-rig-rigem-right-pour-systeme-longline\/\",\"name\":\"Attaches pour Attelage Gang Rig Rig'Em Right - Pour syst\u00e8me longline\",\"isPartOf\":{\"@id\":\"https:\/\/staging.lucky-hunter.com\/#website\"},\"primaryImageOfPage\":{\"@id\":\"https:\/\/staging.lucky-hunter.com\/fr\/product\/attaches-pour-attelage-gang-rig-rigem-right-pour-systeme-longline\/#primaryimage\"},\"image\":{\"@id\":\"https:\/\/staging.lucky-hunter.com\/fr\/product\/attaches-pour-attelage-gang-rig-rigem-right-pour-systeme-longline\/#primaryimage\"},\"thumbnailUrl\":\"https:\/\/staging.lucky-hunter.com\/wp-content\/uploads\/2017\/04\/LF-425-3.png\",\"datePublished\":\"2017-04-07T11:59:32+00:00\",\"dateModified\":\"2025-07-01T12:17:55+00:00\",\"description\":\"Les attaches comportent une ligne de 90 cm et peuvent \u00eatre connect\u00e9es directement \u00e0 vos formes.\",\"breadcrumb\":{\"@id\":\"https:\/\/staging.lucky-hunter.com\/fr\/product\/attaches-pour-attelage-gang-rig-rigem-right-pour-systeme-longline\/#breadcrumb\"},\"inLanguage\":\"fr-FR\",\"potentialAction\":[{\"@type\":\"ReadAction\",\"target\":[\"https:\/\/staging.lucky-hunter.com\/fr\/product\/attaches-pour-attelage-gang-rig-rigem-right-pour-systeme-longline\/\"]}]},{\"@type\":\"ImageObject\",\"inLanguage\":\"fr-FR\",\"@id\":\"https:\/\/staging.lucky-hunter.com\/fr\/product\/attaches-pour-attelage-gang-rig-rigem-right-pour-systeme-longline\/#primaryimage\",\"url\":\"https:\/\/staging.lucky-hunter.com\/wp-content\/uploads\/2017\/04\/LF-425-3.png\",\"contentUrl\":\"https:\/\/staging.lucky-hunter.com\/wp-content\/uploads\/2017\/04\/LF-425-3.png\",\"width\":1000,\"height\":1000},{\"@type\":\"BreadcrumbList\",\"@id\":\"https:\/\/staging.lucky-hunter.com\/fr\/product\/attaches-pour-attelage-gang-rig-rigem-right-pour-systeme-longline\/#breadcrumb\",\"itemListElement\":[{\"@type\":\"ListItem\",\"position\":1,\"name\":\"Home\",\"item\":\"https:\/\/staging.lucky-hunter.com\/fr\/\"},{\"@type\":\"ListItem\",\"position\":2,\"name\":\"Boutique\",\"item\":\"https:\/\/staging.lucky-hunter.com\/fr\/shop\/\"},{\"@type\":\"ListItem\",\"position\":3,\"name\":\"Attaches pour Attelage Gang Rig &#8211; Rig&#8217;Em Right\"}]},{\"@type\":\"WebSite\",\"@id\":\"https:\/\/staging.lucky-hunter.com\/#website\",\"url\":\"https:\/\/staging.lucky-hunter.com\/\",\"name\":\"Lucky-Hunter\",\"description\":\"Gear Up or Give Up\",\"potentialAction\":[{\"@type\":\"SearchAction\",\"target\":{\"@type\":\"EntryPoint\",\"urlTemplate\":\"https:\/\/staging.lucky-hunter.com\/?s={search_term_string}\"},\"query-input\":{\"@type\":\"PropertyValueSpecification\",\"valueRequired\":true,\"valueName\":\"search_term_string\"}}],\"inLanguage\":\"fr-FR\"}]}<\/script>\n<!-- \/ Yoast SEO plugin. -->","yoast_head_json":{"title":"Attaches pour Attelage Gang Rig Rig'Em Right - Pour syst\u00e8me longline","description":"Les attaches comportent une ligne de 90 cm et peuvent \u00eatre connect\u00e9es directement \u00e0 vos formes.","robots":{"index":"noindex","follow":"follow","max-snippet":"max-snippet:-1","max-image-preview":"max-image-preview:large","max-video-preview":"max-video-preview:-1"},"og_locale":"fr_FR","og_type":"article","og_title":"Attaches pour Attelage Gang Rig Rig'Em Right - Pour syst\u00e8me longline","og_description":"Les attaches comportent une ligne de 90 cm et peuvent \u00eatre connect\u00e9es directement \u00e0 vos formes.","og_url":"https:\/\/staging.lucky-hunter.com\/fr\/product\/attaches-pour-attelage-gang-rig-rigem-right-pour-systeme-longline\/","og_site_name":"Lucky-Hunter","article_modified_time":"2025-07-01T12:17:55+00:00","og_image":[{"width":1000,"height":1000,"url":"https:\/\/staging.lucky-hunter.com\/wp-content\/uploads\/2017\/04\/LF-425-3.png","type":"image\/png"}],"twitter_card":"summary_large_image","twitter_misc":{"Dur\u00e9e de lecture estim\u00e9e":"1 minute"},"schema":{"@context":"https:\/\/schema.org","@graph":[{"@type":"WebPage","@id":"https:\/\/staging.lucky-hunter.com\/fr\/product\/attaches-pour-attelage-gang-rig-rigem-right-pour-systeme-longline\/","url":"https:\/\/staging.lucky-hunter.com\/fr\/product\/attaches-pour-attelage-gang-rig-rigem-right-pour-systeme-longline\/","name":"Attaches pour Attelage Gang Rig Rig'Em Right - Pour syst\u00e8me longline","isPartOf":{"@id":"https:\/\/staging.lucky-hunter.com\/#website"},"primaryImageOfPage":{"@id":"https:\/\/staging.lucky-hunter.com\/fr\/product\/attaches-pour-attelage-gang-rig-rigem-right-pour-systeme-longline\/#primaryimage"},"image":{"@id":"https:\/\/staging.lucky-hunter.com\/fr\/product\/attaches-pour-attelage-gang-rig-rigem-right-pour-systeme-longline\/#primaryimage"},"thumbnailUrl":"https:\/\/staging.lucky-hunter.com\/wp-content\/uploads\/2017\/04\/LF-425-3.png","datePublished":"2017-04-07T11:59:32+00:00","dateModified":"2025-07-01T12:17:55+00:00","description":"Les attaches comportent une ligne de 90 cm et peuvent \u00eatre connect\u00e9es directement \u00e0 vos formes.","breadcrumb":{"@id":"https:\/\/staging.lucky-hunter.com\/fr\/product\/attaches-pour-attelage-gang-rig-rigem-right-pour-systeme-longline\/#breadcrumb"},"inLanguage":"fr-FR","potentialAction":[{"@type":"ReadAction","target":["https:\/\/staging.lucky-hunter.com\/fr\/product\/attaches-pour-attelage-gang-rig-rigem-right-pour-systeme-longline\/"]}]},{"@type":"ImageObject","inLanguage":"fr-FR","@id":"https:\/\/staging.lucky-hunter.com\/fr\/product\/attaches-pour-attelage-gang-rig-rigem-right-pour-systeme-longline\/#primaryimage","url":"https:\/\/staging.lucky-hunter.com\/wp-content\/uploads\/2017\/04\/LF-425-3.png","contentUrl":"https:\/\/staging.lucky-hunter.com\/wp-content\/uploads\/2017\/04\/LF-425-3.png","width":1000,"height":1000},{"@type":"BreadcrumbList","@id":"https:\/\/staging.lucky-hunter.com\/fr\/product\/attaches-pour-attelage-gang-rig-rigem-right-pour-systeme-longline\/#breadcrumb","itemListElement":[{"@type":"ListItem","position":1,"name":"Home","item":"https:\/\/staging.lucky-hunter.com\/fr\/"},{"@type":"ListItem","position":2,"name":"Boutique","item":"https:\/\/staging.lucky-hunter.com\/fr\/shop\/"},{"@type":"ListItem","position":3,"name":"Attaches pour Attelage Gang Rig &#8211; Rig&#8217;Em Right"}]},{"@type":"WebSite","@id":"https:\/\/staging.lucky-hunter.com\/#website","url":"https:\/\/staging.lucky-hunter.com\/","name":"Lucky-Hunter","description":"Gear Up or Give Up","potentialAction":[{"@type":"SearchAction","target":{"@type":"EntryPoint","urlTemplate":"https:\/\/staging.lucky-hunter.com\/?s={search_term_string}"},"query-input":{"@type":"PropertyValueSpecification","valueRequired":true,"valueName":"search_term_string"}}],"inLanguage":"fr-FR"}]}},"_links":{"self":[{"href":"https:\/\/staging.lucky-hunter.com\/fr\/wp-json\/wp\/v2\/product\/35378"}],"collection":[{"href":"https:\/\/staging.lucky-hunter.com\/fr\/wp-json\/wp\/v2\/product"}],"about":[{"href":"https:\/\/staging.lucky-hunter.com\/fr\/wp-json\/wp\/v2\/types\/product"}],"wp:featuredmedia":[{"embeddable":true,"href":"https:\/\/staging.lucky-hunter.com\/fr\/wp-json\/wp\/v2\/media\/30675"}],"wp:attachment":[{"href":"https:\/\/staging.lucky-hunter.com\/fr\/wp-json\/wp\/v2\/media?parent=35378"}],"wp:term":[{"taxonomy":"product_brand","embeddable":true,"href":"https:\/\/staging.lucky-hunter.com\/fr\/wp-json\/wp\/v2\/product_brand?post=35378"},{"taxonomy":"product_cat","embeddable":true,"href":"https:\/\/staging.lucky-hunter.com\/fr\/wp-json\/wp\/v2\/product_cat?post=35378"},{"taxonomy":"product_tag","embeddable":true,"href":"https:\/\/staging.lucky-hunter.com\/fr\/wp-json\/wp\/v2\/product_tag?post=35378"}],"curies":[{"name":"wp","href":"https:\/\/api.w.org\/{rel}","templated":true}]}}