{"id":35376,"date":"2017-04-10T16:33:18","date_gmt":"2017-04-10T14:33:18","guid":{"rendered":"https:\/\/staging.lucky-hunter.com\/product\/amplificateur-de-signal-pour-camera-mms-bolyguard\/"},"modified":"2025-07-01T14:10:15","modified_gmt":"2025-07-01T12:10:15","slug":"amplificateur-de-signal-pour-camera-mms-bolyguard","status":"publish","type":"product","link":"https:\/\/staging.lucky-hunter.com\/fr\/product\/amplificateur-de-signal-pour-camera-mms-bolyguard\/","title":{"rendered":"Amplificateur de signal pour cam\u00e9ra MMS Bolyguard"},"content":{"rendered":"<h2><strong>Amplificateur de signal pour cam\u00e9ra MMS Bolyguard<\/strong><\/h2>\n<p>Si le r\u00e9seau n&#8217;est pas assez puissant dans la zone o\u00f9 se trouve votre cam\u00e9ra de chasse, nous vous recommandons cet amplificateur de signal pour r\u00e9soudre tout probl\u00e8me de r\u00e9seau. La plupart des cam\u00e9ras MMS ont besoin de trois \u00e0 cinq barres de signal pour fonctionner efficacement. La force du signal et du r\u00e9seau peut varier en fonction des conditions m\u00e9t\u00e9orologiques, comme c\u2019est le cas pour votre t\u00e9l\u00e9phone portable.<\/p>\n<p>Une autre chose \u00e0 prendre en compte concernant l&#8217;emplacement de votre cam\u00e9ra MMS est l\u2019environnement qui vous entoure. Si vous vous trouvez dans une r\u00e9gion vallonn\u00e9e ou m\u00eame montagneuse, vous constaterez peut-\u00eatre que votre signal est tr\u00e8s faible en raison du terrain qui bloque le signal du m\u00e2t. S&#8217;il y a beaucoup de b\u00e2timents \u00e0 proximit\u00e9, cela peut \u00e9galement bloquer le signal d&#8217;envoi de MMS.<\/p>\n<p>M\u00eame chose en cas de lignes de chemin de fer entre votre position et le m\u00e2t le plus proche.<\/p>\n<p>L&#8217;amplificateur de signal de cam\u00e9ra MMS Bolyguard aide votre cam\u00e9ra MMS \u00e0 consommer moins d&#8217;\u00e9nergie car elle n&#8217;a plus besoin de rechercher le r\u00e9seau en permanence.<\/p>\n<p>Nos propres tests montrent qu&#8217;une cam\u00e9ra MMS dans une zone au r\u00e9seau faible peut consommer jusqu&#8217;\u00e0 30% d&#8217;\u00e9nergie en plus, tout comme votre t\u00e9l\u00e9phone portable utilisera plus de batterie dans une zone avec un signal faible ou inexistant. Un autre avantage de l&#8217;amplificateur de signal est un d\u00e9bit d&#8217;images plus stable depuis la cam\u00e9ra du fait d\u2019un bon signal.<\/p>\n","protected":false},"excerpt":{"rendered":"<p>Si le r\u00e9seau n&#8217;est pas assez puissant dans la zone de votre cam\u00e9ra de chasse, nous vous recommandons d&#8217;acheter cet amplificateur de signal.<\/p>\n","protected":false},"featured_media":28865,"template":"","meta":[],"product_brand":[8207],"product_cat":[8232],"product_tag":[],"yoast_head":"<!-- This site is optimized with the Yoast SEO plugin v24.3 - https:\/\/yoast.com\/wordpress\/plugins\/seo\/ -->\n<title>Amplificateur de signal pour cam\u00e9ra MMS Bolyguard | Lucky Hunter<\/title>\n<meta name=\"description\" content=\"Le signal vous laisse-t-il tomber\u00a0? Cet amplificateur de signal de cam\u00e9ra MMS Bolyguard vous aide \u00e0 trouver et \u00e0 conserver un signal, ce qui contribue \u00e0 la dur\u00e9e de vie de la batterie.\" \/>\n<meta name=\"robots\" content=\"noindex, follow, max-snippet:-1, max-image-preview:large, max-video-preview:-1\" \/>\n<meta property=\"og:locale\" content=\"fr_FR\" \/>\n<meta property=\"og:type\" content=\"article\" \/>\n<meta property=\"og:title\" content=\"Amplificateur de signal pour cam\u00e9ra MMS Bolyguard | Lucky Hunter\" \/>\n<meta property=\"og:description\" content=\"Le signal vous laisse-t-il tomber\u00a0? Cet amplificateur de signal de cam\u00e9ra MMS Bolyguard vous aide \u00e0 trouver et \u00e0 conserver un signal, ce qui contribue \u00e0 la dur\u00e9e de vie de la batterie.\" \/>\n<meta property=\"og:url\" content=\"https:\/\/staging.lucky-hunter.com\/fr\/product\/amplificateur-de-signal-pour-camera-mms-bolyguard\/\" \/>\n<meta property=\"og:site_name\" content=\"Lucky-Hunter\" \/>\n<meta property=\"article:modified_time\" content=\"2025-07-01T12:10:15+00:00\" \/>\n<meta property=\"og:image\" content=\"https:\/\/staging.lucky-hunter.com\/wp-content\/uploads\/2017\/06\/JK-628-1.png\" \/>\n\t<meta property=\"og:image:width\" content=\"1000\" \/>\n\t<meta property=\"og:image:height\" content=\"1000\" \/>\n\t<meta property=\"og:image:type\" content=\"image\/png\" \/>\n<meta name=\"twitter:card\" content=\"summary_large_image\" \/>\n<meta name=\"twitter:title\" content=\"Amplificateur de signal pour cam\u00e9ra MMS Bolyguard | Lucky Hunter\" \/>\n<meta name=\"twitter:description\" content=\"Le signal vous laisse-t-il tomber\u00a0? Cet amplificateur de signal de cam\u00e9ra MMS Bolyguard vous aide \u00e0 trouver et \u00e0 conserver un signal, ce qui contribue \u00e0 la dur\u00e9e de vie de la batterie.\" \/>\n<meta name=\"twitter:label1\" content=\"Dur\u00e9e de lecture estim\u00e9e\" \/>\n\t<meta name=\"twitter:data1\" content=\"2 minutes\" \/>\n<script type=\"application\/ld+json\" class=\"yoast-schema-graph\">{\"@context\":\"https:\/\/schema.org\",\"@graph\":[{\"@type\":\"WebPage\",\"@id\":\"https:\/\/staging.lucky-hunter.com\/fr\/product\/amplificateur-de-signal-pour-camera-mms-bolyguard\/\",\"url\":\"https:\/\/staging.lucky-hunter.com\/fr\/product\/amplificateur-de-signal-pour-camera-mms-bolyguard\/\",\"name\":\"Amplificateur de signal pour cam\u00e9ra MMS Bolyguard | Lucky Hunter\",\"isPartOf\":{\"@id\":\"https:\/\/staging.lucky-hunter.com\/#website\"},\"primaryImageOfPage\":{\"@id\":\"https:\/\/staging.lucky-hunter.com\/fr\/product\/amplificateur-de-signal-pour-camera-mms-bolyguard\/#primaryimage\"},\"image\":{\"@id\":\"https:\/\/staging.lucky-hunter.com\/fr\/product\/amplificateur-de-signal-pour-camera-mms-bolyguard\/#primaryimage\"},\"thumbnailUrl\":\"https:\/\/staging.lucky-hunter.com\/wp-content\/uploads\/2017\/06\/JK-628-1.png\",\"datePublished\":\"2017-04-10T14:33:18+00:00\",\"dateModified\":\"2025-07-01T12:10:15+00:00\",\"description\":\"Le signal vous laisse-t-il tomber\u00a0? Cet amplificateur de signal de cam\u00e9ra MMS Bolyguard vous aide \u00e0 trouver et \u00e0 conserver un signal, ce qui contribue \u00e0 la dur\u00e9e de vie de la batterie.\",\"breadcrumb\":{\"@id\":\"https:\/\/staging.lucky-hunter.com\/fr\/product\/amplificateur-de-signal-pour-camera-mms-bolyguard\/#breadcrumb\"},\"inLanguage\":\"fr-FR\",\"potentialAction\":[{\"@type\":\"ReadAction\",\"target\":[\"https:\/\/staging.lucky-hunter.com\/fr\/product\/amplificateur-de-signal-pour-camera-mms-bolyguard\/\"]}]},{\"@type\":\"ImageObject\",\"inLanguage\":\"fr-FR\",\"@id\":\"https:\/\/staging.lucky-hunter.com\/fr\/product\/amplificateur-de-signal-pour-camera-mms-bolyguard\/#primaryimage\",\"url\":\"https:\/\/staging.lucky-hunter.com\/wp-content\/uploads\/2017\/06\/JK-628-1.png\",\"contentUrl\":\"https:\/\/staging.lucky-hunter.com\/wp-content\/uploads\/2017\/06\/JK-628-1.png\",\"width\":1000,\"height\":1000},{\"@type\":\"BreadcrumbList\",\"@id\":\"https:\/\/staging.lucky-hunter.com\/fr\/product\/amplificateur-de-signal-pour-camera-mms-bolyguard\/#breadcrumb\",\"itemListElement\":[{\"@type\":\"ListItem\",\"position\":1,\"name\":\"Home\",\"item\":\"https:\/\/staging.lucky-hunter.com\/fr\/\"},{\"@type\":\"ListItem\",\"position\":2,\"name\":\"Boutique\",\"item\":\"https:\/\/staging.lucky-hunter.com\/fr\/shop\/\"},{\"@type\":\"ListItem\",\"position\":3,\"name\":\"Amplificateur de signal pour cam\u00e9ra MMS Bolyguard\"}]},{\"@type\":\"WebSite\",\"@id\":\"https:\/\/staging.lucky-hunter.com\/#website\",\"url\":\"https:\/\/staging.lucky-hunter.com\/\",\"name\":\"Lucky-Hunter\",\"description\":\"Gear Up or Give Up\",\"potentialAction\":[{\"@type\":\"SearchAction\",\"target\":{\"@type\":\"EntryPoint\",\"urlTemplate\":\"https:\/\/staging.lucky-hunter.com\/?s={search_term_string}\"},\"query-input\":{\"@type\":\"PropertyValueSpecification\",\"valueRequired\":true,\"valueName\":\"search_term_string\"}}],\"inLanguage\":\"fr-FR\"}]}<\/script>\n<!-- \/ Yoast SEO plugin. -->","yoast_head_json":{"title":"Amplificateur de signal pour cam\u00e9ra MMS Bolyguard | Lucky Hunter","description":"Le signal vous laisse-t-il tomber\u00a0? Cet amplificateur de signal de cam\u00e9ra MMS Bolyguard vous aide \u00e0 trouver et \u00e0 conserver un signal, ce qui contribue \u00e0 la dur\u00e9e de vie de la batterie.","robots":{"index":"noindex","follow":"follow","max-snippet":"max-snippet:-1","max-image-preview":"max-image-preview:large","max-video-preview":"max-video-preview:-1"},"og_locale":"fr_FR","og_type":"article","og_title":"Amplificateur de signal pour cam\u00e9ra MMS Bolyguard | Lucky Hunter","og_description":"Le signal vous laisse-t-il tomber\u00a0? Cet amplificateur de signal de cam\u00e9ra MMS Bolyguard vous aide \u00e0 trouver et \u00e0 conserver un signal, ce qui contribue \u00e0 la dur\u00e9e de vie de la batterie.","og_url":"https:\/\/staging.lucky-hunter.com\/fr\/product\/amplificateur-de-signal-pour-camera-mms-bolyguard\/","og_site_name":"Lucky-Hunter","article_modified_time":"2025-07-01T12:10:15+00:00","og_image":[{"width":1000,"height":1000,"url":"https:\/\/staging.lucky-hunter.com\/wp-content\/uploads\/2017\/06\/JK-628-1.png","type":"image\/png"}],"twitter_card":"summary_large_image","twitter_title":"Amplificateur de signal pour cam\u00e9ra MMS Bolyguard | Lucky Hunter","twitter_description":"Le signal vous laisse-t-il tomber\u00a0? Cet amplificateur de signal de cam\u00e9ra MMS Bolyguard vous aide \u00e0 trouver et \u00e0 conserver un signal, ce qui contribue \u00e0 la dur\u00e9e de vie de la batterie.","twitter_misc":{"Dur\u00e9e de lecture estim\u00e9e":"2 minutes"},"schema":{"@context":"https:\/\/schema.org","@graph":[{"@type":"WebPage","@id":"https:\/\/staging.lucky-hunter.com\/fr\/product\/amplificateur-de-signal-pour-camera-mms-bolyguard\/","url":"https:\/\/staging.lucky-hunter.com\/fr\/product\/amplificateur-de-signal-pour-camera-mms-bolyguard\/","name":"Amplificateur de signal pour cam\u00e9ra MMS Bolyguard | Lucky Hunter","isPartOf":{"@id":"https:\/\/staging.lucky-hunter.com\/#website"},"primaryImageOfPage":{"@id":"https:\/\/staging.lucky-hunter.com\/fr\/product\/amplificateur-de-signal-pour-camera-mms-bolyguard\/#primaryimage"},"image":{"@id":"https:\/\/staging.lucky-hunter.com\/fr\/product\/amplificateur-de-signal-pour-camera-mms-bolyguard\/#primaryimage"},"thumbnailUrl":"https:\/\/staging.lucky-hunter.com\/wp-content\/uploads\/2017\/06\/JK-628-1.png","datePublished":"2017-04-10T14:33:18+00:00","dateModified":"2025-07-01T12:10:15+00:00","description":"Le signal vous laisse-t-il tomber\u00a0? Cet amplificateur de signal de cam\u00e9ra MMS Bolyguard vous aide \u00e0 trouver et \u00e0 conserver un signal, ce qui contribue \u00e0 la dur\u00e9e de vie de la batterie.","breadcrumb":{"@id":"https:\/\/staging.lucky-hunter.com\/fr\/product\/amplificateur-de-signal-pour-camera-mms-bolyguard\/#breadcrumb"},"inLanguage":"fr-FR","potentialAction":[{"@type":"ReadAction","target":["https:\/\/staging.lucky-hunter.com\/fr\/product\/amplificateur-de-signal-pour-camera-mms-bolyguard\/"]}]},{"@type":"ImageObject","inLanguage":"fr-FR","@id":"https:\/\/staging.lucky-hunter.com\/fr\/product\/amplificateur-de-signal-pour-camera-mms-bolyguard\/#primaryimage","url":"https:\/\/staging.lucky-hunter.com\/wp-content\/uploads\/2017\/06\/JK-628-1.png","contentUrl":"https:\/\/staging.lucky-hunter.com\/wp-content\/uploads\/2017\/06\/JK-628-1.png","width":1000,"height":1000},{"@type":"BreadcrumbList","@id":"https:\/\/staging.lucky-hunter.com\/fr\/product\/amplificateur-de-signal-pour-camera-mms-bolyguard\/#breadcrumb","itemListElement":[{"@type":"ListItem","position":1,"name":"Home","item":"https:\/\/staging.lucky-hunter.com\/fr\/"},{"@type":"ListItem","position":2,"name":"Boutique","item":"https:\/\/staging.lucky-hunter.com\/fr\/shop\/"},{"@type":"ListItem","position":3,"name":"Amplificateur de signal pour cam\u00e9ra MMS Bolyguard"}]},{"@type":"WebSite","@id":"https:\/\/staging.lucky-hunter.com\/#website","url":"https:\/\/staging.lucky-hunter.com\/","name":"Lucky-Hunter","description":"Gear Up or Give Up","potentialAction":[{"@type":"SearchAction","target":{"@type":"EntryPoint","urlTemplate":"https:\/\/staging.lucky-hunter.com\/?s={search_term_string}"},"query-input":{"@type":"PropertyValueSpecification","valueRequired":true,"valueName":"search_term_string"}}],"inLanguage":"fr-FR"}]}},"_links":{"self":[{"href":"https:\/\/staging.lucky-hunter.com\/fr\/wp-json\/wp\/v2\/product\/35376"}],"collection":[{"href":"https:\/\/staging.lucky-hunter.com\/fr\/wp-json\/wp\/v2\/product"}],"about":[{"href":"https:\/\/staging.lucky-hunter.com\/fr\/wp-json\/wp\/v2\/types\/product"}],"wp:featuredmedia":[{"embeddable":true,"href":"https:\/\/staging.lucky-hunter.com\/fr\/wp-json\/wp\/v2\/media\/28865"}],"wp:attachment":[{"href":"https:\/\/staging.lucky-hunter.com\/fr\/wp-json\/wp\/v2\/media?parent=35376"}],"wp:term":[{"taxonomy":"product_brand","embeddable":true,"href":"https:\/\/staging.lucky-hunter.com\/fr\/wp-json\/wp\/v2\/product_brand?post=35376"},{"taxonomy":"product_cat","embeddable":true,"href":"https:\/\/staging.lucky-hunter.com\/fr\/wp-json\/wp\/v2\/product_cat?post=35376"},{"taxonomy":"product_tag","embeddable":true,"href":"https:\/\/staging.lucky-hunter.com\/fr\/wp-json\/wp\/v2\/product_tag?post=35376"}],"curies":[{"name":"wp","href":"https:\/\/api.w.org\/{rel}","templated":true}]}}