{"id":35375,"date":"2017-04-10T16:44:29","date_gmt":"2017-04-10T14:44:29","guid":{"rendered":"https:\/\/staging.lucky-hunter.com\/product\/appeau-a-renard-de-weisskirchen\/"},"modified":"2022-11-16T10:52:13","modified_gmt":"2022-11-16T09:52:13","slug":"appeau-a-renard-de-weisskirchen","status":"publish","type":"product","link":"https:\/\/staging.lucky-hunter.com\/fr\/product\/appeau-a-renard-de-weisskirchen\/","title":{"rendered":"Appeau \u00e0 renard de Weisskirchen"},"content":{"rendered":"<h2>Appeau Universel Aboiement du Renard Weisskirchen &#8211; cet \u00e9t\u00e9, appelez les renardeaux<\/h2>\n<p>Appeau tr\u00e8s efficace pour la chasse aux jeunes renards cet \u00e9t\u00e9. Le son de l&#8217;appeau imite la femelle qui aboie lorsqu&#8217;elle rapporte des proies au terrier pour les renardeaux.<\/p>\n<p>L&#8217;appeau Aboiement du Renard convient \u00e9galement \u00e0 la chasse aux renards adultes en p\u00e9riode d&#8217;accouplement et pendant l&#8217;hiver.<\/p>\n<p>L&#8217;appeau est en bois de cerisier et produit un son tr\u00e8s authentique.<\/p>\n","protected":false},"excerpt":{"rendered":"<p>Appeau tr\u00e8s efficace pour la chasse aux jeunes renards cet \u00e9t\u00e9 car le son imite la femelle qui aboie lorsqu&#8217;elle rapporte des proies au terrier pour les renardeaux.<\/p>\n","protected":false},"featured_media":30624,"template":"","meta":[],"product_brand":[8203],"product_cat":[8234],"product_tag":[9445],"yoast_head":"<!-- This site is optimized with the Yoast SEO plugin v24.3 - https:\/\/yoast.com\/wordpress\/plugins\/seo\/ -->\n<title>Appeau \u00e0 renard de Weisskirchen | Lucky Hunter<\/title>\n<meta name=\"description\" content=\"Imitez le son du renard. Appeau \u00e0 renard de Weisskirchen imite le son de la femelle qui aboie \u00e0 ses kits lorsqu&#039;elle revient avec une mise \u00e0 mort.\" \/>\n<meta name=\"robots\" content=\"noindex, follow, max-snippet:-1, max-image-preview:large, max-video-preview:-1\" \/>\n<meta property=\"og:locale\" content=\"fr_FR\" \/>\n<meta property=\"og:type\" content=\"article\" \/>\n<meta property=\"og:title\" content=\"Appeau \u00e0 renard de Weisskirchen | Lucky Hunter\" \/>\n<meta property=\"og:description\" content=\"Imitez le son du renard. Appeau \u00e0 renard universel de Weisskirchen imite le son de la femelle qui aboie \u00e0 ses kits lorsqu&#039;elle revient avec une mise \u00e0 mort.\" \/>\n<meta property=\"og:url\" content=\"https:\/\/staging.lucky-hunter.com\/fr\/product\/appeau-a-renard-de-weisskirchen\/\" \/>\n<meta property=\"og:site_name\" content=\"Lucky-Hunter\" \/>\n<meta property=\"article:modified_time\" content=\"2022-11-16T09:52:13+00:00\" \/>\n<meta property=\"og:image\" content=\"https:\/\/staging.lucky-hunter.com\/wp-content\/uploads\/2017\/04\/510522.png.webp\" \/>\n\t<meta property=\"og:image:width\" content=\"1000\" \/>\n\t<meta property=\"og:image:height\" content=\"1000\" \/>\n\t<meta property=\"og:image:type\" content=\"image\/webp\" \/>\n<meta name=\"twitter:card\" content=\"summary_large_image\" \/>\n<meta name=\"twitter:title\" content=\"Appeau \u00e0 renard de Weisskirchen | Lucky Hunter\" \/>\n<meta name=\"twitter:description\" content=\"Imitez le son du renard. Appeau \u00e0 renard universel de Weisskirchen imite le son de la femelle qui aboie \u00e0 ses kits lorsqu&#039;elle revient avec une mise \u00e0 mort.\" \/>\n<meta name=\"twitter:label1\" content=\"Dur\u00e9e de lecture estim\u00e9e\" \/>\n\t<meta name=\"twitter:data1\" content=\"1 minute\" \/>\n<script type=\"application\/ld+json\" class=\"yoast-schema-graph\">{\"@context\":\"https:\/\/schema.org\",\"@graph\":[{\"@type\":\"WebPage\",\"@id\":\"https:\/\/staging.lucky-hunter.com\/fr\/product\/appeau-a-renard-de-weisskirchen\/\",\"url\":\"https:\/\/staging.lucky-hunter.com\/fr\/product\/appeau-a-renard-de-weisskirchen\/\",\"name\":\"Appeau \u00e0 renard de Weisskirchen | Lucky Hunter\",\"isPartOf\":{\"@id\":\"https:\/\/staging.lucky-hunter.com\/#website\"},\"primaryImageOfPage\":{\"@id\":\"https:\/\/staging.lucky-hunter.com\/fr\/product\/appeau-a-renard-de-weisskirchen\/#primaryimage\"},\"image\":{\"@id\":\"https:\/\/staging.lucky-hunter.com\/fr\/product\/appeau-a-renard-de-weisskirchen\/#primaryimage\"},\"thumbnailUrl\":\"https:\/\/staging.lucky-hunter.com\/wp-content\/uploads\/2017\/04\/510522.png.webp\",\"datePublished\":\"2017-04-10T14:44:29+00:00\",\"dateModified\":\"2022-11-16T09:52:13+00:00\",\"description\":\"Imitez le son du renard. Appeau \u00e0 renard de Weisskirchen imite le son de la femelle qui aboie \u00e0 ses kits lorsqu'elle revient avec une mise \u00e0 mort.\",\"breadcrumb\":{\"@id\":\"https:\/\/staging.lucky-hunter.com\/fr\/product\/appeau-a-renard-de-weisskirchen\/#breadcrumb\"},\"inLanguage\":\"fr-FR\",\"potentialAction\":[{\"@type\":\"ReadAction\",\"target\":[\"https:\/\/staging.lucky-hunter.com\/fr\/product\/appeau-a-renard-de-weisskirchen\/\"]}]},{\"@type\":\"ImageObject\",\"inLanguage\":\"fr-FR\",\"@id\":\"https:\/\/staging.lucky-hunter.com\/fr\/product\/appeau-a-renard-de-weisskirchen\/#primaryimage\",\"url\":\"https:\/\/staging.lucky-hunter.com\/wp-content\/uploads\/2017\/04\/510522.png.webp\",\"contentUrl\":\"https:\/\/staging.lucky-hunter.com\/wp-content\/uploads\/2017\/04\/510522.png.webp\",\"width\":1000,\"height\":1000},{\"@type\":\"BreadcrumbList\",\"@id\":\"https:\/\/staging.lucky-hunter.com\/fr\/product\/appeau-a-renard-de-weisskirchen\/#breadcrumb\",\"itemListElement\":[{\"@type\":\"ListItem\",\"position\":1,\"name\":\"Home\",\"item\":\"https:\/\/staging.lucky-hunter.com\/fr\/\"},{\"@type\":\"ListItem\",\"position\":2,\"name\":\"Boutique\",\"item\":\"https:\/\/staging.lucky-hunter.com\/fr\/shop\/\"},{\"@type\":\"ListItem\",\"position\":3,\"name\":\"Appeau \u00e0 renard de Weisskirchen\"}]},{\"@type\":\"WebSite\",\"@id\":\"https:\/\/staging.lucky-hunter.com\/#website\",\"url\":\"https:\/\/staging.lucky-hunter.com\/\",\"name\":\"Lucky-Hunter\",\"description\":\"Gear Up or Give Up\",\"potentialAction\":[{\"@type\":\"SearchAction\",\"target\":{\"@type\":\"EntryPoint\",\"urlTemplate\":\"https:\/\/staging.lucky-hunter.com\/?s={search_term_string}\"},\"query-input\":{\"@type\":\"PropertyValueSpecification\",\"valueRequired\":true,\"valueName\":\"search_term_string\"}}],\"inLanguage\":\"fr-FR\"}]}<\/script>\n<!-- \/ Yoast SEO plugin. -->","yoast_head_json":{"title":"Appeau \u00e0 renard de Weisskirchen | Lucky Hunter","description":"Imitez le son du renard. Appeau \u00e0 renard de Weisskirchen imite le son de la femelle qui aboie \u00e0 ses kits lorsqu'elle revient avec une mise \u00e0 mort.","robots":{"index":"noindex","follow":"follow","max-snippet":"max-snippet:-1","max-image-preview":"max-image-preview:large","max-video-preview":"max-video-preview:-1"},"og_locale":"fr_FR","og_type":"article","og_title":"Appeau \u00e0 renard de Weisskirchen | Lucky Hunter","og_description":"Imitez le son du renard. Appeau \u00e0 renard universel de Weisskirchen imite le son de la femelle qui aboie \u00e0 ses kits lorsqu'elle revient avec une mise \u00e0 mort.","og_url":"https:\/\/staging.lucky-hunter.com\/fr\/product\/appeau-a-renard-de-weisskirchen\/","og_site_name":"Lucky-Hunter","article_modified_time":"2022-11-16T09:52:13+00:00","og_image":[{"width":1000,"height":1000,"url":"https:\/\/staging.lucky-hunter.com\/wp-content\/uploads\/2017\/04\/510522.png.webp","type":"image\/webp"}],"twitter_card":"summary_large_image","twitter_title":"Appeau \u00e0 renard de Weisskirchen | Lucky Hunter","twitter_description":"Imitez le son du renard. Appeau \u00e0 renard universel de Weisskirchen imite le son de la femelle qui aboie \u00e0 ses kits lorsqu'elle revient avec une mise \u00e0 mort.","twitter_misc":{"Dur\u00e9e de lecture estim\u00e9e":"1 minute"},"schema":{"@context":"https:\/\/schema.org","@graph":[{"@type":"WebPage","@id":"https:\/\/staging.lucky-hunter.com\/fr\/product\/appeau-a-renard-de-weisskirchen\/","url":"https:\/\/staging.lucky-hunter.com\/fr\/product\/appeau-a-renard-de-weisskirchen\/","name":"Appeau \u00e0 renard de Weisskirchen | Lucky Hunter","isPartOf":{"@id":"https:\/\/staging.lucky-hunter.com\/#website"},"primaryImageOfPage":{"@id":"https:\/\/staging.lucky-hunter.com\/fr\/product\/appeau-a-renard-de-weisskirchen\/#primaryimage"},"image":{"@id":"https:\/\/staging.lucky-hunter.com\/fr\/product\/appeau-a-renard-de-weisskirchen\/#primaryimage"},"thumbnailUrl":"https:\/\/staging.lucky-hunter.com\/wp-content\/uploads\/2017\/04\/510522.png.webp","datePublished":"2017-04-10T14:44:29+00:00","dateModified":"2022-11-16T09:52:13+00:00","description":"Imitez le son du renard. Appeau \u00e0 renard de Weisskirchen imite le son de la femelle qui aboie \u00e0 ses kits lorsqu'elle revient avec une mise \u00e0 mort.","breadcrumb":{"@id":"https:\/\/staging.lucky-hunter.com\/fr\/product\/appeau-a-renard-de-weisskirchen\/#breadcrumb"},"inLanguage":"fr-FR","potentialAction":[{"@type":"ReadAction","target":["https:\/\/staging.lucky-hunter.com\/fr\/product\/appeau-a-renard-de-weisskirchen\/"]}]},{"@type":"ImageObject","inLanguage":"fr-FR","@id":"https:\/\/staging.lucky-hunter.com\/fr\/product\/appeau-a-renard-de-weisskirchen\/#primaryimage","url":"https:\/\/staging.lucky-hunter.com\/wp-content\/uploads\/2017\/04\/510522.png.webp","contentUrl":"https:\/\/staging.lucky-hunter.com\/wp-content\/uploads\/2017\/04\/510522.png.webp","width":1000,"height":1000},{"@type":"BreadcrumbList","@id":"https:\/\/staging.lucky-hunter.com\/fr\/product\/appeau-a-renard-de-weisskirchen\/#breadcrumb","itemListElement":[{"@type":"ListItem","position":1,"name":"Home","item":"https:\/\/staging.lucky-hunter.com\/fr\/"},{"@type":"ListItem","position":2,"name":"Boutique","item":"https:\/\/staging.lucky-hunter.com\/fr\/shop\/"},{"@type":"ListItem","position":3,"name":"Appeau \u00e0 renard de Weisskirchen"}]},{"@type":"WebSite","@id":"https:\/\/staging.lucky-hunter.com\/#website","url":"https:\/\/staging.lucky-hunter.com\/","name":"Lucky-Hunter","description":"Gear Up or Give Up","potentialAction":[{"@type":"SearchAction","target":{"@type":"EntryPoint","urlTemplate":"https:\/\/staging.lucky-hunter.com\/?s={search_term_string}"},"query-input":{"@type":"PropertyValueSpecification","valueRequired":true,"valueName":"search_term_string"}}],"inLanguage":"fr-FR"}]}},"_links":{"self":[{"href":"https:\/\/staging.lucky-hunter.com\/fr\/wp-json\/wp\/v2\/product\/35375"}],"collection":[{"href":"https:\/\/staging.lucky-hunter.com\/fr\/wp-json\/wp\/v2\/product"}],"about":[{"href":"https:\/\/staging.lucky-hunter.com\/fr\/wp-json\/wp\/v2\/types\/product"}],"wp:featuredmedia":[{"embeddable":true,"href":"https:\/\/staging.lucky-hunter.com\/fr\/wp-json\/wp\/v2\/media\/30624"}],"wp:attachment":[{"href":"https:\/\/staging.lucky-hunter.com\/fr\/wp-json\/wp\/v2\/media?parent=35375"}],"wp:term":[{"taxonomy":"product_brand","embeddable":true,"href":"https:\/\/staging.lucky-hunter.com\/fr\/wp-json\/wp\/v2\/product_brand?post=35375"},{"taxonomy":"product_cat","embeddable":true,"href":"https:\/\/staging.lucky-hunter.com\/fr\/wp-json\/wp\/v2\/product_cat?post=35375"},{"taxonomy":"product_tag","embeddable":true,"href":"https:\/\/staging.lucky-hunter.com\/fr\/wp-json\/wp\/v2\/product_tag?post=35375"}],"curies":[{"name":"wp","href":"https:\/\/api.w.org\/{rel}","templated":true}]}}