{"id":35373,"date":"2017-04-18T13:51:56","date_gmt":"2017-04-18T11:51:56","guid":{"rendered":"https:\/\/staging.lucky-hunter.com\/product\/boitier-de-securite-en-acier-spypoint-sb200\/"},"modified":"2022-11-16T10:47:24","modified_gmt":"2022-11-16T09:47:24","slug":"boitier-de-securite-en-acier-spypoint-sb200","status":"publish","type":"product","link":"https:\/\/staging.lucky-hunter.com\/fr\/product\/boitier-de-securite-en-acier-spypoint-sb200\/","title":{"rendered":"Bo\u00eetier de s\u00e9curit\u00e9 en acier Spypoint SB200"},"content":{"rendered":"<h3><strong>Bo\u00eetier en acier d&#8217;origine Spypoint pour cam\u00e9ras 42 LED<\/strong><\/h3>\n<p>Il s&#8217;agit du bo\u00eetier en acier d&#8217;origine de Spypoint, pour s\u00e9curiser votre cam\u00e9ra Spypoint contre le vol. Il prot\u00e8ge \u00e9galement contre la casse caus\u00e9e par les cerfs, les ours ou d&#8217;autres animaux. Le bo\u00eetier en acier facilite aussi le placement de la cam\u00e9ra, \u00e0 chaque fois.<\/p>\n<p>Avez-vous d\u00e9j\u00e0 eu la t\u00e2che fastidieuse de devoir vous assurer que votre cam\u00e9ra est correctement plac\u00e9e dans un bo\u00eetier de protection g\u00e9n\u00e9rique ? Avez-vous d\u00e9j\u00e0 eu le probl\u00e8me fastidieux de devoir vous assurer que votre cam\u00e9ra s&#8217;int\u00e8gre correctement dans une bo\u00eete de protection g\u00e9n\u00e9rique ? Maintenant, vous saurez que la bo\u00eete s&#8217;adapte parfaitement \u00e0 votre mod\u00e8le d&#8217;appareil photo sans avoir besoin de l&#8217;ajuster \u00e0 chaque fois.<\/p>\n<ul>\n<li>Convient aux cam\u00e9ras SPYPOINT 42 LED (FORCE, SOLAR, LINK-EVO, LINK-S, LINK-DARK)<\/li>\n<li>Partie avant amovible pour un acc\u00e8s facile&amp;<\/li>\n<li>Trous \u00e0 l&#8217;arri\u00e8re pour ins\u00e9rer le c\u00e2ble antivol (CL-6FT)<\/li>\n<li>Trous \u00e0 l&#8217;arri\u00e8re pour visser le bo\u00eetier, pour une meilleure s\u00e9curit\u00e9<\/li>\n<li>Trou \u00e0 l&#8217;avant pour installer la serrure<\/li>\n<li>Mod\u00e8le SB-200.<\/li>\n<\/ul>\n","protected":false},"excerpt":{"rendered":"<p>Il s&#8217;agit du bo\u00eetier en acier d&#8217;origine de Spypoint, pour s\u00e9curiser votre cam\u00e9ra Spypoint contre le vol. Il prot\u00e8ge \u00e9galement contre la casse caus\u00e9e par les cerfs, les ours ou d&#8217;autres animaux. Le bo\u00eetier en acier facilite aussi le placement de la cam\u00e9ra, \u00e0 chaque fois. Convient aux cam\u00e9ras SPYPOINT 42 LED (FORCE, SOLAR, LINK-EVO, LINK-S, LINK-DARK)<\/p>\n","protected":false},"featured_media":30037,"template":"","meta":[],"product_brand":[8209],"product_cat":[8232],"product_tag":[],"yoast_head":"<!-- This site is optimized with the Yoast SEO plugin v24.3 - https:\/\/yoast.com\/wordpress\/plugins\/seo\/ -->\n<title>Bo\u00eetier de s\u00e9curit\u00e9 en acier Spypoint SB200 | Lucky Hunter<\/title>\n<meta name=\"description\" content=\"Prot\u00e9gez vos cam\u00e9ras de trail. La bo\u00eete en acier Spypoint aidera \u00e0 prot\u00e9ger vos cam\u00e9ras de chasse\/animaux sauvages contre les dommages et le vol.\" \/>\n<meta name=\"robots\" content=\"noindex, follow, max-snippet:-1, max-image-preview:large, max-video-preview:-1\" \/>\n<meta property=\"og:locale\" content=\"fr_FR\" \/>\n<meta property=\"og:type\" content=\"article\" \/>\n<meta property=\"og:title\" content=\"Bo\u00eetier de s\u00e9curit\u00e9 en acier Spypoint SB200 | Lucky Hunter\" \/>\n<meta property=\"og:description\" content=\"Prot\u00e9gez vos cam\u00e9ras de trail. La bo\u00eete en acier Spypoint pour LINK-MICRO aidera \u00e0 prot\u00e9ger vos cam\u00e9ras de chasse\/animaux sauvages contre les dommages et le vol.\" \/>\n<meta property=\"og:url\" content=\"https:\/\/staging.lucky-hunter.com\/fr\/product\/boitier-de-securite-en-acier-spypoint-sb200\/\" \/>\n<meta property=\"og:site_name\" content=\"Lucky-Hunter\" \/>\n<meta property=\"article:modified_time\" content=\"2022-11-16T09:47:24+00:00\" \/>\n<meta property=\"og:image\" content=\"https:\/\/staging.lucky-hunter.com\/wp-content\/uploads\/2017\/04\/680156.png\" \/>\n\t<meta property=\"og:image:width\" content=\"1000\" \/>\n\t<meta property=\"og:image:height\" content=\"1000\" \/>\n\t<meta property=\"og:image:type\" content=\"image\/png\" \/>\n<meta name=\"twitter:card\" content=\"summary_large_image\" \/>\n<meta name=\"twitter:title\" content=\"Bo\u00eetier de s\u00e9curit\u00e9 en acier Spypoint SB300 | Lucky Hunter\" \/>\n<meta name=\"twitter:description\" content=\"Prot\u00e9gez vos cam\u00e9ras de trail. La bo\u00eete en acier Spypoint pour LINK-MICRO aidera \u00e0 prot\u00e9ger vos cam\u00e9ras de chasse\/animaux sauvages contre les dommages et le vol.\" \/>\n<meta name=\"twitter:label1\" content=\"Dur\u00e9e de lecture estim\u00e9e\" \/>\n\t<meta name=\"twitter:data1\" content=\"1 minute\" \/>\n<script type=\"application\/ld+json\" class=\"yoast-schema-graph\">{\"@context\":\"https:\/\/schema.org\",\"@graph\":[{\"@type\":\"WebPage\",\"@id\":\"https:\/\/staging.lucky-hunter.com\/fr\/product\/boitier-de-securite-en-acier-spypoint-sb200\/\",\"url\":\"https:\/\/staging.lucky-hunter.com\/fr\/product\/boitier-de-securite-en-acier-spypoint-sb200\/\",\"name\":\"Bo\u00eetier de s\u00e9curit\u00e9 en acier Spypoint SB200 | Lucky Hunter\",\"isPartOf\":{\"@id\":\"https:\/\/staging.lucky-hunter.com\/#website\"},\"primaryImageOfPage\":{\"@id\":\"https:\/\/staging.lucky-hunter.com\/fr\/product\/boitier-de-securite-en-acier-spypoint-sb200\/#primaryimage\"},\"image\":{\"@id\":\"https:\/\/staging.lucky-hunter.com\/fr\/product\/boitier-de-securite-en-acier-spypoint-sb200\/#primaryimage\"},\"thumbnailUrl\":\"https:\/\/staging.lucky-hunter.com\/wp-content\/uploads\/2017\/04\/680156.png\",\"datePublished\":\"2017-04-18T11:51:56+00:00\",\"dateModified\":\"2022-11-16T09:47:24+00:00\",\"description\":\"Prot\u00e9gez vos cam\u00e9ras de trail. La bo\u00eete en acier Spypoint aidera \u00e0 prot\u00e9ger vos cam\u00e9ras de chasse\/animaux sauvages contre les dommages et le vol.\",\"breadcrumb\":{\"@id\":\"https:\/\/staging.lucky-hunter.com\/fr\/product\/boitier-de-securite-en-acier-spypoint-sb200\/#breadcrumb\"},\"inLanguage\":\"fr-FR\",\"potentialAction\":[{\"@type\":\"ReadAction\",\"target\":[\"https:\/\/staging.lucky-hunter.com\/fr\/product\/boitier-de-securite-en-acier-spypoint-sb200\/\"]}]},{\"@type\":\"ImageObject\",\"inLanguage\":\"fr-FR\",\"@id\":\"https:\/\/staging.lucky-hunter.com\/fr\/product\/boitier-de-securite-en-acier-spypoint-sb200\/#primaryimage\",\"url\":\"https:\/\/staging.lucky-hunter.com\/wp-content\/uploads\/2017\/04\/680156.png\",\"contentUrl\":\"https:\/\/staging.lucky-hunter.com\/wp-content\/uploads\/2017\/04\/680156.png\",\"width\":1000,\"height\":1000},{\"@type\":\"BreadcrumbList\",\"@id\":\"https:\/\/staging.lucky-hunter.com\/fr\/product\/boitier-de-securite-en-acier-spypoint-sb200\/#breadcrumb\",\"itemListElement\":[{\"@type\":\"ListItem\",\"position\":1,\"name\":\"Home\",\"item\":\"https:\/\/staging.lucky-hunter.com\/fr\/\"},{\"@type\":\"ListItem\",\"position\":2,\"name\":\"Boutique\",\"item\":\"https:\/\/staging.lucky-hunter.com\/fr\/shop\/\"},{\"@type\":\"ListItem\",\"position\":3,\"name\":\"Bo\u00eetier de s\u00e9curit\u00e9 en acier Spypoint SB200\"}]},{\"@type\":\"WebSite\",\"@id\":\"https:\/\/staging.lucky-hunter.com\/#website\",\"url\":\"https:\/\/staging.lucky-hunter.com\/\",\"name\":\"Lucky-Hunter\",\"description\":\"Gear Up or Give Up\",\"potentialAction\":[{\"@type\":\"SearchAction\",\"target\":{\"@type\":\"EntryPoint\",\"urlTemplate\":\"https:\/\/staging.lucky-hunter.com\/?s={search_term_string}\"},\"query-input\":{\"@type\":\"PropertyValueSpecification\",\"valueRequired\":true,\"valueName\":\"search_term_string\"}}],\"inLanguage\":\"fr-FR\"}]}<\/script>\n<!-- \/ Yoast SEO plugin. -->","yoast_head_json":{"title":"Bo\u00eetier de s\u00e9curit\u00e9 en acier Spypoint SB200 | Lucky Hunter","description":"Prot\u00e9gez vos cam\u00e9ras de trail. La bo\u00eete en acier Spypoint aidera \u00e0 prot\u00e9ger vos cam\u00e9ras de chasse\/animaux sauvages contre les dommages et le vol.","robots":{"index":"noindex","follow":"follow","max-snippet":"max-snippet:-1","max-image-preview":"max-image-preview:large","max-video-preview":"max-video-preview:-1"},"og_locale":"fr_FR","og_type":"article","og_title":"Bo\u00eetier de s\u00e9curit\u00e9 en acier Spypoint SB200 | Lucky Hunter","og_description":"Prot\u00e9gez vos cam\u00e9ras de trail. La bo\u00eete en acier Spypoint pour LINK-MICRO aidera \u00e0 prot\u00e9ger vos cam\u00e9ras de chasse\/animaux sauvages contre les dommages et le vol.","og_url":"https:\/\/staging.lucky-hunter.com\/fr\/product\/boitier-de-securite-en-acier-spypoint-sb200\/","og_site_name":"Lucky-Hunter","article_modified_time":"2022-11-16T09:47:24+00:00","og_image":[{"width":1000,"height":1000,"url":"https:\/\/staging.lucky-hunter.com\/wp-content\/uploads\/2017\/04\/680156.png","type":"image\/png"}],"twitter_card":"summary_large_image","twitter_title":"Bo\u00eetier de s\u00e9curit\u00e9 en acier Spypoint SB300 | Lucky Hunter","twitter_description":"Prot\u00e9gez vos cam\u00e9ras de trail. La bo\u00eete en acier Spypoint pour LINK-MICRO aidera \u00e0 prot\u00e9ger vos cam\u00e9ras de chasse\/animaux sauvages contre les dommages et le vol.","twitter_misc":{"Dur\u00e9e de lecture estim\u00e9e":"1 minute"},"schema":{"@context":"https:\/\/schema.org","@graph":[{"@type":"WebPage","@id":"https:\/\/staging.lucky-hunter.com\/fr\/product\/boitier-de-securite-en-acier-spypoint-sb200\/","url":"https:\/\/staging.lucky-hunter.com\/fr\/product\/boitier-de-securite-en-acier-spypoint-sb200\/","name":"Bo\u00eetier de s\u00e9curit\u00e9 en acier Spypoint SB200 | Lucky Hunter","isPartOf":{"@id":"https:\/\/staging.lucky-hunter.com\/#website"},"primaryImageOfPage":{"@id":"https:\/\/staging.lucky-hunter.com\/fr\/product\/boitier-de-securite-en-acier-spypoint-sb200\/#primaryimage"},"image":{"@id":"https:\/\/staging.lucky-hunter.com\/fr\/product\/boitier-de-securite-en-acier-spypoint-sb200\/#primaryimage"},"thumbnailUrl":"https:\/\/staging.lucky-hunter.com\/wp-content\/uploads\/2017\/04\/680156.png","datePublished":"2017-04-18T11:51:56+00:00","dateModified":"2022-11-16T09:47:24+00:00","description":"Prot\u00e9gez vos cam\u00e9ras de trail. La bo\u00eete en acier Spypoint aidera \u00e0 prot\u00e9ger vos cam\u00e9ras de chasse\/animaux sauvages contre les dommages et le vol.","breadcrumb":{"@id":"https:\/\/staging.lucky-hunter.com\/fr\/product\/boitier-de-securite-en-acier-spypoint-sb200\/#breadcrumb"},"inLanguage":"fr-FR","potentialAction":[{"@type":"ReadAction","target":["https:\/\/staging.lucky-hunter.com\/fr\/product\/boitier-de-securite-en-acier-spypoint-sb200\/"]}]},{"@type":"ImageObject","inLanguage":"fr-FR","@id":"https:\/\/staging.lucky-hunter.com\/fr\/product\/boitier-de-securite-en-acier-spypoint-sb200\/#primaryimage","url":"https:\/\/staging.lucky-hunter.com\/wp-content\/uploads\/2017\/04\/680156.png","contentUrl":"https:\/\/staging.lucky-hunter.com\/wp-content\/uploads\/2017\/04\/680156.png","width":1000,"height":1000},{"@type":"BreadcrumbList","@id":"https:\/\/staging.lucky-hunter.com\/fr\/product\/boitier-de-securite-en-acier-spypoint-sb200\/#breadcrumb","itemListElement":[{"@type":"ListItem","position":1,"name":"Home","item":"https:\/\/staging.lucky-hunter.com\/fr\/"},{"@type":"ListItem","position":2,"name":"Boutique","item":"https:\/\/staging.lucky-hunter.com\/fr\/shop\/"},{"@type":"ListItem","position":3,"name":"Bo\u00eetier de s\u00e9curit\u00e9 en acier Spypoint SB200"}]},{"@type":"WebSite","@id":"https:\/\/staging.lucky-hunter.com\/#website","url":"https:\/\/staging.lucky-hunter.com\/","name":"Lucky-Hunter","description":"Gear Up or Give Up","potentialAction":[{"@type":"SearchAction","target":{"@type":"EntryPoint","urlTemplate":"https:\/\/staging.lucky-hunter.com\/?s={search_term_string}"},"query-input":{"@type":"PropertyValueSpecification","valueRequired":true,"valueName":"search_term_string"}}],"inLanguage":"fr-FR"}]}},"_links":{"self":[{"href":"https:\/\/staging.lucky-hunter.com\/fr\/wp-json\/wp\/v2\/product\/35373"}],"collection":[{"href":"https:\/\/staging.lucky-hunter.com\/fr\/wp-json\/wp\/v2\/product"}],"about":[{"href":"https:\/\/staging.lucky-hunter.com\/fr\/wp-json\/wp\/v2\/types\/product"}],"wp:featuredmedia":[{"embeddable":true,"href":"https:\/\/staging.lucky-hunter.com\/fr\/wp-json\/wp\/v2\/media\/30037"}],"wp:attachment":[{"href":"https:\/\/staging.lucky-hunter.com\/fr\/wp-json\/wp\/v2\/media?parent=35373"}],"wp:term":[{"taxonomy":"product_brand","embeddable":true,"href":"https:\/\/staging.lucky-hunter.com\/fr\/wp-json\/wp\/v2\/product_brand?post=35373"},{"taxonomy":"product_cat","embeddable":true,"href":"https:\/\/staging.lucky-hunter.com\/fr\/wp-json\/wp\/v2\/product_cat?post=35373"},{"taxonomy":"product_tag","embeddable":true,"href":"https:\/\/staging.lucky-hunter.com\/fr\/wp-json\/wp\/v2\/product_tag?post=35373"}],"curies":[{"name":"wp","href":"https:\/\/api.w.org\/{rel}","templated":true}]}}