{"id":35372,"date":"2017-04-18T16:51:35","date_gmt":"2017-04-18T14:51:35","guid":{"rendered":"https:\/\/staging.lucky-hunter.com\/product\/sangle-porte-gibier-rigem-right-leg-band\/"},"modified":"2025-09-02T16:00:02","modified_gmt":"2025-09-02T14:00:02","slug":"sangle-porte-gibier-rigem-right-leg-band","status":"publish","type":"product","link":"https:\/\/staging.lucky-hunter.com\/fr\/product\/sangle-porte-gibier-rigem-right-leg-band\/","title":{"rendered":"Sangle Porte-Gibier Rig&#8217;Em Right Leg Band"},"content":{"rendered":"<h2><strong>Sangle Porte-Gibier Rig&#8217;Em Right Leg Band &#8211; Boucles Type Pattes &#8211; durera toute une vie<\/strong>!<\/h2>\n<p>La Sangle Porte-Gibier Rig&#8217;Em Right Leg Band est con\u00e7ue pour \u00eatre durable et de qualit\u00e9.<\/p>\n<p>Dot\u00e9e de n\u00e9opr\u00e8ne rembourr\u00e9 antid\u00e9rapant, d\u2019un mousqueton robuste en m\u00e9tal et de huit lani\u00e8res avec anneaux de serrage en m\u00e9tal.<\/p>\n<p>Le rembourrage \u00e9pais est extr\u00eamement confortable, m\u00eame lors des longs trajets hors du marais, et si vous avez d\u00e9j\u00e0 trop de poids sur vos \u00e9paules, le mousqueton en m\u00e9tal est pratique pour attacher la sangle directement \u00e0 vos waders.<\/p>\n<p>Il est aussi bien mieux que les mousquetons en plastique. Tr\u00e8s r\u00e9sistante et tr\u00e8s confortable, elle vous facilitera la vie lorsque vous transporterez de nombreuses prises lors de votre prochaine chasse<\/p>\n","protected":false},"excerpt":{"rendered":"<p>La sangle porte-gibier Rig&#8217;Em Right&#8217;s&#x2122; Leg Band&#x2122; est con\u00e7ue autour de deux aspects : durabilit\u00e9 et valeur. Le rembourrage \u00e9pais est extr\u00eamement confortable m\u00eame lors des longs trajets pour quitter le marais.<\/p>\n","protected":false},"featured_media":29909,"template":"","meta":[],"product_brand":[9607],"product_cat":[9349],"product_tag":[],"yoast_head":"<!-- This site is optimized with the Yoast SEO plugin v24.3 - https:\/\/yoast.com\/wordpress\/plugins\/seo\/ -->\n<title>Sangle Porte-Gibier Rig&#039;Em Right Leg Band | Lucky Hunter<\/title>\n<meta name=\"description\" content=\"Extr\u00eamement durable et confortable. La Sangle Porte-Gibier Rig&#039;Em Right Leg Band est parfaite pour les longs voyages de chasse. Beaucoup plus durable que les clips en plastique.\" \/>\n<meta name=\"robots\" content=\"noindex, follow, max-snippet:-1, max-image-preview:large, max-video-preview:-1\" \/>\n<meta property=\"og:locale\" content=\"fr_FR\" \/>\n<meta property=\"og:type\" content=\"article\" \/>\n<meta property=\"og:title\" content=\"Sangle Porte-Gibier Rig&#039;Em Right Leg Band | Lucky Hunter\" \/>\n<meta property=\"og:description\" content=\"Extr\u00eamement durable et confortable. La Sangle Porte-Gibier Rig&#039;Em Right Leg Band est parfaite pour les longs voyages de chasse. Beaucoup plus durable que les clips en plastique.\" \/>\n<meta property=\"og:url\" content=\"https:\/\/staging.lucky-hunter.com\/fr\/product\/sangle-porte-gibier-rigem-right-leg-band\/\" \/>\n<meta property=\"og:site_name\" content=\"Lucky-Hunter\" \/>\n<meta property=\"article:modified_time\" content=\"2025-09-02T14:00:02+00:00\" \/>\n<meta property=\"og:image\" content=\"https:\/\/staging.lucky-hunter.com\/wp-content\/uploads\/2017\/04\/PU-245.png\" \/>\n\t<meta property=\"og:image:width\" content=\"1000\" \/>\n\t<meta property=\"og:image:height\" content=\"1000\" \/>\n\t<meta property=\"og:image:type\" content=\"image\/png\" \/>\n<meta name=\"twitter:card\" content=\"summary_large_image\" \/>\n<meta name=\"twitter:title\" content=\"Sangle Porte-Gibier Rig&#039;Em Right Leg Band | Lucky Hunter\" \/>\n<meta name=\"twitter:description\" content=\"Extr\u00eamement durable et confortable. La Sangle Porte-Gibier Rig&#039;Em Right Leg Band est parfaite pour les longs voyages de chasse. Beaucoup plus durable que les clips en plastique.\" \/>\n<meta name=\"twitter:label1\" content=\"Dur\u00e9e de lecture estim\u00e9e\" \/>\n\t<meta name=\"twitter:data1\" content=\"1 minute\" \/>\n<script type=\"application\/ld+json\" class=\"yoast-schema-graph\">{\"@context\":\"https:\/\/schema.org\",\"@graph\":[{\"@type\":\"WebPage\",\"@id\":\"https:\/\/staging.lucky-hunter.com\/fr\/product\/sangle-porte-gibier-rigem-right-leg-band\/\",\"url\":\"https:\/\/staging.lucky-hunter.com\/fr\/product\/sangle-porte-gibier-rigem-right-leg-band\/\",\"name\":\"Sangle Porte-Gibier Rig'Em Right Leg Band | Lucky Hunter\",\"isPartOf\":{\"@id\":\"https:\/\/staging.lucky-hunter.com\/#website\"},\"primaryImageOfPage\":{\"@id\":\"https:\/\/staging.lucky-hunter.com\/fr\/product\/sangle-porte-gibier-rigem-right-leg-band\/#primaryimage\"},\"image\":{\"@id\":\"https:\/\/staging.lucky-hunter.com\/fr\/product\/sangle-porte-gibier-rigem-right-leg-band\/#primaryimage\"},\"thumbnailUrl\":\"https:\/\/staging.lucky-hunter.com\/wp-content\/uploads\/2017\/04\/PU-245.png\",\"datePublished\":\"2017-04-18T14:51:35+00:00\",\"dateModified\":\"2025-09-02T14:00:02+00:00\",\"description\":\"Extr\u00eamement durable et confortable. La Sangle Porte-Gibier Rig'Em Right Leg Band est parfaite pour les longs voyages de chasse. Beaucoup plus durable que les clips en plastique.\",\"breadcrumb\":{\"@id\":\"https:\/\/staging.lucky-hunter.com\/fr\/product\/sangle-porte-gibier-rigem-right-leg-band\/#breadcrumb\"},\"inLanguage\":\"fr-FR\",\"potentialAction\":[{\"@type\":\"ReadAction\",\"target\":[\"https:\/\/staging.lucky-hunter.com\/fr\/product\/sangle-porte-gibier-rigem-right-leg-band\/\"]}]},{\"@type\":\"ImageObject\",\"inLanguage\":\"fr-FR\",\"@id\":\"https:\/\/staging.lucky-hunter.com\/fr\/product\/sangle-porte-gibier-rigem-right-leg-band\/#primaryimage\",\"url\":\"https:\/\/staging.lucky-hunter.com\/wp-content\/uploads\/2017\/04\/PU-245.png\",\"contentUrl\":\"https:\/\/staging.lucky-hunter.com\/wp-content\/uploads\/2017\/04\/PU-245.png\",\"width\":1000,\"height\":1000},{\"@type\":\"BreadcrumbList\",\"@id\":\"https:\/\/staging.lucky-hunter.com\/fr\/product\/sangle-porte-gibier-rigem-right-leg-band\/#breadcrumb\",\"itemListElement\":[{\"@type\":\"ListItem\",\"position\":1,\"name\":\"Home\",\"item\":\"https:\/\/staging.lucky-hunter.com\/fr\/\"},{\"@type\":\"ListItem\",\"position\":2,\"name\":\"Boutique\",\"item\":\"https:\/\/staging.lucky-hunter.com\/fr\/shop\/\"},{\"@type\":\"ListItem\",\"position\":3,\"name\":\"Sangle Porte-Gibier Rig&#8217;Em Right Leg Band\"}]},{\"@type\":\"WebSite\",\"@id\":\"https:\/\/staging.lucky-hunter.com\/#website\",\"url\":\"https:\/\/staging.lucky-hunter.com\/\",\"name\":\"Lucky-Hunter\",\"description\":\"Gear Up or Give Up\",\"potentialAction\":[{\"@type\":\"SearchAction\",\"target\":{\"@type\":\"EntryPoint\",\"urlTemplate\":\"https:\/\/staging.lucky-hunter.com\/?s={search_term_string}\"},\"query-input\":{\"@type\":\"PropertyValueSpecification\",\"valueRequired\":true,\"valueName\":\"search_term_string\"}}],\"inLanguage\":\"fr-FR\"}]}<\/script>\n<!-- \/ Yoast SEO plugin. -->","yoast_head_json":{"title":"Sangle Porte-Gibier Rig'Em Right Leg Band | Lucky Hunter","description":"Extr\u00eamement durable et confortable. La Sangle Porte-Gibier Rig'Em Right Leg Band est parfaite pour les longs voyages de chasse. Beaucoup plus durable que les clips en plastique.","robots":{"index":"noindex","follow":"follow","max-snippet":"max-snippet:-1","max-image-preview":"max-image-preview:large","max-video-preview":"max-video-preview:-1"},"og_locale":"fr_FR","og_type":"article","og_title":"Sangle Porte-Gibier Rig'Em Right Leg Band | Lucky Hunter","og_description":"Extr\u00eamement durable et confortable. La Sangle Porte-Gibier Rig'Em Right Leg Band est parfaite pour les longs voyages de chasse. Beaucoup plus durable que les clips en plastique.","og_url":"https:\/\/staging.lucky-hunter.com\/fr\/product\/sangle-porte-gibier-rigem-right-leg-band\/","og_site_name":"Lucky-Hunter","article_modified_time":"2025-09-02T14:00:02+00:00","og_image":[{"width":1000,"height":1000,"url":"https:\/\/staging.lucky-hunter.com\/wp-content\/uploads\/2017\/04\/PU-245.png","type":"image\/png"}],"twitter_card":"summary_large_image","twitter_title":"Sangle Porte-Gibier Rig'Em Right Leg Band | Lucky Hunter","twitter_description":"Extr\u00eamement durable et confortable. La Sangle Porte-Gibier Rig'Em Right Leg Band est parfaite pour les longs voyages de chasse. Beaucoup plus durable que les clips en plastique.","twitter_misc":{"Dur\u00e9e de lecture estim\u00e9e":"1 minute"},"schema":{"@context":"https:\/\/schema.org","@graph":[{"@type":"WebPage","@id":"https:\/\/staging.lucky-hunter.com\/fr\/product\/sangle-porte-gibier-rigem-right-leg-band\/","url":"https:\/\/staging.lucky-hunter.com\/fr\/product\/sangle-porte-gibier-rigem-right-leg-band\/","name":"Sangle Porte-Gibier Rig'Em Right Leg Band | Lucky Hunter","isPartOf":{"@id":"https:\/\/staging.lucky-hunter.com\/#website"},"primaryImageOfPage":{"@id":"https:\/\/staging.lucky-hunter.com\/fr\/product\/sangle-porte-gibier-rigem-right-leg-band\/#primaryimage"},"image":{"@id":"https:\/\/staging.lucky-hunter.com\/fr\/product\/sangle-porte-gibier-rigem-right-leg-band\/#primaryimage"},"thumbnailUrl":"https:\/\/staging.lucky-hunter.com\/wp-content\/uploads\/2017\/04\/PU-245.png","datePublished":"2017-04-18T14:51:35+00:00","dateModified":"2025-09-02T14:00:02+00:00","description":"Extr\u00eamement durable et confortable. La Sangle Porte-Gibier Rig'Em Right Leg Band est parfaite pour les longs voyages de chasse. Beaucoup plus durable que les clips en plastique.","breadcrumb":{"@id":"https:\/\/staging.lucky-hunter.com\/fr\/product\/sangle-porte-gibier-rigem-right-leg-band\/#breadcrumb"},"inLanguage":"fr-FR","potentialAction":[{"@type":"ReadAction","target":["https:\/\/staging.lucky-hunter.com\/fr\/product\/sangle-porte-gibier-rigem-right-leg-band\/"]}]},{"@type":"ImageObject","inLanguage":"fr-FR","@id":"https:\/\/staging.lucky-hunter.com\/fr\/product\/sangle-porte-gibier-rigem-right-leg-band\/#primaryimage","url":"https:\/\/staging.lucky-hunter.com\/wp-content\/uploads\/2017\/04\/PU-245.png","contentUrl":"https:\/\/staging.lucky-hunter.com\/wp-content\/uploads\/2017\/04\/PU-245.png","width":1000,"height":1000},{"@type":"BreadcrumbList","@id":"https:\/\/staging.lucky-hunter.com\/fr\/product\/sangle-porte-gibier-rigem-right-leg-band\/#breadcrumb","itemListElement":[{"@type":"ListItem","position":1,"name":"Home","item":"https:\/\/staging.lucky-hunter.com\/fr\/"},{"@type":"ListItem","position":2,"name":"Boutique","item":"https:\/\/staging.lucky-hunter.com\/fr\/shop\/"},{"@type":"ListItem","position":3,"name":"Sangle Porte-Gibier Rig&#8217;Em Right Leg Band"}]},{"@type":"WebSite","@id":"https:\/\/staging.lucky-hunter.com\/#website","url":"https:\/\/staging.lucky-hunter.com\/","name":"Lucky-Hunter","description":"Gear Up or Give Up","potentialAction":[{"@type":"SearchAction","target":{"@type":"EntryPoint","urlTemplate":"https:\/\/staging.lucky-hunter.com\/?s={search_term_string}"},"query-input":{"@type":"PropertyValueSpecification","valueRequired":true,"valueName":"search_term_string"}}],"inLanguage":"fr-FR"}]}},"_links":{"self":[{"href":"https:\/\/staging.lucky-hunter.com\/fr\/wp-json\/wp\/v2\/product\/35372"}],"collection":[{"href":"https:\/\/staging.lucky-hunter.com\/fr\/wp-json\/wp\/v2\/product"}],"about":[{"href":"https:\/\/staging.lucky-hunter.com\/fr\/wp-json\/wp\/v2\/types\/product"}],"wp:featuredmedia":[{"embeddable":true,"href":"https:\/\/staging.lucky-hunter.com\/fr\/wp-json\/wp\/v2\/media\/29909"}],"wp:attachment":[{"href":"https:\/\/staging.lucky-hunter.com\/fr\/wp-json\/wp\/v2\/media?parent=35372"}],"wp:term":[{"taxonomy":"product_brand","embeddable":true,"href":"https:\/\/staging.lucky-hunter.com\/fr\/wp-json\/wp\/v2\/product_brand?post=35372"},{"taxonomy":"product_cat","embeddable":true,"href":"https:\/\/staging.lucky-hunter.com\/fr\/wp-json\/wp\/v2\/product_cat?post=35372"},{"taxonomy":"product_tag","embeddable":true,"href":"https:\/\/staging.lucky-hunter.com\/fr\/wp-json\/wp\/v2\/product_tag?post=35372"}],"curies":[{"name":"wp","href":"https:\/\/api.w.org\/{rel}","templated":true}]}}