{"id":35371,"date":"2017-07-26T15:53:31","date_gmt":"2017-07-26T13:53:31","guid":{"rendered":"https:\/\/staging.lucky-hunter.com\/product\/faisan-ez-bird-par-avery-sporting-dog\/"},"modified":"2024-06-27T04:30:28","modified_gmt":"2024-06-27T02:30:28","slug":"faisan-ez-bird-par-avery-sporting-dog","status":"publish","type":"product","link":"https:\/\/staging.lucky-hunter.com\/fr\/product\/faisan-ez-bird-par-avery-sporting-dog\/","title":{"rendered":"Faisan EZ Bird par Avery Sporting Dog"},"content":{"rendered":"<div class=\"video video-fit mb\" style=\"padding-top:56.25%;\"><p><iframe title=\"Avery Dummy\" width=\"1020\" height=\"574\" src=\"https:\/\/www.youtube.com\/embed\/9JOe2fY-vJs?wmode=transparent&amp;rel=0&amp;feature=oembed\" frameborder=\"0\" allow=\"accelerometer; autoplay; clipboard-write; encrypted-media; gyroscope; picture-in-picture\" allowfullscreen><\/iframe><\/p>\n<\/div>\n<h2><strong>Pheasant EZ Bird from Avery Sporting Dog<\/strong><\/h2>\n<p>Avery Sporting Dog has developed this life-like\u00a0training bird that makes training with your hunting dog as realistic as possible. The shape of the dummy means that your dog can learn quickly and efficiently how to retrieve the wildfowl you have downed.<\/p>\n<p><strong>Specifications:<\/strong><\/p>\n<ul>\n<li>V-Grip makes sure that your dog has full tooth lock on the body<\/li>\n<li>Soft floating head that does not damage the dog&#8217;s teeth<\/li>\n<li>PVC outer skin, which is also puncture proof<\/li>\n<li>Double-knotted, slip proof rope<\/li>\n<li>Features a LongThrow knob for throwing into the distance with accuracy<\/li>\n<li>Foam filling that reproduces the feeling of a lifeless\u00a0duck<\/li>\n<li>Natural colours and details<\/li>\n<li>Manufactured without harmful thalates.<\/li>\n<li>The rugged material makes the training bird well suited for apportion throughout the year.<\/li>\n<\/ul>\n<p>Available in realistic colours and shaped as a\u00a0pheasant. Therefore, you can pair it with a scent product to make your dog used to feeling the shape and smelling the pheasant scent.<\/p>\n<p>Produced without harmful phthalates.<\/p>\n","protected":false},"excerpt":{"rendered":"<p>Les mannequins d&#8217;entra\u00eenement Avery EZ Bird Retriever mesurent 2\/3 de la taille et du poids d&#8217;un oiseau adulte de taille normale, ce qui permet aux chiens plus jeunes ou plus petits de gagner en confiance pour r\u00e9cup\u00e9rer l&#8217;oiseau \u00e0 port\u00e9e de main de mani\u00e8re coh\u00e9rente.<\/p>\n","protected":false},"featured_media":29398,"template":"","meta":[],"product_brand":[9096],"product_cat":[8188],"product_tag":[9502],"yoast_head":"<!-- This site is optimized with the Yoast SEO plugin v24.3 - https:\/\/yoast.com\/wordpress\/plugins\/seo\/ -->\n<title>Faisan EZ Bird par Avery Sporting Dog | Lucky Hunter<\/title>\n<meta name=\"description\" content=\"R\u00e9aliste et rapide. Le Faisan EZ Bird d&#039;Avery Sorting Dog est un outil fantastique \u00e0 avoir lors de l&#039;entra\u00eenement de votre chien de chasse.\" \/>\n<meta name=\"robots\" content=\"noindex, follow, max-snippet:-1, max-image-preview:large, max-video-preview:-1\" \/>\n<meta property=\"og:locale\" content=\"fr_FR\" \/>\n<meta property=\"og:type\" content=\"article\" \/>\n<meta property=\"og:title\" content=\"Faisan EZ Bird par Avery Sporting Dog | Lucky Hunter\" \/>\n<meta property=\"og:description\" content=\"R\u00e9aliste et rapide. Le Faisan EZ Bird d&#039;Avery Sorting Dog est un outil fantastique \u00e0 avoir lors de l&#039;entra\u00eenement de votre chien de chasse.\" \/>\n<meta property=\"og:url\" content=\"https:\/\/staging.lucky-hunter.com\/fr\/product\/faisan-ez-bird-par-avery-sporting-dog\/\" \/>\n<meta property=\"og:site_name\" content=\"Lucky-Hunter\" \/>\n<meta property=\"article:modified_time\" content=\"2024-06-27T02:30:28+00:00\" \/>\n<meta property=\"og:image\" content=\"https:\/\/staging.lucky-hunter.com\/wp-content\/uploads\/2017\/08\/JH-66-EZ-Pheasant.png\" \/>\n\t<meta property=\"og:image:width\" content=\"1000\" \/>\n\t<meta property=\"og:image:height\" content=\"1000\" \/>\n\t<meta property=\"og:image:type\" content=\"image\/png\" \/>\n<meta name=\"twitter:card\" content=\"summary_large_image\" \/>\n<meta name=\"twitter:title\" content=\"Faisan EZ Bird par Avery Sporting Dog | Lucky Hunter\" \/>\n<meta name=\"twitter:description\" content=\"R\u00e9aliste et rapide. Le Faisan EZ Bird d&#039;Avery Sorting Dog est un outil fantastique \u00e0 avoir lors de l&#039;entra\u00eenement de votre chien de chasse.\" \/>\n<meta name=\"twitter:label1\" content=\"Dur\u00e9e de lecture estim\u00e9e\" \/>\n\t<meta name=\"twitter:data1\" content=\"1 minute\" \/>\n<script type=\"application\/ld+json\" class=\"yoast-schema-graph\">{\"@context\":\"https:\/\/schema.org\",\"@graph\":[{\"@type\":\"WebPage\",\"@id\":\"https:\/\/staging.lucky-hunter.com\/fr\/product\/faisan-ez-bird-par-avery-sporting-dog\/\",\"url\":\"https:\/\/staging.lucky-hunter.com\/fr\/product\/faisan-ez-bird-par-avery-sporting-dog\/\",\"name\":\"Faisan EZ Bird par Avery Sporting Dog | Lucky Hunter\",\"isPartOf\":{\"@id\":\"https:\/\/staging.lucky-hunter.com\/#website\"},\"primaryImageOfPage\":{\"@id\":\"https:\/\/staging.lucky-hunter.com\/fr\/product\/faisan-ez-bird-par-avery-sporting-dog\/#primaryimage\"},\"image\":{\"@id\":\"https:\/\/staging.lucky-hunter.com\/fr\/product\/faisan-ez-bird-par-avery-sporting-dog\/#primaryimage\"},\"thumbnailUrl\":\"https:\/\/staging.lucky-hunter.com\/wp-content\/uploads\/2017\/08\/JH-66-EZ-Pheasant.png\",\"datePublished\":\"2017-07-26T13:53:31+00:00\",\"dateModified\":\"2024-06-27T02:30:28+00:00\",\"description\":\"R\u00e9aliste et rapide. Le Faisan EZ Bird d'Avery Sorting Dog est un outil fantastique \u00e0 avoir lors de l'entra\u00eenement de votre chien de chasse.\",\"breadcrumb\":{\"@id\":\"https:\/\/staging.lucky-hunter.com\/fr\/product\/faisan-ez-bird-par-avery-sporting-dog\/#breadcrumb\"},\"inLanguage\":\"fr-FR\",\"potentialAction\":[{\"@type\":\"ReadAction\",\"target\":[\"https:\/\/staging.lucky-hunter.com\/fr\/product\/faisan-ez-bird-par-avery-sporting-dog\/\"]}]},{\"@type\":\"ImageObject\",\"inLanguage\":\"fr-FR\",\"@id\":\"https:\/\/staging.lucky-hunter.com\/fr\/product\/faisan-ez-bird-par-avery-sporting-dog\/#primaryimage\",\"url\":\"https:\/\/staging.lucky-hunter.com\/wp-content\/uploads\/2017\/08\/JH-66-EZ-Pheasant.png\",\"contentUrl\":\"https:\/\/staging.lucky-hunter.com\/wp-content\/uploads\/2017\/08\/JH-66-EZ-Pheasant.png\",\"width\":1000,\"height\":1000},{\"@type\":\"BreadcrumbList\",\"@id\":\"https:\/\/staging.lucky-hunter.com\/fr\/product\/faisan-ez-bird-par-avery-sporting-dog\/#breadcrumb\",\"itemListElement\":[{\"@type\":\"ListItem\",\"position\":1,\"name\":\"Home\",\"item\":\"https:\/\/staging.lucky-hunter.com\/fr\/\"},{\"@type\":\"ListItem\",\"position\":2,\"name\":\"Boutique\",\"item\":\"https:\/\/staging.lucky-hunter.com\/fr\/shop\/\"},{\"@type\":\"ListItem\",\"position\":3,\"name\":\"Faisan EZ Bird par Avery Sporting Dog\"}]},{\"@type\":\"WebSite\",\"@id\":\"https:\/\/staging.lucky-hunter.com\/#website\",\"url\":\"https:\/\/staging.lucky-hunter.com\/\",\"name\":\"Lucky-Hunter\",\"description\":\"Gear Up or Give Up\",\"potentialAction\":[{\"@type\":\"SearchAction\",\"target\":{\"@type\":\"EntryPoint\",\"urlTemplate\":\"https:\/\/staging.lucky-hunter.com\/?s={search_term_string}\"},\"query-input\":{\"@type\":\"PropertyValueSpecification\",\"valueRequired\":true,\"valueName\":\"search_term_string\"}}],\"inLanguage\":\"fr-FR\"}]}<\/script>\n<!-- \/ Yoast SEO plugin. -->","yoast_head_json":{"title":"Faisan EZ Bird par Avery Sporting Dog | Lucky Hunter","description":"R\u00e9aliste et rapide. Le Faisan EZ Bird d'Avery Sorting Dog est un outil fantastique \u00e0 avoir lors de l'entra\u00eenement de votre chien de chasse.","robots":{"index":"noindex","follow":"follow","max-snippet":"max-snippet:-1","max-image-preview":"max-image-preview:large","max-video-preview":"max-video-preview:-1"},"og_locale":"fr_FR","og_type":"article","og_title":"Faisan EZ Bird par Avery Sporting Dog | Lucky Hunter","og_description":"R\u00e9aliste et rapide. Le Faisan EZ Bird d'Avery Sorting Dog est un outil fantastique \u00e0 avoir lors de l'entra\u00eenement de votre chien de chasse.","og_url":"https:\/\/staging.lucky-hunter.com\/fr\/product\/faisan-ez-bird-par-avery-sporting-dog\/","og_site_name":"Lucky-Hunter","article_modified_time":"2024-06-27T02:30:28+00:00","og_image":[{"width":1000,"height":1000,"url":"https:\/\/staging.lucky-hunter.com\/wp-content\/uploads\/2017\/08\/JH-66-EZ-Pheasant.png","type":"image\/png"}],"twitter_card":"summary_large_image","twitter_title":"Faisan EZ Bird par Avery Sporting Dog | Lucky Hunter","twitter_description":"R\u00e9aliste et rapide. Le Faisan EZ Bird d'Avery Sorting Dog est un outil fantastique \u00e0 avoir lors de l'entra\u00eenement de votre chien de chasse.","twitter_misc":{"Dur\u00e9e de lecture estim\u00e9e":"1 minute"},"schema":{"@context":"https:\/\/schema.org","@graph":[{"@type":"WebPage","@id":"https:\/\/staging.lucky-hunter.com\/fr\/product\/faisan-ez-bird-par-avery-sporting-dog\/","url":"https:\/\/staging.lucky-hunter.com\/fr\/product\/faisan-ez-bird-par-avery-sporting-dog\/","name":"Faisan EZ Bird par Avery Sporting Dog | Lucky Hunter","isPartOf":{"@id":"https:\/\/staging.lucky-hunter.com\/#website"},"primaryImageOfPage":{"@id":"https:\/\/staging.lucky-hunter.com\/fr\/product\/faisan-ez-bird-par-avery-sporting-dog\/#primaryimage"},"image":{"@id":"https:\/\/staging.lucky-hunter.com\/fr\/product\/faisan-ez-bird-par-avery-sporting-dog\/#primaryimage"},"thumbnailUrl":"https:\/\/staging.lucky-hunter.com\/wp-content\/uploads\/2017\/08\/JH-66-EZ-Pheasant.png","datePublished":"2017-07-26T13:53:31+00:00","dateModified":"2024-06-27T02:30:28+00:00","description":"R\u00e9aliste et rapide. Le Faisan EZ Bird d'Avery Sorting Dog est un outil fantastique \u00e0 avoir lors de l'entra\u00eenement de votre chien de chasse.","breadcrumb":{"@id":"https:\/\/staging.lucky-hunter.com\/fr\/product\/faisan-ez-bird-par-avery-sporting-dog\/#breadcrumb"},"inLanguage":"fr-FR","potentialAction":[{"@type":"ReadAction","target":["https:\/\/staging.lucky-hunter.com\/fr\/product\/faisan-ez-bird-par-avery-sporting-dog\/"]}]},{"@type":"ImageObject","inLanguage":"fr-FR","@id":"https:\/\/staging.lucky-hunter.com\/fr\/product\/faisan-ez-bird-par-avery-sporting-dog\/#primaryimage","url":"https:\/\/staging.lucky-hunter.com\/wp-content\/uploads\/2017\/08\/JH-66-EZ-Pheasant.png","contentUrl":"https:\/\/staging.lucky-hunter.com\/wp-content\/uploads\/2017\/08\/JH-66-EZ-Pheasant.png","width":1000,"height":1000},{"@type":"BreadcrumbList","@id":"https:\/\/staging.lucky-hunter.com\/fr\/product\/faisan-ez-bird-par-avery-sporting-dog\/#breadcrumb","itemListElement":[{"@type":"ListItem","position":1,"name":"Home","item":"https:\/\/staging.lucky-hunter.com\/fr\/"},{"@type":"ListItem","position":2,"name":"Boutique","item":"https:\/\/staging.lucky-hunter.com\/fr\/shop\/"},{"@type":"ListItem","position":3,"name":"Faisan EZ Bird par Avery Sporting Dog"}]},{"@type":"WebSite","@id":"https:\/\/staging.lucky-hunter.com\/#website","url":"https:\/\/staging.lucky-hunter.com\/","name":"Lucky-Hunter","description":"Gear Up or Give Up","potentialAction":[{"@type":"SearchAction","target":{"@type":"EntryPoint","urlTemplate":"https:\/\/staging.lucky-hunter.com\/?s={search_term_string}"},"query-input":{"@type":"PropertyValueSpecification","valueRequired":true,"valueName":"search_term_string"}}],"inLanguage":"fr-FR"}]}},"_links":{"self":[{"href":"https:\/\/staging.lucky-hunter.com\/fr\/wp-json\/wp\/v2\/product\/35371"}],"collection":[{"href":"https:\/\/staging.lucky-hunter.com\/fr\/wp-json\/wp\/v2\/product"}],"about":[{"href":"https:\/\/staging.lucky-hunter.com\/fr\/wp-json\/wp\/v2\/types\/product"}],"wp:featuredmedia":[{"embeddable":true,"href":"https:\/\/staging.lucky-hunter.com\/fr\/wp-json\/wp\/v2\/media\/29398"}],"wp:attachment":[{"href":"https:\/\/staging.lucky-hunter.com\/fr\/wp-json\/wp\/v2\/media?parent=35371"}],"wp:term":[{"taxonomy":"product_brand","embeddable":true,"href":"https:\/\/staging.lucky-hunter.com\/fr\/wp-json\/wp\/v2\/product_brand?post=35371"},{"taxonomy":"product_cat","embeddable":true,"href":"https:\/\/staging.lucky-hunter.com\/fr\/wp-json\/wp\/v2\/product_cat?post=35371"},{"taxonomy":"product_tag","embeddable":true,"href":"https:\/\/staging.lucky-hunter.com\/fr\/wp-json\/wp\/v2\/product_tag?post=35371"}],"curies":[{"name":"wp","href":"https:\/\/api.w.org\/{rel}","templated":true}]}}