{"id":35370,"date":"2017-08-25T07:37:00","date_gmt":"2017-08-25T05:37:00","guid":{"rendered":"https:\/\/staging.lucky-hunter.com\/product\/appeau-pour-predateurs-dan-thompson-pc2-neige\/"},"modified":"2025-07-01T13:45:19","modified_gmt":"2025-07-01T11:45:19","slug":"appeau-pour-predateurs-dan-thompson-pc2-neige","status":"publish","type":"product","link":"https:\/\/staging.lucky-hunter.com\/fr\/product\/appeau-pour-predateurs-dan-thompson-pc2-neige\/","title":{"rendered":"Appeau pour pr\u00e9dateurs &#8211; Dan Thompson PC2 Neige"},"content":{"rendered":"<h2><strong>Motif camouflage neige pour l&#8217;appeau PC2<\/strong><\/h2>\n<p>Le Dan Thompson PC2 est l&#8217;appeau pour pr\u00e9dateurs polyvalent le plus populaire sur le march\u00e9. Il est utilis\u00e9 pour attirer les renards et les martres.<\/p>\n<p>Le PC2 peut \u00e9galement \u00eatre utilis\u00e9 pour la chasse aux corbeaux.<\/p>\n<p>Le PC2 est parfait pour la chasse au renard sur des terrains d\u00e9gag\u00e9s (champs et prairies c\u00f4ti\u00e8res) o\u00f9 vous pouvez attirer le renard \u00e0 longue distance\u00a0: jusqu&#8217;\u00e0 1000 m\u00e8tres.<\/p>\n<p>Placez-vous en plein champ, \u00e0 80-100 m\u00e8tres de la lisi\u00e8re de la for\u00eat ou des broussailles, et commencez \u00e0 siffler assez bas, avant d\u2019augmenter progressivement.<\/p>\n<p>Sifflez 3 s\u00e9quences courtes et aigu\u00ebs suivies d&#8217;un son de plainte plus long qui imite un li\u00e8vre bless\u00e9. Un animal bless\u00e9 crie, vous devez donc y mettre de l\u2019\u00e9nergie.<\/p>\n<p>Veillez \u00e0 varier le son afin qu&#8217;il ne devienne pas monotone.<\/p>\n<p>Veillez \u00e0 varier le son afin qu&#8217;il ne devienne pas monotone. Les appeaux Dan Thompson sont accord\u00e9s \u00e0 la main et fabriqu\u00e9s en bois de noyer am\u00e9ricain haut de gamme qui garantit un son parfait.<\/p>\n","protected":false},"excerpt":{"rendered":"<p>L&#8217;appeau pour renards PC2 produit un son rauque\/r\u00e2lant \u00e9lev\u00e9 que le renard assimile \u00e0 une source possible de nourriture.<\/p>\n","protected":false},"featured_media":29697,"template":"","meta":[],"product_brand":[8211],"product_cat":[8234],"product_tag":[9445],"yoast_head":"<!-- This site is optimized with the Yoast SEO plugin v24.3 - https:\/\/yoast.com\/wordpress\/plugins\/seo\/ -->\n<title>Appeau pour pr\u00e9dateurs - Dan Thompson PC2 Neige<\/title>\n<meta name=\"description\" content=\"Appelez la proie avec Dan Thompson. Appeau de renard PC2 de qualit\u00e9 sup\u00e9rieure fabriqu\u00e9 \u00e0 la main et r\u00e9gl\u00e9 \u00e0 la main par Dan Thompson.\" \/>\n<meta name=\"robots\" content=\"noindex, follow, max-snippet:-1, max-image-preview:large, max-video-preview:-1\" \/>\n<meta property=\"og:locale\" content=\"fr_FR\" \/>\n<meta property=\"og:type\" content=\"article\" \/>\n<meta property=\"og:title\" content=\"Appeau pour pr\u00e9dateurs - Dan Thompson PC2 Neige\" \/>\n<meta property=\"og:description\" content=\"Appelez la proie avec Dan Thompson. Appeau de renard PC2s de qualit\u00e9 sup\u00e9rieure fabriqu\u00e9 \u00e0 la main et r\u00e9gl\u00e9 \u00e0 la main par Dan Thompson. Faites de chaque chasse un succ\u00e8s avec cela \u00e0 vos c\u00f4t\u00e9s.\" \/>\n<meta property=\"og:url\" content=\"https:\/\/staging.lucky-hunter.com\/fr\/product\/appeau-pour-predateurs-dan-thompson-pc2-neige\/\" \/>\n<meta property=\"og:site_name\" content=\"Lucky-Hunter\" \/>\n<meta property=\"article:modified_time\" content=\"2025-07-01T11:45:19+00:00\" \/>\n<meta property=\"og:image\" content=\"https:\/\/staging.lucky-hunter.com\/wp-content\/uploads\/2017\/08\/LK-150S.png\" \/>\n\t<meta property=\"og:image:width\" content=\"1000\" \/>\n\t<meta property=\"og:image:height\" content=\"1000\" \/>\n\t<meta property=\"og:image:type\" content=\"image\/png\" \/>\n<meta name=\"twitter:card\" content=\"summary_large_image\" \/>\n<meta name=\"twitter:title\" content=\"Appeau de renard PC2s de Dan Thompson | Lucky Hunter\" \/>\n<meta name=\"twitter:description\" content=\"Appelez la proie avec Dan Thompson. Appeau de renard PC2s de qualit\u00e9 sup\u00e9rieure fabriqu\u00e9 \u00e0 la main et r\u00e9gl\u00e9 \u00e0 la main par Dan Thompson. Faites de chaque chasse un succ\u00e8s avec cela \u00e0 vos c\u00f4t\u00e9s.\" \/>\n<meta name=\"twitter:label1\" content=\"Dur\u00e9e de lecture estim\u00e9e\" \/>\n\t<meta name=\"twitter:data1\" content=\"1 minute\" \/>\n<script type=\"application\/ld+json\" class=\"yoast-schema-graph\">{\"@context\":\"https:\/\/schema.org\",\"@graph\":[{\"@type\":\"WebPage\",\"@id\":\"https:\/\/staging.lucky-hunter.com\/fr\/product\/appeau-pour-predateurs-dan-thompson-pc2-neige\/\",\"url\":\"https:\/\/staging.lucky-hunter.com\/fr\/product\/appeau-pour-predateurs-dan-thompson-pc2-neige\/\",\"name\":\"Appeau pour pr\u00e9dateurs - Dan Thompson PC2 Neige\",\"isPartOf\":{\"@id\":\"https:\/\/staging.lucky-hunter.com\/#website\"},\"primaryImageOfPage\":{\"@id\":\"https:\/\/staging.lucky-hunter.com\/fr\/product\/appeau-pour-predateurs-dan-thompson-pc2-neige\/#primaryimage\"},\"image\":{\"@id\":\"https:\/\/staging.lucky-hunter.com\/fr\/product\/appeau-pour-predateurs-dan-thompson-pc2-neige\/#primaryimage\"},\"thumbnailUrl\":\"https:\/\/staging.lucky-hunter.com\/wp-content\/uploads\/2017\/08\/LK-150S.png\",\"datePublished\":\"2017-08-25T05:37:00+00:00\",\"dateModified\":\"2025-07-01T11:45:19+00:00\",\"description\":\"Appelez la proie avec Dan Thompson. Appeau de renard PC2 de qualit\u00e9 sup\u00e9rieure fabriqu\u00e9 \u00e0 la main et r\u00e9gl\u00e9 \u00e0 la main par Dan Thompson.\",\"breadcrumb\":{\"@id\":\"https:\/\/staging.lucky-hunter.com\/fr\/product\/appeau-pour-predateurs-dan-thompson-pc2-neige\/#breadcrumb\"},\"inLanguage\":\"fr-FR\",\"potentialAction\":[{\"@type\":\"ReadAction\",\"target\":[\"https:\/\/staging.lucky-hunter.com\/fr\/product\/appeau-pour-predateurs-dan-thompson-pc2-neige\/\"]}]},{\"@type\":\"ImageObject\",\"inLanguage\":\"fr-FR\",\"@id\":\"https:\/\/staging.lucky-hunter.com\/fr\/product\/appeau-pour-predateurs-dan-thompson-pc2-neige\/#primaryimage\",\"url\":\"https:\/\/staging.lucky-hunter.com\/wp-content\/uploads\/2017\/08\/LK-150S.png\",\"contentUrl\":\"https:\/\/staging.lucky-hunter.com\/wp-content\/uploads\/2017\/08\/LK-150S.png\",\"width\":1000,\"height\":1000},{\"@type\":\"BreadcrumbList\",\"@id\":\"https:\/\/staging.lucky-hunter.com\/fr\/product\/appeau-pour-predateurs-dan-thompson-pc2-neige\/#breadcrumb\",\"itemListElement\":[{\"@type\":\"ListItem\",\"position\":1,\"name\":\"Home\",\"item\":\"https:\/\/staging.lucky-hunter.com\/fr\/\"},{\"@type\":\"ListItem\",\"position\":2,\"name\":\"Boutique\",\"item\":\"https:\/\/staging.lucky-hunter.com\/fr\/shop\/\"},{\"@type\":\"ListItem\",\"position\":3,\"name\":\"Appeau pour pr\u00e9dateurs &#8211; Dan Thompson PC2 Neige\"}]},{\"@type\":\"WebSite\",\"@id\":\"https:\/\/staging.lucky-hunter.com\/#website\",\"url\":\"https:\/\/staging.lucky-hunter.com\/\",\"name\":\"Lucky-Hunter\",\"description\":\"Gear Up or Give Up\",\"potentialAction\":[{\"@type\":\"SearchAction\",\"target\":{\"@type\":\"EntryPoint\",\"urlTemplate\":\"https:\/\/staging.lucky-hunter.com\/?s={search_term_string}\"},\"query-input\":{\"@type\":\"PropertyValueSpecification\",\"valueRequired\":true,\"valueName\":\"search_term_string\"}}],\"inLanguage\":\"fr-FR\"}]}<\/script>\n<!-- \/ Yoast SEO plugin. -->","yoast_head_json":{"title":"Appeau pour pr\u00e9dateurs - Dan Thompson PC2 Neige","description":"Appelez la proie avec Dan Thompson. Appeau de renard PC2 de qualit\u00e9 sup\u00e9rieure fabriqu\u00e9 \u00e0 la main et r\u00e9gl\u00e9 \u00e0 la main par Dan Thompson.","robots":{"index":"noindex","follow":"follow","max-snippet":"max-snippet:-1","max-image-preview":"max-image-preview:large","max-video-preview":"max-video-preview:-1"},"og_locale":"fr_FR","og_type":"article","og_title":"Appeau pour pr\u00e9dateurs - Dan Thompson PC2 Neige","og_description":"Appelez la proie avec Dan Thompson. Appeau de renard PC2s de qualit\u00e9 sup\u00e9rieure fabriqu\u00e9 \u00e0 la main et r\u00e9gl\u00e9 \u00e0 la main par Dan Thompson. Faites de chaque chasse un succ\u00e8s avec cela \u00e0 vos c\u00f4t\u00e9s.","og_url":"https:\/\/staging.lucky-hunter.com\/fr\/product\/appeau-pour-predateurs-dan-thompson-pc2-neige\/","og_site_name":"Lucky-Hunter","article_modified_time":"2025-07-01T11:45:19+00:00","og_image":[{"width":1000,"height":1000,"url":"https:\/\/staging.lucky-hunter.com\/wp-content\/uploads\/2017\/08\/LK-150S.png","type":"image\/png"}],"twitter_card":"summary_large_image","twitter_title":"Appeau de renard PC2s de Dan Thompson | Lucky Hunter","twitter_description":"Appelez la proie avec Dan Thompson. Appeau de renard PC2s de qualit\u00e9 sup\u00e9rieure fabriqu\u00e9 \u00e0 la main et r\u00e9gl\u00e9 \u00e0 la main par Dan Thompson. Faites de chaque chasse un succ\u00e8s avec cela \u00e0 vos c\u00f4t\u00e9s.","twitter_misc":{"Dur\u00e9e de lecture estim\u00e9e":"1 minute"},"schema":{"@context":"https:\/\/schema.org","@graph":[{"@type":"WebPage","@id":"https:\/\/staging.lucky-hunter.com\/fr\/product\/appeau-pour-predateurs-dan-thompson-pc2-neige\/","url":"https:\/\/staging.lucky-hunter.com\/fr\/product\/appeau-pour-predateurs-dan-thompson-pc2-neige\/","name":"Appeau pour pr\u00e9dateurs - Dan Thompson PC2 Neige","isPartOf":{"@id":"https:\/\/staging.lucky-hunter.com\/#website"},"primaryImageOfPage":{"@id":"https:\/\/staging.lucky-hunter.com\/fr\/product\/appeau-pour-predateurs-dan-thompson-pc2-neige\/#primaryimage"},"image":{"@id":"https:\/\/staging.lucky-hunter.com\/fr\/product\/appeau-pour-predateurs-dan-thompson-pc2-neige\/#primaryimage"},"thumbnailUrl":"https:\/\/staging.lucky-hunter.com\/wp-content\/uploads\/2017\/08\/LK-150S.png","datePublished":"2017-08-25T05:37:00+00:00","dateModified":"2025-07-01T11:45:19+00:00","description":"Appelez la proie avec Dan Thompson. Appeau de renard PC2 de qualit\u00e9 sup\u00e9rieure fabriqu\u00e9 \u00e0 la main et r\u00e9gl\u00e9 \u00e0 la main par Dan Thompson.","breadcrumb":{"@id":"https:\/\/staging.lucky-hunter.com\/fr\/product\/appeau-pour-predateurs-dan-thompson-pc2-neige\/#breadcrumb"},"inLanguage":"fr-FR","potentialAction":[{"@type":"ReadAction","target":["https:\/\/staging.lucky-hunter.com\/fr\/product\/appeau-pour-predateurs-dan-thompson-pc2-neige\/"]}]},{"@type":"ImageObject","inLanguage":"fr-FR","@id":"https:\/\/staging.lucky-hunter.com\/fr\/product\/appeau-pour-predateurs-dan-thompson-pc2-neige\/#primaryimage","url":"https:\/\/staging.lucky-hunter.com\/wp-content\/uploads\/2017\/08\/LK-150S.png","contentUrl":"https:\/\/staging.lucky-hunter.com\/wp-content\/uploads\/2017\/08\/LK-150S.png","width":1000,"height":1000},{"@type":"BreadcrumbList","@id":"https:\/\/staging.lucky-hunter.com\/fr\/product\/appeau-pour-predateurs-dan-thompson-pc2-neige\/#breadcrumb","itemListElement":[{"@type":"ListItem","position":1,"name":"Home","item":"https:\/\/staging.lucky-hunter.com\/fr\/"},{"@type":"ListItem","position":2,"name":"Boutique","item":"https:\/\/staging.lucky-hunter.com\/fr\/shop\/"},{"@type":"ListItem","position":3,"name":"Appeau pour pr\u00e9dateurs &#8211; Dan Thompson PC2 Neige"}]},{"@type":"WebSite","@id":"https:\/\/staging.lucky-hunter.com\/#website","url":"https:\/\/staging.lucky-hunter.com\/","name":"Lucky-Hunter","description":"Gear Up or Give Up","potentialAction":[{"@type":"SearchAction","target":{"@type":"EntryPoint","urlTemplate":"https:\/\/staging.lucky-hunter.com\/?s={search_term_string}"},"query-input":{"@type":"PropertyValueSpecification","valueRequired":true,"valueName":"search_term_string"}}],"inLanguage":"fr-FR"}]}},"_links":{"self":[{"href":"https:\/\/staging.lucky-hunter.com\/fr\/wp-json\/wp\/v2\/product\/35370"}],"collection":[{"href":"https:\/\/staging.lucky-hunter.com\/fr\/wp-json\/wp\/v2\/product"}],"about":[{"href":"https:\/\/staging.lucky-hunter.com\/fr\/wp-json\/wp\/v2\/types\/product"}],"wp:featuredmedia":[{"embeddable":true,"href":"https:\/\/staging.lucky-hunter.com\/fr\/wp-json\/wp\/v2\/media\/29697"}],"wp:attachment":[{"href":"https:\/\/staging.lucky-hunter.com\/fr\/wp-json\/wp\/v2\/media?parent=35370"}],"wp:term":[{"taxonomy":"product_brand","embeddable":true,"href":"https:\/\/staging.lucky-hunter.com\/fr\/wp-json\/wp\/v2\/product_brand?post=35370"},{"taxonomy":"product_cat","embeddable":true,"href":"https:\/\/staging.lucky-hunter.com\/fr\/wp-json\/wp\/v2\/product_cat?post=35370"},{"taxonomy":"product_tag","embeddable":true,"href":"https:\/\/staging.lucky-hunter.com\/fr\/wp-json\/wp\/v2\/product_tag?post=35370"}],"curies":[{"name":"wp","href":"https:\/\/api.w.org\/{rel}","templated":true}]}}