{"id":35369,"date":"2017-08-28T08:42:29","date_gmt":"2017-08-28T06:42:29","guid":{"rendered":"https:\/\/staging.lucky-hunter.com\/product\/lucky-duck-quiver-critter\/"},"modified":"2022-11-16T10:38:35","modified_gmt":"2022-11-16T09:38:35","slug":"lucky-duck-quiver-critter","status":"publish","type":"product","link":"https:\/\/staging.lucky-hunter.com\/fr\/product\/lucky-duck-quiver-critter\/","title":{"rendered":"Lucky Duck Quiver Critter"},"content":{"rendered":"<div class=\"video video-fit mb\" style=\"padding-top:56.25%;\"><p><iframe title=\"Quiver Critter from Lucky Duck\" width=\"1020\" height=\"574\" src=\"https:\/\/www.youtube.com\/embed\/fRNtyp6PA1c?wmode=transparent&amp;rel=0&amp;feature=oembed\" frameborder=\"0\" allow=\"accelerometer; autoplay; clipboard-write; encrypted-media; gyroscope; picture-in-picture\" allowfullscreen><\/iframe><\/p>\n<\/div>\n<h2><strong>Lucky Duck Quiver Critter &#8211; leurre en mouvement ultra efficace<\/strong><\/h2>\n<p>Le leurre en mouvement pour pr\u00e9dateurs le plus vendu &#8211; vous vous devez de l\u2019essayer pour la chasse au renard\u00a0!<\/p>\n<p>Ce leurre en mouvement tr\u00e8s efficace fournit un mouvement de tremblement et de secousse r\u00e9aliste irr\u00e9sistible pour de nombreux pr\u00e9dateurs, y compris les renards.<\/p>\n<p>Installation silencieuse et facile pour vous assurer de ne pas d\u00e9ranger la zone.<\/p>\n<p>D\u00e9sormais livr\u00e9 avec un piquet en acier am\u00e9lior\u00e9 de 9\u2033 (environ 23 cm) pour terrains difficiles\u00a0!<\/p>\n<p>Le Quiver Critter est d\u00e9sormais livr\u00e9 avec des filetages de tr\u00e9pied universels, pour une utilisation facultative sur le terrain. Tr\u00e8s utile si vous poss\u00e9dez d\u00e9j\u00e0 un tr\u00e9pied que vous utilisez pour d&#8217;autres choses.<\/p>\n<p>N\u00e9cessite 2 piles AA (non incluses).<\/p>\n","protected":false},"excerpt":{"rendered":"<p>Le leurre en mouvement pour pr\u00e9dateurs le plus vendu &#8211; vous vous devez de l\u2019essayer pour la chasse au renard\u00a0!\u00a0Ce leurre en mouvement tr\u00e8s efficace fournit un mouvement de tremblement et de secousse r\u00e9aliste irr\u00e9sistible pour de nombreux pr\u00e9dateurs.<\/p>\n","protected":false},"featured_media":28460,"template":"","meta":[],"product_brand":[8124],"product_cat":[8239],"product_tag":[9443,9445],"yoast_head":"<!-- This site is optimized with the Yoast SEO plugin v24.3 - https:\/\/yoast.com\/wordpress\/plugins\/seo\/ -->\n<title>Lucky Duck Quiver Critter - Leurre pr\u00e9dateur num\u00e9ro un des ventes | Lucky Hunter<\/title>\n<meta name=\"description\" content=\"Leurre de mouvement pour attirer efficacement les pr\u00e9dateurs. Le mouvement du Lucky Duck Quiver Critter est parfait, surtout si vous chasse au renard. Leurre de pr\u00e9dateur le plus vendu.\" \/>\n<meta name=\"robots\" content=\"noindex, follow, max-snippet:-1, max-image-preview:large, max-video-preview:-1\" \/>\n<meta property=\"og:locale\" content=\"fr_FR\" \/>\n<meta property=\"og:type\" content=\"article\" \/>\n<meta property=\"og:title\" content=\"Lucky Duck Quiver Critter - Leurre pr\u00e9dateur num\u00e9ro un des ventes | Lucky Hunter\" \/>\n<meta property=\"og:description\" content=\"Leurre de mouvement pour attirer efficacement les pr\u00e9dateurs. Le mouvement du Lucky Duck Quiver Critter est parfait, surtout si vous chasse au renard. Leurre de pr\u00e9dateur le plus vendu.\" \/>\n<meta property=\"og:url\" content=\"https:\/\/staging.lucky-hunter.com\/product\/lucky-duck-quiver-critter\/\" \/>\n<meta property=\"og:site_name\" content=\"Lucky-Hunter\" \/>\n<meta property=\"article:modified_time\" content=\"2022-11-16T09:38:35+00:00\" \/>\n<meta property=\"og:image\" content=\"https:\/\/staging.lucky-hunter.com\/wp-content\/uploads\/2016\/11\/LF-285.png\" \/>\n\t<meta property=\"og:image:width\" content=\"1000\" \/>\n\t<meta property=\"og:image:height\" content=\"1000\" \/>\n\t<meta property=\"og:image:type\" content=\"image\/png\" \/>\n<meta name=\"twitter:card\" content=\"summary_large_image\" \/>\n<meta name=\"twitter:title\" content=\"Lucky Duck Quiver Critter | Lucky Hunter\" \/>\n<meta name=\"twitter:description\" content=\"Leurre de mouvement pour attirer efficacement les pr\u00e9dateurs. Le mouvement du Lucky Duck Quiver Critter est parfait, surtout si vous chasse au renard. Leurre de pr\u00e9dateur le plus vendu.\" \/>\n<meta name=\"twitter:label1\" content=\"Dur\u00e9e de lecture estim\u00e9e\" \/>\n\t<meta name=\"twitter:data1\" content=\"1 minute\" \/>\n<script type=\"application\/ld+json\" class=\"yoast-schema-graph\">{\"@context\":\"https:\/\/schema.org\",\"@graph\":[{\"@type\":\"WebPage\",\"@id\":\"https:\/\/staging.lucky-hunter.com\/product\/lucky-duck-quiver-critter\/\",\"url\":\"https:\/\/staging.lucky-hunter.com\/product\/lucky-duck-quiver-critter\/\",\"name\":\"Lucky Duck Quiver Critter - Leurre pr\u00e9dateur num\u00e9ro un des ventes | Lucky Hunter\",\"isPartOf\":{\"@id\":\"https:\/\/staging.lucky-hunter.com\/#website\"},\"primaryImageOfPage\":{\"@id\":\"https:\/\/staging.lucky-hunter.com\/product\/lucky-duck-quiver-critter\/#primaryimage\"},\"image\":{\"@id\":\"https:\/\/staging.lucky-hunter.com\/product\/lucky-duck-quiver-critter\/#primaryimage\"},\"thumbnailUrl\":\"https:\/\/staging.lucky-hunter.com\/wp-content\/uploads\/2016\/11\/LF-285.png\",\"datePublished\":\"2017-08-28T06:42:29+00:00\",\"dateModified\":\"2022-11-16T09:38:35+00:00\",\"description\":\"Leurre de mouvement pour attirer efficacement les pr\u00e9dateurs. Le mouvement du Lucky Duck Quiver Critter est parfait, surtout si vous chasse au renard. Leurre de pr\u00e9dateur le plus vendu.\",\"breadcrumb\":{\"@id\":\"https:\/\/staging.lucky-hunter.com\/product\/lucky-duck-quiver-critter\/#breadcrumb\"},\"inLanguage\":\"fr-FR\",\"potentialAction\":[{\"@type\":\"ReadAction\",\"target\":[\"https:\/\/staging.lucky-hunter.com\/product\/lucky-duck-quiver-critter\/\"]}]},{\"@type\":\"ImageObject\",\"inLanguage\":\"fr-FR\",\"@id\":\"https:\/\/staging.lucky-hunter.com\/product\/lucky-duck-quiver-critter\/#primaryimage\",\"url\":\"https:\/\/staging.lucky-hunter.com\/wp-content\/uploads\/2016\/11\/LF-285.png\",\"contentUrl\":\"https:\/\/staging.lucky-hunter.com\/wp-content\/uploads\/2016\/11\/LF-285.png\",\"width\":1000,\"height\":1000},{\"@type\":\"BreadcrumbList\",\"@id\":\"https:\/\/staging.lucky-hunter.com\/product\/lucky-duck-quiver-critter\/#breadcrumb\",\"itemListElement\":[{\"@type\":\"ListItem\",\"position\":1,\"name\":\"Home\",\"item\":\"https:\/\/staging.lucky-hunter.com\/fr\/\"},{\"@type\":\"ListItem\",\"position\":2,\"name\":\"Boutique\",\"item\":\"https:\/\/staging.lucky-hunter.com\/fr\/shop\/\"},{\"@type\":\"ListItem\",\"position\":3,\"name\":\"Lucky Duck Quiver Critter\"}]},{\"@type\":\"WebSite\",\"@id\":\"https:\/\/staging.lucky-hunter.com\/#website\",\"url\":\"https:\/\/staging.lucky-hunter.com\/\",\"name\":\"Lucky-Hunter\",\"description\":\"Gear Up or Give Up\",\"potentialAction\":[{\"@type\":\"SearchAction\",\"target\":{\"@type\":\"EntryPoint\",\"urlTemplate\":\"https:\/\/staging.lucky-hunter.com\/?s={search_term_string}\"},\"query-input\":{\"@type\":\"PropertyValueSpecification\",\"valueRequired\":true,\"valueName\":\"search_term_string\"}}],\"inLanguage\":\"fr-FR\"}]}<\/script>\n<!-- \/ Yoast SEO plugin. -->","yoast_head_json":{"title":"Lucky Duck Quiver Critter - Leurre pr\u00e9dateur num\u00e9ro un des ventes | Lucky Hunter","description":"Leurre de mouvement pour attirer efficacement les pr\u00e9dateurs. Le mouvement du Lucky Duck Quiver Critter est parfait, surtout si vous chasse au renard. Leurre de pr\u00e9dateur le plus vendu.","robots":{"index":"noindex","follow":"follow","max-snippet":"max-snippet:-1","max-image-preview":"max-image-preview:large","max-video-preview":"max-video-preview:-1"},"og_locale":"fr_FR","og_type":"article","og_title":"Lucky Duck Quiver Critter - Leurre pr\u00e9dateur num\u00e9ro un des ventes | Lucky Hunter","og_description":"Leurre de mouvement pour attirer efficacement les pr\u00e9dateurs. Le mouvement du Lucky Duck Quiver Critter est parfait, surtout si vous chasse au renard. Leurre de pr\u00e9dateur le plus vendu.","og_url":"https:\/\/staging.lucky-hunter.com\/product\/lucky-duck-quiver-critter\/","og_site_name":"Lucky-Hunter","article_modified_time":"2022-11-16T09:38:35+00:00","og_image":[{"width":1000,"height":1000,"url":"https:\/\/staging.lucky-hunter.com\/wp-content\/uploads\/2016\/11\/LF-285.png","type":"image\/png"}],"twitter_card":"summary_large_image","twitter_title":"Lucky Duck Quiver Critter | Lucky Hunter","twitter_description":"Leurre de mouvement pour attirer efficacement les pr\u00e9dateurs. Le mouvement du Lucky Duck Quiver Critter est parfait, surtout si vous chasse au renard. Leurre de pr\u00e9dateur le plus vendu.","twitter_misc":{"Dur\u00e9e de lecture estim\u00e9e":"1 minute"},"schema":{"@context":"https:\/\/schema.org","@graph":[{"@type":"WebPage","@id":"https:\/\/staging.lucky-hunter.com\/product\/lucky-duck-quiver-critter\/","url":"https:\/\/staging.lucky-hunter.com\/product\/lucky-duck-quiver-critter\/","name":"Lucky Duck Quiver Critter - Leurre pr\u00e9dateur num\u00e9ro un des ventes | Lucky Hunter","isPartOf":{"@id":"https:\/\/staging.lucky-hunter.com\/#website"},"primaryImageOfPage":{"@id":"https:\/\/staging.lucky-hunter.com\/product\/lucky-duck-quiver-critter\/#primaryimage"},"image":{"@id":"https:\/\/staging.lucky-hunter.com\/product\/lucky-duck-quiver-critter\/#primaryimage"},"thumbnailUrl":"https:\/\/staging.lucky-hunter.com\/wp-content\/uploads\/2016\/11\/LF-285.png","datePublished":"2017-08-28T06:42:29+00:00","dateModified":"2022-11-16T09:38:35+00:00","description":"Leurre de mouvement pour attirer efficacement les pr\u00e9dateurs. Le mouvement du Lucky Duck Quiver Critter est parfait, surtout si vous chasse au renard. Leurre de pr\u00e9dateur le plus vendu.","breadcrumb":{"@id":"https:\/\/staging.lucky-hunter.com\/product\/lucky-duck-quiver-critter\/#breadcrumb"},"inLanguage":"fr-FR","potentialAction":[{"@type":"ReadAction","target":["https:\/\/staging.lucky-hunter.com\/product\/lucky-duck-quiver-critter\/"]}]},{"@type":"ImageObject","inLanguage":"fr-FR","@id":"https:\/\/staging.lucky-hunter.com\/product\/lucky-duck-quiver-critter\/#primaryimage","url":"https:\/\/staging.lucky-hunter.com\/wp-content\/uploads\/2016\/11\/LF-285.png","contentUrl":"https:\/\/staging.lucky-hunter.com\/wp-content\/uploads\/2016\/11\/LF-285.png","width":1000,"height":1000},{"@type":"BreadcrumbList","@id":"https:\/\/staging.lucky-hunter.com\/product\/lucky-duck-quiver-critter\/#breadcrumb","itemListElement":[{"@type":"ListItem","position":1,"name":"Home","item":"https:\/\/staging.lucky-hunter.com\/fr\/"},{"@type":"ListItem","position":2,"name":"Boutique","item":"https:\/\/staging.lucky-hunter.com\/fr\/shop\/"},{"@type":"ListItem","position":3,"name":"Lucky Duck Quiver Critter"}]},{"@type":"WebSite","@id":"https:\/\/staging.lucky-hunter.com\/#website","url":"https:\/\/staging.lucky-hunter.com\/","name":"Lucky-Hunter","description":"Gear Up or Give Up","potentialAction":[{"@type":"SearchAction","target":{"@type":"EntryPoint","urlTemplate":"https:\/\/staging.lucky-hunter.com\/?s={search_term_string}"},"query-input":{"@type":"PropertyValueSpecification","valueRequired":true,"valueName":"search_term_string"}}],"inLanguage":"fr-FR"}]}},"_links":{"self":[{"href":"https:\/\/staging.lucky-hunter.com\/fr\/wp-json\/wp\/v2\/product\/35369"}],"collection":[{"href":"https:\/\/staging.lucky-hunter.com\/fr\/wp-json\/wp\/v2\/product"}],"about":[{"href":"https:\/\/staging.lucky-hunter.com\/fr\/wp-json\/wp\/v2\/types\/product"}],"wp:featuredmedia":[{"embeddable":true,"href":"https:\/\/staging.lucky-hunter.com\/fr\/wp-json\/wp\/v2\/media\/28460"}],"wp:attachment":[{"href":"https:\/\/staging.lucky-hunter.com\/fr\/wp-json\/wp\/v2\/media?parent=35369"}],"wp:term":[{"taxonomy":"product_brand","embeddable":true,"href":"https:\/\/staging.lucky-hunter.com\/fr\/wp-json\/wp\/v2\/product_brand?post=35369"},{"taxonomy":"product_cat","embeddable":true,"href":"https:\/\/staging.lucky-hunter.com\/fr\/wp-json\/wp\/v2\/product_cat?post=35369"},{"taxonomy":"product_tag","embeddable":true,"href":"https:\/\/staging.lucky-hunter.com\/fr\/wp-json\/wp\/v2\/product_tag?post=35369"}],"curies":[{"name":"wp","href":"https:\/\/api.w.org\/{rel}","templated":true}]}}