{"id":35364,"date":"2017-04-27T17:17:04","date_gmt":"2017-04-27T15:17:04","guid":{"rendered":"https:\/\/staging.lucky-hunter.com\/product\/sifflet-souris-de-weisskirchen\/"},"modified":"2022-11-16T10:45:45","modified_gmt":"2022-11-16T09:45:45","slug":"sifflet-souris-de-weisskirchen","status":"publish","type":"product","link":"https:\/\/staging.lucky-hunter.com\/fr\/product\/sifflet-souris-de-weisskirchen\/","title":{"rendered":"Sifflet souris de Weisskirchen"},"content":{"rendered":"<h2><strong>Sifflet souris de Weisskirchen &#8211; imitez une souris en d\u00e9tresse pour attirer les renards<\/strong><\/h2>\n<p>Placez le sifflet sous votre l\u00e8vre sup\u00e9rieure et prenez plusieurs aspirations courtes pour produire des couinements excit\u00e9s de souris.<\/p>\n<p>Les renards entendront ces sons \u00e0 plus de 400 m et viendront voir ce qui se passe. N&#8217;oubliez pas qu&#8217;une souris ne siffle pas\u00a0: elle gazouille doucement et avec enthousiasme.<\/p>\n<p>N&#8217;oubliez pas qu&#8217;une souris ne siffle pas, elle gazouille doucement et de mani\u00e8re excit\u00e9e. Avec ce sifflet facile \u00e0 utiliser, il devrait \u00eatre simple de reproduire les sons n\u00e9cessaires.<\/p>\n","protected":false},"excerpt":{"rendered":"<p>Placez le sifflet sous votre l\u00e8vre sup\u00e9rieure et prenez plusieurs aspirations courtes pour produire des couinements excit\u00e9s de souris.\u00a0Les renards entendront ces sons \u00e0 plus de 400 m.<\/p>\n","protected":false},"featured_media":29727,"template":"","meta":[],"product_brand":[8203],"product_cat":[8234],"product_tag":[9445],"yoast_head":"<!-- This site is optimized with the Yoast SEO plugin v24.3 - https:\/\/yoast.com\/wordpress\/plugins\/seo\/ -->\n<title>Sifflet souris de Weisskirchen pour une chasse au renard chanceuse | Lucky Hunter<\/title>\n<meta name=\"description\" content=\"Attirez les renards \u00e0 des centaines de m\u00e8tres de distance. Utiliser le Sifflet souris de Weisskirchen pour imiter une souris attirera les renards pour un repas rapide et facile.\" \/>\n<meta name=\"robots\" content=\"noindex, follow, max-snippet:-1, max-image-preview:large, max-video-preview:-1\" \/>\n<meta property=\"og:locale\" content=\"fr_FR\" \/>\n<meta property=\"og:type\" content=\"article\" \/>\n<meta property=\"og:title\" content=\"Sifflet souris de Weisskirchen pour une chasse au renard chanceuse | Lucky Hunter\" \/>\n<meta property=\"og:description\" content=\"Attirez les renards \u00e0 des centaines de m\u00e8tres de distance. Utiliser le Sifflet souris de Weisskirchen pour imiter une souris attirera les renards pour un repas rapide et facile.\" \/>\n<meta property=\"og:url\" content=\"https:\/\/staging.lucky-hunter.com\/product\/weisskirchen-mouse-pipe\/\" \/>\n<meta property=\"og:site_name\" content=\"Lucky-Hunter\" \/>\n<meta property=\"article:modified_time\" content=\"2022-11-16T09:45:45+00:00\" \/>\n<meta property=\"og:image\" content=\"https:\/\/staging.lucky-hunter.com\/wp-content\/uploads\/2018\/02\/510539.png\" \/>\n\t<meta property=\"og:image:width\" content=\"1000\" \/>\n\t<meta property=\"og:image:height\" content=\"1000\" \/>\n\t<meta property=\"og:image:type\" content=\"image\/png\" \/>\n<meta name=\"twitter:card\" content=\"summary_large_image\" \/>\n<meta name=\"twitter:title\" content=\"Sifflet souris de Weisskirchen pour une chasse au renard chanceuse | Lucky Hunter\" \/>\n<meta name=\"twitter:description\" content=\"Attirez les renards \u00e0 des centaines de m\u00e8tres de distance. Utiliser le Sifflet souris de Weisskirchen pour imiter une souris attirera les renards pour un repas rapide et facile.\" \/>\n<meta name=\"twitter:label1\" content=\"Dur\u00e9e de lecture estim\u00e9e\" \/>\n\t<meta name=\"twitter:data1\" content=\"1 minute\" \/>\n<script type=\"application\/ld+json\" class=\"yoast-schema-graph\">{\"@context\":\"https:\/\/schema.org\",\"@graph\":[{\"@type\":\"WebPage\",\"@id\":\"https:\/\/staging.lucky-hunter.com\/product\/weisskirchen-mouse-pipe\/\",\"url\":\"https:\/\/staging.lucky-hunter.com\/product\/weisskirchen-mouse-pipe\/\",\"name\":\"Sifflet souris de Weisskirchen pour une chasse au renard chanceuse | Lucky Hunter\",\"isPartOf\":{\"@id\":\"https:\/\/staging.lucky-hunter.com\/#website\"},\"primaryImageOfPage\":{\"@id\":\"https:\/\/staging.lucky-hunter.com\/product\/weisskirchen-mouse-pipe\/#primaryimage\"},\"image\":{\"@id\":\"https:\/\/staging.lucky-hunter.com\/product\/weisskirchen-mouse-pipe\/#primaryimage\"},\"thumbnailUrl\":\"https:\/\/staging.lucky-hunter.com\/wp-content\/uploads\/2018\/02\/510539.png\",\"datePublished\":\"2017-04-27T15:17:04+00:00\",\"dateModified\":\"2022-11-16T09:45:45+00:00\",\"description\":\"Attirez les renards \u00e0 des centaines de m\u00e8tres de distance. Utiliser le Sifflet souris de Weisskirchen pour imiter une souris attirera les renards pour un repas rapide et facile.\",\"breadcrumb\":{\"@id\":\"https:\/\/staging.lucky-hunter.com\/product\/weisskirchen-mouse-pipe\/#breadcrumb\"},\"inLanguage\":\"fr-FR\",\"potentialAction\":[{\"@type\":\"ReadAction\",\"target\":[\"https:\/\/staging.lucky-hunter.com\/product\/weisskirchen-mouse-pipe\/\"]}]},{\"@type\":\"ImageObject\",\"inLanguage\":\"fr-FR\",\"@id\":\"https:\/\/staging.lucky-hunter.com\/product\/weisskirchen-mouse-pipe\/#primaryimage\",\"url\":\"https:\/\/staging.lucky-hunter.com\/wp-content\/uploads\/2018\/02\/510539.png\",\"contentUrl\":\"https:\/\/staging.lucky-hunter.com\/wp-content\/uploads\/2018\/02\/510539.png\",\"width\":1000,\"height\":1000},{\"@type\":\"BreadcrumbList\",\"@id\":\"https:\/\/staging.lucky-hunter.com\/product\/weisskirchen-mouse-pipe\/#breadcrumb\",\"itemListElement\":[{\"@type\":\"ListItem\",\"position\":1,\"name\":\"Home\",\"item\":\"https:\/\/staging.lucky-hunter.com\/fr\/\"},{\"@type\":\"ListItem\",\"position\":2,\"name\":\"Boutique\",\"item\":\"https:\/\/staging.lucky-hunter.com\/fr\/shop\/\"},{\"@type\":\"ListItem\",\"position\":3,\"name\":\"Sifflet souris de Weisskirchen\"}]},{\"@type\":\"WebSite\",\"@id\":\"https:\/\/staging.lucky-hunter.com\/#website\",\"url\":\"https:\/\/staging.lucky-hunter.com\/\",\"name\":\"Lucky-Hunter\",\"description\":\"Gear Up or Give Up\",\"potentialAction\":[{\"@type\":\"SearchAction\",\"target\":{\"@type\":\"EntryPoint\",\"urlTemplate\":\"https:\/\/staging.lucky-hunter.com\/?s={search_term_string}\"},\"query-input\":{\"@type\":\"PropertyValueSpecification\",\"valueRequired\":true,\"valueName\":\"search_term_string\"}}],\"inLanguage\":\"fr-FR\"}]}<\/script>\n<!-- \/ Yoast SEO plugin. -->","yoast_head_json":{"title":"Sifflet souris de Weisskirchen pour une chasse au renard chanceuse | Lucky Hunter","description":"Attirez les renards \u00e0 des centaines de m\u00e8tres de distance. Utiliser le Sifflet souris de Weisskirchen pour imiter une souris attirera les renards pour un repas rapide et facile.","robots":{"index":"noindex","follow":"follow","max-snippet":"max-snippet:-1","max-image-preview":"max-image-preview:large","max-video-preview":"max-video-preview:-1"},"og_locale":"fr_FR","og_type":"article","og_title":"Sifflet souris de Weisskirchen pour une chasse au renard chanceuse | Lucky Hunter","og_description":"Attirez les renards \u00e0 des centaines de m\u00e8tres de distance. Utiliser le Sifflet souris de Weisskirchen pour imiter une souris attirera les renards pour un repas rapide et facile.","og_url":"https:\/\/staging.lucky-hunter.com\/product\/weisskirchen-mouse-pipe\/","og_site_name":"Lucky-Hunter","article_modified_time":"2022-11-16T09:45:45+00:00","og_image":[{"width":1000,"height":1000,"url":"https:\/\/staging.lucky-hunter.com\/wp-content\/uploads\/2018\/02\/510539.png","type":"image\/png"}],"twitter_card":"summary_large_image","twitter_title":"Sifflet souris de Weisskirchen pour une chasse au renard chanceuse | Lucky Hunter","twitter_description":"Attirez les renards \u00e0 des centaines de m\u00e8tres de distance. Utiliser le Sifflet souris de Weisskirchen pour imiter une souris attirera les renards pour un repas rapide et facile.","twitter_misc":{"Dur\u00e9e de lecture estim\u00e9e":"1 minute"},"schema":{"@context":"https:\/\/schema.org","@graph":[{"@type":"WebPage","@id":"https:\/\/staging.lucky-hunter.com\/product\/weisskirchen-mouse-pipe\/","url":"https:\/\/staging.lucky-hunter.com\/product\/weisskirchen-mouse-pipe\/","name":"Sifflet souris de Weisskirchen pour une chasse au renard chanceuse | Lucky Hunter","isPartOf":{"@id":"https:\/\/staging.lucky-hunter.com\/#website"},"primaryImageOfPage":{"@id":"https:\/\/staging.lucky-hunter.com\/product\/weisskirchen-mouse-pipe\/#primaryimage"},"image":{"@id":"https:\/\/staging.lucky-hunter.com\/product\/weisskirchen-mouse-pipe\/#primaryimage"},"thumbnailUrl":"https:\/\/staging.lucky-hunter.com\/wp-content\/uploads\/2018\/02\/510539.png","datePublished":"2017-04-27T15:17:04+00:00","dateModified":"2022-11-16T09:45:45+00:00","description":"Attirez les renards \u00e0 des centaines de m\u00e8tres de distance. Utiliser le Sifflet souris de Weisskirchen pour imiter une souris attirera les renards pour un repas rapide et facile.","breadcrumb":{"@id":"https:\/\/staging.lucky-hunter.com\/product\/weisskirchen-mouse-pipe\/#breadcrumb"},"inLanguage":"fr-FR","potentialAction":[{"@type":"ReadAction","target":["https:\/\/staging.lucky-hunter.com\/product\/weisskirchen-mouse-pipe\/"]}]},{"@type":"ImageObject","inLanguage":"fr-FR","@id":"https:\/\/staging.lucky-hunter.com\/product\/weisskirchen-mouse-pipe\/#primaryimage","url":"https:\/\/staging.lucky-hunter.com\/wp-content\/uploads\/2018\/02\/510539.png","contentUrl":"https:\/\/staging.lucky-hunter.com\/wp-content\/uploads\/2018\/02\/510539.png","width":1000,"height":1000},{"@type":"BreadcrumbList","@id":"https:\/\/staging.lucky-hunter.com\/product\/weisskirchen-mouse-pipe\/#breadcrumb","itemListElement":[{"@type":"ListItem","position":1,"name":"Home","item":"https:\/\/staging.lucky-hunter.com\/fr\/"},{"@type":"ListItem","position":2,"name":"Boutique","item":"https:\/\/staging.lucky-hunter.com\/fr\/shop\/"},{"@type":"ListItem","position":3,"name":"Sifflet souris de Weisskirchen"}]},{"@type":"WebSite","@id":"https:\/\/staging.lucky-hunter.com\/#website","url":"https:\/\/staging.lucky-hunter.com\/","name":"Lucky-Hunter","description":"Gear Up or Give Up","potentialAction":[{"@type":"SearchAction","target":{"@type":"EntryPoint","urlTemplate":"https:\/\/staging.lucky-hunter.com\/?s={search_term_string}"},"query-input":{"@type":"PropertyValueSpecification","valueRequired":true,"valueName":"search_term_string"}}],"inLanguage":"fr-FR"}]}},"_links":{"self":[{"href":"https:\/\/staging.lucky-hunter.com\/fr\/wp-json\/wp\/v2\/product\/35364"}],"collection":[{"href":"https:\/\/staging.lucky-hunter.com\/fr\/wp-json\/wp\/v2\/product"}],"about":[{"href":"https:\/\/staging.lucky-hunter.com\/fr\/wp-json\/wp\/v2\/types\/product"}],"wp:featuredmedia":[{"embeddable":true,"href":"https:\/\/staging.lucky-hunter.com\/fr\/wp-json\/wp\/v2\/media\/29727"}],"wp:attachment":[{"href":"https:\/\/staging.lucky-hunter.com\/fr\/wp-json\/wp\/v2\/media?parent=35364"}],"wp:term":[{"taxonomy":"product_brand","embeddable":true,"href":"https:\/\/staging.lucky-hunter.com\/fr\/wp-json\/wp\/v2\/product_brand?post=35364"},{"taxonomy":"product_cat","embeddable":true,"href":"https:\/\/staging.lucky-hunter.com\/fr\/wp-json\/wp\/v2\/product_cat?post=35364"},{"taxonomy":"product_tag","embeddable":true,"href":"https:\/\/staging.lucky-hunter.com\/fr\/wp-json\/wp\/v2\/product_tag?post=35364"}],"curies":[{"name":"wp","href":"https:\/\/api.w.org\/{rel}","templated":true}]}}