{"id":35363,"date":"2018-02-28T12:44:56","date_gmt":"2018-02-28T11:44:56","guid":{"rendered":"https:\/\/staging.lucky-hunter.com\/product\/sifflet-pour-chien-buffle-7-cm\/"},"modified":"2022-11-16T10:32:35","modified_gmt":"2022-11-16T09:32:35","slug":"sifflet-pour-chien-buffle-7-cm","status":"publish","type":"product","link":"https:\/\/staging.lucky-hunter.com\/fr\/product\/sifflet-pour-chien-buffle-7-cm\/","title":{"rendered":"Sifflet pour chien &#8211; Buffle 7 cm"},"content":{"rendered":"<h2><strong>Sifflet pour chien : des accessoires parfaits pour votre chien de chasse<\/strong><\/h2>\n<p>Ce sifflet pour chien exclusif en corne de buffle indestructible et \u00e0 \u00e0 deux embouts est parfait pour votre chien de chasse.<\/p>\n<p>Un c\u00f4t\u00e9 \u00e9met un trille, l&#8217;autre un sifflement aigu, ce qui rend l&#8217;entra\u00eenement agr\u00e9able et facile. Utilisable pendant des ann\u00e9es, ce sifflet est parfait de l&#8217;entra\u00eenement jusqu&#8217;\u00e0 la chasse m\u00eame.<\/p>\n<p>Livr\u00e9 avec \u0153illet et cordon en coton, pour que vous sachiez toujours o\u00f9 se trouve votre sifflet. Emp\u00eache \u00e9galement la perte du sifflet lors de la chasse ou de l&#8217;entra\u00eenement, car le cordon en coton le garde \u00e0 proximit\u00e9.<\/p>\n<p>Couleur : Noir.<\/p>\n<p>Poids : 0,0280 kilos.<\/p>\n","protected":false},"excerpt":{"rendered":"<p>Sifflet pour chien exclusif \u00e0 2 faces en corne de buffle indestructible.\u00a0Un c\u00f4t\u00e9 \u00e9met un trille, et l&#8217;autre un sifflement aigu.\u00a0Livr\u00e9 avec \u0153illet et cordon en coton.<\/p>\n","protected":false},"featured_media":29809,"template":"","meta":[],"product_brand":[],"product_cat":[8260],"product_tag":[],"yoast_head":"<!-- This site is optimized with the Yoast SEO plugin v24.3 - https:\/\/yoast.com\/wordpress\/plugins\/seo\/ -->\n<title>Sifflet pour chien 7 cm : Accessoires pour chiens de chasse | Lucky Hunter<\/title>\n<meta name=\"description\" content=\"Entra\u00eenez votre chien avec un sifflet. Ce Sifflet pour chien mesure 7 cm de long et est en corne de buffle indestructible. Un c\u00f4t\u00e9 \u00e9met un trille, et l&#039;autre un sifflement aigu.\" \/>\n<meta name=\"robots\" content=\"noindex, follow, max-snippet:-1, max-image-preview:large, max-video-preview:-1\" \/>\n<meta property=\"og:locale\" content=\"fr_FR\" \/>\n<meta property=\"og:type\" content=\"article\" \/>\n<meta property=\"og:title\" content=\"Sifflet pour chien 7 cm : Accessoires pour chiens de chasse | Lucky Hunter\" \/>\n<meta property=\"og:description\" content=\"Entra\u00eenez votre chien avec un sifflet. Ce Sifflet pour chien mesure 7 cm de long et est en corne de buffle indestructible. Un c\u00f4t\u00e9 \u00e9met un trille, et l&#039;autre un sifflement aigu.\" \/>\n<meta property=\"og:url\" content=\"https:\/\/staging.lucky-hunter.com\/product\/dog-whistle-7-cm\/\" \/>\n<meta property=\"og:site_name\" content=\"Lucky-Hunter\" \/>\n<meta property=\"article:modified_time\" content=\"2022-11-16T09:32:35+00:00\" \/>\n<meta property=\"og:image\" content=\"https:\/\/staging.lucky-hunter.com\/wp-content\/uploads\/2018\/02\/510802.png\" \/>\n\t<meta property=\"og:image:width\" content=\"1000\" \/>\n\t<meta property=\"og:image:height\" content=\"1000\" \/>\n\t<meta property=\"og:image:type\" content=\"image\/png\" \/>\n<meta name=\"twitter:card\" content=\"summary_large_image\" \/>\n<meta name=\"twitter:title\" content=\"Sifflet pour chien 7 cm : Accessoires pour chiens de chasse | Lucky Hunter\" \/>\n<meta name=\"twitter:description\" content=\"Entra\u00eenez votre chien avec un sifflet. Ce Sifflet pour chien mesure 7 cm de long et est en corne de buffle indestructible. Un c\u00f4t\u00e9 \u00e9met un trille, et l&#039;autre un sifflement aigu.\" \/>\n<meta name=\"twitter:label1\" content=\"Dur\u00e9e de lecture estim\u00e9e\" \/>\n\t<meta name=\"twitter:data1\" content=\"1 minute\" \/>\n<script type=\"application\/ld+json\" class=\"yoast-schema-graph\">{\"@context\":\"https:\/\/schema.org\",\"@graph\":[{\"@type\":\"WebPage\",\"@id\":\"https:\/\/staging.lucky-hunter.com\/product\/dog-whistle-7-cm\/\",\"url\":\"https:\/\/staging.lucky-hunter.com\/product\/dog-whistle-7-cm\/\",\"name\":\"Sifflet pour chien 7 cm : Accessoires pour chiens de chasse | Lucky Hunter\",\"isPartOf\":{\"@id\":\"https:\/\/staging.lucky-hunter.com\/#website\"},\"primaryImageOfPage\":{\"@id\":\"https:\/\/staging.lucky-hunter.com\/product\/dog-whistle-7-cm\/#primaryimage\"},\"image\":{\"@id\":\"https:\/\/staging.lucky-hunter.com\/product\/dog-whistle-7-cm\/#primaryimage\"},\"thumbnailUrl\":\"https:\/\/staging.lucky-hunter.com\/wp-content\/uploads\/2018\/02\/510802.png\",\"datePublished\":\"2018-02-28T11:44:56+00:00\",\"dateModified\":\"2022-11-16T09:32:35+00:00\",\"description\":\"Entra\u00eenez votre chien avec un sifflet. Ce Sifflet pour chien mesure 7 cm de long et est en corne de buffle indestructible. Un c\u00f4t\u00e9 \u00e9met un trille, et l'autre un sifflement aigu.\",\"breadcrumb\":{\"@id\":\"https:\/\/staging.lucky-hunter.com\/product\/dog-whistle-7-cm\/#breadcrumb\"},\"inLanguage\":\"fr-FR\",\"potentialAction\":[{\"@type\":\"ReadAction\",\"target\":[\"https:\/\/staging.lucky-hunter.com\/product\/dog-whistle-7-cm\/\"]}]},{\"@type\":\"ImageObject\",\"inLanguage\":\"fr-FR\",\"@id\":\"https:\/\/staging.lucky-hunter.com\/product\/dog-whistle-7-cm\/#primaryimage\",\"url\":\"https:\/\/staging.lucky-hunter.com\/wp-content\/uploads\/2018\/02\/510802.png\",\"contentUrl\":\"https:\/\/staging.lucky-hunter.com\/wp-content\/uploads\/2018\/02\/510802.png\",\"width\":1000,\"height\":1000},{\"@type\":\"BreadcrumbList\",\"@id\":\"https:\/\/staging.lucky-hunter.com\/product\/dog-whistle-7-cm\/#breadcrumb\",\"itemListElement\":[{\"@type\":\"ListItem\",\"position\":1,\"name\":\"Home\",\"item\":\"https:\/\/staging.lucky-hunter.com\/fr\/\"},{\"@type\":\"ListItem\",\"position\":2,\"name\":\"Boutique\",\"item\":\"https:\/\/staging.lucky-hunter.com\/fr\/shop\/\"},{\"@type\":\"ListItem\",\"position\":3,\"name\":\"Sifflet pour chien &#8211; Buffle 7 cm\"}]},{\"@type\":\"WebSite\",\"@id\":\"https:\/\/staging.lucky-hunter.com\/#website\",\"url\":\"https:\/\/staging.lucky-hunter.com\/\",\"name\":\"Lucky-Hunter\",\"description\":\"Gear Up or Give Up\",\"potentialAction\":[{\"@type\":\"SearchAction\",\"target\":{\"@type\":\"EntryPoint\",\"urlTemplate\":\"https:\/\/staging.lucky-hunter.com\/?s={search_term_string}\"},\"query-input\":{\"@type\":\"PropertyValueSpecification\",\"valueRequired\":true,\"valueName\":\"search_term_string\"}}],\"inLanguage\":\"fr-FR\"}]}<\/script>\n<!-- \/ Yoast SEO plugin. -->","yoast_head_json":{"title":"Sifflet pour chien 7 cm : Accessoires pour chiens de chasse | Lucky Hunter","description":"Entra\u00eenez votre chien avec un sifflet. Ce Sifflet pour chien mesure 7 cm de long et est en corne de buffle indestructible. Un c\u00f4t\u00e9 \u00e9met un trille, et l'autre un sifflement aigu.","robots":{"index":"noindex","follow":"follow","max-snippet":"max-snippet:-1","max-image-preview":"max-image-preview:large","max-video-preview":"max-video-preview:-1"},"og_locale":"fr_FR","og_type":"article","og_title":"Sifflet pour chien 7 cm : Accessoires pour chiens de chasse | Lucky Hunter","og_description":"Entra\u00eenez votre chien avec un sifflet. Ce Sifflet pour chien mesure 7 cm de long et est en corne de buffle indestructible. Un c\u00f4t\u00e9 \u00e9met un trille, et l'autre un sifflement aigu.","og_url":"https:\/\/staging.lucky-hunter.com\/product\/dog-whistle-7-cm\/","og_site_name":"Lucky-Hunter","article_modified_time":"2022-11-16T09:32:35+00:00","og_image":[{"width":1000,"height":1000,"url":"https:\/\/staging.lucky-hunter.com\/wp-content\/uploads\/2018\/02\/510802.png","type":"image\/png"}],"twitter_card":"summary_large_image","twitter_title":"Sifflet pour chien 7 cm : Accessoires pour chiens de chasse | Lucky Hunter","twitter_description":"Entra\u00eenez votre chien avec un sifflet. Ce Sifflet pour chien mesure 7 cm de long et est en corne de buffle indestructible. Un c\u00f4t\u00e9 \u00e9met un trille, et l'autre un sifflement aigu.","twitter_misc":{"Dur\u00e9e de lecture estim\u00e9e":"1 minute"},"schema":{"@context":"https:\/\/schema.org","@graph":[{"@type":"WebPage","@id":"https:\/\/staging.lucky-hunter.com\/product\/dog-whistle-7-cm\/","url":"https:\/\/staging.lucky-hunter.com\/product\/dog-whistle-7-cm\/","name":"Sifflet pour chien 7 cm : Accessoires pour chiens de chasse | Lucky Hunter","isPartOf":{"@id":"https:\/\/staging.lucky-hunter.com\/#website"},"primaryImageOfPage":{"@id":"https:\/\/staging.lucky-hunter.com\/product\/dog-whistle-7-cm\/#primaryimage"},"image":{"@id":"https:\/\/staging.lucky-hunter.com\/product\/dog-whistle-7-cm\/#primaryimage"},"thumbnailUrl":"https:\/\/staging.lucky-hunter.com\/wp-content\/uploads\/2018\/02\/510802.png","datePublished":"2018-02-28T11:44:56+00:00","dateModified":"2022-11-16T09:32:35+00:00","description":"Entra\u00eenez votre chien avec un sifflet. Ce Sifflet pour chien mesure 7 cm de long et est en corne de buffle indestructible. Un c\u00f4t\u00e9 \u00e9met un trille, et l'autre un sifflement aigu.","breadcrumb":{"@id":"https:\/\/staging.lucky-hunter.com\/product\/dog-whistle-7-cm\/#breadcrumb"},"inLanguage":"fr-FR","potentialAction":[{"@type":"ReadAction","target":["https:\/\/staging.lucky-hunter.com\/product\/dog-whistle-7-cm\/"]}]},{"@type":"ImageObject","inLanguage":"fr-FR","@id":"https:\/\/staging.lucky-hunter.com\/product\/dog-whistle-7-cm\/#primaryimage","url":"https:\/\/staging.lucky-hunter.com\/wp-content\/uploads\/2018\/02\/510802.png","contentUrl":"https:\/\/staging.lucky-hunter.com\/wp-content\/uploads\/2018\/02\/510802.png","width":1000,"height":1000},{"@type":"BreadcrumbList","@id":"https:\/\/staging.lucky-hunter.com\/product\/dog-whistle-7-cm\/#breadcrumb","itemListElement":[{"@type":"ListItem","position":1,"name":"Home","item":"https:\/\/staging.lucky-hunter.com\/fr\/"},{"@type":"ListItem","position":2,"name":"Boutique","item":"https:\/\/staging.lucky-hunter.com\/fr\/shop\/"},{"@type":"ListItem","position":3,"name":"Sifflet pour chien &#8211; Buffle 7 cm"}]},{"@type":"WebSite","@id":"https:\/\/staging.lucky-hunter.com\/#website","url":"https:\/\/staging.lucky-hunter.com\/","name":"Lucky-Hunter","description":"Gear Up or Give Up","potentialAction":[{"@type":"SearchAction","target":{"@type":"EntryPoint","urlTemplate":"https:\/\/staging.lucky-hunter.com\/?s={search_term_string}"},"query-input":{"@type":"PropertyValueSpecification","valueRequired":true,"valueName":"search_term_string"}}],"inLanguage":"fr-FR"}]}},"_links":{"self":[{"href":"https:\/\/staging.lucky-hunter.com\/fr\/wp-json\/wp\/v2\/product\/35363"}],"collection":[{"href":"https:\/\/staging.lucky-hunter.com\/fr\/wp-json\/wp\/v2\/product"}],"about":[{"href":"https:\/\/staging.lucky-hunter.com\/fr\/wp-json\/wp\/v2\/types\/product"}],"wp:featuredmedia":[{"embeddable":true,"href":"https:\/\/staging.lucky-hunter.com\/fr\/wp-json\/wp\/v2\/media\/29809"}],"wp:attachment":[{"href":"https:\/\/staging.lucky-hunter.com\/fr\/wp-json\/wp\/v2\/media?parent=35363"}],"wp:term":[{"taxonomy":"product_brand","embeddable":true,"href":"https:\/\/staging.lucky-hunter.com\/fr\/wp-json\/wp\/v2\/product_brand?post=35363"},{"taxonomy":"product_cat","embeddable":true,"href":"https:\/\/staging.lucky-hunter.com\/fr\/wp-json\/wp\/v2\/product_cat?post=35363"},{"taxonomy":"product_tag","embeddable":true,"href":"https:\/\/staging.lucky-hunter.com\/fr\/wp-json\/wp\/v2\/product_tag?post=35363"}],"curies":[{"name":"wp","href":"https:\/\/api.w.org\/{rel}","templated":true}]}}