{"id":35362,"date":"2018-05-01T15:07:34","date_gmt":"2018-05-01T13:07:34","guid":{"rendered":"https:\/\/staging.lucky-hunter.com\/product\/niche-de-voyage-avery-quick-set\/"},"modified":"2023-03-14T15:56:24","modified_gmt":"2023-03-14T14:56:24","slug":"niche-de-voyage-avery-quick-set","status":"publish","type":"product","link":"https:\/\/staging.lucky-hunter.com\/fr\/product\/niche-de-voyage-avery-quick-set\/","title":{"rendered":"Niche de voyage Avery Quick Set"},"content":{"rendered":"<h1><strong>Niche de voyage Avery Quick Set : niche pour le transport de haute qualit\u00e9 pour votre chien<\/strong><\/h1>\n<p>Une cage de transport belle et solide pour votre chien.<\/p>\n<p>Livr\u00e9e en Marron marais, avec un filet 100% polyester Duramax qui prot\u00e8ge efficacement contre les insectes tout en assurant une bonne ventilation.<\/p>\n<p><strong>Choisir la taille:<\/strong><\/p>\n<ul>\n<li>M (40,6 x 39,4 x 45,7 cm)<\/li>\n<li>L (45,7 x 49,5 x 61 cm)<\/li>\n<li>XL (52.1 x 59.7 x 68.6 cm).<\/li>\n<\/ul>\n<p>Les panneaux avant et lat\u00e9raux peuvent \u00eatre ouverts gr\u00e2ce \u00e0 une fermeture \u00e9clair.<\/p>\n<p>Cadre en aluminium solide mais l\u00e9ger qui peut \u00eatre pli\u00e9 facilement pour le rangement.<\/p>\n<p>La cage de transport poss\u00e8de une poign\u00e9e et une poche pratique pour la laisse du chien, le mannequin d&#8217;entra\u00eenement, etc.<\/p>\n<p>REMARQUE : nous ne recommandons pas l&#8217;utilisation dans une voiture ouverte. Dans ce cas, il est pr\u00e9f\u00e9rable d\u2019opter pour une cage en acier, aluminium ou plastique plus solide. La cage de transport Avery Sporting Dog est parfaite pour le transport \u00e0 l&#8217;int\u00e9rieur de la voiture, pour la s\u00e9curit\u00e9 du chien \u00e0 la maison, dans les chambres d&#8217;h\u00f4tel, en voyage de chasse, pendant le transport jusque chez le v\u00e9t\u00e9rinaire, pour les expositions, etc.<\/p>\n<p>https:\/\/www.youtube.com\/watch? v=sdKEYNtvVqE<\/p>\n","protected":false},"excerpt":{"rendered":"<p>Une cage de transport belle et solide pour votre chien. Livr\u00e9e en Marron marais, avec un filet 100% polyester Duramax qui prot\u00e8ge efficacement contre les insectes tout en assurant une bonne ventilation.<\/p>\n","protected":false},"featured_media":56214,"template":"","meta":[],"product_brand":[8123],"product_cat":[9340],"product_tag":[],"yoast_head":"<!-- This site is optimized with the Yoast SEO plugin v24.3 - https:\/\/yoast.com\/wordpress\/plugins\/seo\/ -->\n<title>Niche de voyage Avery Quick Set : niche pour le transport de haute qualit\u00e9 pour votre chien<\/title>\n<meta name=\"description\" content=\"Une cage de transport belle et solide pour votre chien. Livr\u00e9e en Marron marais, avec un filet 100% polyester Duramax qui prot\u00e8ge efficacement contre les insectes.\" \/>\n<meta name=\"robots\" content=\"noindex, follow, max-snippet:-1, max-image-preview:large, max-video-preview:-1\" \/>\n<meta property=\"og:locale\" content=\"fr_FR\" \/>\n<meta property=\"og:type\" content=\"article\" \/>\n<meta property=\"og:title\" content=\"Niche de voyage Avery Quick Set : niche pour le transport de haute qualit\u00e9 pour votre chien\" \/>\n<meta property=\"og:description\" content=\"transportez votre chien dans un style robuste. Le Niche de voyage Avery Quick Set est parfait pour votre chien. Prot\u00e8ge des insectes tout en restant respirant.\" \/>\n<meta property=\"og:url\" content=\"https:\/\/staging.lucky-hunter.com\/fr\/product\/niche-de-voyage-avery-quick-set\/\" \/>\n<meta property=\"og:site_name\" content=\"Lucky-Hunter\" \/>\n<meta property=\"article:modified_time\" content=\"2023-03-14T14:56:24+00:00\" \/>\n<meta property=\"og:image\" content=\"https:\/\/staging.lucky-hunter.com\/wp-content\/uploads\/2018\/05\/JH-70-1.png\" \/>\n\t<meta property=\"og:image:width\" content=\"1000\" \/>\n\t<meta property=\"og:image:height\" content=\"1000\" \/>\n\t<meta property=\"og:image:type\" content=\"image\/png\" \/>\n<meta name=\"twitter:card\" content=\"summary_large_image\" \/>\n<meta name=\"twitter:title\" content=\"Niche de voyage Avery Quick Set Chenil de haute qualit\u00e9 pour votre chien | Lucky Hunter\" \/>\n<meta name=\"twitter:description\" content=\"transportez votre chien dans un style robuste. Le Niche de voyage Avery Quick Set est parfait pour votre chien. Prot\u00e8ge des insectes tout en restant respirant.\" \/>\n<meta name=\"twitter:label1\" content=\"Dur\u00e9e de lecture estim\u00e9e\" \/>\n\t<meta name=\"twitter:data1\" content=\"1 minute\" \/>\n<script type=\"application\/ld+json\" class=\"yoast-schema-graph\">{\"@context\":\"https:\/\/schema.org\",\"@graph\":[{\"@type\":\"WebPage\",\"@id\":\"https:\/\/staging.lucky-hunter.com\/fr\/product\/niche-de-voyage-avery-quick-set\/\",\"url\":\"https:\/\/staging.lucky-hunter.com\/fr\/product\/niche-de-voyage-avery-quick-set\/\",\"name\":\"Niche de voyage Avery Quick Set : niche pour le transport de haute qualit\u00e9 pour votre chien\",\"isPartOf\":{\"@id\":\"https:\/\/staging.lucky-hunter.com\/#website\"},\"primaryImageOfPage\":{\"@id\":\"https:\/\/staging.lucky-hunter.com\/fr\/product\/niche-de-voyage-avery-quick-set\/#primaryimage\"},\"image\":{\"@id\":\"https:\/\/staging.lucky-hunter.com\/fr\/product\/niche-de-voyage-avery-quick-set\/#primaryimage\"},\"thumbnailUrl\":\"https:\/\/staging.lucky-hunter.com\/wp-content\/uploads\/2018\/05\/JH-70-1.png\",\"datePublished\":\"2018-05-01T13:07:34+00:00\",\"dateModified\":\"2023-03-14T14:56:24+00:00\",\"description\":\"Une cage de transport belle et solide pour votre chien. Livr\u00e9e en Marron marais, avec un filet 100% polyester Duramax qui prot\u00e8ge efficacement contre les insectes.\",\"breadcrumb\":{\"@id\":\"https:\/\/staging.lucky-hunter.com\/fr\/product\/niche-de-voyage-avery-quick-set\/#breadcrumb\"},\"inLanguage\":\"fr-FR\",\"potentialAction\":[{\"@type\":\"ReadAction\",\"target\":[\"https:\/\/staging.lucky-hunter.com\/fr\/product\/niche-de-voyage-avery-quick-set\/\"]}]},{\"@type\":\"ImageObject\",\"inLanguage\":\"fr-FR\",\"@id\":\"https:\/\/staging.lucky-hunter.com\/fr\/product\/niche-de-voyage-avery-quick-set\/#primaryimage\",\"url\":\"https:\/\/staging.lucky-hunter.com\/wp-content\/uploads\/2018\/05\/JH-70-1.png\",\"contentUrl\":\"https:\/\/staging.lucky-hunter.com\/wp-content\/uploads\/2018\/05\/JH-70-1.png\",\"width\":1000,\"height\":1000,\"caption\":\"Avery travel kennel\"},{\"@type\":\"BreadcrumbList\",\"@id\":\"https:\/\/staging.lucky-hunter.com\/fr\/product\/niche-de-voyage-avery-quick-set\/#breadcrumb\",\"itemListElement\":[{\"@type\":\"ListItem\",\"position\":1,\"name\":\"Home\",\"item\":\"https:\/\/staging.lucky-hunter.com\/fr\/\"},{\"@type\":\"ListItem\",\"position\":2,\"name\":\"Boutique\",\"item\":\"https:\/\/staging.lucky-hunter.com\/fr\/shop\/\"},{\"@type\":\"ListItem\",\"position\":3,\"name\":\"Niche de voyage Avery Quick Set\"}]},{\"@type\":\"WebSite\",\"@id\":\"https:\/\/staging.lucky-hunter.com\/#website\",\"url\":\"https:\/\/staging.lucky-hunter.com\/\",\"name\":\"Lucky-Hunter\",\"description\":\"Gear Up or Give Up\",\"potentialAction\":[{\"@type\":\"SearchAction\",\"target\":{\"@type\":\"EntryPoint\",\"urlTemplate\":\"https:\/\/staging.lucky-hunter.com\/?s={search_term_string}\"},\"query-input\":{\"@type\":\"PropertyValueSpecification\",\"valueRequired\":true,\"valueName\":\"search_term_string\"}}],\"inLanguage\":\"fr-FR\"}]}<\/script>\n<!-- \/ Yoast SEO plugin. -->","yoast_head_json":{"title":"Niche de voyage Avery Quick Set : niche pour le transport de haute qualit\u00e9 pour votre chien","description":"Une cage de transport belle et solide pour votre chien. Livr\u00e9e en Marron marais, avec un filet 100% polyester Duramax qui prot\u00e8ge efficacement contre les insectes.","robots":{"index":"noindex","follow":"follow","max-snippet":"max-snippet:-1","max-image-preview":"max-image-preview:large","max-video-preview":"max-video-preview:-1"},"og_locale":"fr_FR","og_type":"article","og_title":"Niche de voyage Avery Quick Set : niche pour le transport de haute qualit\u00e9 pour votre chien","og_description":"transportez votre chien dans un style robuste. Le Niche de voyage Avery Quick Set est parfait pour votre chien. Prot\u00e8ge des insectes tout en restant respirant.","og_url":"https:\/\/staging.lucky-hunter.com\/fr\/product\/niche-de-voyage-avery-quick-set\/","og_site_name":"Lucky-Hunter","article_modified_time":"2023-03-14T14:56:24+00:00","og_image":[{"width":1000,"height":1000,"url":"https:\/\/staging.lucky-hunter.com\/wp-content\/uploads\/2018\/05\/JH-70-1.png","type":"image\/png"}],"twitter_card":"summary_large_image","twitter_title":"Niche de voyage Avery Quick Set Chenil de haute qualit\u00e9 pour votre chien | Lucky Hunter","twitter_description":"transportez votre chien dans un style robuste. Le Niche de voyage Avery Quick Set est parfait pour votre chien. Prot\u00e8ge des insectes tout en restant respirant.","twitter_misc":{"Dur\u00e9e de lecture estim\u00e9e":"1 minute"},"schema":{"@context":"https:\/\/schema.org","@graph":[{"@type":"WebPage","@id":"https:\/\/staging.lucky-hunter.com\/fr\/product\/niche-de-voyage-avery-quick-set\/","url":"https:\/\/staging.lucky-hunter.com\/fr\/product\/niche-de-voyage-avery-quick-set\/","name":"Niche de voyage Avery Quick Set : niche pour le transport de haute qualit\u00e9 pour votre chien","isPartOf":{"@id":"https:\/\/staging.lucky-hunter.com\/#website"},"primaryImageOfPage":{"@id":"https:\/\/staging.lucky-hunter.com\/fr\/product\/niche-de-voyage-avery-quick-set\/#primaryimage"},"image":{"@id":"https:\/\/staging.lucky-hunter.com\/fr\/product\/niche-de-voyage-avery-quick-set\/#primaryimage"},"thumbnailUrl":"https:\/\/staging.lucky-hunter.com\/wp-content\/uploads\/2018\/05\/JH-70-1.png","datePublished":"2018-05-01T13:07:34+00:00","dateModified":"2023-03-14T14:56:24+00:00","description":"Une cage de transport belle et solide pour votre chien. Livr\u00e9e en Marron marais, avec un filet 100% polyester Duramax qui prot\u00e8ge efficacement contre les insectes.","breadcrumb":{"@id":"https:\/\/staging.lucky-hunter.com\/fr\/product\/niche-de-voyage-avery-quick-set\/#breadcrumb"},"inLanguage":"fr-FR","potentialAction":[{"@type":"ReadAction","target":["https:\/\/staging.lucky-hunter.com\/fr\/product\/niche-de-voyage-avery-quick-set\/"]}]},{"@type":"ImageObject","inLanguage":"fr-FR","@id":"https:\/\/staging.lucky-hunter.com\/fr\/product\/niche-de-voyage-avery-quick-set\/#primaryimage","url":"https:\/\/staging.lucky-hunter.com\/wp-content\/uploads\/2018\/05\/JH-70-1.png","contentUrl":"https:\/\/staging.lucky-hunter.com\/wp-content\/uploads\/2018\/05\/JH-70-1.png","width":1000,"height":1000,"caption":"Avery travel kennel"},{"@type":"BreadcrumbList","@id":"https:\/\/staging.lucky-hunter.com\/fr\/product\/niche-de-voyage-avery-quick-set\/#breadcrumb","itemListElement":[{"@type":"ListItem","position":1,"name":"Home","item":"https:\/\/staging.lucky-hunter.com\/fr\/"},{"@type":"ListItem","position":2,"name":"Boutique","item":"https:\/\/staging.lucky-hunter.com\/fr\/shop\/"},{"@type":"ListItem","position":3,"name":"Niche de voyage Avery Quick Set"}]},{"@type":"WebSite","@id":"https:\/\/staging.lucky-hunter.com\/#website","url":"https:\/\/staging.lucky-hunter.com\/","name":"Lucky-Hunter","description":"Gear Up or Give Up","potentialAction":[{"@type":"SearchAction","target":{"@type":"EntryPoint","urlTemplate":"https:\/\/staging.lucky-hunter.com\/?s={search_term_string}"},"query-input":{"@type":"PropertyValueSpecification","valueRequired":true,"valueName":"search_term_string"}}],"inLanguage":"fr-FR"}]}},"_links":{"self":[{"href":"https:\/\/staging.lucky-hunter.com\/fr\/wp-json\/wp\/v2\/product\/35362"}],"collection":[{"href":"https:\/\/staging.lucky-hunter.com\/fr\/wp-json\/wp\/v2\/product"}],"about":[{"href":"https:\/\/staging.lucky-hunter.com\/fr\/wp-json\/wp\/v2\/types\/product"}],"wp:featuredmedia":[{"embeddable":true,"href":"https:\/\/staging.lucky-hunter.com\/fr\/wp-json\/wp\/v2\/media\/56214"}],"wp:attachment":[{"href":"https:\/\/staging.lucky-hunter.com\/fr\/wp-json\/wp\/v2\/media?parent=35362"}],"wp:term":[{"taxonomy":"product_brand","embeddable":true,"href":"https:\/\/staging.lucky-hunter.com\/fr\/wp-json\/wp\/v2\/product_brand?post=35362"},{"taxonomy":"product_cat","embeddable":true,"href":"https:\/\/staging.lucky-hunter.com\/fr\/wp-json\/wp\/v2\/product_cat?post=35362"},{"taxonomy":"product_tag","embeddable":true,"href":"https:\/\/staging.lucky-hunter.com\/fr\/wp-json\/wp\/v2\/product_tag?post=35362"}],"curies":[{"name":"wp","href":"https:\/\/api.w.org\/{rel}","templated":true}]}}