{"id":35360,"date":"2018-05-15T11:44:37","date_gmt":"2018-05-15T09:44:37","guid":{"rendered":"https:\/\/staging.lucky-hunter.com\/product\/mannequins-pour-lanceur-thunder\/"},"modified":"2025-07-01T11:40:22","modified_gmt":"2025-07-01T09:40:22","slug":"mannequins-pour-lanceur-thunder","status":"publish","type":"product","link":"https:\/\/staging.lucky-hunter.com\/fr\/product\/mannequins-pour-lanceur-thunder\/","title":{"rendered":"Mannequin pour lanceur Thunder"},"content":{"rendered":"<h2><strong>Mannequin pour lanceur Thunder &#8211; accessoires pour le lanceur de mannequins Thunder<\/strong><\/h2>\n<p>L\u2019entra\u00eenement canin est amusant et stimulant pour les comp\u00e9tences de votre chien. Si vous poss\u00e9dez le lanceur de mannequins Thunder 500 ou 1000, vous pouvez ajouter plus de mannequins \u00e0 votre collection, pour plus de plaisir.<\/p>\n<p>Vous pouvez \u00e9galement choisir de les utiliser de mani\u00e8re traditionnelle, pour vous entra\u00eener \u00e0 des situations nautiques. Ces mannequins ajouteront donc de la variation et du plaisir \u00e0 vos s\u00e9ances d&#8217;entra\u00eenement avec le meilleur ami de l&#8217;homme.<\/p>\n<p>Con\u00e7u pour une longue dur\u00e9e de vie en utilisation intensive, aux c\u00f4t\u00e9s de votre lanceur d&#8217;entra\u00eenement.<\/p>\n<p>Choisissez entre 2 couleurs :<\/p>\n<ul>\n<li>Blanc et noir<\/li>\n<li>Blanc uni<\/li>\n<\/ul>\n<p>Vendue \u00e0 l\u2019unit\u00e9.<\/p>\n<p>Fabriqu\u00e9s aux \u00c9tats-Unis et de qualit\u00e9 professionnelle.<\/p>\n","protected":false},"excerpt":{"rendered":"<p>La dressage est amusant et stimulant pour les comp\u00e9tences de votre chien, et vous pouvez acheter des mannequins suppl\u00e9mentaires pour votre Thunder 500 ou Thunder 1000.<\/p>\n","protected":false},"featured_media":29841,"template":"","meta":[],"product_brand":[8221],"product_cat":[8188],"product_tag":[],"yoast_head":"<!-- This site is optimized with the Yoast SEO plugin v24.3 - https:\/\/yoast.com\/wordpress\/plugins\/seo\/ -->\n<title>Mannequins pour lanceur Thunder | Lucky Hunter<\/title>\n<meta name=\"description\" content=\"Mannequin pour lanceur Thunder ajoute du plaisir suppl\u00e9mentaire \u00e0 l&#039;entra\u00eenement de votre chien avec votre Thunder Dummy Launcher.\" \/>\n<meta name=\"robots\" content=\"noindex, follow, max-snippet:-1, max-image-preview:large, max-video-preview:-1\" \/>\n<meta property=\"og:locale\" content=\"fr_FR\" \/>\n<meta property=\"og:type\" content=\"article\" \/>\n<meta property=\"og:title\" content=\"Mannequins pour lanceur Thunder | Lucky Hunter\" \/>\n<meta property=\"og:description\" content=\"Rendez votre dressage de chien amusant et excitant. Mannequins pour lanceur Thunder ajoute du plaisir suppl\u00e9mentaire \u00e0 l&#039;entra\u00eenement de votre chien avec votre Thunder Dummy Launcher.\" \/>\n<meta property=\"og:url\" content=\"https:\/\/staging.lucky-hunter.com\/fr\/product\/mannequins-pour-lanceur-thunder\/\" \/>\n<meta property=\"og:site_name\" content=\"Lucky-Hunter\" \/>\n<meta property=\"article:modified_time\" content=\"2025-07-01T09:40:22+00:00\" \/>\n<meta property=\"og:image\" content=\"https:\/\/staging.lucky-hunter.com\/wp-content\/uploads\/2018\/06\/jh-82-1.png\" \/>\n\t<meta property=\"og:image:width\" content=\"1000\" \/>\n\t<meta property=\"og:image:height\" content=\"1000\" \/>\n\t<meta property=\"og:image:type\" content=\"image\/png\" \/>\n<meta name=\"twitter:card\" content=\"summary_large_image\" \/>\n<meta name=\"twitter:title\" content=\"Accessoires pour le lanceur de mannequins Thunder | Lucky Hunter\" \/>\n<meta name=\"twitter:description\" content=\"Rendez votre dressage de chien amusant et excitant. Mannequins pour lanceur Thunder ajoute du plaisir suppl\u00e9mentaire \u00e0 l&#039;entra\u00eenement de votre chien avec votre Thunder Dummy Launcher.\" \/>\n<meta name=\"twitter:label1\" content=\"Dur\u00e9e de lecture estim\u00e9e\" \/>\n\t<meta name=\"twitter:data1\" content=\"1 minute\" \/>\n<script type=\"application\/ld+json\" class=\"yoast-schema-graph\">{\"@context\":\"https:\/\/schema.org\",\"@graph\":[{\"@type\":\"WebPage\",\"@id\":\"https:\/\/staging.lucky-hunter.com\/fr\/product\/mannequins-pour-lanceur-thunder\/\",\"url\":\"https:\/\/staging.lucky-hunter.com\/fr\/product\/mannequins-pour-lanceur-thunder\/\",\"name\":\"Mannequins pour lanceur Thunder | Lucky Hunter\",\"isPartOf\":{\"@id\":\"https:\/\/staging.lucky-hunter.com\/#website\"},\"primaryImageOfPage\":{\"@id\":\"https:\/\/staging.lucky-hunter.com\/fr\/product\/mannequins-pour-lanceur-thunder\/#primaryimage\"},\"image\":{\"@id\":\"https:\/\/staging.lucky-hunter.com\/fr\/product\/mannequins-pour-lanceur-thunder\/#primaryimage\"},\"thumbnailUrl\":\"https:\/\/staging.lucky-hunter.com\/wp-content\/uploads\/2018\/06\/jh-82-1.png\",\"datePublished\":\"2018-05-15T09:44:37+00:00\",\"dateModified\":\"2025-07-01T09:40:22+00:00\",\"description\":\"Mannequin pour lanceur Thunder ajoute du plaisir suppl\u00e9mentaire \u00e0 l'entra\u00eenement de votre chien avec votre Thunder Dummy Launcher.\",\"breadcrumb\":{\"@id\":\"https:\/\/staging.lucky-hunter.com\/fr\/product\/mannequins-pour-lanceur-thunder\/#breadcrumb\"},\"inLanguage\":\"fr-FR\",\"potentialAction\":[{\"@type\":\"ReadAction\",\"target\":[\"https:\/\/staging.lucky-hunter.com\/fr\/product\/mannequins-pour-lanceur-thunder\/\"]}]},{\"@type\":\"ImageObject\",\"inLanguage\":\"fr-FR\",\"@id\":\"https:\/\/staging.lucky-hunter.com\/fr\/product\/mannequins-pour-lanceur-thunder\/#primaryimage\",\"url\":\"https:\/\/staging.lucky-hunter.com\/wp-content\/uploads\/2018\/06\/jh-82-1.png\",\"contentUrl\":\"https:\/\/staging.lucky-hunter.com\/wp-content\/uploads\/2018\/06\/jh-82-1.png\",\"width\":1000,\"height\":1000},{\"@type\":\"BreadcrumbList\",\"@id\":\"https:\/\/staging.lucky-hunter.com\/fr\/product\/mannequins-pour-lanceur-thunder\/#breadcrumb\",\"itemListElement\":[{\"@type\":\"ListItem\",\"position\":1,\"name\":\"Home\",\"item\":\"https:\/\/staging.lucky-hunter.com\/fr\/\"},{\"@type\":\"ListItem\",\"position\":2,\"name\":\"Boutique\",\"item\":\"https:\/\/staging.lucky-hunter.com\/fr\/shop\/\"},{\"@type\":\"ListItem\",\"position\":3,\"name\":\"Mannequin pour lanceur Thunder\"}]},{\"@type\":\"WebSite\",\"@id\":\"https:\/\/staging.lucky-hunter.com\/#website\",\"url\":\"https:\/\/staging.lucky-hunter.com\/\",\"name\":\"Lucky-Hunter\",\"description\":\"Gear Up or Give Up\",\"potentialAction\":[{\"@type\":\"SearchAction\",\"target\":{\"@type\":\"EntryPoint\",\"urlTemplate\":\"https:\/\/staging.lucky-hunter.com\/?s={search_term_string}\"},\"query-input\":{\"@type\":\"PropertyValueSpecification\",\"valueRequired\":true,\"valueName\":\"search_term_string\"}}],\"inLanguage\":\"fr-FR\"}]}<\/script>\n<!-- \/ Yoast SEO plugin. -->","yoast_head_json":{"title":"Mannequins pour lanceur Thunder | Lucky Hunter","description":"Mannequin pour lanceur Thunder ajoute du plaisir suppl\u00e9mentaire \u00e0 l'entra\u00eenement de votre chien avec votre Thunder Dummy Launcher.","robots":{"index":"noindex","follow":"follow","max-snippet":"max-snippet:-1","max-image-preview":"max-image-preview:large","max-video-preview":"max-video-preview:-1"},"og_locale":"fr_FR","og_type":"article","og_title":"Mannequins pour lanceur Thunder | Lucky Hunter","og_description":"Rendez votre dressage de chien amusant et excitant. Mannequins pour lanceur Thunder ajoute du plaisir suppl\u00e9mentaire \u00e0 l'entra\u00eenement de votre chien avec votre Thunder Dummy Launcher.","og_url":"https:\/\/staging.lucky-hunter.com\/fr\/product\/mannequins-pour-lanceur-thunder\/","og_site_name":"Lucky-Hunter","article_modified_time":"2025-07-01T09:40:22+00:00","og_image":[{"width":1000,"height":1000,"url":"https:\/\/staging.lucky-hunter.com\/wp-content\/uploads\/2018\/06\/jh-82-1.png","type":"image\/png"}],"twitter_card":"summary_large_image","twitter_title":"Accessoires pour le lanceur de mannequins Thunder | Lucky Hunter","twitter_description":"Rendez votre dressage de chien amusant et excitant. Mannequins pour lanceur Thunder ajoute du plaisir suppl\u00e9mentaire \u00e0 l'entra\u00eenement de votre chien avec votre Thunder Dummy Launcher.","twitter_misc":{"Dur\u00e9e de lecture estim\u00e9e":"1 minute"},"schema":{"@context":"https:\/\/schema.org","@graph":[{"@type":"WebPage","@id":"https:\/\/staging.lucky-hunter.com\/fr\/product\/mannequins-pour-lanceur-thunder\/","url":"https:\/\/staging.lucky-hunter.com\/fr\/product\/mannequins-pour-lanceur-thunder\/","name":"Mannequins pour lanceur Thunder | Lucky Hunter","isPartOf":{"@id":"https:\/\/staging.lucky-hunter.com\/#website"},"primaryImageOfPage":{"@id":"https:\/\/staging.lucky-hunter.com\/fr\/product\/mannequins-pour-lanceur-thunder\/#primaryimage"},"image":{"@id":"https:\/\/staging.lucky-hunter.com\/fr\/product\/mannequins-pour-lanceur-thunder\/#primaryimage"},"thumbnailUrl":"https:\/\/staging.lucky-hunter.com\/wp-content\/uploads\/2018\/06\/jh-82-1.png","datePublished":"2018-05-15T09:44:37+00:00","dateModified":"2025-07-01T09:40:22+00:00","description":"Mannequin pour lanceur Thunder ajoute du plaisir suppl\u00e9mentaire \u00e0 l'entra\u00eenement de votre chien avec votre Thunder Dummy Launcher.","breadcrumb":{"@id":"https:\/\/staging.lucky-hunter.com\/fr\/product\/mannequins-pour-lanceur-thunder\/#breadcrumb"},"inLanguage":"fr-FR","potentialAction":[{"@type":"ReadAction","target":["https:\/\/staging.lucky-hunter.com\/fr\/product\/mannequins-pour-lanceur-thunder\/"]}]},{"@type":"ImageObject","inLanguage":"fr-FR","@id":"https:\/\/staging.lucky-hunter.com\/fr\/product\/mannequins-pour-lanceur-thunder\/#primaryimage","url":"https:\/\/staging.lucky-hunter.com\/wp-content\/uploads\/2018\/06\/jh-82-1.png","contentUrl":"https:\/\/staging.lucky-hunter.com\/wp-content\/uploads\/2018\/06\/jh-82-1.png","width":1000,"height":1000},{"@type":"BreadcrumbList","@id":"https:\/\/staging.lucky-hunter.com\/fr\/product\/mannequins-pour-lanceur-thunder\/#breadcrumb","itemListElement":[{"@type":"ListItem","position":1,"name":"Home","item":"https:\/\/staging.lucky-hunter.com\/fr\/"},{"@type":"ListItem","position":2,"name":"Boutique","item":"https:\/\/staging.lucky-hunter.com\/fr\/shop\/"},{"@type":"ListItem","position":3,"name":"Mannequin pour lanceur Thunder"}]},{"@type":"WebSite","@id":"https:\/\/staging.lucky-hunter.com\/#website","url":"https:\/\/staging.lucky-hunter.com\/","name":"Lucky-Hunter","description":"Gear Up or Give Up","potentialAction":[{"@type":"SearchAction","target":{"@type":"EntryPoint","urlTemplate":"https:\/\/staging.lucky-hunter.com\/?s={search_term_string}"},"query-input":{"@type":"PropertyValueSpecification","valueRequired":true,"valueName":"search_term_string"}}],"inLanguage":"fr-FR"}]}},"_links":{"self":[{"href":"https:\/\/staging.lucky-hunter.com\/fr\/wp-json\/wp\/v2\/product\/35360"}],"collection":[{"href":"https:\/\/staging.lucky-hunter.com\/fr\/wp-json\/wp\/v2\/product"}],"about":[{"href":"https:\/\/staging.lucky-hunter.com\/fr\/wp-json\/wp\/v2\/types\/product"}],"wp:featuredmedia":[{"embeddable":true,"href":"https:\/\/staging.lucky-hunter.com\/fr\/wp-json\/wp\/v2\/media\/29841"}],"wp:attachment":[{"href":"https:\/\/staging.lucky-hunter.com\/fr\/wp-json\/wp\/v2\/media?parent=35360"}],"wp:term":[{"taxonomy":"product_brand","embeddable":true,"href":"https:\/\/staging.lucky-hunter.com\/fr\/wp-json\/wp\/v2\/product_brand?post=35360"},{"taxonomy":"product_cat","embeddable":true,"href":"https:\/\/staging.lucky-hunter.com\/fr\/wp-json\/wp\/v2\/product_cat?post=35360"},{"taxonomy":"product_tag","embeddable":true,"href":"https:\/\/staging.lucky-hunter.com\/fr\/wp-json\/wp\/v2\/product_tag?post=35360"}],"curies":[{"name":"wp","href":"https:\/\/api.w.org\/{rel}","templated":true}]}}