{"id":35359,"date":"2018-05-24T14:47:45","date_gmt":"2018-05-24T12:47:45","guid":{"rendered":"https:\/\/staging.lucky-hunter.com\/product\/mannequin-orange-en-toile-rrt\/"},"modified":"2025-07-01T11:10:28","modified_gmt":"2025-07-01T09:10:28","slug":"nequin-orange-pour-rrt-entrainement-canin-professionnel","status":"publish","type":"product","link":"https:\/\/staging.lucky-hunter.com\/fr\/product\/nequin-orange-pour-rrt-entrainement-canin-professionnel\/","title":{"rendered":"Mannequin orange pour RRT lanceur &#8211; 1 pi\u00e8ce"},"content":{"rendered":"<h2><strong>Mannequin orange pour RRT &#8211; Entra\u00eenement canin professionnel avec votre chien de chasse<\/strong><\/h2>\n<p>Mannequin en toile avec \u00ab\u00a0queue\u00a0\u00bb par la marque am\u00e9ricaine Retriev-R Trainer, fabriqu\u00e9 en tissu Cordura durable et r\u00e9sistant \u00e0 l&#8217;eau et \u00e0 la salet\u00e9.<\/p>\n<p>Avec des inserts en aluminium pour un recul diminu\u00e9 et pour neutraliser la rouille.<\/p>\n<p>Convient au RRT Lucky Launcher II et au lanceur de mannequins portable RRT.<\/p>\n<p>Longueur env. 24,50 cm<\/p>\n<p>Largeur env. 7,5 cm.<\/p>\n<p>Couleur: Un mannequin ne fonctionne pas correctement s&#8217;il est sale.<\/p>\n<p>Fourni 1 pi\u00e8ce<\/p>\n<p>Nous vous recommandons donc de s\u00e9cher et de nettoyer le mannequin lorsque vous rentrez chez vous apr\u00e8s l&#8217;entra\u00eenement du chien. &#8211;<\/p>\n<p>&#8211;<\/p>\n<p>Depuis 1965, des propri\u00e9taires de chiens professionnels et amateurs du monde entier utilisent les \u00e9quipements d&#8217;entra\u00eenement de la marque am\u00e9ricaine Retriev-R-Trainer.<\/p>\n<p>Tous les \u00e9quipements sont con\u00e7us et fabriqu\u00e9s aux \u00c9tats-Unis.<\/p>\n","protected":false},"excerpt":{"rendered":"<p>Mannequin en toile avec \u00ab queue \u00bb par la marque am\u00e9ricaine Retriev-R Trainer, fabriqu\u00e9 en tissu Cordura durable et r\u00e9sistant \u00e0 l&#8217;eau et \u00e0 la salet\u00e9.<\/p>\n","protected":false},"featured_media":30606,"template":"","meta":[],"product_brand":[8223],"product_cat":[8188],"product_tag":[],"yoast_head":"<!-- This site is optimized with the Yoast SEO plugin v24.3 - https:\/\/yoast.com\/wordpress\/plugins\/seo\/ -->\n<title>Mannequin orange pour RRT - Entra\u00eenement canin professionnel | Lucky Hunter<\/title>\n<meta name=\"description\" content=\"Mannequin en toile avec \u00ab\u00a0queue\u00a0\u00bb par la marque am\u00e9ricaine Retriev-R Trainer, fabriqu\u00e9 en tissu Cordura durable et r\u00e9sistant \u00e0 l&#039;eau et \u00e0 la salet\u00e9.\" \/>\n<meta name=\"robots\" content=\"noindex, follow, max-snippet:-1, max-image-preview:large, max-video-preview:-1\" \/>\n<meta property=\"og:locale\" content=\"fr_FR\" \/>\n<meta property=\"og:type\" content=\"article\" \/>\n<meta property=\"og:title\" content=\"Mannequin orange pour RRT - Entra\u00eenement canin professionnel | Lucky Hunter\" \/>\n<meta property=\"og:description\" content=\"Am\u00e9liorez votre formation. Mannequin orange en toile RRT est parfait pour le dressage de votre chien. Le tissu est r\u00e9sistant \u00e0 l&#039;eau et \u00e0 la salet\u00e9 et dure longtemps.\" \/>\n<meta property=\"og:url\" content=\"https:\/\/staging.lucky-hunter.com\/fr\/product\/nequin-orange-pour-rrt-entrainement-canin-professionnel\/\" \/>\n<meta property=\"og:site_name\" content=\"Lucky-Hunter\" \/>\n<meta property=\"article:modified_time\" content=\"2025-07-01T09:10:28+00:00\" \/>\n<meta property=\"og:image\" content=\"https:\/\/staging.lucky-hunter.com\/wp-content\/uploads\/2018\/05\/JH-130.png.webp\" \/>\n\t<meta property=\"og:image:width\" content=\"1000\" \/>\n\t<meta property=\"og:image:height\" content=\"1000\" \/>\n\t<meta property=\"og:image:type\" content=\"image\/webp\" \/>\n<meta name=\"twitter:card\" content=\"summary_large_image\" \/>\n<meta name=\"twitter:title\" content=\"Mannequin orange en toile RRT - Entra\u00eenement canin professionnel | Lucky Hunter\" \/>\n<meta name=\"twitter:description\" content=\"Am\u00e9liorez votre formation. Mannequin orange en toile RRT est parfait pour le dressage de votre chien. Le tissu est r\u00e9sistant \u00e0 l&#039;eau et \u00e0 la salet\u00e9 et dure longtemps.\" \/>\n<meta name=\"twitter:label1\" content=\"Dur\u00e9e de lecture estim\u00e9e\" \/>\n\t<meta name=\"twitter:data1\" content=\"1 minute\" \/>\n<script type=\"application\/ld+json\" class=\"yoast-schema-graph\">{\"@context\":\"https:\/\/schema.org\",\"@graph\":[{\"@type\":\"WebPage\",\"@id\":\"https:\/\/staging.lucky-hunter.com\/fr\/product\/nequin-orange-pour-rrt-entrainement-canin-professionnel\/\",\"url\":\"https:\/\/staging.lucky-hunter.com\/fr\/product\/nequin-orange-pour-rrt-entrainement-canin-professionnel\/\",\"name\":\"Mannequin orange pour RRT - Entra\u00eenement canin professionnel | Lucky Hunter\",\"isPartOf\":{\"@id\":\"https:\/\/staging.lucky-hunter.com\/#website\"},\"primaryImageOfPage\":{\"@id\":\"https:\/\/staging.lucky-hunter.com\/fr\/product\/nequin-orange-pour-rrt-entrainement-canin-professionnel\/#primaryimage\"},\"image\":{\"@id\":\"https:\/\/staging.lucky-hunter.com\/fr\/product\/nequin-orange-pour-rrt-entrainement-canin-professionnel\/#primaryimage\"},\"thumbnailUrl\":\"https:\/\/staging.lucky-hunter.com\/wp-content\/uploads\/2018\/05\/JH-130.png.webp\",\"datePublished\":\"2018-05-24T12:47:45+00:00\",\"dateModified\":\"2025-07-01T09:10:28+00:00\",\"description\":\"Mannequin en toile avec \u00ab\u00a0queue\u00a0\u00bb par la marque am\u00e9ricaine Retriev-R Trainer, fabriqu\u00e9 en tissu Cordura durable et r\u00e9sistant \u00e0 l'eau et \u00e0 la salet\u00e9.\",\"breadcrumb\":{\"@id\":\"https:\/\/staging.lucky-hunter.com\/fr\/product\/nequin-orange-pour-rrt-entrainement-canin-professionnel\/#breadcrumb\"},\"inLanguage\":\"fr-FR\",\"potentialAction\":[{\"@type\":\"ReadAction\",\"target\":[\"https:\/\/staging.lucky-hunter.com\/fr\/product\/nequin-orange-pour-rrt-entrainement-canin-professionnel\/\"]}]},{\"@type\":\"ImageObject\",\"inLanguage\":\"fr-FR\",\"@id\":\"https:\/\/staging.lucky-hunter.com\/fr\/product\/nequin-orange-pour-rrt-entrainement-canin-professionnel\/#primaryimage\",\"url\":\"https:\/\/staging.lucky-hunter.com\/wp-content\/uploads\/2018\/05\/JH-130.png.webp\",\"contentUrl\":\"https:\/\/staging.lucky-hunter.com\/wp-content\/uploads\/2018\/05\/JH-130.png.webp\",\"width\":1000,\"height\":1000},{\"@type\":\"BreadcrumbList\",\"@id\":\"https:\/\/staging.lucky-hunter.com\/fr\/product\/nequin-orange-pour-rrt-entrainement-canin-professionnel\/#breadcrumb\",\"itemListElement\":[{\"@type\":\"ListItem\",\"position\":1,\"name\":\"Home\",\"item\":\"https:\/\/staging.lucky-hunter.com\/fr\/\"},{\"@type\":\"ListItem\",\"position\":2,\"name\":\"Boutique\",\"item\":\"https:\/\/staging.lucky-hunter.com\/fr\/shop\/\"},{\"@type\":\"ListItem\",\"position\":3,\"name\":\"Mannequin orange pour RRT lanceur &#8211; 1 pi\u00e8ce\"}]},{\"@type\":\"WebSite\",\"@id\":\"https:\/\/staging.lucky-hunter.com\/#website\",\"url\":\"https:\/\/staging.lucky-hunter.com\/\",\"name\":\"Lucky-Hunter\",\"description\":\"Gear Up or Give Up\",\"potentialAction\":[{\"@type\":\"SearchAction\",\"target\":{\"@type\":\"EntryPoint\",\"urlTemplate\":\"https:\/\/staging.lucky-hunter.com\/?s={search_term_string}\"},\"query-input\":{\"@type\":\"PropertyValueSpecification\",\"valueRequired\":true,\"valueName\":\"search_term_string\"}}],\"inLanguage\":\"fr-FR\"}]}<\/script>\n<!-- \/ Yoast SEO plugin. -->","yoast_head_json":{"title":"Mannequin orange pour RRT - Entra\u00eenement canin professionnel | Lucky Hunter","description":"Mannequin en toile avec \u00ab\u00a0queue\u00a0\u00bb par la marque am\u00e9ricaine Retriev-R Trainer, fabriqu\u00e9 en tissu Cordura durable et r\u00e9sistant \u00e0 l'eau et \u00e0 la salet\u00e9.","robots":{"index":"noindex","follow":"follow","max-snippet":"max-snippet:-1","max-image-preview":"max-image-preview:large","max-video-preview":"max-video-preview:-1"},"og_locale":"fr_FR","og_type":"article","og_title":"Mannequin orange pour RRT - Entra\u00eenement canin professionnel | Lucky Hunter","og_description":"Am\u00e9liorez votre formation. Mannequin orange en toile RRT est parfait pour le dressage de votre chien. Le tissu est r\u00e9sistant \u00e0 l'eau et \u00e0 la salet\u00e9 et dure longtemps.","og_url":"https:\/\/staging.lucky-hunter.com\/fr\/product\/nequin-orange-pour-rrt-entrainement-canin-professionnel\/","og_site_name":"Lucky-Hunter","article_modified_time":"2025-07-01T09:10:28+00:00","og_image":[{"width":1000,"height":1000,"url":"https:\/\/staging.lucky-hunter.com\/wp-content\/uploads\/2018\/05\/JH-130.png.webp","type":"image\/webp"}],"twitter_card":"summary_large_image","twitter_title":"Mannequin orange en toile RRT - Entra\u00eenement canin professionnel | Lucky Hunter","twitter_description":"Am\u00e9liorez votre formation. Mannequin orange en toile RRT est parfait pour le dressage de votre chien. Le tissu est r\u00e9sistant \u00e0 l'eau et \u00e0 la salet\u00e9 et dure longtemps.","twitter_misc":{"Dur\u00e9e de lecture estim\u00e9e":"1 minute"},"schema":{"@context":"https:\/\/schema.org","@graph":[{"@type":"WebPage","@id":"https:\/\/staging.lucky-hunter.com\/fr\/product\/nequin-orange-pour-rrt-entrainement-canin-professionnel\/","url":"https:\/\/staging.lucky-hunter.com\/fr\/product\/nequin-orange-pour-rrt-entrainement-canin-professionnel\/","name":"Mannequin orange pour RRT - Entra\u00eenement canin professionnel | Lucky Hunter","isPartOf":{"@id":"https:\/\/staging.lucky-hunter.com\/#website"},"primaryImageOfPage":{"@id":"https:\/\/staging.lucky-hunter.com\/fr\/product\/nequin-orange-pour-rrt-entrainement-canin-professionnel\/#primaryimage"},"image":{"@id":"https:\/\/staging.lucky-hunter.com\/fr\/product\/nequin-orange-pour-rrt-entrainement-canin-professionnel\/#primaryimage"},"thumbnailUrl":"https:\/\/staging.lucky-hunter.com\/wp-content\/uploads\/2018\/05\/JH-130.png.webp","datePublished":"2018-05-24T12:47:45+00:00","dateModified":"2025-07-01T09:10:28+00:00","description":"Mannequin en toile avec \u00ab\u00a0queue\u00a0\u00bb par la marque am\u00e9ricaine Retriev-R Trainer, fabriqu\u00e9 en tissu Cordura durable et r\u00e9sistant \u00e0 l'eau et \u00e0 la salet\u00e9.","breadcrumb":{"@id":"https:\/\/staging.lucky-hunter.com\/fr\/product\/nequin-orange-pour-rrt-entrainement-canin-professionnel\/#breadcrumb"},"inLanguage":"fr-FR","potentialAction":[{"@type":"ReadAction","target":["https:\/\/staging.lucky-hunter.com\/fr\/product\/nequin-orange-pour-rrt-entrainement-canin-professionnel\/"]}]},{"@type":"ImageObject","inLanguage":"fr-FR","@id":"https:\/\/staging.lucky-hunter.com\/fr\/product\/nequin-orange-pour-rrt-entrainement-canin-professionnel\/#primaryimage","url":"https:\/\/staging.lucky-hunter.com\/wp-content\/uploads\/2018\/05\/JH-130.png.webp","contentUrl":"https:\/\/staging.lucky-hunter.com\/wp-content\/uploads\/2018\/05\/JH-130.png.webp","width":1000,"height":1000},{"@type":"BreadcrumbList","@id":"https:\/\/staging.lucky-hunter.com\/fr\/product\/nequin-orange-pour-rrt-entrainement-canin-professionnel\/#breadcrumb","itemListElement":[{"@type":"ListItem","position":1,"name":"Home","item":"https:\/\/staging.lucky-hunter.com\/fr\/"},{"@type":"ListItem","position":2,"name":"Boutique","item":"https:\/\/staging.lucky-hunter.com\/fr\/shop\/"},{"@type":"ListItem","position":3,"name":"Mannequin orange pour RRT lanceur &#8211; 1 pi\u00e8ce"}]},{"@type":"WebSite","@id":"https:\/\/staging.lucky-hunter.com\/#website","url":"https:\/\/staging.lucky-hunter.com\/","name":"Lucky-Hunter","description":"Gear Up or Give Up","potentialAction":[{"@type":"SearchAction","target":{"@type":"EntryPoint","urlTemplate":"https:\/\/staging.lucky-hunter.com\/?s={search_term_string}"},"query-input":{"@type":"PropertyValueSpecification","valueRequired":true,"valueName":"search_term_string"}}],"inLanguage":"fr-FR"}]}},"_links":{"self":[{"href":"https:\/\/staging.lucky-hunter.com\/fr\/wp-json\/wp\/v2\/product\/35359"}],"collection":[{"href":"https:\/\/staging.lucky-hunter.com\/fr\/wp-json\/wp\/v2\/product"}],"about":[{"href":"https:\/\/staging.lucky-hunter.com\/fr\/wp-json\/wp\/v2\/types\/product"}],"wp:featuredmedia":[{"embeddable":true,"href":"https:\/\/staging.lucky-hunter.com\/fr\/wp-json\/wp\/v2\/media\/30606"}],"wp:attachment":[{"href":"https:\/\/staging.lucky-hunter.com\/fr\/wp-json\/wp\/v2\/media?parent=35359"}],"wp:term":[{"taxonomy":"product_brand","embeddable":true,"href":"https:\/\/staging.lucky-hunter.com\/fr\/wp-json\/wp\/v2\/product_brand?post=35359"},{"taxonomy":"product_cat","embeddable":true,"href":"https:\/\/staging.lucky-hunter.com\/fr\/wp-json\/wp\/v2\/product_cat?post=35359"},{"taxonomy":"product_tag","embeddable":true,"href":"https:\/\/staging.lucky-hunter.com\/fr\/wp-json\/wp\/v2\/product_tag?post=35359"}],"curies":[{"name":"wp","href":"https:\/\/api.w.org\/{rel}","templated":true}]}}