{"id":35356,"date":"2018-05-24T13:05:44","date_gmt":"2018-05-24T11:05:44","guid":{"rendered":"https:\/\/staging.lucky-hunter.com\/product\/kit-de-nettoyage-rrt\/"},"modified":"2025-07-01T11:16:14","modified_gmt":"2025-07-01T09:16:14","slug":"kit-de-nettoyage-pour-rrt","status":"publish","type":"product","link":"https:\/\/staging.lucky-hunter.com\/fr\/product\/kit-de-nettoyage-pour-rrt\/","title":{"rendered":"Kit de nettoyage pour RRT"},"content":{"rendered":"<h1><strong>Kit de nettoyage RRT &#8211; Gardez vos lanceurs de mannequins Retriev-R propres et pr\u00eats \u00e0 l&#8217;emploi<\/strong><\/h1>\n<p>Avec ce kit de nettoyage Retriev-R-Trainer, vous aurez tous les outils n\u00e9cessaires pour le nettoyage et l&#8217;entretien de votre lanceur de mannequins RRT.<\/p>\n<p>Garder votre lanceur et vos accessoires propres aidera \u00e0 prolonger la dur\u00e9e de vie de vos produits : de quoi tirer le meilleur parti de votre temps d\u2019entra\u00eenement.<\/p>\n<p><strong>Le kit de nettoyage contient :<\/strong><\/p>\n<ul>\n<li>Liquide de nettoyage, de lubrification et de conservation<\/li>\n<li>Brosse m\u00e9tallique<\/li>\n<li>B\u00e2tonnets en coton<\/li>\n<li>2 joints toriques suppl\u00e9mentaires<\/li>\n<li>Boite en plastique.<\/li>\n<\/ul>\n<p>Depuis 1965, des propri\u00e9taires de chiens professionnels et amateurs du monde entier utilisent les \u00e9quipements d&#8217;entra\u00eenement de la marque am\u00e9ricaine Retriev-R-Trainer.<\/p>\n<p>Tous les \u00e9quipements sont con\u00e7us et fabriqu\u00e9s aux \u00c9tats-Unis.<\/p>\n","protected":false},"excerpt":{"rendered":"<p>Avec ce kit de nettoyage Retriev-R-Trainer, vous aurez tous les outils n\u00e9cessaires pour le nettoyage et l&#8217;entretien de votre lanceur de mannequins RRT.<\/p>\n","protected":false},"featured_media":29942,"template":"","meta":[],"product_brand":[8223],"product_cat":[8188],"product_tag":[],"yoast_head":"<!-- This site is optimized with the Yoast SEO plugin v24.3 - https:\/\/yoast.com\/wordpress\/plugins\/seo\/ -->\n<title>Kit de nettoyage RRT - Nettoyez votre \u00e9quipement d&#039;entra\u00eenement<\/title>\n<meta name=\"description\" content=\"Gardez votre lanceur factice propre. Kit de nettoyage RRT - Gardez vos lanceurs de mannequins Retriev-R propres et pr\u00eats \u00e0 l&#039;emploi \u00e0 chaque fois.\" \/>\n<meta name=\"robots\" content=\"noindex, follow, max-snippet:-1, max-image-preview:large, max-video-preview:-1\" \/>\n<meta property=\"og:locale\" content=\"fr_FR\" \/>\n<meta property=\"og:type\" content=\"article\" \/>\n<meta property=\"og:title\" content=\"Kit de nettoyage RRT - Nettoyez votre \u00e9quipement d&#039;entra\u00eenement\" \/>\n<meta property=\"og:description\" content=\"Gardez votre lanceur factice propre. Kit de nettoyage RRT - Gardez vos lanceurs de mannequins Retriev-R propres et pr\u00eats \u00e0 l&#039;emploi \u00e0 chaque fois.\" \/>\n<meta property=\"og:url\" content=\"https:\/\/staging.lucky-hunter.com\/product\/retriev-r-trainer-cleaning-kit\/\" \/>\n<meta property=\"og:site_name\" content=\"Lucky-Hunter\" \/>\n<meta property=\"article:modified_time\" content=\"2025-07-01T09:16:14+00:00\" \/>\n<meta property=\"og:image\" content=\"https:\/\/staging.lucky-hunter.com\/wp-content\/uploads\/2018\/05\/JH-115-2019.png\" \/>\n\t<meta property=\"og:image:width\" content=\"1000\" \/>\n\t<meta property=\"og:image:height\" content=\"1000\" \/>\n\t<meta property=\"og:image:type\" content=\"image\/png\" \/>\n<meta name=\"twitter:card\" content=\"summary_large_image\" \/>\n<meta name=\"twitter:title\" content=\"Kit de nettoyage RRT - Nettoyez votre \u00e9quipement d&#039;entra\u00eenement | Lucky Hunter\" \/>\n<meta name=\"twitter:description\" content=\"Gardez votre lanceur factice propre. Kit de nettoyage RRT - Gardez vos lanceurs de mannequins Retriev-R propres et pr\u00eats \u00e0 l&#039;emploi \u00e0 chaque fois.\" \/>\n<meta name=\"twitter:label1\" content=\"Dur\u00e9e de lecture estim\u00e9e\" \/>\n\t<meta name=\"twitter:data1\" content=\"1 minute\" \/>\n<script type=\"application\/ld+json\" class=\"yoast-schema-graph\">{\"@context\":\"https:\/\/schema.org\",\"@graph\":[{\"@type\":\"WebPage\",\"@id\":\"https:\/\/staging.lucky-hunter.com\/product\/retriev-r-trainer-cleaning-kit\/\",\"url\":\"https:\/\/staging.lucky-hunter.com\/product\/retriev-r-trainer-cleaning-kit\/\",\"name\":\"Kit de nettoyage RRT - Nettoyez votre \u00e9quipement d'entra\u00eenement\",\"isPartOf\":{\"@id\":\"https:\/\/staging.lucky-hunter.com\/#website\"},\"primaryImageOfPage\":{\"@id\":\"https:\/\/staging.lucky-hunter.com\/product\/retriev-r-trainer-cleaning-kit\/#primaryimage\"},\"image\":{\"@id\":\"https:\/\/staging.lucky-hunter.com\/product\/retriev-r-trainer-cleaning-kit\/#primaryimage\"},\"thumbnailUrl\":\"https:\/\/staging.lucky-hunter.com\/wp-content\/uploads\/2018\/05\/JH-115-2019.png\",\"datePublished\":\"2018-05-24T11:05:44+00:00\",\"dateModified\":\"2025-07-01T09:16:14+00:00\",\"description\":\"Gardez votre lanceur factice propre. Kit de nettoyage RRT - Gardez vos lanceurs de mannequins Retriev-R propres et pr\u00eats \u00e0 l'emploi \u00e0 chaque fois.\",\"breadcrumb\":{\"@id\":\"https:\/\/staging.lucky-hunter.com\/product\/retriev-r-trainer-cleaning-kit\/#breadcrumb\"},\"inLanguage\":\"fr-FR\",\"potentialAction\":[{\"@type\":\"ReadAction\",\"target\":[\"https:\/\/staging.lucky-hunter.com\/product\/retriev-r-trainer-cleaning-kit\/\"]}]},{\"@type\":\"ImageObject\",\"inLanguage\":\"fr-FR\",\"@id\":\"https:\/\/staging.lucky-hunter.com\/product\/retriev-r-trainer-cleaning-kit\/#primaryimage\",\"url\":\"https:\/\/staging.lucky-hunter.com\/wp-content\/uploads\/2018\/05\/JH-115-2019.png\",\"contentUrl\":\"https:\/\/staging.lucky-hunter.com\/wp-content\/uploads\/2018\/05\/JH-115-2019.png\",\"width\":1000,\"height\":1000},{\"@type\":\"BreadcrumbList\",\"@id\":\"https:\/\/staging.lucky-hunter.com\/product\/retriev-r-trainer-cleaning-kit\/#breadcrumb\",\"itemListElement\":[{\"@type\":\"ListItem\",\"position\":1,\"name\":\"Home\",\"item\":\"https:\/\/staging.lucky-hunter.com\/fr\/\"},{\"@type\":\"ListItem\",\"position\":2,\"name\":\"Boutique\",\"item\":\"https:\/\/staging.lucky-hunter.com\/fr\/shop\/\"},{\"@type\":\"ListItem\",\"position\":3,\"name\":\"Kit de nettoyage pour RRT\"}]},{\"@type\":\"WebSite\",\"@id\":\"https:\/\/staging.lucky-hunter.com\/#website\",\"url\":\"https:\/\/staging.lucky-hunter.com\/\",\"name\":\"Lucky-Hunter\",\"description\":\"Gear Up or Give Up\",\"potentialAction\":[{\"@type\":\"SearchAction\",\"target\":{\"@type\":\"EntryPoint\",\"urlTemplate\":\"https:\/\/staging.lucky-hunter.com\/?s={search_term_string}\"},\"query-input\":{\"@type\":\"PropertyValueSpecification\",\"valueRequired\":true,\"valueName\":\"search_term_string\"}}],\"inLanguage\":\"fr-FR\"}]}<\/script>\n<!-- \/ Yoast SEO plugin. -->","yoast_head_json":{"title":"Kit de nettoyage RRT - Nettoyez votre \u00e9quipement d'entra\u00eenement","description":"Gardez votre lanceur factice propre. Kit de nettoyage RRT - Gardez vos lanceurs de mannequins Retriev-R propres et pr\u00eats \u00e0 l'emploi \u00e0 chaque fois.","robots":{"index":"noindex","follow":"follow","max-snippet":"max-snippet:-1","max-image-preview":"max-image-preview:large","max-video-preview":"max-video-preview:-1"},"og_locale":"fr_FR","og_type":"article","og_title":"Kit de nettoyage RRT - Nettoyez votre \u00e9quipement d'entra\u00eenement","og_description":"Gardez votre lanceur factice propre. Kit de nettoyage RRT - Gardez vos lanceurs de mannequins Retriev-R propres et pr\u00eats \u00e0 l'emploi \u00e0 chaque fois.","og_url":"https:\/\/staging.lucky-hunter.com\/product\/retriev-r-trainer-cleaning-kit\/","og_site_name":"Lucky-Hunter","article_modified_time":"2025-07-01T09:16:14+00:00","og_image":[{"width":1000,"height":1000,"url":"https:\/\/staging.lucky-hunter.com\/wp-content\/uploads\/2018\/05\/JH-115-2019.png","type":"image\/png"}],"twitter_card":"summary_large_image","twitter_title":"Kit de nettoyage RRT - Nettoyez votre \u00e9quipement d'entra\u00eenement | Lucky Hunter","twitter_description":"Gardez votre lanceur factice propre. Kit de nettoyage RRT - Gardez vos lanceurs de mannequins Retriev-R propres et pr\u00eats \u00e0 l'emploi \u00e0 chaque fois.","twitter_misc":{"Dur\u00e9e de lecture estim\u00e9e":"1 minute"},"schema":{"@context":"https:\/\/schema.org","@graph":[{"@type":"WebPage","@id":"https:\/\/staging.lucky-hunter.com\/product\/retriev-r-trainer-cleaning-kit\/","url":"https:\/\/staging.lucky-hunter.com\/product\/retriev-r-trainer-cleaning-kit\/","name":"Kit de nettoyage RRT - Nettoyez votre \u00e9quipement d'entra\u00eenement","isPartOf":{"@id":"https:\/\/staging.lucky-hunter.com\/#website"},"primaryImageOfPage":{"@id":"https:\/\/staging.lucky-hunter.com\/product\/retriev-r-trainer-cleaning-kit\/#primaryimage"},"image":{"@id":"https:\/\/staging.lucky-hunter.com\/product\/retriev-r-trainer-cleaning-kit\/#primaryimage"},"thumbnailUrl":"https:\/\/staging.lucky-hunter.com\/wp-content\/uploads\/2018\/05\/JH-115-2019.png","datePublished":"2018-05-24T11:05:44+00:00","dateModified":"2025-07-01T09:16:14+00:00","description":"Gardez votre lanceur factice propre. Kit de nettoyage RRT - Gardez vos lanceurs de mannequins Retriev-R propres et pr\u00eats \u00e0 l'emploi \u00e0 chaque fois.","breadcrumb":{"@id":"https:\/\/staging.lucky-hunter.com\/product\/retriev-r-trainer-cleaning-kit\/#breadcrumb"},"inLanguage":"fr-FR","potentialAction":[{"@type":"ReadAction","target":["https:\/\/staging.lucky-hunter.com\/product\/retriev-r-trainer-cleaning-kit\/"]}]},{"@type":"ImageObject","inLanguage":"fr-FR","@id":"https:\/\/staging.lucky-hunter.com\/product\/retriev-r-trainer-cleaning-kit\/#primaryimage","url":"https:\/\/staging.lucky-hunter.com\/wp-content\/uploads\/2018\/05\/JH-115-2019.png","contentUrl":"https:\/\/staging.lucky-hunter.com\/wp-content\/uploads\/2018\/05\/JH-115-2019.png","width":1000,"height":1000},{"@type":"BreadcrumbList","@id":"https:\/\/staging.lucky-hunter.com\/product\/retriev-r-trainer-cleaning-kit\/#breadcrumb","itemListElement":[{"@type":"ListItem","position":1,"name":"Home","item":"https:\/\/staging.lucky-hunter.com\/fr\/"},{"@type":"ListItem","position":2,"name":"Boutique","item":"https:\/\/staging.lucky-hunter.com\/fr\/shop\/"},{"@type":"ListItem","position":3,"name":"Kit de nettoyage pour RRT"}]},{"@type":"WebSite","@id":"https:\/\/staging.lucky-hunter.com\/#website","url":"https:\/\/staging.lucky-hunter.com\/","name":"Lucky-Hunter","description":"Gear Up or Give Up","potentialAction":[{"@type":"SearchAction","target":{"@type":"EntryPoint","urlTemplate":"https:\/\/staging.lucky-hunter.com\/?s={search_term_string}"},"query-input":{"@type":"PropertyValueSpecification","valueRequired":true,"valueName":"search_term_string"}}],"inLanguage":"fr-FR"}]}},"_links":{"self":[{"href":"https:\/\/staging.lucky-hunter.com\/fr\/wp-json\/wp\/v2\/product\/35356"}],"collection":[{"href":"https:\/\/staging.lucky-hunter.com\/fr\/wp-json\/wp\/v2\/product"}],"about":[{"href":"https:\/\/staging.lucky-hunter.com\/fr\/wp-json\/wp\/v2\/types\/product"}],"wp:featuredmedia":[{"embeddable":true,"href":"https:\/\/staging.lucky-hunter.com\/fr\/wp-json\/wp\/v2\/media\/29942"}],"wp:attachment":[{"href":"https:\/\/staging.lucky-hunter.com\/fr\/wp-json\/wp\/v2\/media?parent=35356"}],"wp:term":[{"taxonomy":"product_brand","embeddable":true,"href":"https:\/\/staging.lucky-hunter.com\/fr\/wp-json\/wp\/v2\/product_brand?post=35356"},{"taxonomy":"product_cat","embeddable":true,"href":"https:\/\/staging.lucky-hunter.com\/fr\/wp-json\/wp\/v2\/product_cat?post=35356"},{"taxonomy":"product_tag","embeddable":true,"href":"https:\/\/staging.lucky-hunter.com\/fr\/wp-json\/wp\/v2\/product_tag?post=35356"}],"curies":[{"name":"wp","href":"https:\/\/api.w.org\/{rel}","templated":true}]}}