{"id":35354,"date":"2018-09-19T08:30:59","date_gmt":"2018-09-19T06:30:59","guid":{"rendered":"https:\/\/staging.lucky-hunter.com\/product\/lucky-duck-king-critter\/"},"modified":"2022-11-16T10:19:02","modified_gmt":"2022-11-16T09:19:02","slug":"lucky-duck-king-critter","status":"publish","type":"product","link":"https:\/\/staging.lucky-hunter.com\/fr\/product\/lucky-duck-king-critter\/","title":{"rendered":"Lucky Duck King Critter"},"content":{"rendered":"<div class=\"video video-fit mb\" style=\"padding-top:56.25%;\"><p><iframe title=\"King Critter from Lucky Duck\" width=\"1020\" height=\"574\" src=\"https:\/\/www.youtube.com\/embed\/bpo7kYIEYVk?wmode=transparent&amp;rel=0&amp;feature=oembed\" frameborder=\"0\" allow=\"accelerometer; autoplay; clipboard-write; encrypted-media; gyroscope; picture-in-picture\" allowfullscreen><\/iframe><\/p>\n<\/div>\n<h2><strong>Lucky Duck King Critter Predator Decoy &#8211; l\u2019outil de chasse aux pr\u00e9dateurs ultime<\/strong><\/h2>\n<p><span style=\"font-weight: 400;\">Lucky Duck King Critter propose 2 vitesses et comprend un tr\u00e9pied parfait pour tous les terrains. De quoi attirer \u00e0 coup s\u00fbr n&#8217;importe quel pr\u00e9dateur.<\/span><\/p>\n<p><span style=\"font-weight: 400;\">Le King Critter de Lucky Duck est le leurre pour pr\u00e9dateurs ultime. Dot\u00e9 d&#8217;un mouvement erratique d\u00fb au leurre magn\u00e9tique, il est con\u00e7u pour supporter des conditions extr\u00eames. Vous pouvez donc facilement l&#8217;utiliser dans de nombreux endroits.<\/span><\/p>\n<p><span style=\"font-weight: 400;\">Parce qu\u2019il attire les pr\u00e9dateurs \u00e0 diff\u00e9rentes distances, il est parfait lorsqu&#8217;il est associ\u00e9 \u00e0 un appeau pour pr\u00e9dateurs. Nous recommandons les appeaux fantastiques de Dan Thompson.<\/span><span style=\"font-weight: 400;\"><br \/>\n<\/span><\/p>\n<p><span style=\"font-weight: 400;\">Leurre \u00e0 2 vitesses \u00e9galement \u00e9quip\u00e9 d&#8217;un tr\u00e9pied parfait pour tous les terrains. Dispose d&#8217;un port de 3,5 mm, compatible avec la plupart des t\u00e9l\u00e9commandes e-caller avec fonction auxiliaire. La t\u00e9l\u00e9commande Lucky Duck est id\u00e9ale dans ce cas. <\/span><\/p>\n<p><span style=\"font-weight: 400;\">Le leurre fonctionne avec 4 piles AA (non incluses).<\/span><\/p>\n<h4>Caract\u00e9ristiques\u00a0:<\/h4>\n<ul>\n<li style=\"font-weight: 400;\"><span style=\"font-weight: 400;\">Le leurre pour pr\u00e9dateurs ultime<\/span><\/li>\n<li style=\"font-weight: 400;\"><span style=\"font-weight: 400;\">Leurre magn\u00e9tique avec deux r\u00e9glages de vitesse diff\u00e9rents<\/span><\/li>\n<li style=\"font-weight: 400;\"><span style=\"font-weight: 400;\">Comprend un tr\u00e9pied<\/span><\/li>\n<li style=\"font-weight: 400;\"><span style=\"font-weight: 400;\">Port 3,5 mm pour t\u00e9l\u00e9commandes e-caller avec fonction auxiliaire<\/span><\/li>\n<li style=\"font-weight: 400;\"><span style=\"font-weight: 400;\">Le mouvement erratique attire n&#8217;importe quel pr\u00e9dateur<\/span><\/li>\n<li style=\"font-weight: 400;\"><span style=\"font-weight: 400;\">N\u00e9cessite 4 piles AA (non incluses)<\/span><\/li>\n<\/ul>\n","protected":false},"excerpt":{"rendered":"<p>Le King Critter est le leurre pr\u00e9dateur ultime con\u00e7u pour g\u00e9rer des conditions extr\u00eames. Utilisez le King Critter avec votre appel Dan Thompson et vous avez une combinaison tr\u00e8s efficace.<\/p>\n","protected":false},"featured_media":29867,"template":"","meta":[],"product_brand":[8124],"product_cat":[8239],"product_tag":[9445],"yoast_head":"<!-- This site is optimized with the Yoast SEO plugin v24.3 - https:\/\/yoast.com\/wordpress\/plugins\/seo\/ -->\n<title>Lucky Duck King Critter Predator Decoy - l\u2019outil de chasse aux pr\u00e9dateurs ultime | Lucky Hunter<\/title>\n<meta name=\"description\" content=\"Lucky Duck King Critter propose 2 vitesses et comprend un tr\u00e9pied parfait pour tous les terrains. De quoi attirer \u00e0 coup s\u00fbr n&#039;importe quel pr\u00e9dateur.\" \/>\n<meta name=\"robots\" content=\"noindex, follow, max-snippet:-1, max-image-preview:large, max-video-preview:-1\" \/>\n<meta property=\"og:locale\" content=\"fr_FR\" \/>\n<meta property=\"og:type\" content=\"article\" \/>\n<meta property=\"og:title\" content=\"Lucky Duck King Critter Predator Decoy - l\u2019outil de chasse aux pr\u00e9dateurs ultime | Lucky Hunter\" \/>\n<meta property=\"og:description\" content=\"Lucky Duck King Critter propose 2 vitesses et comprend un tr\u00e9pied parfait pour tous les terrains. De quoi attirer \u00e0 coup s\u00fbr n&#039;importe quel pr\u00e9dateur.\" \/>\n<meta property=\"og:url\" content=\"https:\/\/staging.lucky-hunter.com\/product\/lucky-duck-king-critter\/\" \/>\n<meta property=\"og:site_name\" content=\"Lucky-Hunter\" \/>\n<meta property=\"article:modified_time\" content=\"2022-11-16T09:19:02+00:00\" \/>\n<meta property=\"og:image\" content=\"https:\/\/staging.lucky-hunter.com\/wp-content\/uploads\/2018\/09\/LF-273.png\" \/>\n\t<meta property=\"og:image:width\" content=\"1000\" \/>\n\t<meta property=\"og:image:height\" content=\"1000\" \/>\n\t<meta property=\"og:image:type\" content=\"image\/png\" \/>\n<meta name=\"twitter:card\" content=\"summary_large_image\" \/>\n<meta name=\"twitter:title\" content=\"Lucky Duck King Critter Predator Decoy - l\u2019outil de chasse aux pr\u00e9dateurs ultime | Lucky Hunter\" \/>\n<meta name=\"twitter:description\" content=\"Lucky Duck King Critter propose 2 vitesses et comprend un tr\u00e9pied parfait pour tous les terrains. De quoi attirer \u00e0 coup s\u00fbr n&#039;importe quel pr\u00e9dateur.\" \/>\n<meta name=\"twitter:label1\" content=\"Dur\u00e9e de lecture estim\u00e9e\" \/>\n\t<meta name=\"twitter:data1\" content=\"1 minute\" \/>\n<script type=\"application\/ld+json\" class=\"yoast-schema-graph\">{\"@context\":\"https:\/\/schema.org\",\"@graph\":[{\"@type\":\"WebPage\",\"@id\":\"https:\/\/staging.lucky-hunter.com\/product\/lucky-duck-king-critter\/\",\"url\":\"https:\/\/staging.lucky-hunter.com\/product\/lucky-duck-king-critter\/\",\"name\":\"Lucky Duck King Critter Predator Decoy - l\u2019outil de chasse aux pr\u00e9dateurs ultime | Lucky Hunter\",\"isPartOf\":{\"@id\":\"https:\/\/staging.lucky-hunter.com\/#website\"},\"primaryImageOfPage\":{\"@id\":\"https:\/\/staging.lucky-hunter.com\/product\/lucky-duck-king-critter\/#primaryimage\"},\"image\":{\"@id\":\"https:\/\/staging.lucky-hunter.com\/product\/lucky-duck-king-critter\/#primaryimage\"},\"thumbnailUrl\":\"https:\/\/staging.lucky-hunter.com\/wp-content\/uploads\/2018\/09\/LF-273.png\",\"datePublished\":\"2018-09-19T06:30:59+00:00\",\"dateModified\":\"2022-11-16T09:19:02+00:00\",\"description\":\"Lucky Duck King Critter propose 2 vitesses et comprend un tr\u00e9pied parfait pour tous les terrains. De quoi attirer \u00e0 coup s\u00fbr n'importe quel pr\u00e9dateur.\",\"breadcrumb\":{\"@id\":\"https:\/\/staging.lucky-hunter.com\/product\/lucky-duck-king-critter\/#breadcrumb\"},\"inLanguage\":\"fr-FR\",\"potentialAction\":[{\"@type\":\"ReadAction\",\"target\":[\"https:\/\/staging.lucky-hunter.com\/product\/lucky-duck-king-critter\/\"]}]},{\"@type\":\"ImageObject\",\"inLanguage\":\"fr-FR\",\"@id\":\"https:\/\/staging.lucky-hunter.com\/product\/lucky-duck-king-critter\/#primaryimage\",\"url\":\"https:\/\/staging.lucky-hunter.com\/wp-content\/uploads\/2018\/09\/LF-273.png\",\"contentUrl\":\"https:\/\/staging.lucky-hunter.com\/wp-content\/uploads\/2018\/09\/LF-273.png\",\"width\":1000,\"height\":1000},{\"@type\":\"BreadcrumbList\",\"@id\":\"https:\/\/staging.lucky-hunter.com\/product\/lucky-duck-king-critter\/#breadcrumb\",\"itemListElement\":[{\"@type\":\"ListItem\",\"position\":1,\"name\":\"Home\",\"item\":\"https:\/\/staging.lucky-hunter.com\/fr\/\"},{\"@type\":\"ListItem\",\"position\":2,\"name\":\"Boutique\",\"item\":\"https:\/\/staging.lucky-hunter.com\/fr\/shop\/\"},{\"@type\":\"ListItem\",\"position\":3,\"name\":\"Lucky Duck King Critter\"}]},{\"@type\":\"WebSite\",\"@id\":\"https:\/\/staging.lucky-hunter.com\/#website\",\"url\":\"https:\/\/staging.lucky-hunter.com\/\",\"name\":\"Lucky-Hunter\",\"description\":\"Gear Up or Give Up\",\"potentialAction\":[{\"@type\":\"SearchAction\",\"target\":{\"@type\":\"EntryPoint\",\"urlTemplate\":\"https:\/\/staging.lucky-hunter.com\/?s={search_term_string}\"},\"query-input\":{\"@type\":\"PropertyValueSpecification\",\"valueRequired\":true,\"valueName\":\"search_term_string\"}}],\"inLanguage\":\"fr-FR\"}]}<\/script>\n<!-- \/ Yoast SEO plugin. -->","yoast_head_json":{"title":"Lucky Duck King Critter Predator Decoy - l\u2019outil de chasse aux pr\u00e9dateurs ultime | Lucky Hunter","description":"Lucky Duck King Critter propose 2 vitesses et comprend un tr\u00e9pied parfait pour tous les terrains. De quoi attirer \u00e0 coup s\u00fbr n'importe quel pr\u00e9dateur.","robots":{"index":"noindex","follow":"follow","max-snippet":"max-snippet:-1","max-image-preview":"max-image-preview:large","max-video-preview":"max-video-preview:-1"},"og_locale":"fr_FR","og_type":"article","og_title":"Lucky Duck King Critter Predator Decoy - l\u2019outil de chasse aux pr\u00e9dateurs ultime | Lucky Hunter","og_description":"Lucky Duck King Critter propose 2 vitesses et comprend un tr\u00e9pied parfait pour tous les terrains. De quoi attirer \u00e0 coup s\u00fbr n'importe quel pr\u00e9dateur.","og_url":"https:\/\/staging.lucky-hunter.com\/product\/lucky-duck-king-critter\/","og_site_name":"Lucky-Hunter","article_modified_time":"2022-11-16T09:19:02+00:00","og_image":[{"width":1000,"height":1000,"url":"https:\/\/staging.lucky-hunter.com\/wp-content\/uploads\/2018\/09\/LF-273.png","type":"image\/png"}],"twitter_card":"summary_large_image","twitter_title":"Lucky Duck King Critter Predator Decoy - l\u2019outil de chasse aux pr\u00e9dateurs ultime | Lucky Hunter","twitter_description":"Lucky Duck King Critter propose 2 vitesses et comprend un tr\u00e9pied parfait pour tous les terrains. De quoi attirer \u00e0 coup s\u00fbr n'importe quel pr\u00e9dateur.","twitter_misc":{"Dur\u00e9e de lecture estim\u00e9e":"1 minute"},"schema":{"@context":"https:\/\/schema.org","@graph":[{"@type":"WebPage","@id":"https:\/\/staging.lucky-hunter.com\/product\/lucky-duck-king-critter\/","url":"https:\/\/staging.lucky-hunter.com\/product\/lucky-duck-king-critter\/","name":"Lucky Duck King Critter Predator Decoy - l\u2019outil de chasse aux pr\u00e9dateurs ultime | Lucky Hunter","isPartOf":{"@id":"https:\/\/staging.lucky-hunter.com\/#website"},"primaryImageOfPage":{"@id":"https:\/\/staging.lucky-hunter.com\/product\/lucky-duck-king-critter\/#primaryimage"},"image":{"@id":"https:\/\/staging.lucky-hunter.com\/product\/lucky-duck-king-critter\/#primaryimage"},"thumbnailUrl":"https:\/\/staging.lucky-hunter.com\/wp-content\/uploads\/2018\/09\/LF-273.png","datePublished":"2018-09-19T06:30:59+00:00","dateModified":"2022-11-16T09:19:02+00:00","description":"Lucky Duck King Critter propose 2 vitesses et comprend un tr\u00e9pied parfait pour tous les terrains. De quoi attirer \u00e0 coup s\u00fbr n'importe quel pr\u00e9dateur.","breadcrumb":{"@id":"https:\/\/staging.lucky-hunter.com\/product\/lucky-duck-king-critter\/#breadcrumb"},"inLanguage":"fr-FR","potentialAction":[{"@type":"ReadAction","target":["https:\/\/staging.lucky-hunter.com\/product\/lucky-duck-king-critter\/"]}]},{"@type":"ImageObject","inLanguage":"fr-FR","@id":"https:\/\/staging.lucky-hunter.com\/product\/lucky-duck-king-critter\/#primaryimage","url":"https:\/\/staging.lucky-hunter.com\/wp-content\/uploads\/2018\/09\/LF-273.png","contentUrl":"https:\/\/staging.lucky-hunter.com\/wp-content\/uploads\/2018\/09\/LF-273.png","width":1000,"height":1000},{"@type":"BreadcrumbList","@id":"https:\/\/staging.lucky-hunter.com\/product\/lucky-duck-king-critter\/#breadcrumb","itemListElement":[{"@type":"ListItem","position":1,"name":"Home","item":"https:\/\/staging.lucky-hunter.com\/fr\/"},{"@type":"ListItem","position":2,"name":"Boutique","item":"https:\/\/staging.lucky-hunter.com\/fr\/shop\/"},{"@type":"ListItem","position":3,"name":"Lucky Duck King Critter"}]},{"@type":"WebSite","@id":"https:\/\/staging.lucky-hunter.com\/#website","url":"https:\/\/staging.lucky-hunter.com\/","name":"Lucky-Hunter","description":"Gear Up or Give Up","potentialAction":[{"@type":"SearchAction","target":{"@type":"EntryPoint","urlTemplate":"https:\/\/staging.lucky-hunter.com\/?s={search_term_string}"},"query-input":{"@type":"PropertyValueSpecification","valueRequired":true,"valueName":"search_term_string"}}],"inLanguage":"fr-FR"}]}},"_links":{"self":[{"href":"https:\/\/staging.lucky-hunter.com\/fr\/wp-json\/wp\/v2\/product\/35354"}],"collection":[{"href":"https:\/\/staging.lucky-hunter.com\/fr\/wp-json\/wp\/v2\/product"}],"about":[{"href":"https:\/\/staging.lucky-hunter.com\/fr\/wp-json\/wp\/v2\/types\/product"}],"wp:featuredmedia":[{"embeddable":true,"href":"https:\/\/staging.lucky-hunter.com\/fr\/wp-json\/wp\/v2\/media\/29867"}],"wp:attachment":[{"href":"https:\/\/staging.lucky-hunter.com\/fr\/wp-json\/wp\/v2\/media?parent=35354"}],"wp:term":[{"taxonomy":"product_brand","embeddable":true,"href":"https:\/\/staging.lucky-hunter.com\/fr\/wp-json\/wp\/v2\/product_brand?post=35354"},{"taxonomy":"product_cat","embeddable":true,"href":"https:\/\/staging.lucky-hunter.com\/fr\/wp-json\/wp\/v2\/product_cat?post=35354"},{"taxonomy":"product_tag","embeddable":true,"href":"https:\/\/staging.lucky-hunter.com\/fr\/wp-json\/wp\/v2\/product_tag?post=35354"}],"curies":[{"name":"wp","href":"https:\/\/api.w.org\/{rel}","templated":true}]}}