{"id":35353,"date":"2018-09-24T14:59:58","date_gmt":"2018-09-24T12:59:58","guid":{"rendered":"https:\/\/staging.lucky-hunter.com\/product\/kit-de-telecommande-lucky-duck-hd\/"},"modified":"2022-11-16T10:17:46","modified_gmt":"2022-11-16T09:17:46","slug":"kit-de-telecommande-lucky-duck-hd","status":"publish","type":"product","link":"https:\/\/staging.lucky-hunter.com\/fr\/product\/kit-de-telecommande-lucky-duck-hd\/","title":{"rendered":"Kit de T\u00e9l\u00e9commande Lucky Duck HD"},"content":{"rendered":"<h2><strong>Kit de T\u00e9l\u00e9commande Lucky Duck HD &#8211; programmez vos formes et faites les fonctionner \u00e0 distance<\/strong><\/h2>\n<p>Le kit de t\u00e9l\u00e9commande Lucky Duck est dot\u00e9 d&#8217;une technologie num\u00e9rique qui am\u00e9liore la port\u00e9e et la coh\u00e9rence de la t\u00e9l\u00e9commande.<\/p>\n<p>Les boutons ON et OFF de la t\u00e9l\u00e9commande sont s\u00e9par\u00e9s, vous permettant d&#8217;enclencher et d&#8217;arr\u00eater vos formes s\u00e9par\u00e9ment.<\/p>\n<p>Le bouton de synchronisation rapide vous permet de faire fonctionner plusieurs formes \u00e0 partir du m\u00eame \u00e9metteur. Veuillez noter que vous devrez utiliser un r\u00e9cepteur HD distinct pour chaque forme.<\/p>\n<p>La t\u00e9l\u00e9commande comporte \u00e9galement un interrupteur qui vous permet de basculer entre les modes ON, OFF et intermittent, sans avoir \u00e0 sortir de l\u2019aff\u00fbt.<\/p>\n<p>La technologie num\u00e9rique offre une port\u00e9e d\u2019environ 92 m\u00e8tres, ce qui vous permet de placer les formes consid\u00e9rablement loin de l\u2019aff\u00fbt. Par cons\u00e9quent, cela vous donne beaucoup de distance par rapport \u00e0 votre store.<\/p>\n<p>Le kit de t\u00e9l\u00e9commande Lucky Duck HD est compatible avec toutes les formes Lucky Duck \u00e0 ailes tournantes et battantes, r\u00e9centes et plus anciennes.<\/p>\n","protected":false},"excerpt":{"rendered":"<p>La t\u00e9l\u00e9commande comporte \u00e9galement un interrupteur qui vous permet de basculer entre les modes ON, OFF et intermittent, sans avoir \u00e0 sortir de l\u2019aff\u00fbt. Elle a une port\u00e9e d\u2019environ 92 m\u00e8tres.<\/p>\n","protected":false},"featured_media":304579,"template":"","meta":[],"product_brand":[8124],"product_cat":[8165,9683],"product_tag":[9235],"yoast_head":"<!-- This site is optimized with the Yoast SEO plugin v24.3 - https:\/\/yoast.com\/wordpress\/plugins\/seo\/ -->\n<title>Kit de T\u00e9l\u00e9commande Lucky Duck HD - Contr\u00f4lez les Formes \u00e0 distance | Lucky Hunter<\/title>\n<meta name=\"description\" content=\"Kit de T\u00e9l\u00e9commande Lucky Duck HD vous permet de contr\u00f4ler vos Formes compatibles depuis l&#039;aveugle. Vous pouvez changer de mode et bien plus encore sans quitter votre poste\u00a0!\" \/>\n<meta name=\"robots\" content=\"noindex, follow, max-snippet:-1, max-image-preview:large, max-video-preview:-1\" \/>\n<meta property=\"og:locale\" content=\"fr_FR\" \/>\n<meta property=\"og:type\" content=\"article\" \/>\n<meta property=\"og:title\" content=\"Kit de T\u00e9l\u00e9commande Lucky Duck HD - Contr\u00f4lez les Formes \u00e0 distance | Lucky Hunter\" \/>\n<meta property=\"og:description\" content=\"Kit de T\u00e9l\u00e9commande Lucky Duck HD vous permet de contr\u00f4ler vos Formes compatibles depuis l&#039;aveugle. Vous pouvez changer de mode et bien plus encore sans quitter votre poste\u00a0!\" \/>\n<meta property=\"og:url\" content=\"https:\/\/staging.lucky-hunter.com\/fr\/product\/kit-de-telecommande-lucky-duck-hd\/\" \/>\n<meta property=\"og:site_name\" content=\"Lucky-Hunter\" \/>\n<meta property=\"article:modified_time\" content=\"2022-11-16T09:17:46+00:00\" \/>\n<meta property=\"og:image\" content=\"https:\/\/staging.lucky-hunter.com\/wp-content\/uploads\/2018\/09\/IMG_4591__2_-removebg-preview.png\" \/>\n\t<meta property=\"og:image:width\" content=\"433\" \/>\n\t<meta property=\"og:image:height\" content=\"577\" \/>\n\t<meta property=\"og:image:type\" content=\"image\/png\" \/>\n<meta name=\"twitter:card\" content=\"summary_large_image\" \/>\n<meta name=\"twitter:title\" content=\"Kit de T\u00e9l\u00e9commande Lucky Duck HD - Contr\u00f4lez les Formes \u00e0 distance | Lucky Hunter\" \/>\n<meta name=\"twitter:description\" content=\"Kit de T\u00e9l\u00e9commande Lucky Duck HD vous permet de contr\u00f4ler vos Formes compatibles depuis l&#039;aveugle. Vous pouvez changer de mode et bien plus encore sans quitter votre poste\u00a0!\" \/>\n<meta name=\"twitter:label1\" content=\"Dur\u00e9e de lecture estim\u00e9e\" \/>\n\t<meta name=\"twitter:data1\" content=\"1 minute\" \/>\n<script type=\"application\/ld+json\" class=\"yoast-schema-graph\">{\"@context\":\"https:\/\/schema.org\",\"@graph\":[{\"@type\":\"WebPage\",\"@id\":\"https:\/\/staging.lucky-hunter.com\/fr\/product\/kit-de-telecommande-lucky-duck-hd\/\",\"url\":\"https:\/\/staging.lucky-hunter.com\/fr\/product\/kit-de-telecommande-lucky-duck-hd\/\",\"name\":\"Kit de T\u00e9l\u00e9commande Lucky Duck HD - Contr\u00f4lez les Formes \u00e0 distance | Lucky Hunter\",\"isPartOf\":{\"@id\":\"https:\/\/staging.lucky-hunter.com\/#website\"},\"primaryImageOfPage\":{\"@id\":\"https:\/\/staging.lucky-hunter.com\/fr\/product\/kit-de-telecommande-lucky-duck-hd\/#primaryimage\"},\"image\":{\"@id\":\"https:\/\/staging.lucky-hunter.com\/fr\/product\/kit-de-telecommande-lucky-duck-hd\/#primaryimage\"},\"thumbnailUrl\":\"https:\/\/staging.lucky-hunter.com\/wp-content\/uploads\/2018\/09\/IMG_4591__2_-removebg-preview.png\",\"datePublished\":\"2018-09-24T12:59:58+00:00\",\"dateModified\":\"2022-11-16T09:17:46+00:00\",\"description\":\"Kit de T\u00e9l\u00e9commande Lucky Duck HD vous permet de contr\u00f4ler vos Formes compatibles depuis l'aveugle. Vous pouvez changer de mode et bien plus encore sans quitter votre poste\u00a0!\",\"breadcrumb\":{\"@id\":\"https:\/\/staging.lucky-hunter.com\/fr\/product\/kit-de-telecommande-lucky-duck-hd\/#breadcrumb\"},\"inLanguage\":\"fr-FR\",\"potentialAction\":[{\"@type\":\"ReadAction\",\"target\":[\"https:\/\/staging.lucky-hunter.com\/fr\/product\/kit-de-telecommande-lucky-duck-hd\/\"]}]},{\"@type\":\"ImageObject\",\"inLanguage\":\"fr-FR\",\"@id\":\"https:\/\/staging.lucky-hunter.com\/fr\/product\/kit-de-telecommande-lucky-duck-hd\/#primaryimage\",\"url\":\"https:\/\/staging.lucky-hunter.com\/wp-content\/uploads\/2018\/09\/IMG_4591__2_-removebg-preview.png\",\"contentUrl\":\"https:\/\/staging.lucky-hunter.com\/wp-content\/uploads\/2018\/09\/IMG_4591__2_-removebg-preview.png\",\"width\":433,\"height\":577},{\"@type\":\"BreadcrumbList\",\"@id\":\"https:\/\/staging.lucky-hunter.com\/fr\/product\/kit-de-telecommande-lucky-duck-hd\/#breadcrumb\",\"itemListElement\":[{\"@type\":\"ListItem\",\"position\":1,\"name\":\"Home\",\"item\":\"https:\/\/staging.lucky-hunter.com\/fr\/\"},{\"@type\":\"ListItem\",\"position\":2,\"name\":\"Boutique\",\"item\":\"https:\/\/staging.lucky-hunter.com\/fr\/shop\/\"},{\"@type\":\"ListItem\",\"position\":3,\"name\":\"Kit de T\u00e9l\u00e9commande Lucky Duck HD\"}]},{\"@type\":\"WebSite\",\"@id\":\"https:\/\/staging.lucky-hunter.com\/#website\",\"url\":\"https:\/\/staging.lucky-hunter.com\/\",\"name\":\"Lucky-Hunter\",\"description\":\"Gear Up or Give Up\",\"potentialAction\":[{\"@type\":\"SearchAction\",\"target\":{\"@type\":\"EntryPoint\",\"urlTemplate\":\"https:\/\/staging.lucky-hunter.com\/?s={search_term_string}\"},\"query-input\":{\"@type\":\"PropertyValueSpecification\",\"valueRequired\":true,\"valueName\":\"search_term_string\"}}],\"inLanguage\":\"fr-FR\"}]}<\/script>\n<!-- \/ Yoast SEO plugin. -->","yoast_head_json":{"title":"Kit de T\u00e9l\u00e9commande Lucky Duck HD - Contr\u00f4lez les Formes \u00e0 distance | Lucky Hunter","description":"Kit de T\u00e9l\u00e9commande Lucky Duck HD vous permet de contr\u00f4ler vos Formes compatibles depuis l'aveugle. Vous pouvez changer de mode et bien plus encore sans quitter votre poste\u00a0!","robots":{"index":"noindex","follow":"follow","max-snippet":"max-snippet:-1","max-image-preview":"max-image-preview:large","max-video-preview":"max-video-preview:-1"},"og_locale":"fr_FR","og_type":"article","og_title":"Kit de T\u00e9l\u00e9commande Lucky Duck HD - Contr\u00f4lez les Formes \u00e0 distance | Lucky Hunter","og_description":"Kit de T\u00e9l\u00e9commande Lucky Duck HD vous permet de contr\u00f4ler vos Formes compatibles depuis l'aveugle. Vous pouvez changer de mode et bien plus encore sans quitter votre poste\u00a0!","og_url":"https:\/\/staging.lucky-hunter.com\/fr\/product\/kit-de-telecommande-lucky-duck-hd\/","og_site_name":"Lucky-Hunter","article_modified_time":"2022-11-16T09:17:46+00:00","og_image":[{"width":433,"height":577,"url":"https:\/\/staging.lucky-hunter.com\/wp-content\/uploads\/2018\/09\/IMG_4591__2_-removebg-preview.png","type":"image\/png"}],"twitter_card":"summary_large_image","twitter_title":"Kit de T\u00e9l\u00e9commande Lucky Duck HD - Contr\u00f4lez les Formes \u00e0 distance | Lucky Hunter","twitter_description":"Kit de T\u00e9l\u00e9commande Lucky Duck HD vous permet de contr\u00f4ler vos Formes compatibles depuis l'aveugle. Vous pouvez changer de mode et bien plus encore sans quitter votre poste\u00a0!","twitter_misc":{"Dur\u00e9e de lecture estim\u00e9e":"1 minute"},"schema":{"@context":"https:\/\/schema.org","@graph":[{"@type":"WebPage","@id":"https:\/\/staging.lucky-hunter.com\/fr\/product\/kit-de-telecommande-lucky-duck-hd\/","url":"https:\/\/staging.lucky-hunter.com\/fr\/product\/kit-de-telecommande-lucky-duck-hd\/","name":"Kit de T\u00e9l\u00e9commande Lucky Duck HD - Contr\u00f4lez les Formes \u00e0 distance | Lucky Hunter","isPartOf":{"@id":"https:\/\/staging.lucky-hunter.com\/#website"},"primaryImageOfPage":{"@id":"https:\/\/staging.lucky-hunter.com\/fr\/product\/kit-de-telecommande-lucky-duck-hd\/#primaryimage"},"image":{"@id":"https:\/\/staging.lucky-hunter.com\/fr\/product\/kit-de-telecommande-lucky-duck-hd\/#primaryimage"},"thumbnailUrl":"https:\/\/staging.lucky-hunter.com\/wp-content\/uploads\/2018\/09\/IMG_4591__2_-removebg-preview.png","datePublished":"2018-09-24T12:59:58+00:00","dateModified":"2022-11-16T09:17:46+00:00","description":"Kit de T\u00e9l\u00e9commande Lucky Duck HD vous permet de contr\u00f4ler vos Formes compatibles depuis l'aveugle. Vous pouvez changer de mode et bien plus encore sans quitter votre poste\u00a0!","breadcrumb":{"@id":"https:\/\/staging.lucky-hunter.com\/fr\/product\/kit-de-telecommande-lucky-duck-hd\/#breadcrumb"},"inLanguage":"fr-FR","potentialAction":[{"@type":"ReadAction","target":["https:\/\/staging.lucky-hunter.com\/fr\/product\/kit-de-telecommande-lucky-duck-hd\/"]}]},{"@type":"ImageObject","inLanguage":"fr-FR","@id":"https:\/\/staging.lucky-hunter.com\/fr\/product\/kit-de-telecommande-lucky-duck-hd\/#primaryimage","url":"https:\/\/staging.lucky-hunter.com\/wp-content\/uploads\/2018\/09\/IMG_4591__2_-removebg-preview.png","contentUrl":"https:\/\/staging.lucky-hunter.com\/wp-content\/uploads\/2018\/09\/IMG_4591__2_-removebg-preview.png","width":433,"height":577},{"@type":"BreadcrumbList","@id":"https:\/\/staging.lucky-hunter.com\/fr\/product\/kit-de-telecommande-lucky-duck-hd\/#breadcrumb","itemListElement":[{"@type":"ListItem","position":1,"name":"Home","item":"https:\/\/staging.lucky-hunter.com\/fr\/"},{"@type":"ListItem","position":2,"name":"Boutique","item":"https:\/\/staging.lucky-hunter.com\/fr\/shop\/"},{"@type":"ListItem","position":3,"name":"Kit de T\u00e9l\u00e9commande Lucky Duck HD"}]},{"@type":"WebSite","@id":"https:\/\/staging.lucky-hunter.com\/#website","url":"https:\/\/staging.lucky-hunter.com\/","name":"Lucky-Hunter","description":"Gear Up or Give Up","potentialAction":[{"@type":"SearchAction","target":{"@type":"EntryPoint","urlTemplate":"https:\/\/staging.lucky-hunter.com\/?s={search_term_string}"},"query-input":{"@type":"PropertyValueSpecification","valueRequired":true,"valueName":"search_term_string"}}],"inLanguage":"fr-FR"}]}},"_links":{"self":[{"href":"https:\/\/staging.lucky-hunter.com\/fr\/wp-json\/wp\/v2\/product\/35353"}],"collection":[{"href":"https:\/\/staging.lucky-hunter.com\/fr\/wp-json\/wp\/v2\/product"}],"about":[{"href":"https:\/\/staging.lucky-hunter.com\/fr\/wp-json\/wp\/v2\/types\/product"}],"wp:featuredmedia":[{"embeddable":true,"href":"https:\/\/staging.lucky-hunter.com\/fr\/wp-json\/wp\/v2\/media\/304579"}],"wp:attachment":[{"href":"https:\/\/staging.lucky-hunter.com\/fr\/wp-json\/wp\/v2\/media?parent=35353"}],"wp:term":[{"taxonomy":"product_brand","embeddable":true,"href":"https:\/\/staging.lucky-hunter.com\/fr\/wp-json\/wp\/v2\/product_brand?post=35353"},{"taxonomy":"product_cat","embeddable":true,"href":"https:\/\/staging.lucky-hunter.com\/fr\/wp-json\/wp\/v2\/product_cat?post=35353"},{"taxonomy":"product_tag","embeddable":true,"href":"https:\/\/staging.lucky-hunter.com\/fr\/wp-json\/wp\/v2\/product_tag?post=35353"}],"curies":[{"name":"wp","href":"https:\/\/api.w.org\/{rel}","templated":true}]}}