{"id":35352,"date":"2018-11-14T08:29:16","date_gmt":"2018-11-14T07:29:16","guid":{"rendered":"https:\/\/staging.lucky-hunter.com\/product\/cable-6-volts-bolyguard-sg880-et-bg584\/"},"modified":"2025-02-25T11:53:13","modified_gmt":"2025-02-25T10:53:13","slug":"cable-6-volts-bolyguard-sg880-et-bg584","status":"publish","type":"product","link":"https:\/\/staging.lucky-hunter.com\/fr\/product\/cable-6-volts-bolyguard-sg880-et-bg584\/","title":{"rendered":"C\u00e2ble 6 volts &#8211; Bolyguard SG880 et BG584"},"content":{"rendered":"<h2><strong>C\u00e2ble de cam\u00e9ra Bolyguard &#8211; pour une alimentation externe de votre cam\u00e9ra<\/strong><\/h2>\n<p>Connectez facilement votre cam\u00e9ra de chasse Bolyguard \u00e0 une batterie externe gr\u00e2ce \u00e0 ce c\u00e2ble de cam\u00e9ra Bolyguard.<\/p>\n<p>Avec une batterie de 6 volts connect\u00e9e \u00e0 votre cam\u00e9ra, vous n&#8217;aurez plus \u00e0 vous soucier de devoir constamment changer les piles. De quoi \u00e9conomiser sur leur achat.<\/p>\n<p>Le c\u00e2ble mesure 1,5 m\u00e8tre de long et convient aux mod\u00e8les de cam\u00e9ras Bolyguard SG880 et BG584.<\/p>\n<p>Fixer une batterie suppl\u00e9mentaire \u00e0 votre cam\u00e9ra est une bonne id\u00e9e, surtout si elle se trouve dans une zone difficile \u00e0 atteindre, ou peut-\u00eatre dans une zone que vous ne visitez pas tr\u00e8s souvent. Et puis surveillez une zone pendant que vous partez en vacances peut vous donner des courbatures. Beaucoup utilisent les cam\u00e9ras de chasse pour la surveillance, pas seulement pour le pistage de la faune.<\/p>\n<p>Cette batterie fera fonctionner la cam\u00e9ra pendant que vous \u00eates absent pendant un certain temps. Cela aidera \u00e0 faire fonctionner la cam\u00e9ra pendant que vous \u00eates absent pendant un certain temps.<\/p>\n<p>Remarque : la batterie de 6 volts est vendue s\u00e9par\u00e9ment.<\/p>\n","protected":false},"excerpt":{"rendered":"<p>Le c\u00e2ble mesure 1,5 m\u00e8tre de long et il est compatible avec les cam\u00e9ras Bolyguard SG880 et BG584. Avec une batterie de 6 volts connect\u00e9e \u00e0 votre cam\u00e9ra, vous n&#8217;aurez plus \u00e0 vous soucier de devoir constamment changer les piles.<\/p>\n","protected":false},"featured_media":29879,"template":"","meta":[],"product_brand":[8207],"product_cat":[8232],"product_tag":[],"yoast_head":"<!-- This site is optimized with the Yoast SEO plugin v24.3 - https:\/\/yoast.com\/wordpress\/plugins\/seo\/ -->\n<title>C\u00e2ble de cam\u00e9ra Bolyguard pour batterie 6 volts | Lucky Hunter<\/title>\n<meta name=\"description\" content=\"Donnez \u00e0 votre appareil photo une puissance suppl\u00e9mentaire. Avec ce c\u00e2ble de cam\u00e9ra Bolyguard, vous pouvez connecter votre cam\u00e9ra \u00e0 une batterie de 6 volts pour vous donner plus de puissance, plus longtemps.\" \/>\n<meta name=\"robots\" content=\"noindex, follow, max-snippet:-1, max-image-preview:large, max-video-preview:-1\" \/>\n<meta property=\"og:locale\" content=\"fr_FR\" \/>\n<meta property=\"og:type\" content=\"article\" \/>\n<meta property=\"og:title\" content=\"C\u00e2ble de cam\u00e9ra Bolyguard pour batterie 6 volts | Lucky Hunter\" \/>\n<meta property=\"og:description\" content=\"Donnez \u00e0 votre appareil photo une puissance suppl\u00e9mentaire. Avec ce c\u00e2ble de cam\u00e9ra Bolyguard, vous pouvez connecter votre cam\u00e9ra \u00e0 une batterie de 6 volts pour vous donner plus de puissance, plus longtemps.\" \/>\n<meta property=\"og:url\" content=\"https:\/\/staging.lucky-hunter.com\/product\/6-volt-cable-bolyguard-sg880-and-bg584\/\" \/>\n<meta property=\"og:site_name\" content=\"Lucky-Hunter\" \/>\n<meta property=\"article:modified_time\" content=\"2025-02-25T10:53:13+00:00\" \/>\n<meta property=\"og:image\" content=\"https:\/\/staging.lucky-hunter.com\/wp-content\/uploads\/2018\/11\/JK-513.png\" \/>\n\t<meta property=\"og:image:width\" content=\"1000\" \/>\n\t<meta property=\"og:image:height\" content=\"1000\" \/>\n\t<meta property=\"og:image:type\" content=\"image\/png\" \/>\n<meta name=\"twitter:card\" content=\"summary_large_image\" \/>\n<meta name=\"twitter:label1\" content=\"Dur\u00e9e de lecture estim\u00e9e\" \/>\n\t<meta name=\"twitter:data1\" content=\"1 minute\" \/>\n<script type=\"application\/ld+json\" class=\"yoast-schema-graph\">{\"@context\":\"https:\/\/schema.org\",\"@graph\":[{\"@type\":\"WebPage\",\"@id\":\"https:\/\/staging.lucky-hunter.com\/product\/6-volt-cable-bolyguard-sg880-and-bg584\/\",\"url\":\"https:\/\/staging.lucky-hunter.com\/product\/6-volt-cable-bolyguard-sg880-and-bg584\/\",\"name\":\"C\u00e2ble de cam\u00e9ra Bolyguard pour batterie 6 volts | Lucky Hunter\",\"isPartOf\":{\"@id\":\"https:\/\/staging.lucky-hunter.com\/#website\"},\"primaryImageOfPage\":{\"@id\":\"https:\/\/staging.lucky-hunter.com\/product\/6-volt-cable-bolyguard-sg880-and-bg584\/#primaryimage\"},\"image\":{\"@id\":\"https:\/\/staging.lucky-hunter.com\/product\/6-volt-cable-bolyguard-sg880-and-bg584\/#primaryimage\"},\"thumbnailUrl\":\"https:\/\/staging.lucky-hunter.com\/wp-content\/uploads\/2018\/11\/JK-513.png\",\"datePublished\":\"2018-11-14T07:29:16+00:00\",\"dateModified\":\"2025-02-25T10:53:13+00:00\",\"description\":\"Donnez \u00e0 votre appareil photo une puissance suppl\u00e9mentaire. Avec ce c\u00e2ble de cam\u00e9ra Bolyguard, vous pouvez connecter votre cam\u00e9ra \u00e0 une batterie de 6 volts pour vous donner plus de puissance, plus longtemps.\",\"breadcrumb\":{\"@id\":\"https:\/\/staging.lucky-hunter.com\/product\/6-volt-cable-bolyguard-sg880-and-bg584\/#breadcrumb\"},\"inLanguage\":\"fr-FR\",\"potentialAction\":[{\"@type\":\"ReadAction\",\"target\":[\"https:\/\/staging.lucky-hunter.com\/product\/6-volt-cable-bolyguard-sg880-and-bg584\/\"]}]},{\"@type\":\"ImageObject\",\"inLanguage\":\"fr-FR\",\"@id\":\"https:\/\/staging.lucky-hunter.com\/product\/6-volt-cable-bolyguard-sg880-and-bg584\/#primaryimage\",\"url\":\"https:\/\/staging.lucky-hunter.com\/wp-content\/uploads\/2018\/11\/JK-513.png\",\"contentUrl\":\"https:\/\/staging.lucky-hunter.com\/wp-content\/uploads\/2018\/11\/JK-513.png\",\"width\":1000,\"height\":1000},{\"@type\":\"BreadcrumbList\",\"@id\":\"https:\/\/staging.lucky-hunter.com\/product\/6-volt-cable-bolyguard-sg880-and-bg584\/#breadcrumb\",\"itemListElement\":[{\"@type\":\"ListItem\",\"position\":1,\"name\":\"Home\",\"item\":\"https:\/\/staging.lucky-hunter.com\/fr\/\"},{\"@type\":\"ListItem\",\"position\":2,\"name\":\"Boutique\",\"item\":\"https:\/\/staging.lucky-hunter.com\/fr\/shop\/\"},{\"@type\":\"ListItem\",\"position\":3,\"name\":\"C\u00e2ble 6 volts &#8211; Bolyguard SG880 et BG584\"}]},{\"@type\":\"WebSite\",\"@id\":\"https:\/\/staging.lucky-hunter.com\/#website\",\"url\":\"https:\/\/staging.lucky-hunter.com\/\",\"name\":\"Lucky-Hunter\",\"description\":\"Gear Up or Give Up\",\"potentialAction\":[{\"@type\":\"SearchAction\",\"target\":{\"@type\":\"EntryPoint\",\"urlTemplate\":\"https:\/\/staging.lucky-hunter.com\/?s={search_term_string}\"},\"query-input\":{\"@type\":\"PropertyValueSpecification\",\"valueRequired\":true,\"valueName\":\"search_term_string\"}}],\"inLanguage\":\"fr-FR\"}]}<\/script>\n<!-- \/ Yoast SEO plugin. -->","yoast_head_json":{"title":"C\u00e2ble de cam\u00e9ra Bolyguard pour batterie 6 volts | Lucky Hunter","description":"Donnez \u00e0 votre appareil photo une puissance suppl\u00e9mentaire. Avec ce c\u00e2ble de cam\u00e9ra Bolyguard, vous pouvez connecter votre cam\u00e9ra \u00e0 une batterie de 6 volts pour vous donner plus de puissance, plus longtemps.","robots":{"index":"noindex","follow":"follow","max-snippet":"max-snippet:-1","max-image-preview":"max-image-preview:large","max-video-preview":"max-video-preview:-1"},"og_locale":"fr_FR","og_type":"article","og_title":"C\u00e2ble de cam\u00e9ra Bolyguard pour batterie 6 volts | Lucky Hunter","og_description":"Donnez \u00e0 votre appareil photo une puissance suppl\u00e9mentaire. Avec ce c\u00e2ble de cam\u00e9ra Bolyguard, vous pouvez connecter votre cam\u00e9ra \u00e0 une batterie de 6 volts pour vous donner plus de puissance, plus longtemps.","og_url":"https:\/\/staging.lucky-hunter.com\/product\/6-volt-cable-bolyguard-sg880-and-bg584\/","og_site_name":"Lucky-Hunter","article_modified_time":"2025-02-25T10:53:13+00:00","og_image":[{"width":1000,"height":1000,"url":"https:\/\/staging.lucky-hunter.com\/wp-content\/uploads\/2018\/11\/JK-513.png","type":"image\/png"}],"twitter_card":"summary_large_image","twitter_misc":{"Dur\u00e9e de lecture estim\u00e9e":"1 minute"},"schema":{"@context":"https:\/\/schema.org","@graph":[{"@type":"WebPage","@id":"https:\/\/staging.lucky-hunter.com\/product\/6-volt-cable-bolyguard-sg880-and-bg584\/","url":"https:\/\/staging.lucky-hunter.com\/product\/6-volt-cable-bolyguard-sg880-and-bg584\/","name":"C\u00e2ble de cam\u00e9ra Bolyguard pour batterie 6 volts | Lucky Hunter","isPartOf":{"@id":"https:\/\/staging.lucky-hunter.com\/#website"},"primaryImageOfPage":{"@id":"https:\/\/staging.lucky-hunter.com\/product\/6-volt-cable-bolyguard-sg880-and-bg584\/#primaryimage"},"image":{"@id":"https:\/\/staging.lucky-hunter.com\/product\/6-volt-cable-bolyguard-sg880-and-bg584\/#primaryimage"},"thumbnailUrl":"https:\/\/staging.lucky-hunter.com\/wp-content\/uploads\/2018\/11\/JK-513.png","datePublished":"2018-11-14T07:29:16+00:00","dateModified":"2025-02-25T10:53:13+00:00","description":"Donnez \u00e0 votre appareil photo une puissance suppl\u00e9mentaire. Avec ce c\u00e2ble de cam\u00e9ra Bolyguard, vous pouvez connecter votre cam\u00e9ra \u00e0 une batterie de 6 volts pour vous donner plus de puissance, plus longtemps.","breadcrumb":{"@id":"https:\/\/staging.lucky-hunter.com\/product\/6-volt-cable-bolyguard-sg880-and-bg584\/#breadcrumb"},"inLanguage":"fr-FR","potentialAction":[{"@type":"ReadAction","target":["https:\/\/staging.lucky-hunter.com\/product\/6-volt-cable-bolyguard-sg880-and-bg584\/"]}]},{"@type":"ImageObject","inLanguage":"fr-FR","@id":"https:\/\/staging.lucky-hunter.com\/product\/6-volt-cable-bolyguard-sg880-and-bg584\/#primaryimage","url":"https:\/\/staging.lucky-hunter.com\/wp-content\/uploads\/2018\/11\/JK-513.png","contentUrl":"https:\/\/staging.lucky-hunter.com\/wp-content\/uploads\/2018\/11\/JK-513.png","width":1000,"height":1000},{"@type":"BreadcrumbList","@id":"https:\/\/staging.lucky-hunter.com\/product\/6-volt-cable-bolyguard-sg880-and-bg584\/#breadcrumb","itemListElement":[{"@type":"ListItem","position":1,"name":"Home","item":"https:\/\/staging.lucky-hunter.com\/fr\/"},{"@type":"ListItem","position":2,"name":"Boutique","item":"https:\/\/staging.lucky-hunter.com\/fr\/shop\/"},{"@type":"ListItem","position":3,"name":"C\u00e2ble 6 volts &#8211; Bolyguard SG880 et BG584"}]},{"@type":"WebSite","@id":"https:\/\/staging.lucky-hunter.com\/#website","url":"https:\/\/staging.lucky-hunter.com\/","name":"Lucky-Hunter","description":"Gear Up or Give Up","potentialAction":[{"@type":"SearchAction","target":{"@type":"EntryPoint","urlTemplate":"https:\/\/staging.lucky-hunter.com\/?s={search_term_string}"},"query-input":{"@type":"PropertyValueSpecification","valueRequired":true,"valueName":"search_term_string"}}],"inLanguage":"fr-FR"}]}},"_links":{"self":[{"href":"https:\/\/staging.lucky-hunter.com\/fr\/wp-json\/wp\/v2\/product\/35352"}],"collection":[{"href":"https:\/\/staging.lucky-hunter.com\/fr\/wp-json\/wp\/v2\/product"}],"about":[{"href":"https:\/\/staging.lucky-hunter.com\/fr\/wp-json\/wp\/v2\/types\/product"}],"wp:featuredmedia":[{"embeddable":true,"href":"https:\/\/staging.lucky-hunter.com\/fr\/wp-json\/wp\/v2\/media\/29879"}],"wp:attachment":[{"href":"https:\/\/staging.lucky-hunter.com\/fr\/wp-json\/wp\/v2\/media?parent=35352"}],"wp:term":[{"taxonomy":"product_brand","embeddable":true,"href":"https:\/\/staging.lucky-hunter.com\/fr\/wp-json\/wp\/v2\/product_brand?post=35352"},{"taxonomy":"product_cat","embeddable":true,"href":"https:\/\/staging.lucky-hunter.com\/fr\/wp-json\/wp\/v2\/product_cat?post=35352"},{"taxonomy":"product_tag","embeddable":true,"href":"https:\/\/staging.lucky-hunter.com\/fr\/wp-json\/wp\/v2\/product_tag?post=35352"}],"curies":[{"name":"wp","href":"https:\/\/api.w.org\/{rel}","templated":true}]}}