{"id":35351,"date":"2019-02-14T14:21:15","date_gmt":"2019-02-14T13:21:15","guid":{"rendered":"https:\/\/staging.lucky-hunter.com\/product\/bumper-en-toile-avery-orange\/"},"modified":"2025-06-30T15:30:55","modified_gmt":"2025-06-30T13:30:55","slug":"avery-canvas-bumper-orange","status":"publish","type":"product","link":"https:\/\/staging.lucky-hunter.com\/fr\/product\/avery-canvas-bumper-orange\/","title":{"rendered":"Bumper en toile Orange &#8211; Avery"},"content":{"rendered":"<h2><strong>Bumper orange en toile &#8211; le parfait outil de dressage de chien<\/strong><\/h2>\n<p>La premi\u00e8re innovation dans le domaine des bumpers d&#8217;entra\u00eenement depuis des ann\u00e9es. Le nouveau design d&#8217;Avery comprend un HexaBumper en toile pour entra\u00eener efficacement votre chien de chasse.<\/p>\n<p>Par rapport aux autres mod\u00e8les d\u2019HexaBumper, cette nouvelle version pr\u00e9sente des bords arrondis pour permettre \u00e0 votre chien d&#8217;avoir une meilleure prise. Cela encourage le chien \u00e0 vouloir le rapporter et \u00e0 profiter de l&#8217;exp\u00e9rience.<\/p>\n<p>Comme avec tous les accessoires d\u2019entra\u00eenement, vous pouvez facilement ajouter une odeur \u00e0 ces bumpers pour am\u00e9liorer l&#8217;entra\u00eenement. Cela habitue votre chien \u00e0 l&#8217;odeur du gibier que vous chassez.<\/p>\n<h4><strong>Caract\u00e9ristiques principales\u00a0:<\/strong><\/h4>\n<ul>\n<li>Couverture robuste DuraMax 900D<\/li>\n<li>Corde tress\u00e9e attach\u00e9e<\/li>\n<li>Couleur orange<\/li>\n<li>Lest\u00e9 au milieu pour une flottaison horizontale<\/li>\n<li>Longueur environ 28 cm.<\/li>\n<\/ul>\n","protected":false},"excerpt":{"rendered":"<p>Les mannequins en toile sont de tr\u00e8s bons outils d&#8217;exercice pour les chiens de chasse et de sport qui ont besoin d&#8217;entra\u00eenement sur le terrain.<\/p>\n","protected":false},"featured_media":29920,"template":"","meta":[],"product_brand":[8123],"product_cat":[8188],"product_tag":[],"yoast_head":"<!-- This site is optimized with the Yoast SEO plugin v24.3 - https:\/\/yoast.com\/wordpress\/plugins\/seo\/ -->\n<title>Avery Canvas Bumper Orange - Entra\u00eenez votre chien de chasse facilement<\/title>\n<meta name=\"description\" content=\"Les pare-chocs en toile Avery sont parfaits pour commencer l&#039;entra\u00eenement des chiens de chasse.\" \/>\n<meta name=\"robots\" content=\"noindex, follow, max-snippet:-1, max-image-preview:large, max-video-preview:-1\" \/>\n<meta property=\"og:locale\" content=\"fr_FR\" \/>\n<meta property=\"og:type\" content=\"article\" \/>\n<meta property=\"og:title\" content=\"Avery Canvas Bumper Orange - Entra\u00eenez votre chien de chasse facilement\" \/>\n<meta property=\"og:description\" content=\"Les pare-chocs en toile Avery sont parfaits pour commencer l&#039;entra\u00eenement des chiens de chasse. Avery Canvas Bumper Orange est parfait pour l&#039;entra\u00eenement et facilement rep\u00e9rable.\" \/>\n<meta property=\"og:url\" content=\"https:\/\/staging.lucky-hunter.com\/fr\/product\/avery-canvas-bumper-orange\/\" \/>\n<meta property=\"og:site_name\" content=\"Lucky-Hunter\" \/>\n<meta property=\"article:modified_time\" content=\"2025-06-30T13:30:55+00:00\" \/>\n<meta property=\"og:image\" content=\"https:\/\/staging.lucky-hunter.com\/wp-content\/uploads\/2019\/02\/JH-85.png\" \/>\n\t<meta property=\"og:image:width\" content=\"1000\" \/>\n\t<meta property=\"og:image:height\" content=\"1000\" \/>\n\t<meta property=\"og:image:type\" content=\"image\/png\" \/>\n<meta name=\"twitter:card\" content=\"summary_large_image\" \/>\n<meta name=\"twitter:title\" content=\"Avery Canvas Bumper Orange - Entra\u00eenez votre chien de chasse facilement | Lucky Hunter\" \/>\n<meta name=\"twitter:description\" content=\"Les pare-chocs en toile Avery sont parfaits pour commencer l&#039;entra\u00eenement des chiens de chasse. Avery Canvas Bumper Orange est parfait pour l&#039;entra\u00eenement et facilement rep\u00e9rable.\" \/>\n<meta name=\"twitter:label1\" content=\"Dur\u00e9e de lecture estim\u00e9e\" \/>\n\t<meta name=\"twitter:data1\" content=\"1 minute\" \/>\n<script type=\"application\/ld+json\" class=\"yoast-schema-graph\">{\"@context\":\"https:\/\/schema.org\",\"@graph\":[{\"@type\":\"WebPage\",\"@id\":\"https:\/\/staging.lucky-hunter.com\/fr\/product\/avery-canvas-bumper-orange\/\",\"url\":\"https:\/\/staging.lucky-hunter.com\/fr\/product\/avery-canvas-bumper-orange\/\",\"name\":\"Avery Canvas Bumper Orange - Entra\u00eenez votre chien de chasse facilement\",\"isPartOf\":{\"@id\":\"https:\/\/staging.lucky-hunter.com\/#website\"},\"primaryImageOfPage\":{\"@id\":\"https:\/\/staging.lucky-hunter.com\/fr\/product\/avery-canvas-bumper-orange\/#primaryimage\"},\"image\":{\"@id\":\"https:\/\/staging.lucky-hunter.com\/fr\/product\/avery-canvas-bumper-orange\/#primaryimage\"},\"thumbnailUrl\":\"https:\/\/staging.lucky-hunter.com\/wp-content\/uploads\/2019\/02\/JH-85.png\",\"datePublished\":\"2019-02-14T13:21:15+00:00\",\"dateModified\":\"2025-06-30T13:30:55+00:00\",\"description\":\"Les pare-chocs en toile Avery sont parfaits pour commencer l'entra\u00eenement des chiens de chasse.\",\"breadcrumb\":{\"@id\":\"https:\/\/staging.lucky-hunter.com\/fr\/product\/avery-canvas-bumper-orange\/#breadcrumb\"},\"inLanguage\":\"fr-FR\",\"potentialAction\":[{\"@type\":\"ReadAction\",\"target\":[\"https:\/\/staging.lucky-hunter.com\/fr\/product\/avery-canvas-bumper-orange\/\"]}]},{\"@type\":\"ImageObject\",\"inLanguage\":\"fr-FR\",\"@id\":\"https:\/\/staging.lucky-hunter.com\/fr\/product\/avery-canvas-bumper-orange\/#primaryimage\",\"url\":\"https:\/\/staging.lucky-hunter.com\/wp-content\/uploads\/2019\/02\/JH-85.png\",\"contentUrl\":\"https:\/\/staging.lucky-hunter.com\/wp-content\/uploads\/2019\/02\/JH-85.png\",\"width\":1000,\"height\":1000},{\"@type\":\"BreadcrumbList\",\"@id\":\"https:\/\/staging.lucky-hunter.com\/fr\/product\/avery-canvas-bumper-orange\/#breadcrumb\",\"itemListElement\":[{\"@type\":\"ListItem\",\"position\":1,\"name\":\"Home\",\"item\":\"https:\/\/staging.lucky-hunter.com\/fr\/\"},{\"@type\":\"ListItem\",\"position\":2,\"name\":\"Boutique\",\"item\":\"https:\/\/staging.lucky-hunter.com\/fr\/shop\/\"},{\"@type\":\"ListItem\",\"position\":3,\"name\":\"Bumper en toile Orange &#8211; Avery\"}]},{\"@type\":\"WebSite\",\"@id\":\"https:\/\/staging.lucky-hunter.com\/#website\",\"url\":\"https:\/\/staging.lucky-hunter.com\/\",\"name\":\"Lucky-Hunter\",\"description\":\"Gear Up or Give Up\",\"potentialAction\":[{\"@type\":\"SearchAction\",\"target\":{\"@type\":\"EntryPoint\",\"urlTemplate\":\"https:\/\/staging.lucky-hunter.com\/?s={search_term_string}\"},\"query-input\":{\"@type\":\"PropertyValueSpecification\",\"valueRequired\":true,\"valueName\":\"search_term_string\"}}],\"inLanguage\":\"fr-FR\"}]}<\/script>\n<!-- \/ Yoast SEO plugin. -->","yoast_head_json":{"title":"Avery Canvas Bumper Orange - Entra\u00eenez votre chien de chasse facilement","description":"Les pare-chocs en toile Avery sont parfaits pour commencer l'entra\u00eenement des chiens de chasse.","robots":{"index":"noindex","follow":"follow","max-snippet":"max-snippet:-1","max-image-preview":"max-image-preview:large","max-video-preview":"max-video-preview:-1"},"og_locale":"fr_FR","og_type":"article","og_title":"Avery Canvas Bumper Orange - Entra\u00eenez votre chien de chasse facilement","og_description":"Les pare-chocs en toile Avery sont parfaits pour commencer l'entra\u00eenement des chiens de chasse. Avery Canvas Bumper Orange est parfait pour l'entra\u00eenement et facilement rep\u00e9rable.","og_url":"https:\/\/staging.lucky-hunter.com\/fr\/product\/avery-canvas-bumper-orange\/","og_site_name":"Lucky-Hunter","article_modified_time":"2025-06-30T13:30:55+00:00","og_image":[{"width":1000,"height":1000,"url":"https:\/\/staging.lucky-hunter.com\/wp-content\/uploads\/2019\/02\/JH-85.png","type":"image\/png"}],"twitter_card":"summary_large_image","twitter_title":"Avery Canvas Bumper Orange - Entra\u00eenez votre chien de chasse facilement | Lucky Hunter","twitter_description":"Les pare-chocs en toile Avery sont parfaits pour commencer l'entra\u00eenement des chiens de chasse. Avery Canvas Bumper Orange est parfait pour l'entra\u00eenement et facilement rep\u00e9rable.","twitter_misc":{"Dur\u00e9e de lecture estim\u00e9e":"1 minute"},"schema":{"@context":"https:\/\/schema.org","@graph":[{"@type":"WebPage","@id":"https:\/\/staging.lucky-hunter.com\/fr\/product\/avery-canvas-bumper-orange\/","url":"https:\/\/staging.lucky-hunter.com\/fr\/product\/avery-canvas-bumper-orange\/","name":"Avery Canvas Bumper Orange - Entra\u00eenez votre chien de chasse facilement","isPartOf":{"@id":"https:\/\/staging.lucky-hunter.com\/#website"},"primaryImageOfPage":{"@id":"https:\/\/staging.lucky-hunter.com\/fr\/product\/avery-canvas-bumper-orange\/#primaryimage"},"image":{"@id":"https:\/\/staging.lucky-hunter.com\/fr\/product\/avery-canvas-bumper-orange\/#primaryimage"},"thumbnailUrl":"https:\/\/staging.lucky-hunter.com\/wp-content\/uploads\/2019\/02\/JH-85.png","datePublished":"2019-02-14T13:21:15+00:00","dateModified":"2025-06-30T13:30:55+00:00","description":"Les pare-chocs en toile Avery sont parfaits pour commencer l'entra\u00eenement des chiens de chasse.","breadcrumb":{"@id":"https:\/\/staging.lucky-hunter.com\/fr\/product\/avery-canvas-bumper-orange\/#breadcrumb"},"inLanguage":"fr-FR","potentialAction":[{"@type":"ReadAction","target":["https:\/\/staging.lucky-hunter.com\/fr\/product\/avery-canvas-bumper-orange\/"]}]},{"@type":"ImageObject","inLanguage":"fr-FR","@id":"https:\/\/staging.lucky-hunter.com\/fr\/product\/avery-canvas-bumper-orange\/#primaryimage","url":"https:\/\/staging.lucky-hunter.com\/wp-content\/uploads\/2019\/02\/JH-85.png","contentUrl":"https:\/\/staging.lucky-hunter.com\/wp-content\/uploads\/2019\/02\/JH-85.png","width":1000,"height":1000},{"@type":"BreadcrumbList","@id":"https:\/\/staging.lucky-hunter.com\/fr\/product\/avery-canvas-bumper-orange\/#breadcrumb","itemListElement":[{"@type":"ListItem","position":1,"name":"Home","item":"https:\/\/staging.lucky-hunter.com\/fr\/"},{"@type":"ListItem","position":2,"name":"Boutique","item":"https:\/\/staging.lucky-hunter.com\/fr\/shop\/"},{"@type":"ListItem","position":3,"name":"Bumper en toile Orange &#8211; Avery"}]},{"@type":"WebSite","@id":"https:\/\/staging.lucky-hunter.com\/#website","url":"https:\/\/staging.lucky-hunter.com\/","name":"Lucky-Hunter","description":"Gear Up or Give Up","potentialAction":[{"@type":"SearchAction","target":{"@type":"EntryPoint","urlTemplate":"https:\/\/staging.lucky-hunter.com\/?s={search_term_string}"},"query-input":{"@type":"PropertyValueSpecification","valueRequired":true,"valueName":"search_term_string"}}],"inLanguage":"fr-FR"}]}},"_links":{"self":[{"href":"https:\/\/staging.lucky-hunter.com\/fr\/wp-json\/wp\/v2\/product\/35351"}],"collection":[{"href":"https:\/\/staging.lucky-hunter.com\/fr\/wp-json\/wp\/v2\/product"}],"about":[{"href":"https:\/\/staging.lucky-hunter.com\/fr\/wp-json\/wp\/v2\/types\/product"}],"wp:featuredmedia":[{"embeddable":true,"href":"https:\/\/staging.lucky-hunter.com\/fr\/wp-json\/wp\/v2\/media\/29920"}],"wp:attachment":[{"href":"https:\/\/staging.lucky-hunter.com\/fr\/wp-json\/wp\/v2\/media?parent=35351"}],"wp:term":[{"taxonomy":"product_brand","embeddable":true,"href":"https:\/\/staging.lucky-hunter.com\/fr\/wp-json\/wp\/v2\/product_brand?post=35351"},{"taxonomy":"product_cat","embeddable":true,"href":"https:\/\/staging.lucky-hunter.com\/fr\/wp-json\/wp\/v2\/product_cat?post=35351"},{"taxonomy":"product_tag","embeddable":true,"href":"https:\/\/staging.lucky-hunter.com\/fr\/wp-json\/wp\/v2\/product_tag?post=35351"}],"curies":[{"name":"wp","href":"https:\/\/api.w.org\/{rel}","templated":true}]}}