{"id":35349,"date":"2019-02-27T09:44:36","date_gmt":"2019-02-27T08:44:36","guid":{"rendered":"https:\/\/staging.lucky-hunter.com\/product\/appeau-dan-thompson-pc4-baby-jackrabbit-camouflage-neige\/"},"modified":"2025-06-30T15:26:34","modified_gmt":"2025-06-30T13:26:34","slug":"appeau-dan-thompson-pc4-baby-jackrabbit-camouflage-neige","status":"publish","type":"product","link":"https:\/\/staging.lucky-hunter.com\/fr\/product\/appeau-dan-thompson-pc4-baby-jackrabbit-camouflage-neige\/","title":{"rendered":"Appeau Dan Thompson PC4 Baby Jackrabbit camouflage neige"},"content":{"rendered":"<h2><strong>Appeau Dan Thompson PC4 Baby Jackrabbit camouflage neige &#8211; la chasse aux pr\u00e9dateurs \u00e0 courte distance<\/strong><\/h2>\n<p>Le PC4 de Dan Thompson est utilis\u00e9 pour la chasse aux renards et aux martres situ\u00e9s \u00e0 moins de 200 m\u00e8tres. Le PC4 peut \u00e9galement \u00eatre utilis\u00e9 pour la chasse aux corbeaux.<\/p>\n<p>Placez-vous au bord de la zone, o\u00f9 vous avez une bonne vue d&#8217;ensemble, et commencez \u00e0 siffler \u00e0 un volume faible qui augmente progressivement. Sifflez pendant 1 minute puis faites une pause de 2 \u00e0 3 minutes.<\/p>\n<p>Sifflez 3 s\u00e9quences courtes et aigu\u00ebs suivies d&#8217;un son de plainte plus long qui imite un li\u00e8vre bless\u00e9. N\u2019oubliez pas qu\u2019un animal bless\u00e9 crie, vous devez donc y mettre de l\u2019\u00e9nergie.<\/p>\n<p>Veillez \u00e0 varier le son afin qu&#8217;il ne devienne pas monotone.<\/p>\n<p>Les appeaux Dan Thompson sont fabriqu\u00e9s en bois de noyer am\u00e9ricain de haute qualit\u00e9 et accord\u00e9s \u00e0 la main \u00e0 la perfection.<\/p>\n","protected":false},"excerpt":{"rendered":"<p>Le PC4 de Dan Thompson imite un b\u00e9b\u00e9 li\u00e8vre\/lapin en d\u00e9tresse que le renard assimile \u00e0 un repas facile, et le son plus grave est particuli\u00e8rement utile pour chasser les renardeaux.<\/p>\n","protected":false},"featured_media":29922,"template":"","meta":[],"product_brand":[8211],"product_cat":[8234],"product_tag":[9445],"yoast_head":"<!-- This site is optimized with the Yoast SEO plugin v24.3 - https:\/\/yoast.com\/wordpress\/plugins\/seo\/ -->\n<title>Appeau Dan Thompson PC4 Baby Jackrabbit camouflage neige<\/title>\n<meta name=\"description\" content=\"Dan Thompson PC4 Snow Camo Call imite un b\u00e9b\u00e9 li\u00e8vre\/lapin en d\u00e9tresse. Un bruit que le renard associe \u00e0 un repas facile.\" \/>\n<meta name=\"robots\" content=\"noindex, follow, max-snippet:-1, max-image-preview:large, max-video-preview:-1\" \/>\n<meta property=\"og:locale\" content=\"fr_FR\" \/>\n<meta property=\"og:type\" content=\"article\" \/>\n<meta property=\"og:title\" content=\"Appeau Dan Thompson PC4 Baby Jackrabbit camouflage neige\" \/>\n<meta property=\"og:description\" content=\"Dan Thompson PC4 Snow Camo Call imite un b\u00e9b\u00e9 li\u00e8vre\/lapin en d\u00e9tresse. Un bruit que le renard associe \u00e0 un repas facile.\" \/>\n<meta property=\"og:url\" content=\"https:\/\/staging.lucky-hunter.com\/fr\/product\/appeau-dan-thompson-pc4-baby-jackrabbit-camouflage-neige\/\" \/>\n<meta property=\"og:site_name\" content=\"Lucky-Hunter\" \/>\n<meta property=\"article:modified_time\" content=\"2025-06-30T13:26:34+00:00\" \/>\n<meta property=\"og:image\" content=\"https:\/\/staging.lucky-hunter.com\/wp-content\/uploads\/2019\/02\/LK-160S.png\" \/>\n\t<meta property=\"og:image:width\" content=\"1000\" \/>\n\t<meta property=\"og:image:height\" content=\"1000\" \/>\n\t<meta property=\"og:image:type\" content=\"image\/png\" \/>\n<meta name=\"twitter:card\" content=\"summary_large_image\" \/>\n<meta name=\"twitter:title\" content=\"Appeau Dan Thompson PC4 Baby Jackrabbit camouflage neige | Lucky Hunter\" \/>\n<meta name=\"twitter:description\" content=\"Dan Thompson PC4 Snow Camo Call imite un b\u00e9b\u00e9 li\u00e8vre\/lapin en d\u00e9tresse. Un bruit que le renard associe \u00e0 un repas facile.\" \/>\n<meta name=\"twitter:label1\" content=\"Dur\u00e9e de lecture estim\u00e9e\" \/>\n\t<meta name=\"twitter:data1\" content=\"1 minute\" \/>\n<script type=\"application\/ld+json\" class=\"yoast-schema-graph\">{\"@context\":\"https:\/\/schema.org\",\"@graph\":[{\"@type\":\"WebPage\",\"@id\":\"https:\/\/staging.lucky-hunter.com\/fr\/product\/appeau-dan-thompson-pc4-baby-jackrabbit-camouflage-neige\/\",\"url\":\"https:\/\/staging.lucky-hunter.com\/fr\/product\/appeau-dan-thompson-pc4-baby-jackrabbit-camouflage-neige\/\",\"name\":\"Appeau Dan Thompson PC4 Baby Jackrabbit camouflage neige\",\"isPartOf\":{\"@id\":\"https:\/\/staging.lucky-hunter.com\/#website\"},\"primaryImageOfPage\":{\"@id\":\"https:\/\/staging.lucky-hunter.com\/fr\/product\/appeau-dan-thompson-pc4-baby-jackrabbit-camouflage-neige\/#primaryimage\"},\"image\":{\"@id\":\"https:\/\/staging.lucky-hunter.com\/fr\/product\/appeau-dan-thompson-pc4-baby-jackrabbit-camouflage-neige\/#primaryimage\"},\"thumbnailUrl\":\"https:\/\/staging.lucky-hunter.com\/wp-content\/uploads\/2019\/02\/LK-160S.png\",\"datePublished\":\"2019-02-27T08:44:36+00:00\",\"dateModified\":\"2025-06-30T13:26:34+00:00\",\"description\":\"Dan Thompson PC4 Snow Camo Call imite un b\u00e9b\u00e9 li\u00e8vre\/lapin en d\u00e9tresse. Un bruit que le renard associe \u00e0 un repas facile.\",\"breadcrumb\":{\"@id\":\"https:\/\/staging.lucky-hunter.com\/fr\/product\/appeau-dan-thompson-pc4-baby-jackrabbit-camouflage-neige\/#breadcrumb\"},\"inLanguage\":\"fr-FR\",\"potentialAction\":[{\"@type\":\"ReadAction\",\"target\":[\"https:\/\/staging.lucky-hunter.com\/fr\/product\/appeau-dan-thompson-pc4-baby-jackrabbit-camouflage-neige\/\"]}]},{\"@type\":\"ImageObject\",\"inLanguage\":\"fr-FR\",\"@id\":\"https:\/\/staging.lucky-hunter.com\/fr\/product\/appeau-dan-thompson-pc4-baby-jackrabbit-camouflage-neige\/#primaryimage\",\"url\":\"https:\/\/staging.lucky-hunter.com\/wp-content\/uploads\/2019\/02\/LK-160S.png\",\"contentUrl\":\"https:\/\/staging.lucky-hunter.com\/wp-content\/uploads\/2019\/02\/LK-160S.png\",\"width\":1000,\"height\":1000},{\"@type\":\"BreadcrumbList\",\"@id\":\"https:\/\/staging.lucky-hunter.com\/fr\/product\/appeau-dan-thompson-pc4-baby-jackrabbit-camouflage-neige\/#breadcrumb\",\"itemListElement\":[{\"@type\":\"ListItem\",\"position\":1,\"name\":\"Home\",\"item\":\"https:\/\/staging.lucky-hunter.com\/fr\/\"},{\"@type\":\"ListItem\",\"position\":2,\"name\":\"Boutique\",\"item\":\"https:\/\/staging.lucky-hunter.com\/fr\/shop\/\"},{\"@type\":\"ListItem\",\"position\":3,\"name\":\"Appeau Dan Thompson PC4 Baby Jackrabbit camouflage neige\"}]},{\"@type\":\"WebSite\",\"@id\":\"https:\/\/staging.lucky-hunter.com\/#website\",\"url\":\"https:\/\/staging.lucky-hunter.com\/\",\"name\":\"Lucky-Hunter\",\"description\":\"Gear Up or Give Up\",\"potentialAction\":[{\"@type\":\"SearchAction\",\"target\":{\"@type\":\"EntryPoint\",\"urlTemplate\":\"https:\/\/staging.lucky-hunter.com\/?s={search_term_string}\"},\"query-input\":{\"@type\":\"PropertyValueSpecification\",\"valueRequired\":true,\"valueName\":\"search_term_string\"}}],\"inLanguage\":\"fr-FR\"}]}<\/script>\n<!-- \/ Yoast SEO plugin. -->","yoast_head_json":{"title":"Appeau Dan Thompson PC4 Baby Jackrabbit camouflage neige","description":"Dan Thompson PC4 Snow Camo Call imite un b\u00e9b\u00e9 li\u00e8vre\/lapin en d\u00e9tresse. Un bruit que le renard associe \u00e0 un repas facile.","robots":{"index":"noindex","follow":"follow","max-snippet":"max-snippet:-1","max-image-preview":"max-image-preview:large","max-video-preview":"max-video-preview:-1"},"og_locale":"fr_FR","og_type":"article","og_title":"Appeau Dan Thompson PC4 Baby Jackrabbit camouflage neige","og_description":"Dan Thompson PC4 Snow Camo Call imite un b\u00e9b\u00e9 li\u00e8vre\/lapin en d\u00e9tresse. Un bruit que le renard associe \u00e0 un repas facile.","og_url":"https:\/\/staging.lucky-hunter.com\/fr\/product\/appeau-dan-thompson-pc4-baby-jackrabbit-camouflage-neige\/","og_site_name":"Lucky-Hunter","article_modified_time":"2025-06-30T13:26:34+00:00","og_image":[{"width":1000,"height":1000,"url":"https:\/\/staging.lucky-hunter.com\/wp-content\/uploads\/2019\/02\/LK-160S.png","type":"image\/png"}],"twitter_card":"summary_large_image","twitter_title":"Appeau Dan Thompson PC4 Baby Jackrabbit camouflage neige | Lucky Hunter","twitter_description":"Dan Thompson PC4 Snow Camo Call imite un b\u00e9b\u00e9 li\u00e8vre\/lapin en d\u00e9tresse. Un bruit que le renard associe \u00e0 un repas facile.","twitter_misc":{"Dur\u00e9e de lecture estim\u00e9e":"1 minute"},"schema":{"@context":"https:\/\/schema.org","@graph":[{"@type":"WebPage","@id":"https:\/\/staging.lucky-hunter.com\/fr\/product\/appeau-dan-thompson-pc4-baby-jackrabbit-camouflage-neige\/","url":"https:\/\/staging.lucky-hunter.com\/fr\/product\/appeau-dan-thompson-pc4-baby-jackrabbit-camouflage-neige\/","name":"Appeau Dan Thompson PC4 Baby Jackrabbit camouflage neige","isPartOf":{"@id":"https:\/\/staging.lucky-hunter.com\/#website"},"primaryImageOfPage":{"@id":"https:\/\/staging.lucky-hunter.com\/fr\/product\/appeau-dan-thompson-pc4-baby-jackrabbit-camouflage-neige\/#primaryimage"},"image":{"@id":"https:\/\/staging.lucky-hunter.com\/fr\/product\/appeau-dan-thompson-pc4-baby-jackrabbit-camouflage-neige\/#primaryimage"},"thumbnailUrl":"https:\/\/staging.lucky-hunter.com\/wp-content\/uploads\/2019\/02\/LK-160S.png","datePublished":"2019-02-27T08:44:36+00:00","dateModified":"2025-06-30T13:26:34+00:00","description":"Dan Thompson PC4 Snow Camo Call imite un b\u00e9b\u00e9 li\u00e8vre\/lapin en d\u00e9tresse. Un bruit que le renard associe \u00e0 un repas facile.","breadcrumb":{"@id":"https:\/\/staging.lucky-hunter.com\/fr\/product\/appeau-dan-thompson-pc4-baby-jackrabbit-camouflage-neige\/#breadcrumb"},"inLanguage":"fr-FR","potentialAction":[{"@type":"ReadAction","target":["https:\/\/staging.lucky-hunter.com\/fr\/product\/appeau-dan-thompson-pc4-baby-jackrabbit-camouflage-neige\/"]}]},{"@type":"ImageObject","inLanguage":"fr-FR","@id":"https:\/\/staging.lucky-hunter.com\/fr\/product\/appeau-dan-thompson-pc4-baby-jackrabbit-camouflage-neige\/#primaryimage","url":"https:\/\/staging.lucky-hunter.com\/wp-content\/uploads\/2019\/02\/LK-160S.png","contentUrl":"https:\/\/staging.lucky-hunter.com\/wp-content\/uploads\/2019\/02\/LK-160S.png","width":1000,"height":1000},{"@type":"BreadcrumbList","@id":"https:\/\/staging.lucky-hunter.com\/fr\/product\/appeau-dan-thompson-pc4-baby-jackrabbit-camouflage-neige\/#breadcrumb","itemListElement":[{"@type":"ListItem","position":1,"name":"Home","item":"https:\/\/staging.lucky-hunter.com\/fr\/"},{"@type":"ListItem","position":2,"name":"Boutique","item":"https:\/\/staging.lucky-hunter.com\/fr\/shop\/"},{"@type":"ListItem","position":3,"name":"Appeau Dan Thompson PC4 Baby Jackrabbit camouflage neige"}]},{"@type":"WebSite","@id":"https:\/\/staging.lucky-hunter.com\/#website","url":"https:\/\/staging.lucky-hunter.com\/","name":"Lucky-Hunter","description":"Gear Up or Give Up","potentialAction":[{"@type":"SearchAction","target":{"@type":"EntryPoint","urlTemplate":"https:\/\/staging.lucky-hunter.com\/?s={search_term_string}"},"query-input":{"@type":"PropertyValueSpecification","valueRequired":true,"valueName":"search_term_string"}}],"inLanguage":"fr-FR"}]}},"_links":{"self":[{"href":"https:\/\/staging.lucky-hunter.com\/fr\/wp-json\/wp\/v2\/product\/35349"}],"collection":[{"href":"https:\/\/staging.lucky-hunter.com\/fr\/wp-json\/wp\/v2\/product"}],"about":[{"href":"https:\/\/staging.lucky-hunter.com\/fr\/wp-json\/wp\/v2\/types\/product"}],"wp:featuredmedia":[{"embeddable":true,"href":"https:\/\/staging.lucky-hunter.com\/fr\/wp-json\/wp\/v2\/media\/29922"}],"wp:attachment":[{"href":"https:\/\/staging.lucky-hunter.com\/fr\/wp-json\/wp\/v2\/media?parent=35349"}],"wp:term":[{"taxonomy":"product_brand","embeddable":true,"href":"https:\/\/staging.lucky-hunter.com\/fr\/wp-json\/wp\/v2\/product_brand?post=35349"},{"taxonomy":"product_cat","embeddable":true,"href":"https:\/\/staging.lucky-hunter.com\/fr\/wp-json\/wp\/v2\/product_cat?post=35349"},{"taxonomy":"product_tag","embeddable":true,"href":"https:\/\/staging.lucky-hunter.com\/fr\/wp-json\/wp\/v2\/product_tag?post=35349"}],"curies":[{"name":"wp","href":"https:\/\/api.w.org\/{rel}","templated":true}]}}