{"id":35348,"date":"2019-02-27T09:50:06","date_gmt":"2019-02-27T08:50:06","guid":{"rendered":"https:\/\/staging.lucky-hunter.com\/product\/appeau-dan-thompson-pc5-baby-cottontail-camouflage-neige\/"},"modified":"2025-06-26T16:12:51","modified_gmt":"2025-06-26T14:12:51","slug":"appeau-dan-thompson-pc5-baby-cottontail-camouflage-neige","status":"publish","type":"product","link":"https:\/\/staging.lucky-hunter.com\/fr\/product\/appeau-dan-thompson-pc5-baby-cottontail-camouflage-neige\/","title":{"rendered":"Appeau Dan Thompson PC5 Baby Cottontail camouflage neige"},"content":{"rendered":"<h2><strong>Appeau Dan Thompson PC5 Baby Cottontail camouflage neige &#8211; la chasse aux pr\u00e9dateurs \u00e0 courte distance<\/strong><\/h2>\n<p>Le PC5 de Dan Thompson est id\u00e9al pour la chasse aux renards et aux chien viverrin. Le PC5 peut \u00e9galement \u00eatre utilis\u00e9 pour la chasse aux corbeaux.<\/p>\n<p>L\u2019appeau est tr\u00e8s facile d\u2019utilisation et est souvent employ\u00e9 pour chasser des b\u00e9b\u00e9s chiens viverrins ou des renardeaux.<\/p>\n<p>Le PC5 de Dan Thompson est parfait pour la chasse dans des zones de taille restreinte (for\u00eats hautes et clairi\u00e8res) abritant des chiens viverrins et des renards \u00e0 moins de 200 m\u00e8tres.<\/p>\n<p>Placez-vous au bord de la zone, o\u00f9 vous avez une bonne vue d&#8217;ensemble, et commencez \u00e0 siffler \u00e0 un volume faible qui augmente progressivement.<\/p>\n<p>Sifflez pendant 1 minute puis faites une pause de 2 \u00e0 3 minutes. Sifflez 3 s\u00e9quences courtes et aigu\u00ebs suivies d&#8217;un son de plainte plus long qui imite un li\u00e8vre bless\u00e9.<\/p>\n<p>Un animal bless\u00e9 crie, vous devez donc y mettre de l\u2019\u00e9nergie. Veillez \u00e0 varier le son afin qu&#8217;il ne devienne pas monotone.<\/p>\n<p>Les appeaux Dan Thompson sont fabriqu\u00e9s en bois de noyer am\u00e9ricain de haute qualit\u00e9 et accord\u00e9s \u00e0 la main \u00e0 la perfection.<\/p>\n","protected":false},"excerpt":{"rendered":"<p>Attirez votre proie \u00e0 chaque fois gr\u00e2ce aux appeaux Dan Thompson. Appeau de gibier Dan Thompson PC5 camouflage neige de qualit\u00e9 sup\u00e9rieure, fabriqu\u00e9 \u00e0 la main.<\/p>\n","protected":false},"featured_media":29923,"template":"","meta":[],"product_brand":[8211],"product_cat":[8234],"product_tag":[9445],"yoast_head":"<!-- This site is optimized with the Yoast SEO plugin v24.3 - https:\/\/yoast.com\/wordpress\/plugins\/seo\/ -->\n<title>Appeau Dan Thompson PC5 Baby Cottontail camouflage | Lucky Hunter<\/title>\n<meta name=\"description\" content=\"Attirez votre proie \u00e0 chaque fois gr\u00e2ce aux appeaux Dan Thompson. Appeau de gibier Dan Thompson PC5 camouflage neige de qualit\u00e9 sup\u00e9rieure, fabriqu\u00e9 \u00e0 la main.\" \/>\n<meta name=\"robots\" content=\"noindex, follow, max-snippet:-1, max-image-preview:large, max-video-preview:-1\" \/>\n<meta property=\"og:locale\" content=\"fr_FR\" \/>\n<meta property=\"og:type\" content=\"article\" \/>\n<meta property=\"og:title\" content=\"Appeau Dan Thompson PC5 Baby Cottontail camouflage | Lucky Hunter\" \/>\n<meta property=\"og:description\" content=\"Attirez votre proie \u00e0 chaque fois gr\u00e2ce aux appeaux Dan Thompson. Appeau de gibier Dan Thompson PC5 camouflage neige de qualit\u00e9 sup\u00e9rieure, fabriqu\u00e9 \u00e0 la main.\" \/>\n<meta property=\"og:url\" content=\"https:\/\/staging.lucky-hunter.com\/fr\/product\/appeau-dan-thompson-pc5-baby-cottontail-camouflage-neige\/\" \/>\n<meta property=\"og:site_name\" content=\"Lucky-Hunter\" \/>\n<meta property=\"article:modified_time\" content=\"2025-06-26T14:12:51+00:00\" \/>\n<meta property=\"og:image\" content=\"https:\/\/staging.lucky-hunter.com\/wp-content\/uploads\/2019\/02\/LK-165S.png\" \/>\n\t<meta property=\"og:image:width\" content=\"1000\" \/>\n\t<meta property=\"og:image:height\" content=\"1000\" \/>\n\t<meta property=\"og:image:type\" content=\"image\/png\" \/>\n<meta name=\"twitter:card\" content=\"summary_large_image\" \/>\n<meta name=\"twitter:title\" content=\"Appeau Dan Thompson PC5 Baby Cottontail camouflage | Lucky Hunter\" \/>\n<meta name=\"twitter:description\" content=\"Attirez votre proie \u00e0 chaque fois gr\u00e2ce aux appeaux Dan Thompson. Appeau de gibier Dan Thompson PC5 camouflage neige de qualit\u00e9 sup\u00e9rieure, fabriqu\u00e9 \u00e0 la main.\" \/>\n<meta name=\"twitter:label1\" content=\"Dur\u00e9e de lecture estim\u00e9e\" \/>\n\t<meta name=\"twitter:data1\" content=\"2 minutes\" \/>\n<script type=\"application\/ld+json\" class=\"yoast-schema-graph\">{\"@context\":\"https:\/\/schema.org\",\"@graph\":[{\"@type\":\"WebPage\",\"@id\":\"https:\/\/staging.lucky-hunter.com\/fr\/product\/appeau-dan-thompson-pc5-baby-cottontail-camouflage-neige\/\",\"url\":\"https:\/\/staging.lucky-hunter.com\/fr\/product\/appeau-dan-thompson-pc5-baby-cottontail-camouflage-neige\/\",\"name\":\"Appeau Dan Thompson PC5 Baby Cottontail camouflage | Lucky Hunter\",\"isPartOf\":{\"@id\":\"https:\/\/staging.lucky-hunter.com\/#website\"},\"primaryImageOfPage\":{\"@id\":\"https:\/\/staging.lucky-hunter.com\/fr\/product\/appeau-dan-thompson-pc5-baby-cottontail-camouflage-neige\/#primaryimage\"},\"image\":{\"@id\":\"https:\/\/staging.lucky-hunter.com\/fr\/product\/appeau-dan-thompson-pc5-baby-cottontail-camouflage-neige\/#primaryimage\"},\"thumbnailUrl\":\"https:\/\/staging.lucky-hunter.com\/wp-content\/uploads\/2019\/02\/LK-165S.png\",\"datePublished\":\"2019-02-27T08:50:06+00:00\",\"dateModified\":\"2025-06-26T14:12:51+00:00\",\"description\":\"Attirez votre proie \u00e0 chaque fois gr\u00e2ce aux appeaux Dan Thompson. Appeau de gibier Dan Thompson PC5 camouflage neige de qualit\u00e9 sup\u00e9rieure, fabriqu\u00e9 \u00e0 la main.\",\"breadcrumb\":{\"@id\":\"https:\/\/staging.lucky-hunter.com\/fr\/product\/appeau-dan-thompson-pc5-baby-cottontail-camouflage-neige\/#breadcrumb\"},\"inLanguage\":\"fr-FR\",\"potentialAction\":[{\"@type\":\"ReadAction\",\"target\":[\"https:\/\/staging.lucky-hunter.com\/fr\/product\/appeau-dan-thompson-pc5-baby-cottontail-camouflage-neige\/\"]}]},{\"@type\":\"ImageObject\",\"inLanguage\":\"fr-FR\",\"@id\":\"https:\/\/staging.lucky-hunter.com\/fr\/product\/appeau-dan-thompson-pc5-baby-cottontail-camouflage-neige\/#primaryimage\",\"url\":\"https:\/\/staging.lucky-hunter.com\/wp-content\/uploads\/2019\/02\/LK-165S.png\",\"contentUrl\":\"https:\/\/staging.lucky-hunter.com\/wp-content\/uploads\/2019\/02\/LK-165S.png\",\"width\":1000,\"height\":1000},{\"@type\":\"BreadcrumbList\",\"@id\":\"https:\/\/staging.lucky-hunter.com\/fr\/product\/appeau-dan-thompson-pc5-baby-cottontail-camouflage-neige\/#breadcrumb\",\"itemListElement\":[{\"@type\":\"ListItem\",\"position\":1,\"name\":\"Home\",\"item\":\"https:\/\/staging.lucky-hunter.com\/fr\/\"},{\"@type\":\"ListItem\",\"position\":2,\"name\":\"Boutique\",\"item\":\"https:\/\/staging.lucky-hunter.com\/fr\/shop\/\"},{\"@type\":\"ListItem\",\"position\":3,\"name\":\"Appeau Dan Thompson PC5 Baby Cottontail camouflage neige\"}]},{\"@type\":\"WebSite\",\"@id\":\"https:\/\/staging.lucky-hunter.com\/#website\",\"url\":\"https:\/\/staging.lucky-hunter.com\/\",\"name\":\"Lucky-Hunter\",\"description\":\"Gear Up or Give Up\",\"potentialAction\":[{\"@type\":\"SearchAction\",\"target\":{\"@type\":\"EntryPoint\",\"urlTemplate\":\"https:\/\/staging.lucky-hunter.com\/?s={search_term_string}\"},\"query-input\":{\"@type\":\"PropertyValueSpecification\",\"valueRequired\":true,\"valueName\":\"search_term_string\"}}],\"inLanguage\":\"fr-FR\"}]}<\/script>\n<!-- \/ Yoast SEO plugin. -->","yoast_head_json":{"title":"Appeau Dan Thompson PC5 Baby Cottontail camouflage | Lucky Hunter","description":"Attirez votre proie \u00e0 chaque fois gr\u00e2ce aux appeaux Dan Thompson. Appeau de gibier Dan Thompson PC5 camouflage neige de qualit\u00e9 sup\u00e9rieure, fabriqu\u00e9 \u00e0 la main.","robots":{"index":"noindex","follow":"follow","max-snippet":"max-snippet:-1","max-image-preview":"max-image-preview:large","max-video-preview":"max-video-preview:-1"},"og_locale":"fr_FR","og_type":"article","og_title":"Appeau Dan Thompson PC5 Baby Cottontail camouflage | Lucky Hunter","og_description":"Attirez votre proie \u00e0 chaque fois gr\u00e2ce aux appeaux Dan Thompson. Appeau de gibier Dan Thompson PC5 camouflage neige de qualit\u00e9 sup\u00e9rieure, fabriqu\u00e9 \u00e0 la main.","og_url":"https:\/\/staging.lucky-hunter.com\/fr\/product\/appeau-dan-thompson-pc5-baby-cottontail-camouflage-neige\/","og_site_name":"Lucky-Hunter","article_modified_time":"2025-06-26T14:12:51+00:00","og_image":[{"width":1000,"height":1000,"url":"https:\/\/staging.lucky-hunter.com\/wp-content\/uploads\/2019\/02\/LK-165S.png","type":"image\/png"}],"twitter_card":"summary_large_image","twitter_title":"Appeau Dan Thompson PC5 Baby Cottontail camouflage | Lucky Hunter","twitter_description":"Attirez votre proie \u00e0 chaque fois gr\u00e2ce aux appeaux Dan Thompson. Appeau de gibier Dan Thompson PC5 camouflage neige de qualit\u00e9 sup\u00e9rieure, fabriqu\u00e9 \u00e0 la main.","twitter_misc":{"Dur\u00e9e de lecture estim\u00e9e":"2 minutes"},"schema":{"@context":"https:\/\/schema.org","@graph":[{"@type":"WebPage","@id":"https:\/\/staging.lucky-hunter.com\/fr\/product\/appeau-dan-thompson-pc5-baby-cottontail-camouflage-neige\/","url":"https:\/\/staging.lucky-hunter.com\/fr\/product\/appeau-dan-thompson-pc5-baby-cottontail-camouflage-neige\/","name":"Appeau Dan Thompson PC5 Baby Cottontail camouflage | Lucky Hunter","isPartOf":{"@id":"https:\/\/staging.lucky-hunter.com\/#website"},"primaryImageOfPage":{"@id":"https:\/\/staging.lucky-hunter.com\/fr\/product\/appeau-dan-thompson-pc5-baby-cottontail-camouflage-neige\/#primaryimage"},"image":{"@id":"https:\/\/staging.lucky-hunter.com\/fr\/product\/appeau-dan-thompson-pc5-baby-cottontail-camouflage-neige\/#primaryimage"},"thumbnailUrl":"https:\/\/staging.lucky-hunter.com\/wp-content\/uploads\/2019\/02\/LK-165S.png","datePublished":"2019-02-27T08:50:06+00:00","dateModified":"2025-06-26T14:12:51+00:00","description":"Attirez votre proie \u00e0 chaque fois gr\u00e2ce aux appeaux Dan Thompson. Appeau de gibier Dan Thompson PC5 camouflage neige de qualit\u00e9 sup\u00e9rieure, fabriqu\u00e9 \u00e0 la main.","breadcrumb":{"@id":"https:\/\/staging.lucky-hunter.com\/fr\/product\/appeau-dan-thompson-pc5-baby-cottontail-camouflage-neige\/#breadcrumb"},"inLanguage":"fr-FR","potentialAction":[{"@type":"ReadAction","target":["https:\/\/staging.lucky-hunter.com\/fr\/product\/appeau-dan-thompson-pc5-baby-cottontail-camouflage-neige\/"]}]},{"@type":"ImageObject","inLanguage":"fr-FR","@id":"https:\/\/staging.lucky-hunter.com\/fr\/product\/appeau-dan-thompson-pc5-baby-cottontail-camouflage-neige\/#primaryimage","url":"https:\/\/staging.lucky-hunter.com\/wp-content\/uploads\/2019\/02\/LK-165S.png","contentUrl":"https:\/\/staging.lucky-hunter.com\/wp-content\/uploads\/2019\/02\/LK-165S.png","width":1000,"height":1000},{"@type":"BreadcrumbList","@id":"https:\/\/staging.lucky-hunter.com\/fr\/product\/appeau-dan-thompson-pc5-baby-cottontail-camouflage-neige\/#breadcrumb","itemListElement":[{"@type":"ListItem","position":1,"name":"Home","item":"https:\/\/staging.lucky-hunter.com\/fr\/"},{"@type":"ListItem","position":2,"name":"Boutique","item":"https:\/\/staging.lucky-hunter.com\/fr\/shop\/"},{"@type":"ListItem","position":3,"name":"Appeau Dan Thompson PC5 Baby Cottontail camouflage neige"}]},{"@type":"WebSite","@id":"https:\/\/staging.lucky-hunter.com\/#website","url":"https:\/\/staging.lucky-hunter.com\/","name":"Lucky-Hunter","description":"Gear Up or Give Up","potentialAction":[{"@type":"SearchAction","target":{"@type":"EntryPoint","urlTemplate":"https:\/\/staging.lucky-hunter.com\/?s={search_term_string}"},"query-input":{"@type":"PropertyValueSpecification","valueRequired":true,"valueName":"search_term_string"}}],"inLanguage":"fr-FR"}]}},"_links":{"self":[{"href":"https:\/\/staging.lucky-hunter.com\/fr\/wp-json\/wp\/v2\/product\/35348"}],"collection":[{"href":"https:\/\/staging.lucky-hunter.com\/fr\/wp-json\/wp\/v2\/product"}],"about":[{"href":"https:\/\/staging.lucky-hunter.com\/fr\/wp-json\/wp\/v2\/types\/product"}],"wp:featuredmedia":[{"embeddable":true,"href":"https:\/\/staging.lucky-hunter.com\/fr\/wp-json\/wp\/v2\/media\/29923"}],"wp:attachment":[{"href":"https:\/\/staging.lucky-hunter.com\/fr\/wp-json\/wp\/v2\/media?parent=35348"}],"wp:term":[{"taxonomy":"product_brand","embeddable":true,"href":"https:\/\/staging.lucky-hunter.com\/fr\/wp-json\/wp\/v2\/product_brand?post=35348"},{"taxonomy":"product_cat","embeddable":true,"href":"https:\/\/staging.lucky-hunter.com\/fr\/wp-json\/wp\/v2\/product_cat?post=35348"},{"taxonomy":"product_tag","embeddable":true,"href":"https:\/\/staging.lucky-hunter.com\/fr\/wp-json\/wp\/v2\/product_tag?post=35348"}],"curies":[{"name":"wp","href":"https:\/\/api.w.org\/{rel}","templated":true}]}}