{"id":35347,"date":"2019-02-27T10:23:27","date_gmt":"2019-02-27T09:23:27","guid":{"rendered":"https:\/\/staging.lucky-hunter.com\/product\/dan-thompson-pc1d-extreme-range-double-jackrabbit\/"},"modified":"2022-11-16T10:13:02","modified_gmt":"2022-11-16T09:13:02","slug":"dan-thompson-pc1d-extreme-range-double-jackrabbit","status":"publish","type":"product","link":"https:\/\/staging.lucky-hunter.com\/fr\/product\/dan-thompson-pc1d-extreme-range-double-jackrabbit\/","title":{"rendered":"Dan Thompson PC1D Extreme Range Double Jackrabbit"},"content":{"rendered":"<h2><strong>Dan Thompson PC1D Extreme Range Double Jackrabbit &#8211; extra rauque !<\/strong><\/h2>\n<p>Appeau pour pr\u00e9dateurs \u00e0 tr\u00e8s longue port\u00e9e de la marque am\u00e9ricaine Dan Thompson Calls, pour chasser le renard, la martre et d&#8217;autres pr\u00e9dateurs.<\/p>\n<p>S&#8217;utilise sans probl\u00e8me les jours de grand vent, avec une port\u00e9e sup\u00e9rieure \u00e0 1500 m\u00e8tres selon le vent. Id\u00e9al si vous pr\u00e9voyez de chasser \u00e0 partir d\u2019une position fixe et pour attirer le pr\u00e9dateur de loin. Le PC1D est fait \u00e0 la main et r\u00e9gl\u00e9 individuellement par John Haslem, actuellement en charge de Dan Thompson Calls.<\/p>\n<p>L&#8217;appeau PC1D est fabriqu\u00e9 en bois de noyer d\u2019excellent facture, ce qui assure un ton clair et naturel.<\/p>\n<p>Placez-vous dans une zone ouverte, \u00e0 80-100 m\u00e8tres de la lisi\u00e8re de la for\u00eat, et commencez \u00e0 siffler avec un volume plus faible, qui augmente progressivement.<\/p>\n<p>Sifflez 1 minute puis faites une pause de 2 \u00e0 3 minutes. Soufflez 3 s\u00e9quences courtes et aigu\u00ebs suivies d&#8217;un son de plainte plus long qui imite un li\u00e8vre bless\u00e9.<\/p>\n<p>Soufflez 3 s\u00e9quences courtes et aigu\u00ebs suivies d&#8217;une longue plainte pour imiter un li\u00e8vre bless\u00e9. Veillez \u00e0 varier le son afin qu&#8217;il ne devienne pas monotone, pour maintenir l\u2019int\u00e9r\u00eat naturel de votre proie.<\/p>\n<p>Veillez \u00e0 varier le son afin qu&#8217;il ne devienne pas monotone. Par exemple le danois Sandor Hestb\u00e6k Markus et le producteur de films su\u00e9dois Ulf Lindroth.<\/p>\n<p>Les appels de pr\u00e9dateurs de Dan Thompson sont recommand\u00e9s par plusieurs sp\u00e9cialistes des appels de jeu, par exemple le danois Sandor Hestb\u00e6k Markus et le producteur de films su\u00e9dois Ulf Lindroth.<\/p>\n<p>Vous n&#8217;avez m\u00eame pas besoin d&#8217;\u00eatre un appelant exp\u00e9riment\u00e9 pour utiliser un appel Dan Thompson lors de votre chasse aux pr\u00e9dateurs. Avec un peu de pratique, vous pouvez produire rapidement les bons sons et \u00e0 partir de l\u00e0, il n&#8217;y a pas beaucoup de chemin jusqu&#8217;au premier pr\u00e9dateur qui r\u00e9pond \u00e0 votre appel.<\/p>\n","protected":false},"excerpt":{"rendered":"<p>Dan Thompson PC1D Extreme Range Double Jackrabbit. Extra rauque et parfait pour les longues distances.\u00a0S&#8217;utilise sans probl\u00e8me les jours de grand vent, avec une port\u00e9e sup\u00e9rieure \u00e0 1500 m\u00e8tres selon le vent.<\/p>\n","protected":false},"featured_media":29927,"template":"","meta":[],"product_brand":[8211],"product_cat":[8234],"product_tag":[],"yoast_head":"<!-- This site is optimized with the Yoast SEO plugin v24.3 - https:\/\/yoast.com\/wordpress\/plugins\/seo\/ -->\n<title>Dan Thompson PC1D Extreme Range Double Jackrabbit | Lucky Hunter<\/title>\n<meta name=\"description\" content=\"Appeau pour pr\u00e9dateurs Dan Thompson PC1D Extreme Range Double Jackrabbit vous offre une port\u00e9e et un volume suppl\u00e9mentaires pour les jours difficiles.\" \/>\n<meta name=\"robots\" content=\"noindex, follow, max-snippet:-1, max-image-preview:large, max-video-preview:-1\" \/>\n<meta property=\"og:locale\" content=\"fr_FR\" \/>\n<meta property=\"og:type\" content=\"article\" \/>\n<meta property=\"og:title\" content=\"Dan Thompson PC1D Extreme Range Double Jackrabbit | Lucky Hunter\" \/>\n<meta property=\"og:description\" content=\"Appeau pour pr\u00e9dateurs Dan Thompson PC1D Extreme Range Double Jackrabbit vous offre une port\u00e9e et un volume suppl\u00e9mentaires pour les jours difficiles.\" \/>\n<meta property=\"og:url\" content=\"https:\/\/staging.lucky-hunter.com\/fr\/product\/dan-thompson-pc1d-extreme-range-double-jackrabbit\/\" \/>\n<meta property=\"og:site_name\" content=\"Lucky-Hunter\" \/>\n<meta property=\"article:modified_time\" content=\"2022-11-16T09:13:02+00:00\" \/>\n<meta property=\"og:image\" content=\"https:\/\/staging.lucky-hunter.com\/wp-content\/uploads\/2019\/02\/LK-XX-Jackrabbit.png\" \/>\n\t<meta property=\"og:image:width\" content=\"1000\" \/>\n\t<meta property=\"og:image:height\" content=\"1000\" \/>\n\t<meta property=\"og:image:type\" content=\"image\/png\" \/>\n<meta name=\"twitter:card\" content=\"summary_large_image\" \/>\n<meta name=\"twitter:title\" content=\"Dan Thompson PC1D Extreme Range Double Jackrabbit | Lucky Hunter\" \/>\n<meta name=\"twitter:description\" content=\"Appeau pour pr\u00e9dateurs Dan Thompson PC1D Extreme Range Double Jackrabbit vous offre une port\u00e9e et un volume suppl\u00e9mentaires pour les jours difficiles.\" \/>\n<meta name=\"twitter:label1\" content=\"Dur\u00e9e de lecture estim\u00e9e\" \/>\n\t<meta name=\"twitter:data1\" content=\"2 minutes\" \/>\n<script type=\"application\/ld+json\" class=\"yoast-schema-graph\">{\"@context\":\"https:\/\/schema.org\",\"@graph\":[{\"@type\":\"WebPage\",\"@id\":\"https:\/\/staging.lucky-hunter.com\/fr\/product\/dan-thompson-pc1d-extreme-range-double-jackrabbit\/\",\"url\":\"https:\/\/staging.lucky-hunter.com\/fr\/product\/dan-thompson-pc1d-extreme-range-double-jackrabbit\/\",\"name\":\"Dan Thompson PC1D Extreme Range Double Jackrabbit | Lucky Hunter\",\"isPartOf\":{\"@id\":\"https:\/\/staging.lucky-hunter.com\/#website\"},\"primaryImageOfPage\":{\"@id\":\"https:\/\/staging.lucky-hunter.com\/fr\/product\/dan-thompson-pc1d-extreme-range-double-jackrabbit\/#primaryimage\"},\"image\":{\"@id\":\"https:\/\/staging.lucky-hunter.com\/fr\/product\/dan-thompson-pc1d-extreme-range-double-jackrabbit\/#primaryimage\"},\"thumbnailUrl\":\"https:\/\/staging.lucky-hunter.com\/wp-content\/uploads\/2019\/02\/LK-XX-Jackrabbit.png\",\"datePublished\":\"2019-02-27T09:23:27+00:00\",\"dateModified\":\"2022-11-16T09:13:02+00:00\",\"description\":\"Appeau pour pr\u00e9dateurs Dan Thompson PC1D Extreme Range Double Jackrabbit vous offre une port\u00e9e et un volume suppl\u00e9mentaires pour les jours difficiles.\",\"breadcrumb\":{\"@id\":\"https:\/\/staging.lucky-hunter.com\/fr\/product\/dan-thompson-pc1d-extreme-range-double-jackrabbit\/#breadcrumb\"},\"inLanguage\":\"fr-FR\",\"potentialAction\":[{\"@type\":\"ReadAction\",\"target\":[\"https:\/\/staging.lucky-hunter.com\/fr\/product\/dan-thompson-pc1d-extreme-range-double-jackrabbit\/\"]}]},{\"@type\":\"ImageObject\",\"inLanguage\":\"fr-FR\",\"@id\":\"https:\/\/staging.lucky-hunter.com\/fr\/product\/dan-thompson-pc1d-extreme-range-double-jackrabbit\/#primaryimage\",\"url\":\"https:\/\/staging.lucky-hunter.com\/wp-content\/uploads\/2019\/02\/LK-XX-Jackrabbit.png\",\"contentUrl\":\"https:\/\/staging.lucky-hunter.com\/wp-content\/uploads\/2019\/02\/LK-XX-Jackrabbit.png\",\"width\":1000,\"height\":1000},{\"@type\":\"BreadcrumbList\",\"@id\":\"https:\/\/staging.lucky-hunter.com\/fr\/product\/dan-thompson-pc1d-extreme-range-double-jackrabbit\/#breadcrumb\",\"itemListElement\":[{\"@type\":\"ListItem\",\"position\":1,\"name\":\"Home\",\"item\":\"https:\/\/staging.lucky-hunter.com\/fr\/\"},{\"@type\":\"ListItem\",\"position\":2,\"name\":\"Boutique\",\"item\":\"https:\/\/staging.lucky-hunter.com\/fr\/shop\/\"},{\"@type\":\"ListItem\",\"position\":3,\"name\":\"Dan Thompson PC1D Extreme Range Double Jackrabbit\"}]},{\"@type\":\"WebSite\",\"@id\":\"https:\/\/staging.lucky-hunter.com\/#website\",\"url\":\"https:\/\/staging.lucky-hunter.com\/\",\"name\":\"Lucky-Hunter\",\"description\":\"Gear Up or Give Up\",\"potentialAction\":[{\"@type\":\"SearchAction\",\"target\":{\"@type\":\"EntryPoint\",\"urlTemplate\":\"https:\/\/staging.lucky-hunter.com\/?s={search_term_string}\"},\"query-input\":{\"@type\":\"PropertyValueSpecification\",\"valueRequired\":true,\"valueName\":\"search_term_string\"}}],\"inLanguage\":\"fr-FR\"}]}<\/script>\n<!-- \/ Yoast SEO plugin. -->","yoast_head_json":{"title":"Dan Thompson PC1D Extreme Range Double Jackrabbit | Lucky Hunter","description":"Appeau pour pr\u00e9dateurs Dan Thompson PC1D Extreme Range Double Jackrabbit vous offre une port\u00e9e et un volume suppl\u00e9mentaires pour les jours difficiles.","robots":{"index":"noindex","follow":"follow","max-snippet":"max-snippet:-1","max-image-preview":"max-image-preview:large","max-video-preview":"max-video-preview:-1"},"og_locale":"fr_FR","og_type":"article","og_title":"Dan Thompson PC1D Extreme Range Double Jackrabbit | Lucky Hunter","og_description":"Appeau pour pr\u00e9dateurs Dan Thompson PC1D Extreme Range Double Jackrabbit vous offre une port\u00e9e et un volume suppl\u00e9mentaires pour les jours difficiles.","og_url":"https:\/\/staging.lucky-hunter.com\/fr\/product\/dan-thompson-pc1d-extreme-range-double-jackrabbit\/","og_site_name":"Lucky-Hunter","article_modified_time":"2022-11-16T09:13:02+00:00","og_image":[{"width":1000,"height":1000,"url":"https:\/\/staging.lucky-hunter.com\/wp-content\/uploads\/2019\/02\/LK-XX-Jackrabbit.png","type":"image\/png"}],"twitter_card":"summary_large_image","twitter_title":"Dan Thompson PC1D Extreme Range Double Jackrabbit | Lucky Hunter","twitter_description":"Appeau pour pr\u00e9dateurs Dan Thompson PC1D Extreme Range Double Jackrabbit vous offre une port\u00e9e et un volume suppl\u00e9mentaires pour les jours difficiles.","twitter_misc":{"Dur\u00e9e de lecture estim\u00e9e":"2 minutes"},"schema":{"@context":"https:\/\/schema.org","@graph":[{"@type":"WebPage","@id":"https:\/\/staging.lucky-hunter.com\/fr\/product\/dan-thompson-pc1d-extreme-range-double-jackrabbit\/","url":"https:\/\/staging.lucky-hunter.com\/fr\/product\/dan-thompson-pc1d-extreme-range-double-jackrabbit\/","name":"Dan Thompson PC1D Extreme Range Double Jackrabbit | Lucky Hunter","isPartOf":{"@id":"https:\/\/staging.lucky-hunter.com\/#website"},"primaryImageOfPage":{"@id":"https:\/\/staging.lucky-hunter.com\/fr\/product\/dan-thompson-pc1d-extreme-range-double-jackrabbit\/#primaryimage"},"image":{"@id":"https:\/\/staging.lucky-hunter.com\/fr\/product\/dan-thompson-pc1d-extreme-range-double-jackrabbit\/#primaryimage"},"thumbnailUrl":"https:\/\/staging.lucky-hunter.com\/wp-content\/uploads\/2019\/02\/LK-XX-Jackrabbit.png","datePublished":"2019-02-27T09:23:27+00:00","dateModified":"2022-11-16T09:13:02+00:00","description":"Appeau pour pr\u00e9dateurs Dan Thompson PC1D Extreme Range Double Jackrabbit vous offre une port\u00e9e et un volume suppl\u00e9mentaires pour les jours difficiles.","breadcrumb":{"@id":"https:\/\/staging.lucky-hunter.com\/fr\/product\/dan-thompson-pc1d-extreme-range-double-jackrabbit\/#breadcrumb"},"inLanguage":"fr-FR","potentialAction":[{"@type":"ReadAction","target":["https:\/\/staging.lucky-hunter.com\/fr\/product\/dan-thompson-pc1d-extreme-range-double-jackrabbit\/"]}]},{"@type":"ImageObject","inLanguage":"fr-FR","@id":"https:\/\/staging.lucky-hunter.com\/fr\/product\/dan-thompson-pc1d-extreme-range-double-jackrabbit\/#primaryimage","url":"https:\/\/staging.lucky-hunter.com\/wp-content\/uploads\/2019\/02\/LK-XX-Jackrabbit.png","contentUrl":"https:\/\/staging.lucky-hunter.com\/wp-content\/uploads\/2019\/02\/LK-XX-Jackrabbit.png","width":1000,"height":1000},{"@type":"BreadcrumbList","@id":"https:\/\/staging.lucky-hunter.com\/fr\/product\/dan-thompson-pc1d-extreme-range-double-jackrabbit\/#breadcrumb","itemListElement":[{"@type":"ListItem","position":1,"name":"Home","item":"https:\/\/staging.lucky-hunter.com\/fr\/"},{"@type":"ListItem","position":2,"name":"Boutique","item":"https:\/\/staging.lucky-hunter.com\/fr\/shop\/"},{"@type":"ListItem","position":3,"name":"Dan Thompson PC1D Extreme Range Double Jackrabbit"}]},{"@type":"WebSite","@id":"https:\/\/staging.lucky-hunter.com\/#website","url":"https:\/\/staging.lucky-hunter.com\/","name":"Lucky-Hunter","description":"Gear Up or Give Up","potentialAction":[{"@type":"SearchAction","target":{"@type":"EntryPoint","urlTemplate":"https:\/\/staging.lucky-hunter.com\/?s={search_term_string}"},"query-input":{"@type":"PropertyValueSpecification","valueRequired":true,"valueName":"search_term_string"}}],"inLanguage":"fr-FR"}]}},"_links":{"self":[{"href":"https:\/\/staging.lucky-hunter.com\/fr\/wp-json\/wp\/v2\/product\/35347"}],"collection":[{"href":"https:\/\/staging.lucky-hunter.com\/fr\/wp-json\/wp\/v2\/product"}],"about":[{"href":"https:\/\/staging.lucky-hunter.com\/fr\/wp-json\/wp\/v2\/types\/product"}],"wp:featuredmedia":[{"embeddable":true,"href":"https:\/\/staging.lucky-hunter.com\/fr\/wp-json\/wp\/v2\/media\/29927"}],"wp:attachment":[{"href":"https:\/\/staging.lucky-hunter.com\/fr\/wp-json\/wp\/v2\/media?parent=35347"}],"wp:term":[{"taxonomy":"product_brand","embeddable":true,"href":"https:\/\/staging.lucky-hunter.com\/fr\/wp-json\/wp\/v2\/product_brand?post=35347"},{"taxonomy":"product_cat","embeddable":true,"href":"https:\/\/staging.lucky-hunter.com\/fr\/wp-json\/wp\/v2\/product_cat?post=35347"},{"taxonomy":"product_tag","embeddable":true,"href":"https:\/\/staging.lucky-hunter.com\/fr\/wp-json\/wp\/v2\/product_tag?post=35347"}],"curies":[{"name":"wp","href":"https:\/\/api.w.org\/{rel}","templated":true}]}}