{"id":35344,"date":"2019-06-04T13:52:03","date_gmt":"2019-06-04T11:52:03","guid":{"rendered":"https:\/\/staging.lucky-hunter.com\/product\/parka-pour-chien-avery\/"},"modified":"2025-06-26T16:05:05","modified_gmt":"2025-06-26T14:05:05","slug":"parka-pour-chien-neoprene-3-mm-avery","status":"publish","type":"product","link":"https:\/\/staging.lucky-hunter.com\/fr\/product\/parka-pour-chien-neoprene-3-mm-avery\/","title":{"rendered":"Parka pour chien &#8211; Avery"},"content":{"rendered":"<h2><strong>Parka pour chien Avery &#8211; Assurez-vous que votre chien reste au chaud et \u00e0 l&#8217;aise pendant la chasse<\/strong><\/h2>\n<p>Pourquoi votre chien devrait-il en porter une ? \u00c0 cause de la chaleur corporelle.<\/p>\n<p>Votre chien commence \u00e0 perdre de sa chaleur corporelle plus t\u00f4t que vous ne le pensez. Des temp\u00e9ratures de l&#8217;eau inf\u00e9rieures \u00e0 55\u00b0, des temp\u00e9ratures de l&#8217;air inf\u00e9rieures \u00e0 40\u00b0 et des vents de 20 mph sont des conditions id\u00e9ales pour une hypothermie canine mortelle.<\/p>\n<p>Une parka pour chien en n\u00e9opr\u00e8ne conserve la chaleur corporelle de votre chien tout en aidant son pelage \u00e0 s\u00e9cher plus rapidement et en r\u00e9duisant les frissons \u00e9nergivores. Elle fournit \u00e9galement l\u2019amplitude et la protection dont votre chien a besoin pour effectuer son travail essentiel pour vous.<\/p>\n<p><strong>Caract\u00e9ristiques\u00a0:<\/strong><\/p>\n<ul>\n<li>Motif de camouflage Max5 ou herbe des marais<\/li>\n<li>Fermeture \u00e9claire sur toute la longueur<\/li>\n<li>Fermeture \u00e9claire pour temps froid<\/li>\n<li>Coupe fusel\u00e9e avec n\u00e9opr\u00e8ne 3 mm<\/li>\n<li>Coutures doubl\u00e9es<\/li>\n<li>Facilement personnalisable.<\/li>\n<\/ul>\n<p><strong>Tableau des tailles :<\/strong><\/p>\n<ul>\n<li>Taille XS : XS: 38 cm (cou) &#8211; 56 (poitrine)<\/li>\n<li>Taille S : S 40 cm (cou) &#8211; 61 cm (poitrine)<\/li>\n<li>Taille M : 43 cm (cou) &#8211; 66 cm (poitrine)<\/li>\n<li>Taille L : 46 cm (cou) &#8211; 71 cm (poitrine)<\/li>\n<li>Taille XL : 48,50 cm (cou) &#8211; 79 cm (poitrine)<\/li>\n<li>Taille S : XXL: 51 cm (cou) &#8211; 84 cm (poitrine)<\/li>\n<\/ul>\n<p>La poitrine du chien se mesure juste derri\u00e8re les pattes avant. La parka a une encolure plus basse : tenez-en compte lors de la mesure. Assurez-vous que la parka est suffisamment serr\u00e9e pour garder le corps de votre chien au chaud, mais pas au point de bloquer sa respiration ou de provoquer une g\u00eane.<\/p>\n<p><iframe title=\"Avery Dog Parka\" width=\"1020\" height=\"574\" src=\"https:\/\/www.youtube.com\/embed\/p3qIBK2RNu0?wmode=transparent&amp;rel=0&amp;feature=oembed&#038;enablejsapi=1&#038;origin=https:\/\/staging.lucky-hunter.com\" frameborder=\"0\" allow=\"accelerometer; autoplay; clipboard-write; encrypted-media; gyroscope; picture-in-picture; web-share\" referrerpolicy=\"strict-origin-when-cross-origin\" allowfullscreen><\/iframe><\/p>\n<p><img decoding=\"async\" class=\"alignnone size-full wp-image-27802\" src=\"https:\/\/staging.lucky-hunter.com\/wp-content\/uploads\/2019\/06\/AVE03210-1.jpg\" alt=\"\" width=\"845\" height=\"844\" srcset=\"https:\/\/staging.lucky-hunter.com\/wp-content\/uploads\/2019\/06\/AVE03210-1.jpg 845w, https:\/\/staging.lucky-hunter.com\/wp-content\/uploads\/2019\/06\/AVE03210-1-150x150.jpg 150w, https:\/\/staging.lucky-hunter.com\/wp-content\/uploads\/2019\/06\/AVE03210-1-768x767.jpg 768w, https:\/\/staging.lucky-hunter.com\/wp-content\/uploads\/2019\/06\/AVE03210-1-300x300.jpg 300w, https:\/\/staging.lucky-hunter.com\/wp-content\/uploads\/2019\/06\/AVE03210-1-250x250.jpg 250w, https:\/\/staging.lucky-hunter.com\/wp-content\/uploads\/2019\/06\/AVE03210-1-100x100.jpg 100w\" sizes=\"(max-width: 845px) 100vw, 845px\" \/><\/p>\n","protected":false},"excerpt":{"rendered":"<p>Une parka pour chien en n\u00e9opr\u00e8ne conserve la chaleur corporelle de votre chien tout en aidant son pelage \u00e0 s\u00e9cher plus rapidement et en r\u00e9duisant les frissons \u00e9nergivores.<\/p>\n","protected":false},"featured_media":107706,"template":"","meta":[],"product_brand":[8123],"product_cat":[8259],"product_tag":[],"yoast_head":"<!-- This site is optimized with the Yoast SEO plugin v24.3 - https:\/\/yoast.com\/wordpress\/plugins\/seo\/ -->\n<title>Parka pour chien n\u00e9opr\u00e8ne 3 mm - Avery<\/title>\n<meta name=\"description\" content=\"Avery Standard Dog Parka est parfait pour garder la chaleur pour votre chien pendant que vous \u00eates \u00e0 la chasse.\" \/>\n<meta name=\"robots\" content=\"noindex, follow, max-snippet:-1, max-image-preview:large, max-video-preview:-1\" \/>\n<meta property=\"og:locale\" content=\"fr_FR\" \/>\n<meta property=\"og:type\" content=\"article\" \/>\n<meta property=\"og:title\" content=\"Parka pour chien n\u00e9opr\u00e8ne 3 mm - Avery\" \/>\n<meta property=\"og:description\" content=\"Avery Standard Dog Parka est parfait pour garder la chaleur pour votre chien pendant que vous \u00eates \u00e0 la chasse. Cela les maintient concentr\u00e9s sur la chasse et ne tremble pas.\" \/>\n<meta property=\"og:url\" content=\"https:\/\/staging.lucky-hunter.com\/fr\/product\/parka-pour-chien-neoprene-3-mm-avery\/\" \/>\n<meta property=\"og:site_name\" content=\"Lucky-Hunter\" \/>\n<meta property=\"article:modified_time\" content=\"2025-06-26T14:05:05+00:00\" \/>\n<meta property=\"og:image\" content=\"https:\/\/staging.lucky-hunter.com\/wp-content\/uploads\/2019\/06\/JH-40-removebg-preview.png\" \/>\n\t<meta property=\"og:image:width\" content=\"447\" \/>\n\t<meta property=\"og:image:height\" content=\"559\" \/>\n\t<meta property=\"og:image:type\" content=\"image\/png\" \/>\n<meta name=\"twitter:card\" content=\"summary_large_image\" \/>\n<meta name=\"twitter:title\" content=\"Avery Standard Dog Parka - Tout ce dont vous avez besoin pour votre Chien de Chasse | Lucky Hunter\" \/>\n<meta name=\"twitter:description\" content=\"Avery Standard Dog Parka est parfait pour garder la chaleur pour votre chien pendant que vous \u00eates \u00e0 la chasse. Cela les maintient concentr\u00e9s sur la chasse et ne tremble pas.\" \/>\n<meta name=\"twitter:label1\" content=\"Dur\u00e9e de lecture estim\u00e9e\" \/>\n\t<meta name=\"twitter:data1\" content=\"2 minutes\" \/>\n<script type=\"application\/ld+json\" class=\"yoast-schema-graph\">{\"@context\":\"https:\/\/schema.org\",\"@graph\":[{\"@type\":\"WebPage\",\"@id\":\"https:\/\/staging.lucky-hunter.com\/fr\/product\/parka-pour-chien-neoprene-3-mm-avery\/\",\"url\":\"https:\/\/staging.lucky-hunter.com\/fr\/product\/parka-pour-chien-neoprene-3-mm-avery\/\",\"name\":\"Parka pour chien n\u00e9opr\u00e8ne 3 mm - Avery\",\"isPartOf\":{\"@id\":\"https:\/\/staging.lucky-hunter.com\/#website\"},\"primaryImageOfPage\":{\"@id\":\"https:\/\/staging.lucky-hunter.com\/fr\/product\/parka-pour-chien-neoprene-3-mm-avery\/#primaryimage\"},\"image\":{\"@id\":\"https:\/\/staging.lucky-hunter.com\/fr\/product\/parka-pour-chien-neoprene-3-mm-avery\/#primaryimage\"},\"thumbnailUrl\":\"https:\/\/staging.lucky-hunter.com\/wp-content\/uploads\/2019\/06\/JH-40-removebg-preview.png\",\"datePublished\":\"2019-06-04T11:52:03+00:00\",\"dateModified\":\"2025-06-26T14:05:05+00:00\",\"description\":\"Avery Standard Dog Parka est parfait pour garder la chaleur pour votre chien pendant que vous \u00eates \u00e0 la chasse.\",\"breadcrumb\":{\"@id\":\"https:\/\/staging.lucky-hunter.com\/fr\/product\/parka-pour-chien-neoprene-3-mm-avery\/#breadcrumb\"},\"inLanguage\":\"fr-FR\",\"potentialAction\":[{\"@type\":\"ReadAction\",\"target\":[\"https:\/\/staging.lucky-hunter.com\/fr\/product\/parka-pour-chien-neoprene-3-mm-avery\/\"]}]},{\"@type\":\"ImageObject\",\"inLanguage\":\"fr-FR\",\"@id\":\"https:\/\/staging.lucky-hunter.com\/fr\/product\/parka-pour-chien-neoprene-3-mm-avery\/#primaryimage\",\"url\":\"https:\/\/staging.lucky-hunter.com\/wp-content\/uploads\/2019\/06\/JH-40-removebg-preview.png\",\"contentUrl\":\"https:\/\/staging.lucky-hunter.com\/wp-content\/uploads\/2019\/06\/JH-40-removebg-preview.png\",\"width\":447,\"height\":559},{\"@type\":\"BreadcrumbList\",\"@id\":\"https:\/\/staging.lucky-hunter.com\/fr\/product\/parka-pour-chien-neoprene-3-mm-avery\/#breadcrumb\",\"itemListElement\":[{\"@type\":\"ListItem\",\"position\":1,\"name\":\"Home\",\"item\":\"https:\/\/staging.lucky-hunter.com\/fr\/\"},{\"@type\":\"ListItem\",\"position\":2,\"name\":\"Boutique\",\"item\":\"https:\/\/staging.lucky-hunter.com\/fr\/shop\/\"},{\"@type\":\"ListItem\",\"position\":3,\"name\":\"Parka pour chien &#8211; Avery\"}]},{\"@type\":\"WebSite\",\"@id\":\"https:\/\/staging.lucky-hunter.com\/#website\",\"url\":\"https:\/\/staging.lucky-hunter.com\/\",\"name\":\"Lucky-Hunter\",\"description\":\"Gear Up or Give Up\",\"potentialAction\":[{\"@type\":\"SearchAction\",\"target\":{\"@type\":\"EntryPoint\",\"urlTemplate\":\"https:\/\/staging.lucky-hunter.com\/?s={search_term_string}\"},\"query-input\":{\"@type\":\"PropertyValueSpecification\",\"valueRequired\":true,\"valueName\":\"search_term_string\"}}],\"inLanguage\":\"fr-FR\"}]}<\/script>\n<!-- \/ Yoast SEO plugin. -->","yoast_head_json":{"title":"Parka pour chien n\u00e9opr\u00e8ne 3 mm - Avery","description":"Avery Standard Dog Parka est parfait pour garder la chaleur pour votre chien pendant que vous \u00eates \u00e0 la chasse.","robots":{"index":"noindex","follow":"follow","max-snippet":"max-snippet:-1","max-image-preview":"max-image-preview:large","max-video-preview":"max-video-preview:-1"},"og_locale":"fr_FR","og_type":"article","og_title":"Parka pour chien n\u00e9opr\u00e8ne 3 mm - Avery","og_description":"Avery Standard Dog Parka est parfait pour garder la chaleur pour votre chien pendant que vous \u00eates \u00e0 la chasse. Cela les maintient concentr\u00e9s sur la chasse et ne tremble pas.","og_url":"https:\/\/staging.lucky-hunter.com\/fr\/product\/parka-pour-chien-neoprene-3-mm-avery\/","og_site_name":"Lucky-Hunter","article_modified_time":"2025-06-26T14:05:05+00:00","og_image":[{"width":447,"height":559,"url":"https:\/\/staging.lucky-hunter.com\/wp-content\/uploads\/2019\/06\/JH-40-removebg-preview.png","type":"image\/png"}],"twitter_card":"summary_large_image","twitter_title":"Avery Standard Dog Parka - Tout ce dont vous avez besoin pour votre Chien de Chasse | Lucky Hunter","twitter_description":"Avery Standard Dog Parka est parfait pour garder la chaleur pour votre chien pendant que vous \u00eates \u00e0 la chasse. Cela les maintient concentr\u00e9s sur la chasse et ne tremble pas.","twitter_misc":{"Dur\u00e9e de lecture estim\u00e9e":"2 minutes"},"schema":{"@context":"https:\/\/schema.org","@graph":[{"@type":"WebPage","@id":"https:\/\/staging.lucky-hunter.com\/fr\/product\/parka-pour-chien-neoprene-3-mm-avery\/","url":"https:\/\/staging.lucky-hunter.com\/fr\/product\/parka-pour-chien-neoprene-3-mm-avery\/","name":"Parka pour chien n\u00e9opr\u00e8ne 3 mm - Avery","isPartOf":{"@id":"https:\/\/staging.lucky-hunter.com\/#website"},"primaryImageOfPage":{"@id":"https:\/\/staging.lucky-hunter.com\/fr\/product\/parka-pour-chien-neoprene-3-mm-avery\/#primaryimage"},"image":{"@id":"https:\/\/staging.lucky-hunter.com\/fr\/product\/parka-pour-chien-neoprene-3-mm-avery\/#primaryimage"},"thumbnailUrl":"https:\/\/staging.lucky-hunter.com\/wp-content\/uploads\/2019\/06\/JH-40-removebg-preview.png","datePublished":"2019-06-04T11:52:03+00:00","dateModified":"2025-06-26T14:05:05+00:00","description":"Avery Standard Dog Parka est parfait pour garder la chaleur pour votre chien pendant que vous \u00eates \u00e0 la chasse.","breadcrumb":{"@id":"https:\/\/staging.lucky-hunter.com\/fr\/product\/parka-pour-chien-neoprene-3-mm-avery\/#breadcrumb"},"inLanguage":"fr-FR","potentialAction":[{"@type":"ReadAction","target":["https:\/\/staging.lucky-hunter.com\/fr\/product\/parka-pour-chien-neoprene-3-mm-avery\/"]}]},{"@type":"ImageObject","inLanguage":"fr-FR","@id":"https:\/\/staging.lucky-hunter.com\/fr\/product\/parka-pour-chien-neoprene-3-mm-avery\/#primaryimage","url":"https:\/\/staging.lucky-hunter.com\/wp-content\/uploads\/2019\/06\/JH-40-removebg-preview.png","contentUrl":"https:\/\/staging.lucky-hunter.com\/wp-content\/uploads\/2019\/06\/JH-40-removebg-preview.png","width":447,"height":559},{"@type":"BreadcrumbList","@id":"https:\/\/staging.lucky-hunter.com\/fr\/product\/parka-pour-chien-neoprene-3-mm-avery\/#breadcrumb","itemListElement":[{"@type":"ListItem","position":1,"name":"Home","item":"https:\/\/staging.lucky-hunter.com\/fr\/"},{"@type":"ListItem","position":2,"name":"Boutique","item":"https:\/\/staging.lucky-hunter.com\/fr\/shop\/"},{"@type":"ListItem","position":3,"name":"Parka pour chien &#8211; Avery"}]},{"@type":"WebSite","@id":"https:\/\/staging.lucky-hunter.com\/#website","url":"https:\/\/staging.lucky-hunter.com\/","name":"Lucky-Hunter","description":"Gear Up or Give Up","potentialAction":[{"@type":"SearchAction","target":{"@type":"EntryPoint","urlTemplate":"https:\/\/staging.lucky-hunter.com\/?s={search_term_string}"},"query-input":{"@type":"PropertyValueSpecification","valueRequired":true,"valueName":"search_term_string"}}],"inLanguage":"fr-FR"}]}},"_links":{"self":[{"href":"https:\/\/staging.lucky-hunter.com\/fr\/wp-json\/wp\/v2\/product\/35344"}],"collection":[{"href":"https:\/\/staging.lucky-hunter.com\/fr\/wp-json\/wp\/v2\/product"}],"about":[{"href":"https:\/\/staging.lucky-hunter.com\/fr\/wp-json\/wp\/v2\/types\/product"}],"wp:featuredmedia":[{"embeddable":true,"href":"https:\/\/staging.lucky-hunter.com\/fr\/wp-json\/wp\/v2\/media\/107706"}],"wp:attachment":[{"href":"https:\/\/staging.lucky-hunter.com\/fr\/wp-json\/wp\/v2\/media?parent=35344"}],"wp:term":[{"taxonomy":"product_brand","embeddable":true,"href":"https:\/\/staging.lucky-hunter.com\/fr\/wp-json\/wp\/v2\/product_brand?post=35344"},{"taxonomy":"product_cat","embeddable":true,"href":"https:\/\/staging.lucky-hunter.com\/fr\/wp-json\/wp\/v2\/product_cat?post=35344"},{"taxonomy":"product_tag","embeddable":true,"href":"https:\/\/staging.lucky-hunter.com\/fr\/wp-json\/wp\/v2\/product_tag?post=35344"}],"curies":[{"name":"wp","href":"https:\/\/api.w.org\/{rel}","templated":true}]}}