{"id":35337,"date":"2019-01-09T11:03:26","date_gmt":"2019-01-09T10:03:26","guid":{"rendered":"https:\/\/staging.lucky-hunter.com\/product\/bolyguard-mg984g-36m-4g-lte\/"},"modified":"2022-11-25T00:13:23","modified_gmt":"2022-11-24T23:13:23","slug":"bolyguard-mg984g-36m-4g-lte","status":"publish","type":"product","link":"https:\/\/staging.lucky-hunter.com\/fr\/product\/bolyguard-mg984g-36m-4g-lte\/","title":{"rendered":"Bolyguard MG984G-36M &#8211; 4G LTE"},"content":{"rendered":"<p><iframe title=\"Bolyguard MG984 | Professional 4G game camera\" width=\"1020\" height=\"574\" src=\"https:\/\/www.youtube.com\/embed\/X0pKT4QO0eI?wmode=transparent&amp;rel=0&amp;feature=oembed&#038;enablejsapi=1&#038;origin=https:\/\/staging.lucky-hunter.com\" frameborder=\"0\" allow=\"accelerometer; autoplay; clipboard-write; encrypted-media; gyroscope; picture-in-picture\" allowfullscreen><\/iframe><\/p>\n<h1><strong>Cam\u00e9ra de chasse professionnelle 4G<\/strong><\/h1>\n<p>La Bolyguard MG984G-36M est une cam\u00e9ra de chasse professionnelle de Bolymedia, l&#8217;un des meilleurs fabricants sur le march\u00e9.<\/p>\n<p>Cette cam\u00e9ra dispose de la derni\u00e8re technologie 4G et peut envoyer des images directement sur votre t\u00e9l\u00e9phone portable ou par e-mail. Le transfert s&#8217;effectue via une carte SIM standard du m\u00eame type que celles utilis\u00e9es dans les t\u00e9l\u00e9phones portables. La cam\u00e9ra peut envoyer les images simultan\u00e9ment \u00e0 4 num\u00e9ros de t\u00e9l\u00e9phone ou adresses e-mail, vous pouvez donc partager l&#8217;exp\u00e9rience avec vos compagnons de chasse.<\/p>\n<p>Outre la surveillance du gibier sauvage, la Bolyguard MG984G-36M est particuli\u00e8rement adapt\u00e9e \u00e0 la surveillance des propri\u00e9t\u00e9s priv\u00e9es, des entreprises, des maisons de vacances, des cultures, des r\u00e9servoirs de combustible, des sites de recyclage, etc.<\/p>\n<p><strong>Caract\u00e9ristiques\u00a0:<\/strong><\/p>\n<ul>\n<li>R\u00e9solution 14, 25 ou 36 MP<\/li>\n<li>Vid\u00e9o Full HD 1920&#215;1080<\/li>\n<li>Enregistrements vid\u00e9o avec son<\/li>\n<li>LED \u00e0 faible luminosit\u00e9<\/li>\n<li>Capteur PIR longue port\u00e9e 30 m<\/li>\n<li>Carte m\u00e9moire jusqu&#8217;\u00e0 32 Go.<\/li>\n<li>Vitesse de d\u00e9clenchement &lt; 1 sec<\/li>\n<li>\u00c9cran LCD 2,3&#8243; int\u00e9gr\u00e9<\/li>\n<li>Fonctionne avec 4 ou 8 piles AA de qualit\u00e9<\/li>\n<li>Puissance &lt; 0,3 mA (&lt; 7mAh par jour)<\/li>\n<li>Dimensions : 147 x 96 x 79 mm<\/li>\n<li>Poids : 300 g<\/li>\n<li>Transmission bidirectionnelle<\/li>\n<li>Possibilit\u00e9 d\u2019ajouter un panneau solaire (non inclus).<\/li>\n<\/ul>\n<p><iframe title=\"Bolyguard MG984G | 36mp trail camera - video\" width=\"1020\" height=\"574\" src=\"https:\/\/www.youtube.com\/embed\/t72DNXuTQ8o?wmode=transparent&amp;rel=0&amp;feature=oembed&#038;enablejsapi=1&#038;origin=https:\/\/staging.lucky-hunter.com\" frameborder=\"0\" allow=\"accelerometer; autoplay; clipboard-write; encrypted-media; gyroscope; picture-in-picture\" allowfullscreen><\/iframe><\/p>\n","protected":false},"excerpt":{"rendered":"<p>La Bolyguard MG984G-36M est une cam\u00e9ra de chasse professionnelle de Bolymedia, l&#8217;un des meilleurs fabricants sur le march\u00e9.<\/p>\n","protected":false},"featured_media":30612,"template":"","meta":[],"product_brand":[9604],"product_cat":[8553],"product_tag":[],"yoast_head":"<!-- This site is optimized with the Yoast SEO plugin v24.3 - https:\/\/yoast.com\/wordpress\/plugins\/seo\/ -->\n<title>Bolyguard MG984G-36M - 4G LTE Assistance gratuite et professionnelle<\/title>\n<meta name=\"description\" content=\"La Bolyguard MG984G-36M est une cam\u00e9ra de chasse professionnelle de Bolymedia, l&#039;un des meilleurs fabricants sur le march\u00e9.\" \/>\n<meta name=\"robots\" content=\"noindex, follow, max-snippet:-1, max-image-preview:large, max-video-preview:-1\" \/>\n<meta property=\"og:locale\" content=\"fr_FR\" \/>\n<meta property=\"og:type\" content=\"article\" \/>\n<meta property=\"og:title\" content=\"Bolyguard MG984G-36M - 4G LTE Assistance gratuite et professionnelle\" \/>\n<meta property=\"og:description\" content=\"La Bolyguard MG984G-36M est une cam\u00e9ra de chasse professionnelle de Bolymedia, l&#039;un des meilleurs fabricants sur le march\u00e9.\" \/>\n<meta property=\"og:url\" content=\"https:\/\/staging.lucky-hunter.com\/fr\/product\/bolyguard-mg984g-36m-4g-lte\/\" \/>\n<meta property=\"og:site_name\" content=\"Lucky-Hunter\" \/>\n<meta property=\"article:modified_time\" content=\"2022-11-24T23:13:23+00:00\" \/>\n<meta property=\"og:image\" content=\"https:\/\/staging.lucky-hunter.com\/wp-content\/uploads\/2019\/01\/JK-139.png\" \/>\n\t<meta property=\"og:image:width\" content=\"1080\" \/>\n\t<meta property=\"og:image:height\" content=\"1080\" \/>\n\t<meta property=\"og:image:type\" content=\"image\/png\" \/>\n<meta name=\"twitter:card\" content=\"summary_large_image\" \/>\n<meta name=\"twitter:label1\" content=\"Dur\u00e9e de lecture estim\u00e9e\" \/>\n\t<meta name=\"twitter:data1\" content=\"1 minute\" \/>\n<script type=\"application\/ld+json\" class=\"yoast-schema-graph\">{\"@context\":\"https:\/\/schema.org\",\"@graph\":[{\"@type\":\"WebPage\",\"@id\":\"https:\/\/staging.lucky-hunter.com\/fr\/product\/bolyguard-mg984g-36m-4g-lte\/\",\"url\":\"https:\/\/staging.lucky-hunter.com\/fr\/product\/bolyguard-mg984g-36m-4g-lte\/\",\"name\":\"Bolyguard MG984G-36M - 4G LTE Assistance gratuite et professionnelle\",\"isPartOf\":{\"@id\":\"https:\/\/staging.lucky-hunter.com\/#website\"},\"primaryImageOfPage\":{\"@id\":\"https:\/\/staging.lucky-hunter.com\/fr\/product\/bolyguard-mg984g-36m-4g-lte\/#primaryimage\"},\"image\":{\"@id\":\"https:\/\/staging.lucky-hunter.com\/fr\/product\/bolyguard-mg984g-36m-4g-lte\/#primaryimage\"},\"thumbnailUrl\":\"https:\/\/staging.lucky-hunter.com\/wp-content\/uploads\/2019\/01\/JK-139.png\",\"datePublished\":\"2019-01-09T10:03:26+00:00\",\"dateModified\":\"2022-11-24T23:13:23+00:00\",\"description\":\"La Bolyguard MG984G-36M est une cam\u00e9ra de chasse professionnelle de Bolymedia, l'un des meilleurs fabricants sur le march\u00e9.\",\"breadcrumb\":{\"@id\":\"https:\/\/staging.lucky-hunter.com\/fr\/product\/bolyguard-mg984g-36m-4g-lte\/#breadcrumb\"},\"inLanguage\":\"fr-FR\",\"potentialAction\":[{\"@type\":\"ReadAction\",\"target\":[\"https:\/\/staging.lucky-hunter.com\/fr\/product\/bolyguard-mg984g-36m-4g-lte\/\"]}]},{\"@type\":\"ImageObject\",\"inLanguage\":\"fr-FR\",\"@id\":\"https:\/\/staging.lucky-hunter.com\/fr\/product\/bolyguard-mg984g-36m-4g-lte\/#primaryimage\",\"url\":\"https:\/\/staging.lucky-hunter.com\/wp-content\/uploads\/2019\/01\/JK-139.png\",\"contentUrl\":\"https:\/\/staging.lucky-hunter.com\/wp-content\/uploads\/2019\/01\/JK-139.png\",\"width\":1080,\"height\":1080},{\"@type\":\"BreadcrumbList\",\"@id\":\"https:\/\/staging.lucky-hunter.com\/fr\/product\/bolyguard-mg984g-36m-4g-lte\/#breadcrumb\",\"itemListElement\":[{\"@type\":\"ListItem\",\"position\":1,\"name\":\"Home\",\"item\":\"https:\/\/staging.lucky-hunter.com\/fr\/\"},{\"@type\":\"ListItem\",\"position\":2,\"name\":\"Boutique\",\"item\":\"https:\/\/staging.lucky-hunter.com\/fr\/shop\/\"},{\"@type\":\"ListItem\",\"position\":3,\"name\":\"Bolyguard MG984G-36M &#8211; 4G LTE\"}]},{\"@type\":\"WebSite\",\"@id\":\"https:\/\/staging.lucky-hunter.com\/#website\",\"url\":\"https:\/\/staging.lucky-hunter.com\/\",\"name\":\"Lucky-Hunter\",\"description\":\"Gear Up or Give Up\",\"potentialAction\":[{\"@type\":\"SearchAction\",\"target\":{\"@type\":\"EntryPoint\",\"urlTemplate\":\"https:\/\/staging.lucky-hunter.com\/?s={search_term_string}\"},\"query-input\":{\"@type\":\"PropertyValueSpecification\",\"valueRequired\":true,\"valueName\":\"search_term_string\"}}],\"inLanguage\":\"fr-FR\"}]}<\/script>\n<!-- \/ Yoast SEO plugin. -->","yoast_head_json":{"title":"Bolyguard MG984G-36M - 4G LTE Assistance gratuite et professionnelle","description":"La Bolyguard MG984G-36M est une cam\u00e9ra de chasse professionnelle de Bolymedia, l'un des meilleurs fabricants sur le march\u00e9.","robots":{"index":"noindex","follow":"follow","max-snippet":"max-snippet:-1","max-image-preview":"max-image-preview:large","max-video-preview":"max-video-preview:-1"},"og_locale":"fr_FR","og_type":"article","og_title":"Bolyguard MG984G-36M - 4G LTE Assistance gratuite et professionnelle","og_description":"La Bolyguard MG984G-36M est une cam\u00e9ra de chasse professionnelle de Bolymedia, l'un des meilleurs fabricants sur le march\u00e9.","og_url":"https:\/\/staging.lucky-hunter.com\/fr\/product\/bolyguard-mg984g-36m-4g-lte\/","og_site_name":"Lucky-Hunter","article_modified_time":"2022-11-24T23:13:23+00:00","og_image":[{"width":1080,"height":1080,"url":"https:\/\/staging.lucky-hunter.com\/wp-content\/uploads\/2019\/01\/JK-139.png","type":"image\/png"}],"twitter_card":"summary_large_image","twitter_misc":{"Dur\u00e9e de lecture estim\u00e9e":"1 minute"},"schema":{"@context":"https:\/\/schema.org","@graph":[{"@type":"WebPage","@id":"https:\/\/staging.lucky-hunter.com\/fr\/product\/bolyguard-mg984g-36m-4g-lte\/","url":"https:\/\/staging.lucky-hunter.com\/fr\/product\/bolyguard-mg984g-36m-4g-lte\/","name":"Bolyguard MG984G-36M - 4G LTE Assistance gratuite et professionnelle","isPartOf":{"@id":"https:\/\/staging.lucky-hunter.com\/#website"},"primaryImageOfPage":{"@id":"https:\/\/staging.lucky-hunter.com\/fr\/product\/bolyguard-mg984g-36m-4g-lte\/#primaryimage"},"image":{"@id":"https:\/\/staging.lucky-hunter.com\/fr\/product\/bolyguard-mg984g-36m-4g-lte\/#primaryimage"},"thumbnailUrl":"https:\/\/staging.lucky-hunter.com\/wp-content\/uploads\/2019\/01\/JK-139.png","datePublished":"2019-01-09T10:03:26+00:00","dateModified":"2022-11-24T23:13:23+00:00","description":"La Bolyguard MG984G-36M est une cam\u00e9ra de chasse professionnelle de Bolymedia, l'un des meilleurs fabricants sur le march\u00e9.","breadcrumb":{"@id":"https:\/\/staging.lucky-hunter.com\/fr\/product\/bolyguard-mg984g-36m-4g-lte\/#breadcrumb"},"inLanguage":"fr-FR","potentialAction":[{"@type":"ReadAction","target":["https:\/\/staging.lucky-hunter.com\/fr\/product\/bolyguard-mg984g-36m-4g-lte\/"]}]},{"@type":"ImageObject","inLanguage":"fr-FR","@id":"https:\/\/staging.lucky-hunter.com\/fr\/product\/bolyguard-mg984g-36m-4g-lte\/#primaryimage","url":"https:\/\/staging.lucky-hunter.com\/wp-content\/uploads\/2019\/01\/JK-139.png","contentUrl":"https:\/\/staging.lucky-hunter.com\/wp-content\/uploads\/2019\/01\/JK-139.png","width":1080,"height":1080},{"@type":"BreadcrumbList","@id":"https:\/\/staging.lucky-hunter.com\/fr\/product\/bolyguard-mg984g-36m-4g-lte\/#breadcrumb","itemListElement":[{"@type":"ListItem","position":1,"name":"Home","item":"https:\/\/staging.lucky-hunter.com\/fr\/"},{"@type":"ListItem","position":2,"name":"Boutique","item":"https:\/\/staging.lucky-hunter.com\/fr\/shop\/"},{"@type":"ListItem","position":3,"name":"Bolyguard MG984G-36M &#8211; 4G LTE"}]},{"@type":"WebSite","@id":"https:\/\/staging.lucky-hunter.com\/#website","url":"https:\/\/staging.lucky-hunter.com\/","name":"Lucky-Hunter","description":"Gear Up or Give Up","potentialAction":[{"@type":"SearchAction","target":{"@type":"EntryPoint","urlTemplate":"https:\/\/staging.lucky-hunter.com\/?s={search_term_string}"},"query-input":{"@type":"PropertyValueSpecification","valueRequired":true,"valueName":"search_term_string"}}],"inLanguage":"fr-FR"}]}},"_links":{"self":[{"href":"https:\/\/staging.lucky-hunter.com\/fr\/wp-json\/wp\/v2\/product\/35337"}],"collection":[{"href":"https:\/\/staging.lucky-hunter.com\/fr\/wp-json\/wp\/v2\/product"}],"about":[{"href":"https:\/\/staging.lucky-hunter.com\/fr\/wp-json\/wp\/v2\/types\/product"}],"wp:featuredmedia":[{"embeddable":true,"href":"https:\/\/staging.lucky-hunter.com\/fr\/wp-json\/wp\/v2\/media\/30612"}],"wp:attachment":[{"href":"https:\/\/staging.lucky-hunter.com\/fr\/wp-json\/wp\/v2\/media?parent=35337"}],"wp:term":[{"taxonomy":"product_brand","embeddable":true,"href":"https:\/\/staging.lucky-hunter.com\/fr\/wp-json\/wp\/v2\/product_brand?post=35337"},{"taxonomy":"product_cat","embeddable":true,"href":"https:\/\/staging.lucky-hunter.com\/fr\/wp-json\/wp\/v2\/product_cat?post=35337"},{"taxonomy":"product_tag","embeddable":true,"href":"https:\/\/staging.lucky-hunter.com\/fr\/wp-json\/wp\/v2\/product_tag?post=35337"}],"curies":[{"name":"wp","href":"https:\/\/api.w.org\/{rel}","templated":true}]}}