{"id":35334,"date":"2020-03-11T10:34:57","date_gmt":"2020-03-11T09:34:57","guid":{"rendered":"https:\/\/staging.lucky-hunter.com\/product\/batterie-18650-rechargeable\/"},"modified":"2025-06-26T15:42:25","modified_gmt":"2025-06-26T13:42:25","slug":"batterie-18650-rechargeable-haute-qualite","status":"publish","type":"product","link":"https:\/\/staging.lucky-hunter.com\/fr\/product\/batterie-18650-rechargeable-haute-qualite\/","title":{"rendered":"Batterie 18650 rechargeable"},"content":{"rendered":"<h2><strong>Batterie 18650 rechargeable &#8211; haute qualit\u00e9<\/strong><\/h2>\n<p>Ces batteries lithium-ion rechargeables sont adapt\u00e9es aux appareils qui n\u00e9cessitent une puissance sup\u00e9rieure \u00e0 ce que les piles ordinaires peuvent fournir. C\u2019est le cas des cam\u00e9ras de chasse ou des lunettes de vision nocturne Sytong et Pard, par exemple.<\/p>\n<p>C&#8217;est toujours une bonne id\u00e9e d&#8217;avoir des batteries de rechange pour votre \u00e9quipement. C&#8217;est un bon moyen de veiller \u00e0 ce que vos appareils aient toujours de la batterie lorsque vous en avez le plus besoin. Avec des batteries suppl\u00e9mentaires, vous \u00eates s\u00fbr que votre cam\u00e9ra pourra continuer \u00e0 fonctionner en permanence et que votre vision nocturne sera toujours pr\u00eate \u00e0 \u00eatre utilis\u00e9e.<\/p>\n<p><strong>Caract\u00e9ristiques\u00a0:<\/strong><\/p>\n<ul>\n<li>Longueur : 65 mm<\/li>\n<li>Diam\u00e8tre : 18,1 mm<\/li>\n<li>Capacit\u00e9 : 2200 mAh<\/li>\n<li>T\u00eate plate<\/li>\n<li>Tension : 3,7 V.<\/li>\n<\/ul>\n","protected":false},"excerpt":{"rendered":"<p>Ces batteries lithium-ion rechargeables sont adapt\u00e9es aux appareils qui n\u00e9cessitent une puissance sup\u00e9rieure \u00e0 ce que les piles ordinaires peuvent fournir.<\/p>\n","protected":false},"featured_media":30646,"template":"","meta":[],"product_brand":[8121],"product_cat":[8232],"product_tag":[],"yoast_head":"<!-- This site is optimized with the Yoast SEO plugin v24.3 - https:\/\/yoast.com\/wordpress\/plugins\/seo\/ -->\n<title>Batterie 18650 rechargeable - haute qualit\u00e9<\/title>\n<meta name=\"description\" content=\"Ces batteries lithium-ion rechargeables sont adapt\u00e9es aux appareils qui n\u00e9cessitent une puissance sup\u00e9rieure \u00e0 ce que les piles ordinaires peuvent fournir.\" \/>\n<meta name=\"robots\" content=\"noindex, follow, max-snippet:-1, max-image-preview:large, max-video-preview:-1\" \/>\n<meta property=\"og:locale\" content=\"fr_FR\" \/>\n<meta property=\"og:type\" content=\"article\" \/>\n<meta property=\"og:title\" content=\"Batterie 18650 rechargeable - haute qualit\u00e9\" \/>\n<meta property=\"og:description\" content=\"Ces batteries lithium-ion rechargeables sont adapt\u00e9es aux appareils qui n\u00e9cessitent une puissance sup\u00e9rieure \u00e0 ce que les piles ordinaires peuvent fournir.\" \/>\n<meta property=\"og:url\" content=\"https:\/\/staging.lucky-hunter.com\/fr\/product\/batterie-18650-rechargeable-haute-qualite\/\" \/>\n<meta property=\"og:site_name\" content=\"Lucky-Hunter\" \/>\n<meta property=\"article:modified_time\" content=\"2025-06-26T13:42:25+00:00\" \/>\n<meta property=\"og:image\" content=\"https:\/\/staging.lucky-hunter.com\/wp-content\/uploads\/2020\/03\/JK-507-2.png\" \/>\n\t<meta property=\"og:image:width\" content=\"1000\" \/>\n\t<meta property=\"og:image:height\" content=\"1000\" \/>\n\t<meta property=\"og:image:type\" content=\"image\/png\" \/>\n<meta name=\"twitter:card\" content=\"summary_large_image\" \/>\n<meta name=\"twitter:label1\" content=\"Dur\u00e9e de lecture estim\u00e9e\" \/>\n\t<meta name=\"twitter:data1\" content=\"1 minute\" \/>\n<script type=\"application\/ld+json\" class=\"yoast-schema-graph\">{\"@context\":\"https:\/\/schema.org\",\"@graph\":[{\"@type\":\"WebPage\",\"@id\":\"https:\/\/staging.lucky-hunter.com\/fr\/product\/batterie-18650-rechargeable-haute-qualite\/\",\"url\":\"https:\/\/staging.lucky-hunter.com\/fr\/product\/batterie-18650-rechargeable-haute-qualite\/\",\"name\":\"Batterie 18650 rechargeable - haute qualit\u00e9\",\"isPartOf\":{\"@id\":\"https:\/\/staging.lucky-hunter.com\/#website\"},\"primaryImageOfPage\":{\"@id\":\"https:\/\/staging.lucky-hunter.com\/fr\/product\/batterie-18650-rechargeable-haute-qualite\/#primaryimage\"},\"image\":{\"@id\":\"https:\/\/staging.lucky-hunter.com\/fr\/product\/batterie-18650-rechargeable-haute-qualite\/#primaryimage\"},\"thumbnailUrl\":\"https:\/\/staging.lucky-hunter.com\/wp-content\/uploads\/2020\/03\/JK-507-2.png\",\"datePublished\":\"2020-03-11T09:34:57+00:00\",\"dateModified\":\"2025-06-26T13:42:25+00:00\",\"description\":\"Ces batteries lithium-ion rechargeables sont adapt\u00e9es aux appareils qui n\u00e9cessitent une puissance sup\u00e9rieure \u00e0 ce que les piles ordinaires peuvent fournir.\",\"breadcrumb\":{\"@id\":\"https:\/\/staging.lucky-hunter.com\/fr\/product\/batterie-18650-rechargeable-haute-qualite\/#breadcrumb\"},\"inLanguage\":\"fr-FR\",\"potentialAction\":[{\"@type\":\"ReadAction\",\"target\":[\"https:\/\/staging.lucky-hunter.com\/fr\/product\/batterie-18650-rechargeable-haute-qualite\/\"]}]},{\"@type\":\"ImageObject\",\"inLanguage\":\"fr-FR\",\"@id\":\"https:\/\/staging.lucky-hunter.com\/fr\/product\/batterie-18650-rechargeable-haute-qualite\/#primaryimage\",\"url\":\"https:\/\/staging.lucky-hunter.com\/wp-content\/uploads\/2020\/03\/JK-507-2.png\",\"contentUrl\":\"https:\/\/staging.lucky-hunter.com\/wp-content\/uploads\/2020\/03\/JK-507-2.png\",\"width\":1000,\"height\":1000},{\"@type\":\"BreadcrumbList\",\"@id\":\"https:\/\/staging.lucky-hunter.com\/fr\/product\/batterie-18650-rechargeable-haute-qualite\/#breadcrumb\",\"itemListElement\":[{\"@type\":\"ListItem\",\"position\":1,\"name\":\"Home\",\"item\":\"https:\/\/staging.lucky-hunter.com\/fr\/\"},{\"@type\":\"ListItem\",\"position\":2,\"name\":\"Boutique\",\"item\":\"https:\/\/staging.lucky-hunter.com\/fr\/shop\/\"},{\"@type\":\"ListItem\",\"position\":3,\"name\":\"Batterie 18650 rechargeable\"}]},{\"@type\":\"WebSite\",\"@id\":\"https:\/\/staging.lucky-hunter.com\/#website\",\"url\":\"https:\/\/staging.lucky-hunter.com\/\",\"name\":\"Lucky-Hunter\",\"description\":\"Gear Up or Give Up\",\"potentialAction\":[{\"@type\":\"SearchAction\",\"target\":{\"@type\":\"EntryPoint\",\"urlTemplate\":\"https:\/\/staging.lucky-hunter.com\/?s={search_term_string}\"},\"query-input\":{\"@type\":\"PropertyValueSpecification\",\"valueRequired\":true,\"valueName\":\"search_term_string\"}}],\"inLanguage\":\"fr-FR\"}]}<\/script>\n<!-- \/ Yoast SEO plugin. -->","yoast_head_json":{"title":"Batterie 18650 rechargeable - haute qualit\u00e9","description":"Ces batteries lithium-ion rechargeables sont adapt\u00e9es aux appareils qui n\u00e9cessitent une puissance sup\u00e9rieure \u00e0 ce que les piles ordinaires peuvent fournir.","robots":{"index":"noindex","follow":"follow","max-snippet":"max-snippet:-1","max-image-preview":"max-image-preview:large","max-video-preview":"max-video-preview:-1"},"og_locale":"fr_FR","og_type":"article","og_title":"Batterie 18650 rechargeable - haute qualit\u00e9","og_description":"Ces batteries lithium-ion rechargeables sont adapt\u00e9es aux appareils qui n\u00e9cessitent une puissance sup\u00e9rieure \u00e0 ce que les piles ordinaires peuvent fournir.","og_url":"https:\/\/staging.lucky-hunter.com\/fr\/product\/batterie-18650-rechargeable-haute-qualite\/","og_site_name":"Lucky-Hunter","article_modified_time":"2025-06-26T13:42:25+00:00","og_image":[{"width":1000,"height":1000,"url":"https:\/\/staging.lucky-hunter.com\/wp-content\/uploads\/2020\/03\/JK-507-2.png","type":"image\/png"}],"twitter_card":"summary_large_image","twitter_misc":{"Dur\u00e9e de lecture estim\u00e9e":"1 minute"},"schema":{"@context":"https:\/\/schema.org","@graph":[{"@type":"WebPage","@id":"https:\/\/staging.lucky-hunter.com\/fr\/product\/batterie-18650-rechargeable-haute-qualite\/","url":"https:\/\/staging.lucky-hunter.com\/fr\/product\/batterie-18650-rechargeable-haute-qualite\/","name":"Batterie 18650 rechargeable - haute qualit\u00e9","isPartOf":{"@id":"https:\/\/staging.lucky-hunter.com\/#website"},"primaryImageOfPage":{"@id":"https:\/\/staging.lucky-hunter.com\/fr\/product\/batterie-18650-rechargeable-haute-qualite\/#primaryimage"},"image":{"@id":"https:\/\/staging.lucky-hunter.com\/fr\/product\/batterie-18650-rechargeable-haute-qualite\/#primaryimage"},"thumbnailUrl":"https:\/\/staging.lucky-hunter.com\/wp-content\/uploads\/2020\/03\/JK-507-2.png","datePublished":"2020-03-11T09:34:57+00:00","dateModified":"2025-06-26T13:42:25+00:00","description":"Ces batteries lithium-ion rechargeables sont adapt\u00e9es aux appareils qui n\u00e9cessitent une puissance sup\u00e9rieure \u00e0 ce que les piles ordinaires peuvent fournir.","breadcrumb":{"@id":"https:\/\/staging.lucky-hunter.com\/fr\/product\/batterie-18650-rechargeable-haute-qualite\/#breadcrumb"},"inLanguage":"fr-FR","potentialAction":[{"@type":"ReadAction","target":["https:\/\/staging.lucky-hunter.com\/fr\/product\/batterie-18650-rechargeable-haute-qualite\/"]}]},{"@type":"ImageObject","inLanguage":"fr-FR","@id":"https:\/\/staging.lucky-hunter.com\/fr\/product\/batterie-18650-rechargeable-haute-qualite\/#primaryimage","url":"https:\/\/staging.lucky-hunter.com\/wp-content\/uploads\/2020\/03\/JK-507-2.png","contentUrl":"https:\/\/staging.lucky-hunter.com\/wp-content\/uploads\/2020\/03\/JK-507-2.png","width":1000,"height":1000},{"@type":"BreadcrumbList","@id":"https:\/\/staging.lucky-hunter.com\/fr\/product\/batterie-18650-rechargeable-haute-qualite\/#breadcrumb","itemListElement":[{"@type":"ListItem","position":1,"name":"Home","item":"https:\/\/staging.lucky-hunter.com\/fr\/"},{"@type":"ListItem","position":2,"name":"Boutique","item":"https:\/\/staging.lucky-hunter.com\/fr\/shop\/"},{"@type":"ListItem","position":3,"name":"Batterie 18650 rechargeable"}]},{"@type":"WebSite","@id":"https:\/\/staging.lucky-hunter.com\/#website","url":"https:\/\/staging.lucky-hunter.com\/","name":"Lucky-Hunter","description":"Gear Up or Give Up","potentialAction":[{"@type":"SearchAction","target":{"@type":"EntryPoint","urlTemplate":"https:\/\/staging.lucky-hunter.com\/?s={search_term_string}"},"query-input":{"@type":"PropertyValueSpecification","valueRequired":true,"valueName":"search_term_string"}}],"inLanguage":"fr-FR"}]}},"_links":{"self":[{"href":"https:\/\/staging.lucky-hunter.com\/fr\/wp-json\/wp\/v2\/product\/35334"}],"collection":[{"href":"https:\/\/staging.lucky-hunter.com\/fr\/wp-json\/wp\/v2\/product"}],"about":[{"href":"https:\/\/staging.lucky-hunter.com\/fr\/wp-json\/wp\/v2\/types\/product"}],"wp:featuredmedia":[{"embeddable":true,"href":"https:\/\/staging.lucky-hunter.com\/fr\/wp-json\/wp\/v2\/media\/30646"}],"wp:attachment":[{"href":"https:\/\/staging.lucky-hunter.com\/fr\/wp-json\/wp\/v2\/media?parent=35334"}],"wp:term":[{"taxonomy":"product_brand","embeddable":true,"href":"https:\/\/staging.lucky-hunter.com\/fr\/wp-json\/wp\/v2\/product_brand?post=35334"},{"taxonomy":"product_cat","embeddable":true,"href":"https:\/\/staging.lucky-hunter.com\/fr\/wp-json\/wp\/v2\/product_cat?post=35334"},{"taxonomy":"product_tag","embeddable":true,"href":"https:\/\/staging.lucky-hunter.com\/fr\/wp-json\/wp\/v2\/product_tag?post=35334"}],"curies":[{"name":"wp","href":"https:\/\/api.w.org\/{rel}","templated":true}]}}