{"id":35332,"date":"2020-04-18T10:19:28","date_gmt":"2020-04-18T08:19:28","guid":{"rendered":"https:\/\/staging.lucky-hunter.com\/product\/couverture-de-dissimulation-beavertail-camouflage-neige\/"},"modified":"2022-11-16T09:41:05","modified_gmt":"2022-11-16T08:41:05","slug":"couverture-de-dissimulation-beavertail-camouflage-neige","status":"publish","type":"product","link":"https:\/\/staging.lucky-hunter.com\/fr\/product\/couverture-de-dissimulation-beavertail-camouflage-neige\/","title":{"rendered":"Couverture de dissimulation Beavertail camouflage neige"},"content":{"rendered":"<h2><strong>Couverture de dissimulation Beavertail camouflage neige<\/strong><\/h2>\n<p>Les nouvelles couvertures de dissimulation de Beavertail vous offrent une dissimulation totale dans une vari\u00e9t\u00e9 d\u2019environnements.<\/p>\n<p>Le motif de camouflage 3D surpasse les motifs de camouflage conventionnels. Cette couverture Beavertail pr\u00e9sente un motif Snow Camo.<\/p>\n<p>Elle est discr\u00e8te et fabriqu\u00e9e en polyester et en toile de jute.<\/p>\n<p><strong>Caract\u00e9ristiques\u00a0:<\/strong><\/p>\n<ul>\n<li>Permet une dissimulation totale dans des environnements vari\u00e9s\u00a0!<\/li>\n<li>Le camouflage 3D surpasse les mod\u00e8les de camouflage conventionnels.<\/li>\n<li>Polyester et toile de jute discrets.<\/li>\n<li>Sangles de v\u00e9g\u00e9tation cousues, pour ajouter une couverture naturelle.<\/li>\n<li>Efficace avec ou sans aff\u00fbt couch\u00e9.<\/li>\n<li>Pas d&#8217;ombres. Fonctionne tr\u00e8s bien avec les oiseaux m\u00e9fiants et difficiles \u00e0 chasser.<\/li>\n<li>Dimensions\u00a0: L 213 x l 137 cm<\/li>\n<li>Poids : 1,8 kg<\/li>\n<\/ul>\n","protected":false},"excerpt":{"rendered":"<p>Les nouvelles couvertures de dissimulation Beavertail vous offrent une dissimulation totale dans dans environnements vari\u00e9s. Le motif de camouflage 3D surpasse les motifs de camouflage conventionnels.<\/p>\n","protected":false},"featured_media":30468,"template":"","meta":[],"product_brand":[8133],"product_cat":[8164],"product_tag":[],"yoast_head":"<!-- This site is optimized with the Yoast SEO plugin v24.3 - https:\/\/yoast.com\/wordpress\/plugins\/seo\/ -->\n<title>Couverture de dissimulation Beavertail camouflage neige | Lucky Hunter<\/title>\n<meta name=\"description\" content=\"Couverture de dissimulation Beavertail camouflage neige est une couverture 3D parfaite pour une utilisation dans une vari\u00e9t\u00e9 de domaines. Peut \u00eatre utilis\u00e9 avec ou sans store de mise en page.\" \/>\n<meta name=\"robots\" content=\"noindex, follow, max-snippet:-1, max-image-preview:large, max-video-preview:-1\" \/>\n<meta property=\"og:locale\" content=\"fr_FR\" \/>\n<meta property=\"og:type\" content=\"article\" \/>\n<meta property=\"og:title\" content=\"Couverture de dissimulation Beavertail camouflage neige | Lucky Hunter\" \/>\n<meta property=\"og:description\" content=\"Couverture de dissimulation Beavertail est une couverture 3D parfaite pour une utilisation dans une vari\u00e9t\u00e9 de domaines. Peut \u00eatre utilis\u00e9 avec ou sans store de mise en page.\" \/>\n<meta property=\"og:url\" content=\"https:\/\/staging.lucky-hunter.com\/fr\/product\/couverture-de-dissimulation-beavertail-camouflage-neige\/\" \/>\n<meta property=\"og:site_name\" content=\"Lucky-Hunter\" \/>\n<meta property=\"article:modified_time\" content=\"2022-11-16T08:41:05+00:00\" \/>\n<meta property=\"og:image\" content=\"https:\/\/staging.lucky-hunter.com\/wp-content\/uploads\/2020\/04\/ls-72snow.png\" \/>\n\t<meta property=\"og:image:width\" content=\"1000\" \/>\n\t<meta property=\"og:image:height\" content=\"1000\" \/>\n\t<meta property=\"og:image:type\" content=\"image\/png\" \/>\n<meta name=\"twitter:card\" content=\"summary_large_image\" \/>\n<meta name=\"twitter:title\" content=\"Couverture de dissimulation Beavertail camouflage neige | Lucky Hunter\" \/>\n<meta name=\"twitter:description\" content=\"Couverture de dissimulation Beavertail est une couverture 3D parfaite pour une utilisation dans une vari\u00e9t\u00e9 de domaines. Peut \u00eatre utilis\u00e9 avec ou sans store de mise en page.\" \/>\n<meta name=\"twitter:label1\" content=\"Dur\u00e9e de lecture estim\u00e9e\" \/>\n\t<meta name=\"twitter:data1\" content=\"1 minute\" \/>\n<script type=\"application\/ld+json\" class=\"yoast-schema-graph\">{\"@context\":\"https:\/\/schema.org\",\"@graph\":[{\"@type\":\"WebPage\",\"@id\":\"https:\/\/staging.lucky-hunter.com\/fr\/product\/couverture-de-dissimulation-beavertail-camouflage-neige\/\",\"url\":\"https:\/\/staging.lucky-hunter.com\/fr\/product\/couverture-de-dissimulation-beavertail-camouflage-neige\/\",\"name\":\"Couverture de dissimulation Beavertail camouflage neige | Lucky Hunter\",\"isPartOf\":{\"@id\":\"https:\/\/staging.lucky-hunter.com\/#website\"},\"primaryImageOfPage\":{\"@id\":\"https:\/\/staging.lucky-hunter.com\/fr\/product\/couverture-de-dissimulation-beavertail-camouflage-neige\/#primaryimage\"},\"image\":{\"@id\":\"https:\/\/staging.lucky-hunter.com\/fr\/product\/couverture-de-dissimulation-beavertail-camouflage-neige\/#primaryimage\"},\"thumbnailUrl\":\"https:\/\/staging.lucky-hunter.com\/wp-content\/uploads\/2020\/04\/ls-72snow.png\",\"datePublished\":\"2020-04-18T08:19:28+00:00\",\"dateModified\":\"2022-11-16T08:41:05+00:00\",\"description\":\"Couverture de dissimulation Beavertail camouflage neige est une couverture 3D parfaite pour une utilisation dans une vari\u00e9t\u00e9 de domaines. Peut \u00eatre utilis\u00e9 avec ou sans store de mise en page.\",\"breadcrumb\":{\"@id\":\"https:\/\/staging.lucky-hunter.com\/fr\/product\/couverture-de-dissimulation-beavertail-camouflage-neige\/#breadcrumb\"},\"inLanguage\":\"fr-FR\",\"potentialAction\":[{\"@type\":\"ReadAction\",\"target\":[\"https:\/\/staging.lucky-hunter.com\/fr\/product\/couverture-de-dissimulation-beavertail-camouflage-neige\/\"]}]},{\"@type\":\"ImageObject\",\"inLanguage\":\"fr-FR\",\"@id\":\"https:\/\/staging.lucky-hunter.com\/fr\/product\/couverture-de-dissimulation-beavertail-camouflage-neige\/#primaryimage\",\"url\":\"https:\/\/staging.lucky-hunter.com\/wp-content\/uploads\/2020\/04\/ls-72snow.png\",\"contentUrl\":\"https:\/\/staging.lucky-hunter.com\/wp-content\/uploads\/2020\/04\/ls-72snow.png\",\"width\":1000,\"height\":1000},{\"@type\":\"BreadcrumbList\",\"@id\":\"https:\/\/staging.lucky-hunter.com\/fr\/product\/couverture-de-dissimulation-beavertail-camouflage-neige\/#breadcrumb\",\"itemListElement\":[{\"@type\":\"ListItem\",\"position\":1,\"name\":\"Home\",\"item\":\"https:\/\/staging.lucky-hunter.com\/fr\/\"},{\"@type\":\"ListItem\",\"position\":2,\"name\":\"Boutique\",\"item\":\"https:\/\/staging.lucky-hunter.com\/fr\/shop\/\"},{\"@type\":\"ListItem\",\"position\":3,\"name\":\"Couverture de dissimulation Beavertail camouflage neige\"}]},{\"@type\":\"WebSite\",\"@id\":\"https:\/\/staging.lucky-hunter.com\/#website\",\"url\":\"https:\/\/staging.lucky-hunter.com\/\",\"name\":\"Lucky-Hunter\",\"description\":\"Gear Up or Give Up\",\"potentialAction\":[{\"@type\":\"SearchAction\",\"target\":{\"@type\":\"EntryPoint\",\"urlTemplate\":\"https:\/\/staging.lucky-hunter.com\/?s={search_term_string}\"},\"query-input\":{\"@type\":\"PropertyValueSpecification\",\"valueRequired\":true,\"valueName\":\"search_term_string\"}}],\"inLanguage\":\"fr-FR\"}]}<\/script>\n<!-- \/ Yoast SEO plugin. -->","yoast_head_json":{"title":"Couverture de dissimulation Beavertail camouflage neige | Lucky Hunter","description":"Couverture de dissimulation Beavertail camouflage neige est une couverture 3D parfaite pour une utilisation dans une vari\u00e9t\u00e9 de domaines. Peut \u00eatre utilis\u00e9 avec ou sans store de mise en page.","robots":{"index":"noindex","follow":"follow","max-snippet":"max-snippet:-1","max-image-preview":"max-image-preview:large","max-video-preview":"max-video-preview:-1"},"og_locale":"fr_FR","og_type":"article","og_title":"Couverture de dissimulation Beavertail camouflage neige | Lucky Hunter","og_description":"Couverture de dissimulation Beavertail est une couverture 3D parfaite pour une utilisation dans une vari\u00e9t\u00e9 de domaines. Peut \u00eatre utilis\u00e9 avec ou sans store de mise en page.","og_url":"https:\/\/staging.lucky-hunter.com\/fr\/product\/couverture-de-dissimulation-beavertail-camouflage-neige\/","og_site_name":"Lucky-Hunter","article_modified_time":"2022-11-16T08:41:05+00:00","og_image":[{"width":1000,"height":1000,"url":"https:\/\/staging.lucky-hunter.com\/wp-content\/uploads\/2020\/04\/ls-72snow.png","type":"image\/png"}],"twitter_card":"summary_large_image","twitter_title":"Couverture de dissimulation Beavertail camouflage neige | Lucky Hunter","twitter_description":"Couverture de dissimulation Beavertail est une couverture 3D parfaite pour une utilisation dans une vari\u00e9t\u00e9 de domaines. Peut \u00eatre utilis\u00e9 avec ou sans store de mise en page.","twitter_misc":{"Dur\u00e9e de lecture estim\u00e9e":"1 minute"},"schema":{"@context":"https:\/\/schema.org","@graph":[{"@type":"WebPage","@id":"https:\/\/staging.lucky-hunter.com\/fr\/product\/couverture-de-dissimulation-beavertail-camouflage-neige\/","url":"https:\/\/staging.lucky-hunter.com\/fr\/product\/couverture-de-dissimulation-beavertail-camouflage-neige\/","name":"Couverture de dissimulation Beavertail camouflage neige | Lucky Hunter","isPartOf":{"@id":"https:\/\/staging.lucky-hunter.com\/#website"},"primaryImageOfPage":{"@id":"https:\/\/staging.lucky-hunter.com\/fr\/product\/couverture-de-dissimulation-beavertail-camouflage-neige\/#primaryimage"},"image":{"@id":"https:\/\/staging.lucky-hunter.com\/fr\/product\/couverture-de-dissimulation-beavertail-camouflage-neige\/#primaryimage"},"thumbnailUrl":"https:\/\/staging.lucky-hunter.com\/wp-content\/uploads\/2020\/04\/ls-72snow.png","datePublished":"2020-04-18T08:19:28+00:00","dateModified":"2022-11-16T08:41:05+00:00","description":"Couverture de dissimulation Beavertail camouflage neige est une couverture 3D parfaite pour une utilisation dans une vari\u00e9t\u00e9 de domaines. Peut \u00eatre utilis\u00e9 avec ou sans store de mise en page.","breadcrumb":{"@id":"https:\/\/staging.lucky-hunter.com\/fr\/product\/couverture-de-dissimulation-beavertail-camouflage-neige\/#breadcrumb"},"inLanguage":"fr-FR","potentialAction":[{"@type":"ReadAction","target":["https:\/\/staging.lucky-hunter.com\/fr\/product\/couverture-de-dissimulation-beavertail-camouflage-neige\/"]}]},{"@type":"ImageObject","inLanguage":"fr-FR","@id":"https:\/\/staging.lucky-hunter.com\/fr\/product\/couverture-de-dissimulation-beavertail-camouflage-neige\/#primaryimage","url":"https:\/\/staging.lucky-hunter.com\/wp-content\/uploads\/2020\/04\/ls-72snow.png","contentUrl":"https:\/\/staging.lucky-hunter.com\/wp-content\/uploads\/2020\/04\/ls-72snow.png","width":1000,"height":1000},{"@type":"BreadcrumbList","@id":"https:\/\/staging.lucky-hunter.com\/fr\/product\/couverture-de-dissimulation-beavertail-camouflage-neige\/#breadcrumb","itemListElement":[{"@type":"ListItem","position":1,"name":"Home","item":"https:\/\/staging.lucky-hunter.com\/fr\/"},{"@type":"ListItem","position":2,"name":"Boutique","item":"https:\/\/staging.lucky-hunter.com\/fr\/shop\/"},{"@type":"ListItem","position":3,"name":"Couverture de dissimulation Beavertail camouflage neige"}]},{"@type":"WebSite","@id":"https:\/\/staging.lucky-hunter.com\/#website","url":"https:\/\/staging.lucky-hunter.com\/","name":"Lucky-Hunter","description":"Gear Up or Give Up","potentialAction":[{"@type":"SearchAction","target":{"@type":"EntryPoint","urlTemplate":"https:\/\/staging.lucky-hunter.com\/?s={search_term_string}"},"query-input":{"@type":"PropertyValueSpecification","valueRequired":true,"valueName":"search_term_string"}}],"inLanguage":"fr-FR"}]}},"_links":{"self":[{"href":"https:\/\/staging.lucky-hunter.com\/fr\/wp-json\/wp\/v2\/product\/35332"}],"collection":[{"href":"https:\/\/staging.lucky-hunter.com\/fr\/wp-json\/wp\/v2\/product"}],"about":[{"href":"https:\/\/staging.lucky-hunter.com\/fr\/wp-json\/wp\/v2\/types\/product"}],"wp:featuredmedia":[{"embeddable":true,"href":"https:\/\/staging.lucky-hunter.com\/fr\/wp-json\/wp\/v2\/media\/30468"}],"wp:attachment":[{"href":"https:\/\/staging.lucky-hunter.com\/fr\/wp-json\/wp\/v2\/media?parent=35332"}],"wp:term":[{"taxonomy":"product_brand","embeddable":true,"href":"https:\/\/staging.lucky-hunter.com\/fr\/wp-json\/wp\/v2\/product_brand?post=35332"},{"taxonomy":"product_cat","embeddable":true,"href":"https:\/\/staging.lucky-hunter.com\/fr\/wp-json\/wp\/v2\/product_cat?post=35332"},{"taxonomy":"product_tag","embeddable":true,"href":"https:\/\/staging.lucky-hunter.com\/fr\/wp-json\/wp\/v2\/product_tag?post=35332"}],"curies":[{"name":"wp","href":"https:\/\/api.w.org\/{rel}","templated":true}]}}