{"id":35331,"date":"2020-05-12T08:01:39","date_gmt":"2020-05-12T06:01:39","guid":{"rendered":"https:\/\/staging.lucky-hunter.com\/product\/appeau-oiseau-en-detresse-bd1-de-dan-thompson\/"},"modified":"2022-11-16T09:40:40","modified_gmt":"2022-11-16T08:40:40","slug":"appeau-oiseau-en-detresse-bd1-de-dan-thompson","status":"publish","type":"product","link":"https:\/\/staging.lucky-hunter.com\/fr\/product\/appeau-oiseau-en-detresse-bd1-de-dan-thompson\/","title":{"rendered":"Appeau oiseau en d\u00e9tresse BD1 de Dan Thompson"},"content":{"rendered":"<h1><strong>Dan Thompson BD1 &#8211; Nouvel appeau pour pr\u00e9dateur de Dan Thompson Calls\u00a0\u00a0<\/strong><\/h1>\n<p>Pour les pr\u00e9dateurs, le son d&#8217;un oiseau en d\u00e9tresse \u00e9quivaut \u00e0 entendre sonner la cloche du d\u00eener.<\/p>\n<p>Il est bien connu qu&#8217;un pr\u00e9dateur est facile \u00e0 attirer avec le son d&#8217;un oiseau bless\u00e9.<\/p>\n<p>En collaboration avec Dan Thompson Calls, nous avons d\u00e9velopp\u00e9 ce nouvel appeau pour pr\u00e9dateur, particuli\u00e8rement adapt\u00e9 \u00e0 la chasse au leurre sur des distances plus courtes, jusqu&#8217;\u00e0 300-400 m\u00e8tres selon le vent. Cet appeau pour gibier est aussi facile \u00e0 utiliser que les autres appeaux de Dan Thompson, et le son de l&#8217;oiseau en d\u00e9tresse est parfait pour attirer les pr\u00e9dateurs particuli\u00e8rement jeunes au d\u00e9but de la saison.<\/p>\n<p>Placez-vous \u00e0 un endroit o\u00f9 vous avez une vue d\u00e9gag\u00e9e des alentours et sachez que les jeunes pr\u00e9dateurs viennent tr\u00e8s prudemment et ont tendance \u00e0 s\u2019asseoir pour \u00e9valuer la situation.<\/p>\n<p>Commencez par siffler avec un volume faible qui augmente progressivement.<\/p>\n<p>Sifflez pendant 1 minute et faites une pause de 2 \u00e0 3 minutes.<\/p>\n<p>Sifflez des s\u00e9quences courtes et intenses, ou des {1&gt;trrr, trrr, trrr&lt;1} discordants pour imiter le cri d&#8217;urgence de l&#8217;oiseau.<\/p>\n<p>Soufflez des s\u00e9quences courtes et intenses ou des <em>trrr, trrr, trrr durs<\/em> pour imiter le cri d&#8217;urgence de l&#8217;oiseau.<\/p>\n<p>Veillez \u00e0 varier le son afin qu&#8217;il ne devienne pas monotone.<\/p>\n","protected":false},"excerpt":{"rendered":"<p>Pour les pr\u00e9dateurs, le son d&#8217;un oiseau en d\u00e9tresse \u00e9quivaut \u00e0 entendre sonner la cloche du d\u00eener. Particuli\u00e8rement adapt\u00e9 \u00e0 la chasse au leurre sur des distances plus courtes, jusqu&#8217;\u00e0 300-400 m\u00e8tres selon le vent.<\/p>\n","protected":false},"featured_media":55433,"template":"","meta":[],"product_brand":[8211],"product_cat":[8234],"product_tag":[9445],"yoast_head":"<!-- This site is optimized with the Yoast SEO plugin v24.3 - https:\/\/yoast.com\/wordpress\/plugins\/seo\/ -->\n<title>Dan Thompson BD1 - Nouvel appeau pour pr\u00e9dateur de Dan Thompson | Lucky Hunter<\/title>\n<meta name=\"description\" content=\"Appeau oiseau en d\u00e9tresse cri de pr\u00e9dateur BD1 de Dan Thompson Parfait pour attirer les pr\u00e9dateurs vers ce qu&#039;ils pensent \u00eatre une proie facile. Particuli\u00e8rement id\u00e9al pour attirer les jeunes pr\u00e9dateurs.\" \/>\n<meta name=\"robots\" content=\"noindex, follow, max-snippet:-1, max-image-preview:large, max-video-preview:-1\" \/>\n<meta property=\"og:locale\" content=\"fr_FR\" \/>\n<meta property=\"og:type\" content=\"article\" \/>\n<meta property=\"og:title\" content=\"Dan Thompson BD1 - Nouvel appeau pour pr\u00e9dateur de Dan Thompson | Lucky Hunter\" \/>\n<meta property=\"og:description\" content=\"Appeau oiseau en d\u00e9tresse cri de pr\u00e9dateur BD1 de Dan Thompson Parfait pour attirer les pr\u00e9dateurs vers ce qu&#039;ils pensent \u00eatre une proie facile. Particuli\u00e8rement id\u00e9al pour attirer les jeunes pr\u00e9dateurs.\" \/>\n<meta property=\"og:url\" content=\"https:\/\/staging.lucky-hunter.com\/product\/dan-thompson-bd1\/\" \/>\n<meta property=\"og:site_name\" content=\"Lucky-Hunter\" \/>\n<meta property=\"article:modified_time\" content=\"2022-11-16T08:40:40+00:00\" \/>\n<meta property=\"og:image\" content=\"https:\/\/staging.lucky-hunter.com\/wp-content\/uploads\/2020\/05\/LK-188.png\" \/>\n\t<meta property=\"og:image:width\" content=\"1000\" \/>\n\t<meta property=\"og:image:height\" content=\"1000\" \/>\n\t<meta property=\"og:image:type\" content=\"image\/png\" \/>\n<meta name=\"twitter:card\" content=\"summary_large_image\" \/>\n<meta name=\"twitter:title\" content=\"Dan Thompson BD1 - Nouvel appeau pour pr\u00e9dateur de Dan Thompson | Lucky Hunter\" \/>\n<meta name=\"twitter:description\" content=\"Appeau oiseau en d\u00e9tresse cri de pr\u00e9dateur BD1 de Dan Thompson Parfait pour attirer les pr\u00e9dateurs vers ce qu&#039;ils pensent \u00eatre une proie facile. Particuli\u00e8rement id\u00e9al pour attirer les jeunes pr\u00e9dateurs.\" \/>\n<meta name=\"twitter:label1\" content=\"Dur\u00e9e de lecture estim\u00e9e\" \/>\n\t<meta name=\"twitter:data1\" content=\"1 minute\" \/>\n<script type=\"application\/ld+json\" class=\"yoast-schema-graph\">{\"@context\":\"https:\/\/schema.org\",\"@graph\":[{\"@type\":\"WebPage\",\"@id\":\"https:\/\/staging.lucky-hunter.com\/product\/dan-thompson-bd1\/\",\"url\":\"https:\/\/staging.lucky-hunter.com\/product\/dan-thompson-bd1\/\",\"name\":\"Dan Thompson BD1 - Nouvel appeau pour pr\u00e9dateur de Dan Thompson | Lucky Hunter\",\"isPartOf\":{\"@id\":\"https:\/\/staging.lucky-hunter.com\/#website\"},\"primaryImageOfPage\":{\"@id\":\"https:\/\/staging.lucky-hunter.com\/product\/dan-thompson-bd1\/#primaryimage\"},\"image\":{\"@id\":\"https:\/\/staging.lucky-hunter.com\/product\/dan-thompson-bd1\/#primaryimage\"},\"thumbnailUrl\":\"https:\/\/staging.lucky-hunter.com\/wp-content\/uploads\/2020\/05\/LK-188.png\",\"datePublished\":\"2020-05-12T06:01:39+00:00\",\"dateModified\":\"2022-11-16T08:40:40+00:00\",\"description\":\"Appeau oiseau en d\u00e9tresse cri de pr\u00e9dateur BD1 de Dan Thompson Parfait pour attirer les pr\u00e9dateurs vers ce qu'ils pensent \u00eatre une proie facile. Particuli\u00e8rement id\u00e9al pour attirer les jeunes pr\u00e9dateurs.\",\"breadcrumb\":{\"@id\":\"https:\/\/staging.lucky-hunter.com\/product\/dan-thompson-bd1\/#breadcrumb\"},\"inLanguage\":\"fr-FR\",\"potentialAction\":[{\"@type\":\"ReadAction\",\"target\":[\"https:\/\/staging.lucky-hunter.com\/product\/dan-thompson-bd1\/\"]}]},{\"@type\":\"ImageObject\",\"inLanguage\":\"fr-FR\",\"@id\":\"https:\/\/staging.lucky-hunter.com\/product\/dan-thompson-bd1\/#primaryimage\",\"url\":\"https:\/\/staging.lucky-hunter.com\/wp-content\/uploads\/2020\/05\/LK-188.png\",\"contentUrl\":\"https:\/\/staging.lucky-hunter.com\/wp-content\/uploads\/2020\/05\/LK-188.png\",\"width\":1000,\"height\":1000},{\"@type\":\"BreadcrumbList\",\"@id\":\"https:\/\/staging.lucky-hunter.com\/product\/dan-thompson-bd1\/#breadcrumb\",\"itemListElement\":[{\"@type\":\"ListItem\",\"position\":1,\"name\":\"Home\",\"item\":\"https:\/\/staging.lucky-hunter.com\/fr\/\"},{\"@type\":\"ListItem\",\"position\":2,\"name\":\"Boutique\",\"item\":\"https:\/\/staging.lucky-hunter.com\/fr\/shop\/\"},{\"@type\":\"ListItem\",\"position\":3,\"name\":\"Appeau oiseau en d\u00e9tresse BD1 de Dan Thompson\"}]},{\"@type\":\"WebSite\",\"@id\":\"https:\/\/staging.lucky-hunter.com\/#website\",\"url\":\"https:\/\/staging.lucky-hunter.com\/\",\"name\":\"Lucky-Hunter\",\"description\":\"Gear Up or Give Up\",\"potentialAction\":[{\"@type\":\"SearchAction\",\"target\":{\"@type\":\"EntryPoint\",\"urlTemplate\":\"https:\/\/staging.lucky-hunter.com\/?s={search_term_string}\"},\"query-input\":{\"@type\":\"PropertyValueSpecification\",\"valueRequired\":true,\"valueName\":\"search_term_string\"}}],\"inLanguage\":\"fr-FR\"}]}<\/script>\n<!-- \/ Yoast SEO plugin. -->","yoast_head_json":{"title":"Dan Thompson BD1 - Nouvel appeau pour pr\u00e9dateur de Dan Thompson | Lucky Hunter","description":"Appeau oiseau en d\u00e9tresse cri de pr\u00e9dateur BD1 de Dan Thompson Parfait pour attirer les pr\u00e9dateurs vers ce qu'ils pensent \u00eatre une proie facile. Particuli\u00e8rement id\u00e9al pour attirer les jeunes pr\u00e9dateurs.","robots":{"index":"noindex","follow":"follow","max-snippet":"max-snippet:-1","max-image-preview":"max-image-preview:large","max-video-preview":"max-video-preview:-1"},"og_locale":"fr_FR","og_type":"article","og_title":"Dan Thompson BD1 - Nouvel appeau pour pr\u00e9dateur de Dan Thompson | Lucky Hunter","og_description":"Appeau oiseau en d\u00e9tresse cri de pr\u00e9dateur BD1 de Dan Thompson Parfait pour attirer les pr\u00e9dateurs vers ce qu'ils pensent \u00eatre une proie facile. Particuli\u00e8rement id\u00e9al pour attirer les jeunes pr\u00e9dateurs.","og_url":"https:\/\/staging.lucky-hunter.com\/product\/dan-thompson-bd1\/","og_site_name":"Lucky-Hunter","article_modified_time":"2022-11-16T08:40:40+00:00","og_image":[{"width":1000,"height":1000,"url":"https:\/\/staging.lucky-hunter.com\/wp-content\/uploads\/2020\/05\/LK-188.png","type":"image\/png"}],"twitter_card":"summary_large_image","twitter_title":"Dan Thompson BD1 - Nouvel appeau pour pr\u00e9dateur de Dan Thompson | Lucky Hunter","twitter_description":"Appeau oiseau en d\u00e9tresse cri de pr\u00e9dateur BD1 de Dan Thompson Parfait pour attirer les pr\u00e9dateurs vers ce qu'ils pensent \u00eatre une proie facile. Particuli\u00e8rement id\u00e9al pour attirer les jeunes pr\u00e9dateurs.","twitter_misc":{"Dur\u00e9e de lecture estim\u00e9e":"1 minute"},"schema":{"@context":"https:\/\/schema.org","@graph":[{"@type":"WebPage","@id":"https:\/\/staging.lucky-hunter.com\/product\/dan-thompson-bd1\/","url":"https:\/\/staging.lucky-hunter.com\/product\/dan-thompson-bd1\/","name":"Dan Thompson BD1 - Nouvel appeau pour pr\u00e9dateur de Dan Thompson | Lucky Hunter","isPartOf":{"@id":"https:\/\/staging.lucky-hunter.com\/#website"},"primaryImageOfPage":{"@id":"https:\/\/staging.lucky-hunter.com\/product\/dan-thompson-bd1\/#primaryimage"},"image":{"@id":"https:\/\/staging.lucky-hunter.com\/product\/dan-thompson-bd1\/#primaryimage"},"thumbnailUrl":"https:\/\/staging.lucky-hunter.com\/wp-content\/uploads\/2020\/05\/LK-188.png","datePublished":"2020-05-12T06:01:39+00:00","dateModified":"2022-11-16T08:40:40+00:00","description":"Appeau oiseau en d\u00e9tresse cri de pr\u00e9dateur BD1 de Dan Thompson Parfait pour attirer les pr\u00e9dateurs vers ce qu'ils pensent \u00eatre une proie facile. Particuli\u00e8rement id\u00e9al pour attirer les jeunes pr\u00e9dateurs.","breadcrumb":{"@id":"https:\/\/staging.lucky-hunter.com\/product\/dan-thompson-bd1\/#breadcrumb"},"inLanguage":"fr-FR","potentialAction":[{"@type":"ReadAction","target":["https:\/\/staging.lucky-hunter.com\/product\/dan-thompson-bd1\/"]}]},{"@type":"ImageObject","inLanguage":"fr-FR","@id":"https:\/\/staging.lucky-hunter.com\/product\/dan-thompson-bd1\/#primaryimage","url":"https:\/\/staging.lucky-hunter.com\/wp-content\/uploads\/2020\/05\/LK-188.png","contentUrl":"https:\/\/staging.lucky-hunter.com\/wp-content\/uploads\/2020\/05\/LK-188.png","width":1000,"height":1000},{"@type":"BreadcrumbList","@id":"https:\/\/staging.lucky-hunter.com\/product\/dan-thompson-bd1\/#breadcrumb","itemListElement":[{"@type":"ListItem","position":1,"name":"Home","item":"https:\/\/staging.lucky-hunter.com\/fr\/"},{"@type":"ListItem","position":2,"name":"Boutique","item":"https:\/\/staging.lucky-hunter.com\/fr\/shop\/"},{"@type":"ListItem","position":3,"name":"Appeau oiseau en d\u00e9tresse BD1 de Dan Thompson"}]},{"@type":"WebSite","@id":"https:\/\/staging.lucky-hunter.com\/#website","url":"https:\/\/staging.lucky-hunter.com\/","name":"Lucky-Hunter","description":"Gear Up or Give Up","potentialAction":[{"@type":"SearchAction","target":{"@type":"EntryPoint","urlTemplate":"https:\/\/staging.lucky-hunter.com\/?s={search_term_string}"},"query-input":{"@type":"PropertyValueSpecification","valueRequired":true,"valueName":"search_term_string"}}],"inLanguage":"fr-FR"}]}},"_links":{"self":[{"href":"https:\/\/staging.lucky-hunter.com\/fr\/wp-json\/wp\/v2\/product\/35331"}],"collection":[{"href":"https:\/\/staging.lucky-hunter.com\/fr\/wp-json\/wp\/v2\/product"}],"about":[{"href":"https:\/\/staging.lucky-hunter.com\/fr\/wp-json\/wp\/v2\/types\/product"}],"wp:featuredmedia":[{"embeddable":true,"href":"https:\/\/staging.lucky-hunter.com\/fr\/wp-json\/wp\/v2\/media\/55433"}],"wp:attachment":[{"href":"https:\/\/staging.lucky-hunter.com\/fr\/wp-json\/wp\/v2\/media?parent=35331"}],"wp:term":[{"taxonomy":"product_brand","embeddable":true,"href":"https:\/\/staging.lucky-hunter.com\/fr\/wp-json\/wp\/v2\/product_brand?post=35331"},{"taxonomy":"product_cat","embeddable":true,"href":"https:\/\/staging.lucky-hunter.com\/fr\/wp-json\/wp\/v2\/product_cat?post=35331"},{"taxonomy":"product_tag","embeddable":true,"href":"https:\/\/staging.lucky-hunter.com\/fr\/wp-json\/wp\/v2\/product_tag?post=35331"}],"curies":[{"name":"wp","href":"https:\/\/api.w.org\/{rel}","templated":true}]}}