{"id":35330,"date":"2020-02-03T17:58:04","date_gmt":"2020-02-03T16:58:04","guid":{"rendered":"https:\/\/staging.lucky-hunter.com\/product\/bolyguard-bg310-camera-de-chasse-18mp\/"},"modified":"2022-11-16T09:44:15","modified_gmt":"2022-11-16T08:44:15","slug":"bolyguard-bg310-camera-de-chasse-18mp","status":"publish","type":"product","link":"https:\/\/staging.lucky-hunter.com\/fr\/product\/bolyguard-bg310-camera-de-chasse-18mp\/","title":{"rendered":"Bolyguard BG310 | Cam\u00e9ra de Chasse 18mp"},"content":{"rendered":"<p><iframe title=\"Bolyguard BG310 | 18mp Trail\/Game camera\" width=\"1020\" height=\"574\" src=\"https:\/\/www.youtube.com\/embed\/-tizC1FkLG0?wmode=transparent&amp;rel=0&amp;feature=oembed&#038;enablejsapi=1&#038;origin=https:\/\/staging.lucky-hunter.com\" frameborder=\"0\" allow=\"accelerometer; autoplay; clipboard-write; encrypted-media; gyroscope; picture-in-picture\" allowfullscreen><\/iframe><\/p>\n<h2><strong>Bolyguard BG310 &#8211; le leader de l\u2019industrie pr\u00e9sente une cam\u00e9ra de chasse de haute qualit\u00e9 \u00e0 un prix avantageux<\/strong><\/h2>\n<p>Bolyguard a d\u00e9velopp\u00e9 une toute nouvelle cam\u00e9ra de chasse pour les chasseurs qui veulent une cam\u00e9ra de bonne qualit\u00e9, fiable et bon march\u00e9. La qualit\u00e9 Bolyguard est donc d\u00e9sormais accessible \u00e0 un prix avantageux.<\/p>\n<p>La Bolyguard BG310 dispose de 18 m\u00e9gapixels et est aliment\u00e9 par 2 batteries au lithium 18650 rechargeables (<em>2 batteries 18650 incluses<\/em>)<\/p>\n<p><strong>Caract\u00e9ristiques\u00a0:<\/strong><\/p>\n<ul class=\"boly_detail_ul\">\n<li>Photo 18MP et vid\u00e9o HD 720P<\/li>\n<li>Port\u00e9e : 30 m\u00e8tres<\/li>\n<li>LED 850nm<\/li>\n<li>2 LED<\/li>\n<li>Champ de vision (FOV) : 57 degr\u00e9s<\/li>\n<li>Capteur d&#8217;image CMOS couleur 3MP<\/li>\n<li>BolyRaw &#8211; logiciel de traitement d&#8217;images brevet\u00e9.<\/li>\n<li>Vitesse de d\u00e9clenchement &lt;0,7 seconde<\/li>\n<li>Vid\u00e9o avec son int\u00e9gral<\/li>\n<li>Dur\u00e9e de la vid\u00e9o de 5 \u00e0 180 secondes.<\/li>\n<li>\u00c9cran LCD couleur de 1,44&#8243;<\/li>\n<li>Capteur r\u00e9glable<\/li>\n<li>2 batteries au lithium 18650 (environ 67 mm avec borne sur\u00e9lev\u00e9e &#8211; notez \u00e9galement qu\u2019il n\u2019est pas possible d\u2019utiliser des piles AA ordinaires)<\/li>\n<li>Les batteries au lithium peuvent \u00eatre recharg\u00e9es via une alimentation USB ou un panneau solaire<\/li>\n<li>Possibilit\u00e9 d\u2019utiliser une carte Micro SD jusqu&#8217;\u00e0 32 Go.<\/li>\n<li>Poids 174 g (sans batteries)<\/li>\n<li>Ultra-compact 115 x 81 x 45 mm.<\/li>\n<li>Langues dans le menu\u00a0: anglais, tch\u00e8que, allemand, fran\u00e7ais, espagnol, su\u00e9dois, finnois.<\/li>\n<\/ul>\n<p><iframe title=\"Bolyguard BG310 | Trailcamera footage\" width=\"1020\" height=\"574\" src=\"https:\/\/www.youtube.com\/embed\/-Ppykaj3UOM?wmode=transparent&amp;rel=0&amp;feature=oembed&#038;enablejsapi=1&#038;origin=https:\/\/staging.lucky-hunter.com\" frameborder=\"0\" allow=\"accelerometer; autoplay; clipboard-write; encrypted-media; gyroscope; picture-in-picture\" allowfullscreen><\/iframe><\/p>\n","protected":false},"excerpt":{"rendered":"<p><span style=\"font-weight: 400;\">Bolyguard est le leader de l\u2019industrie des cam\u00e9ras de chasse. Cam\u00e9ra de chasse Bolyguard BG310. Cam\u00e9ra 18 m\u00e9gapixels, temps de r\u00e9action &lt;0,7 s, batteries rechargeables et enregistrement vid\u00e9o 720p. Les batteries sont incluses\u00a0!<\/span><\/p>\n","protected":false},"featured_media":336930,"template":"","meta":[],"product_brand":[9642],"product_cat":[8667],"product_tag":[],"yoast_head":"<!-- This site is optimized with the Yoast SEO plugin v24.3 - https:\/\/yoast.com\/wordpress\/plugins\/seo\/ -->\n<title>Bolyguard BG310 - Cam\u00e9ra de Chasse 18mp | Lucky Hunter<\/title>\n<meta name=\"description\" content=\"Cam\u00e9ra de chasse Bolyguard BG310. Cam\u00e9ra 18 m\u00e9gapixels, temps de r\u00e9action &lt;0,7 s, batteries rechargeables et enregistrement vid\u00e9o 720p. Port\u00e9e de d\u00e9tection de 30 m\u00e8tres\" \/>\n<meta name=\"robots\" content=\"noindex, follow, max-snippet:-1, max-image-preview:large, max-video-preview:-1\" \/>\n<meta property=\"og:locale\" content=\"fr_FR\" \/>\n<meta property=\"og:type\" content=\"article\" \/>\n<meta property=\"og:title\" content=\"Bolyguard BG310 - Cam\u00e9ra de Chasse 18mp | Lucky Hunter\" \/>\n<meta property=\"og:description\" content=\"Cam\u00e9ra de chasse Bolyguard BG310. Cam\u00e9ra 18 m\u00e9gapixels, temps de r\u00e9action &lt;0,7 s, batteries rechargeables et enregistrement vid\u00e9o 720p. Port\u00e9e de d\u00e9tection de 30 m\u00e8tres\" \/>\n<meta property=\"og:url\" content=\"https:\/\/staging.lucky-hunter.com\/fr\/product\/bolyguard-bg310-camera-de-chasse-18mp\/\" \/>\n<meta property=\"og:site_name\" content=\"Lucky-Hunter\" \/>\n<meta property=\"article:modified_time\" content=\"2022-11-16T08:44:15+00:00\" \/>\n<meta property=\"og:image\" content=\"https:\/\/staging.lucky-hunter.com\/wp-content\/uploads\/2020\/02\/JK-21-removebg-preview.png\" \/>\n\t<meta property=\"og:image:width\" content=\"500\" \/>\n\t<meta property=\"og:image:height\" content=\"500\" \/>\n\t<meta property=\"og:image:type\" content=\"image\/png\" \/>\n<meta name=\"twitter:card\" content=\"summary_large_image\" \/>\n<meta name=\"twitter:title\" content=\"Bolyguard BG310 - Cam\u00e9ra de Chasse 18mp | Lucky Hunter\" \/>\n<meta name=\"twitter:description\" content=\"Cam\u00e9ra de chasse Bolyguard BG310. Cam\u00e9ra 18 m\u00e9gapixels, temps de r\u00e9action &lt;0,7 s, batteries rechargeables et enregistrement vid\u00e9o 720p. Port\u00e9e de d\u00e9tection de 30 m\u00e8tres\" \/>\n<meta name=\"twitter:label1\" content=\"Dur\u00e9e de lecture estim\u00e9e\" \/>\n\t<meta name=\"twitter:data1\" content=\"1 minute\" \/>\n<script type=\"application\/ld+json\" class=\"yoast-schema-graph\">{\"@context\":\"https:\/\/schema.org\",\"@graph\":[{\"@type\":\"WebPage\",\"@id\":\"https:\/\/staging.lucky-hunter.com\/fr\/product\/bolyguard-bg310-camera-de-chasse-18mp\/\",\"url\":\"https:\/\/staging.lucky-hunter.com\/fr\/product\/bolyguard-bg310-camera-de-chasse-18mp\/\",\"name\":\"Bolyguard BG310 - Cam\u00e9ra de Chasse 18mp | Lucky Hunter\",\"isPartOf\":{\"@id\":\"https:\/\/staging.lucky-hunter.com\/#website\"},\"primaryImageOfPage\":{\"@id\":\"https:\/\/staging.lucky-hunter.com\/fr\/product\/bolyguard-bg310-camera-de-chasse-18mp\/#primaryimage\"},\"image\":{\"@id\":\"https:\/\/staging.lucky-hunter.com\/fr\/product\/bolyguard-bg310-camera-de-chasse-18mp\/#primaryimage\"},\"thumbnailUrl\":\"https:\/\/staging.lucky-hunter.com\/wp-content\/uploads\/2020\/02\/JK-21-removebg-preview.png\",\"datePublished\":\"2020-02-03T16:58:04+00:00\",\"dateModified\":\"2022-11-16T08:44:15+00:00\",\"description\":\"Cam\u00e9ra de chasse Bolyguard BG310. Cam\u00e9ra 18 m\u00e9gapixels, temps de r\u00e9action &lt;0,7 s, batteries rechargeables et enregistrement vid\u00e9o 720p. Port\u00e9e de d\u00e9tection de 30 m\u00e8tres\",\"breadcrumb\":{\"@id\":\"https:\/\/staging.lucky-hunter.com\/fr\/product\/bolyguard-bg310-camera-de-chasse-18mp\/#breadcrumb\"},\"inLanguage\":\"fr-FR\",\"potentialAction\":[{\"@type\":\"ReadAction\",\"target\":[\"https:\/\/staging.lucky-hunter.com\/fr\/product\/bolyguard-bg310-camera-de-chasse-18mp\/\"]}]},{\"@type\":\"ImageObject\",\"inLanguage\":\"fr-FR\",\"@id\":\"https:\/\/staging.lucky-hunter.com\/fr\/product\/bolyguard-bg310-camera-de-chasse-18mp\/#primaryimage\",\"url\":\"https:\/\/staging.lucky-hunter.com\/wp-content\/uploads\/2020\/02\/JK-21-removebg-preview.png\",\"contentUrl\":\"https:\/\/staging.lucky-hunter.com\/wp-content\/uploads\/2020\/02\/JK-21-removebg-preview.png\",\"width\":500,\"height\":500},{\"@type\":\"BreadcrumbList\",\"@id\":\"https:\/\/staging.lucky-hunter.com\/fr\/product\/bolyguard-bg310-camera-de-chasse-18mp\/#breadcrumb\",\"itemListElement\":[{\"@type\":\"ListItem\",\"position\":1,\"name\":\"Home\",\"item\":\"https:\/\/staging.lucky-hunter.com\/fr\/\"},{\"@type\":\"ListItem\",\"position\":2,\"name\":\"Boutique\",\"item\":\"https:\/\/staging.lucky-hunter.com\/fr\/shop\/\"},{\"@type\":\"ListItem\",\"position\":3,\"name\":\"Bolyguard BG310 | Cam\u00e9ra de Chasse 18mp\"}]},{\"@type\":\"WebSite\",\"@id\":\"https:\/\/staging.lucky-hunter.com\/#website\",\"url\":\"https:\/\/staging.lucky-hunter.com\/\",\"name\":\"Lucky-Hunter\",\"description\":\"Gear Up or Give Up\",\"potentialAction\":[{\"@type\":\"SearchAction\",\"target\":{\"@type\":\"EntryPoint\",\"urlTemplate\":\"https:\/\/staging.lucky-hunter.com\/?s={search_term_string}\"},\"query-input\":{\"@type\":\"PropertyValueSpecification\",\"valueRequired\":true,\"valueName\":\"search_term_string\"}}],\"inLanguage\":\"fr-FR\"}]}<\/script>\n<!-- \/ Yoast SEO plugin. -->","yoast_head_json":{"title":"Bolyguard BG310 - Cam\u00e9ra de Chasse 18mp | Lucky Hunter","description":"Cam\u00e9ra de chasse Bolyguard BG310. Cam\u00e9ra 18 m\u00e9gapixels, temps de r\u00e9action &lt;0,7 s, batteries rechargeables et enregistrement vid\u00e9o 720p. Port\u00e9e de d\u00e9tection de 30 m\u00e8tres","robots":{"index":"noindex","follow":"follow","max-snippet":"max-snippet:-1","max-image-preview":"max-image-preview:large","max-video-preview":"max-video-preview:-1"},"og_locale":"fr_FR","og_type":"article","og_title":"Bolyguard BG310 - Cam\u00e9ra de Chasse 18mp | Lucky Hunter","og_description":"Cam\u00e9ra de chasse Bolyguard BG310. Cam\u00e9ra 18 m\u00e9gapixels, temps de r\u00e9action &lt;0,7 s, batteries rechargeables et enregistrement vid\u00e9o 720p. Port\u00e9e de d\u00e9tection de 30 m\u00e8tres","og_url":"https:\/\/staging.lucky-hunter.com\/fr\/product\/bolyguard-bg310-camera-de-chasse-18mp\/","og_site_name":"Lucky-Hunter","article_modified_time":"2022-11-16T08:44:15+00:00","og_image":[{"width":500,"height":500,"url":"https:\/\/staging.lucky-hunter.com\/wp-content\/uploads\/2020\/02\/JK-21-removebg-preview.png","type":"image\/png"}],"twitter_card":"summary_large_image","twitter_title":"Bolyguard BG310 - Cam\u00e9ra de Chasse 18mp | Lucky Hunter","twitter_description":"Cam\u00e9ra de chasse Bolyguard BG310. Cam\u00e9ra 18 m\u00e9gapixels, temps de r\u00e9action &lt;0,7 s, batteries rechargeables et enregistrement vid\u00e9o 720p. Port\u00e9e de d\u00e9tection de 30 m\u00e8tres","twitter_misc":{"Dur\u00e9e de lecture estim\u00e9e":"1 minute"},"schema":{"@context":"https:\/\/schema.org","@graph":[{"@type":"WebPage","@id":"https:\/\/staging.lucky-hunter.com\/fr\/product\/bolyguard-bg310-camera-de-chasse-18mp\/","url":"https:\/\/staging.lucky-hunter.com\/fr\/product\/bolyguard-bg310-camera-de-chasse-18mp\/","name":"Bolyguard BG310 - Cam\u00e9ra de Chasse 18mp | Lucky Hunter","isPartOf":{"@id":"https:\/\/staging.lucky-hunter.com\/#website"},"primaryImageOfPage":{"@id":"https:\/\/staging.lucky-hunter.com\/fr\/product\/bolyguard-bg310-camera-de-chasse-18mp\/#primaryimage"},"image":{"@id":"https:\/\/staging.lucky-hunter.com\/fr\/product\/bolyguard-bg310-camera-de-chasse-18mp\/#primaryimage"},"thumbnailUrl":"https:\/\/staging.lucky-hunter.com\/wp-content\/uploads\/2020\/02\/JK-21-removebg-preview.png","datePublished":"2020-02-03T16:58:04+00:00","dateModified":"2022-11-16T08:44:15+00:00","description":"Cam\u00e9ra de chasse Bolyguard BG310. Cam\u00e9ra 18 m\u00e9gapixels, temps de r\u00e9action &lt;0,7 s, batteries rechargeables et enregistrement vid\u00e9o 720p. Port\u00e9e de d\u00e9tection de 30 m\u00e8tres","breadcrumb":{"@id":"https:\/\/staging.lucky-hunter.com\/fr\/product\/bolyguard-bg310-camera-de-chasse-18mp\/#breadcrumb"},"inLanguage":"fr-FR","potentialAction":[{"@type":"ReadAction","target":["https:\/\/staging.lucky-hunter.com\/fr\/product\/bolyguard-bg310-camera-de-chasse-18mp\/"]}]},{"@type":"ImageObject","inLanguage":"fr-FR","@id":"https:\/\/staging.lucky-hunter.com\/fr\/product\/bolyguard-bg310-camera-de-chasse-18mp\/#primaryimage","url":"https:\/\/staging.lucky-hunter.com\/wp-content\/uploads\/2020\/02\/JK-21-removebg-preview.png","contentUrl":"https:\/\/staging.lucky-hunter.com\/wp-content\/uploads\/2020\/02\/JK-21-removebg-preview.png","width":500,"height":500},{"@type":"BreadcrumbList","@id":"https:\/\/staging.lucky-hunter.com\/fr\/product\/bolyguard-bg310-camera-de-chasse-18mp\/#breadcrumb","itemListElement":[{"@type":"ListItem","position":1,"name":"Home","item":"https:\/\/staging.lucky-hunter.com\/fr\/"},{"@type":"ListItem","position":2,"name":"Boutique","item":"https:\/\/staging.lucky-hunter.com\/fr\/shop\/"},{"@type":"ListItem","position":3,"name":"Bolyguard BG310 | Cam\u00e9ra de Chasse 18mp"}]},{"@type":"WebSite","@id":"https:\/\/staging.lucky-hunter.com\/#website","url":"https:\/\/staging.lucky-hunter.com\/","name":"Lucky-Hunter","description":"Gear Up or Give Up","potentialAction":[{"@type":"SearchAction","target":{"@type":"EntryPoint","urlTemplate":"https:\/\/staging.lucky-hunter.com\/?s={search_term_string}"},"query-input":{"@type":"PropertyValueSpecification","valueRequired":true,"valueName":"search_term_string"}}],"inLanguage":"fr-FR"}]}},"_links":{"self":[{"href":"https:\/\/staging.lucky-hunter.com\/fr\/wp-json\/wp\/v2\/product\/35330"}],"collection":[{"href":"https:\/\/staging.lucky-hunter.com\/fr\/wp-json\/wp\/v2\/product"}],"about":[{"href":"https:\/\/staging.lucky-hunter.com\/fr\/wp-json\/wp\/v2\/types\/product"}],"wp:featuredmedia":[{"embeddable":true,"href":"https:\/\/staging.lucky-hunter.com\/fr\/wp-json\/wp\/v2\/media\/336930"}],"wp:attachment":[{"href":"https:\/\/staging.lucky-hunter.com\/fr\/wp-json\/wp\/v2\/media?parent=35330"}],"wp:term":[{"taxonomy":"product_brand","embeddable":true,"href":"https:\/\/staging.lucky-hunter.com\/fr\/wp-json\/wp\/v2\/product_brand?post=35330"},{"taxonomy":"product_cat","embeddable":true,"href":"https:\/\/staging.lucky-hunter.com\/fr\/wp-json\/wp\/v2\/product_cat?post=35330"},{"taxonomy":"product_tag","embeddable":true,"href":"https:\/\/staging.lucky-hunter.com\/fr\/wp-json\/wp\/v2\/product_tag?post=35330"}],"curies":[{"name":"wp","href":"https:\/\/api.w.org\/{rel}","templated":true}]}}