{"id":35328,"date":"2020-05-27T15:25:43","date_gmt":"2020-05-27T13:25:43","guid":{"rendered":"https:\/\/staging.lucky-hunter.com\/product\/grand-carrousel-a-pigeons-telecommande\/"},"modified":"2025-08-29T17:40:48","modified_gmt":"2025-08-29T15:40:48","slug":"grand-carrousel-a-pigeons-telecommande","status":"publish","type":"product","link":"https:\/\/staging.lucky-hunter.com\/fr\/product\/grand-carrousel-a-pigeons-telecommande\/","title":{"rendered":"Grand carrousel \u00e0 pigeons t\u00e9l\u00e9command\u00e9"},"content":{"rendered":"<h2><strong>Grand carrousel \u00e0 pigeons : un aimant \u00e0 pigeons et un indispensable pour tout chasseur de pigeons\u00a0!<\/strong><\/h2>\n<p>Ce nouveau carrousel \u00e0 pigeons t\u00e9l\u00e9command\u00e9 est de grande qualit\u00e9 et a un prix fantastique.<\/p>\n<p>Le carrousel est aliment\u00e9 par une batterie 12 volts 7 Ah (non incluse), que vous pouvez recharger \u00e0 l&#8217;infini avec un chargeur de batterie 12 volts.<\/p>\n<p>2 leurres de pigeons floqu\u00e9s sont inclus, avec des ailes qui tournent dans le vent, pour un effet naturel qui attirera les pigeons qui passent. L&#8217;apparence r\u00e9aliste les encouragera ensuite \u00e0 venir att\u00e9rir \u00e0 proximit\u00e9. En raison de l&#8217;apparence r\u00e9aliste, cela les encouragera vraiment \u00e0 venir atterrir dans la r\u00e9gion.<\/p>\n<p>Une t\u00e9l\u00e9commande est incluse pour que vous puissiez facilement contr\u00f4ler la vitesse du carrousel \u00e0 pigeons depuis le store.<\/p>\n","protected":false},"excerpt":{"rendered":"<p>Ce nouveau carrousel \u00e0 pigeons t\u00e9l\u00e9command\u00e9 est de tr\u00e8s bonne qualit\u00e9 et \u00e0 un prix avantageux. Le carrousel est aliment\u00e9 par une batterie de 12 volts et 7 Ah que vous pourrez recharger encore et encore.<\/p>\n","protected":false},"featured_media":30653,"template":"","meta":[],"product_brand":[8121],"product_cat":[8163],"product_tag":[9250],"yoast_head":"<!-- This site is optimized with the Yoast SEO plugin v24.3 - https:\/\/yoast.com\/wordpress\/plugins\/seo\/ -->\n<title>Grand carrousel \u00e0 pigeons t\u00e9l\u00e9command\u00e9 Un incontournable pour le chasseur de pigeons passionn\u00e9 | Lucky Hunter<\/title>\n<meta name=\"description\" content=\"Grand carrousel de pigeons. C&#039;est un article de grande qualit\u00e9 pour un prix fantastique. \u00c9mule le mouvement r\u00e9aliste des pigeons qui atterrissent pour se nourrir.\" \/>\n<meta name=\"robots\" content=\"noindex, follow, max-snippet:-1, max-image-preview:large, max-video-preview:-1\" \/>\n<meta property=\"og:locale\" content=\"fr_FR\" \/>\n<meta property=\"og:type\" content=\"article\" \/>\n<meta property=\"og:title\" content=\"Grand carrousel \u00e0 pigeons t\u00e9l\u00e9command\u00e9 Un incontournable pour le chasseur de pigeons passionn\u00e9 | Lucky Hunter\" \/>\n<meta property=\"og:description\" content=\"Grand carrousel de pigeons. C&#039;est un article de grande qualit\u00e9 pour un prix fantastique. \u00c9mule le mouvement r\u00e9aliste des pigeons qui atterrissent pour se nourrir.\" \/>\n<meta property=\"og:url\" content=\"https:\/\/staging.lucky-hunter.com\/fr\/product\/grand-carrousel-a-pigeons-telecommande\/\" \/>\n<meta property=\"og:site_name\" content=\"Lucky-Hunter\" \/>\n<meta property=\"article:modified_time\" content=\"2025-08-29T15:40:48+00:00\" \/>\n<meta property=\"og:image\" content=\"https:\/\/staging.lucky-hunter.com\/wp-content\/uploads\/2020\/05\/LF-298-1.png.webp\" \/>\n\t<meta property=\"og:image:width\" content=\"1000\" \/>\n\t<meta property=\"og:image:height\" content=\"1000\" \/>\n\t<meta property=\"og:image:type\" content=\"image\/webp\" \/>\n<meta name=\"twitter:card\" content=\"summary_large_image\" \/>\n<meta name=\"twitter:title\" content=\"Grand carrousel \u00e0 pigeons t\u00e9l\u00e9command\u00e9 Un incontournable pour le chasseur de pigeons passionn\u00e9 | Lucky Hunter\" \/>\n<meta name=\"twitter:description\" content=\"Grand carrousel de pigeons. C&#039;est un article de grande qualit\u00e9 pour un prix fantastique. \u00c9mule le mouvement r\u00e9aliste des pigeons qui atterrissent pour se nourrir.\" \/>\n<meta name=\"twitter:label1\" content=\"Dur\u00e9e de lecture estim\u00e9e\" \/>\n\t<meta name=\"twitter:data1\" content=\"1 minute\" \/>\n<script type=\"application\/ld+json\" class=\"yoast-schema-graph\">{\"@context\":\"https:\/\/schema.org\",\"@graph\":[{\"@type\":\"WebPage\",\"@id\":\"https:\/\/staging.lucky-hunter.com\/fr\/product\/grand-carrousel-a-pigeons-telecommande\/\",\"url\":\"https:\/\/staging.lucky-hunter.com\/fr\/product\/grand-carrousel-a-pigeons-telecommande\/\",\"name\":\"Grand carrousel \u00e0 pigeons t\u00e9l\u00e9command\u00e9 Un incontournable pour le chasseur de pigeons passionn\u00e9 | Lucky Hunter\",\"isPartOf\":{\"@id\":\"https:\/\/staging.lucky-hunter.com\/#website\"},\"primaryImageOfPage\":{\"@id\":\"https:\/\/staging.lucky-hunter.com\/fr\/product\/grand-carrousel-a-pigeons-telecommande\/#primaryimage\"},\"image\":{\"@id\":\"https:\/\/staging.lucky-hunter.com\/fr\/product\/grand-carrousel-a-pigeons-telecommande\/#primaryimage\"},\"thumbnailUrl\":\"https:\/\/staging.lucky-hunter.com\/wp-content\/uploads\/2020\/05\/LF-298-1.png.webp\",\"datePublished\":\"2020-05-27T13:25:43+00:00\",\"dateModified\":\"2025-08-29T15:40:48+00:00\",\"description\":\"Grand carrousel de pigeons. C'est un article de grande qualit\u00e9 pour un prix fantastique. \u00c9mule le mouvement r\u00e9aliste des pigeons qui atterrissent pour se nourrir.\",\"breadcrumb\":{\"@id\":\"https:\/\/staging.lucky-hunter.com\/fr\/product\/grand-carrousel-a-pigeons-telecommande\/#breadcrumb\"},\"inLanguage\":\"fr-FR\",\"potentialAction\":[{\"@type\":\"ReadAction\",\"target\":[\"https:\/\/staging.lucky-hunter.com\/fr\/product\/grand-carrousel-a-pigeons-telecommande\/\"]}]},{\"@type\":\"ImageObject\",\"inLanguage\":\"fr-FR\",\"@id\":\"https:\/\/staging.lucky-hunter.com\/fr\/product\/grand-carrousel-a-pigeons-telecommande\/#primaryimage\",\"url\":\"https:\/\/staging.lucky-hunter.com\/wp-content\/uploads\/2020\/05\/LF-298-1.png.webp\",\"contentUrl\":\"https:\/\/staging.lucky-hunter.com\/wp-content\/uploads\/2020\/05\/LF-298-1.png.webp\",\"width\":1000,\"height\":1000},{\"@type\":\"BreadcrumbList\",\"@id\":\"https:\/\/staging.lucky-hunter.com\/fr\/product\/grand-carrousel-a-pigeons-telecommande\/#breadcrumb\",\"itemListElement\":[{\"@type\":\"ListItem\",\"position\":1,\"name\":\"Home\",\"item\":\"https:\/\/staging.lucky-hunter.com\/fr\/\"},{\"@type\":\"ListItem\",\"position\":2,\"name\":\"Boutique\",\"item\":\"https:\/\/staging.lucky-hunter.com\/fr\/shop\/\"},{\"@type\":\"ListItem\",\"position\":3,\"name\":\"Grand carrousel \u00e0 pigeons t\u00e9l\u00e9command\u00e9\"}]},{\"@type\":\"WebSite\",\"@id\":\"https:\/\/staging.lucky-hunter.com\/#website\",\"url\":\"https:\/\/staging.lucky-hunter.com\/\",\"name\":\"Lucky-Hunter\",\"description\":\"Gear Up or Give Up\",\"potentialAction\":[{\"@type\":\"SearchAction\",\"target\":{\"@type\":\"EntryPoint\",\"urlTemplate\":\"https:\/\/staging.lucky-hunter.com\/?s={search_term_string}\"},\"query-input\":{\"@type\":\"PropertyValueSpecification\",\"valueRequired\":true,\"valueName\":\"search_term_string\"}}],\"inLanguage\":\"fr-FR\"}]}<\/script>\n<!-- \/ Yoast SEO plugin. -->","yoast_head_json":{"title":"Grand carrousel \u00e0 pigeons t\u00e9l\u00e9command\u00e9 Un incontournable pour le chasseur de pigeons passionn\u00e9 | Lucky Hunter","description":"Grand carrousel de pigeons. C'est un article de grande qualit\u00e9 pour un prix fantastique. \u00c9mule le mouvement r\u00e9aliste des pigeons qui atterrissent pour se nourrir.","robots":{"index":"noindex","follow":"follow","max-snippet":"max-snippet:-1","max-image-preview":"max-image-preview:large","max-video-preview":"max-video-preview:-1"},"og_locale":"fr_FR","og_type":"article","og_title":"Grand carrousel \u00e0 pigeons t\u00e9l\u00e9command\u00e9 Un incontournable pour le chasseur de pigeons passionn\u00e9 | Lucky Hunter","og_description":"Grand carrousel de pigeons. C'est un article de grande qualit\u00e9 pour un prix fantastique. \u00c9mule le mouvement r\u00e9aliste des pigeons qui atterrissent pour se nourrir.","og_url":"https:\/\/staging.lucky-hunter.com\/fr\/product\/grand-carrousel-a-pigeons-telecommande\/","og_site_name":"Lucky-Hunter","article_modified_time":"2025-08-29T15:40:48+00:00","og_image":[{"width":1000,"height":1000,"url":"https:\/\/staging.lucky-hunter.com\/wp-content\/uploads\/2020\/05\/LF-298-1.png.webp","type":"image\/webp"}],"twitter_card":"summary_large_image","twitter_title":"Grand carrousel \u00e0 pigeons t\u00e9l\u00e9command\u00e9 Un incontournable pour le chasseur de pigeons passionn\u00e9 | Lucky Hunter","twitter_description":"Grand carrousel de pigeons. C'est un article de grande qualit\u00e9 pour un prix fantastique. \u00c9mule le mouvement r\u00e9aliste des pigeons qui atterrissent pour se nourrir.","twitter_misc":{"Dur\u00e9e de lecture estim\u00e9e":"1 minute"},"schema":{"@context":"https:\/\/schema.org","@graph":[{"@type":"WebPage","@id":"https:\/\/staging.lucky-hunter.com\/fr\/product\/grand-carrousel-a-pigeons-telecommande\/","url":"https:\/\/staging.lucky-hunter.com\/fr\/product\/grand-carrousel-a-pigeons-telecommande\/","name":"Grand carrousel \u00e0 pigeons t\u00e9l\u00e9command\u00e9 Un incontournable pour le chasseur de pigeons passionn\u00e9 | Lucky Hunter","isPartOf":{"@id":"https:\/\/staging.lucky-hunter.com\/#website"},"primaryImageOfPage":{"@id":"https:\/\/staging.lucky-hunter.com\/fr\/product\/grand-carrousel-a-pigeons-telecommande\/#primaryimage"},"image":{"@id":"https:\/\/staging.lucky-hunter.com\/fr\/product\/grand-carrousel-a-pigeons-telecommande\/#primaryimage"},"thumbnailUrl":"https:\/\/staging.lucky-hunter.com\/wp-content\/uploads\/2020\/05\/LF-298-1.png.webp","datePublished":"2020-05-27T13:25:43+00:00","dateModified":"2025-08-29T15:40:48+00:00","description":"Grand carrousel de pigeons. C'est un article de grande qualit\u00e9 pour un prix fantastique. \u00c9mule le mouvement r\u00e9aliste des pigeons qui atterrissent pour se nourrir.","breadcrumb":{"@id":"https:\/\/staging.lucky-hunter.com\/fr\/product\/grand-carrousel-a-pigeons-telecommande\/#breadcrumb"},"inLanguage":"fr-FR","potentialAction":[{"@type":"ReadAction","target":["https:\/\/staging.lucky-hunter.com\/fr\/product\/grand-carrousel-a-pigeons-telecommande\/"]}]},{"@type":"ImageObject","inLanguage":"fr-FR","@id":"https:\/\/staging.lucky-hunter.com\/fr\/product\/grand-carrousel-a-pigeons-telecommande\/#primaryimage","url":"https:\/\/staging.lucky-hunter.com\/wp-content\/uploads\/2020\/05\/LF-298-1.png.webp","contentUrl":"https:\/\/staging.lucky-hunter.com\/wp-content\/uploads\/2020\/05\/LF-298-1.png.webp","width":1000,"height":1000},{"@type":"BreadcrumbList","@id":"https:\/\/staging.lucky-hunter.com\/fr\/product\/grand-carrousel-a-pigeons-telecommande\/#breadcrumb","itemListElement":[{"@type":"ListItem","position":1,"name":"Home","item":"https:\/\/staging.lucky-hunter.com\/fr\/"},{"@type":"ListItem","position":2,"name":"Boutique","item":"https:\/\/staging.lucky-hunter.com\/fr\/shop\/"},{"@type":"ListItem","position":3,"name":"Grand carrousel \u00e0 pigeons t\u00e9l\u00e9command\u00e9"}]},{"@type":"WebSite","@id":"https:\/\/staging.lucky-hunter.com\/#website","url":"https:\/\/staging.lucky-hunter.com\/","name":"Lucky-Hunter","description":"Gear Up or Give Up","potentialAction":[{"@type":"SearchAction","target":{"@type":"EntryPoint","urlTemplate":"https:\/\/staging.lucky-hunter.com\/?s={search_term_string}"},"query-input":{"@type":"PropertyValueSpecification","valueRequired":true,"valueName":"search_term_string"}}],"inLanguage":"fr-FR"}]}},"_links":{"self":[{"href":"https:\/\/staging.lucky-hunter.com\/fr\/wp-json\/wp\/v2\/product\/35328"}],"collection":[{"href":"https:\/\/staging.lucky-hunter.com\/fr\/wp-json\/wp\/v2\/product"}],"about":[{"href":"https:\/\/staging.lucky-hunter.com\/fr\/wp-json\/wp\/v2\/types\/product"}],"wp:featuredmedia":[{"embeddable":true,"href":"https:\/\/staging.lucky-hunter.com\/fr\/wp-json\/wp\/v2\/media\/30653"}],"wp:attachment":[{"href":"https:\/\/staging.lucky-hunter.com\/fr\/wp-json\/wp\/v2\/media?parent=35328"}],"wp:term":[{"taxonomy":"product_brand","embeddable":true,"href":"https:\/\/staging.lucky-hunter.com\/fr\/wp-json\/wp\/v2\/product_brand?post=35328"},{"taxonomy":"product_cat","embeddable":true,"href":"https:\/\/staging.lucky-hunter.com\/fr\/wp-json\/wp\/v2\/product_cat?post=35328"},{"taxonomy":"product_tag","embeddable":true,"href":"https:\/\/staging.lucky-hunter.com\/fr\/wp-json\/wp\/v2\/product_tag?post=35328"}],"curies":[{"name":"wp","href":"https:\/\/api.w.org\/{rel}","templated":true}]}}