{"id":35324,"date":"2020-05-26T15:31:57","date_gmt":"2020-05-26T13:31:57","guid":{"rendered":"https:\/\/staging.lucky-hunter.com\/product\/boitier-en-acier-spypoint-force\/"},"modified":"2025-06-26T15:44:36","modified_gmt":"2025-06-26T13:44:36","slug":"boitier-en-acier-spypoint-force-camera","status":"publish","type":"product","link":"https:\/\/staging.lucky-hunter.com\/fr\/product\/boitier-en-acier-spypoint-force-camera\/","title":{"rendered":"Bo\u00eetier en acier Spypoint Force"},"content":{"rendered":"<h2><strong>Bo\u00eetier en Acier Spypoint Force &#8211; protection contre le vol pour votre cam\u00e9ra de chasse<br \/>\n<\/strong><\/h2>\n<p>Le bo\u00eetier de s\u00e9curit\u00e9 comporte plusieurs trous qui permettent d\u2019ajouter un cadenas et d\u2019installer un c\u00e2ble antivol autour d&#8217;un arbre. Le bo\u00eetier de s\u00e9curit\u00e9 Spypoint peut \u00e9galement \u00eatre mont\u00e9 avec des vis sur un arbre, sur un poteau, etc.<\/p>\n<p>Un bo\u00eetier de s\u00e9curit\u00e9 r\u00e9duit consid\u00e9rablement le risque de vous faire voler votre cam\u00e9ra ou qu\u2019elle ne soit d\u00e9truite par des animaux curieux.<\/p>\n<p>Ce bo\u00eetier est compatible avec les cam\u00e9ras de chasse Spypoint Force.<\/p>\n<p>Caract\u00e9ristiques\u00a0:<\/p>\n<p>\u2022 Trou \u00e0 l&#8217;avant pour installer un cadenas<br \/>\n\u2022 Trous des deux c\u00f4t\u00e9s pour ins\u00e9rer un c\u00e2ble antivol<br \/>\n\u2022 Trous \u00e0 l&#8217;arri\u00e8re pour fixer le bo\u00eetier \u00e0 un arbre ou \u00e0 un mur<\/p>\n<p>Couleur : Camouflage<\/p>\n<p>Mod\u00e8le : SB-400<\/p>\n","protected":false},"excerpt":{"rendered":"<p>Emplacement pour un cadenas ou un c\u00e2ble antivol. Aide \u00e0 se pr\u00e9munir contre le vol et les animaux curieux \u00e0 proximit\u00e9. Facile \u00e0 monter et \u00e0 utiliser.<\/p>\n","protected":false},"featured_media":30664,"template":"","meta":[],"product_brand":[],"product_cat":[8232],"product_tag":[],"yoast_head":"<!-- This site is optimized with the Yoast SEO plugin v24.3 - https:\/\/yoast.com\/wordpress\/plugins\/seo\/ -->\n<title>Bo\u00eetier en acier Spypoint Force camera<\/title>\n<meta name=\"description\" content=\"Bo\u00eetier en Acier Spypoint Force - protection contre le vol pour votre cam\u00e9ra de chasse.\" \/>\n<meta name=\"robots\" content=\"noindex, follow, max-snippet:-1, max-image-preview:large, max-video-preview:-1\" \/>\n<meta property=\"og:locale\" content=\"fr_FR\" \/>\n<meta property=\"og:type\" content=\"article\" \/>\n<meta property=\"og:title\" content=\"Bo\u00eetier en acier Spypoint Force camera\" \/>\n<meta property=\"og:description\" content=\"Bo\u00eetier en acier Spypoint Force-20 prend soin de votre appareil photo. Prot\u00e9geant contre le vol et les animaux curieux, c&#039;est un accessoire indispensable pour votre appareil photo.\" \/>\n<meta property=\"og:url\" content=\"https:\/\/staging.lucky-hunter.com\/fr\/product\/boitier-en-acier-spypoint-force-camera\/\" \/>\n<meta property=\"og:site_name\" content=\"Lucky-Hunter\" \/>\n<meta property=\"article:modified_time\" content=\"2025-06-26T13:44:36+00:00\" \/>\n<meta property=\"og:image\" content=\"https:\/\/staging.lucky-hunter.com\/wp-content\/uploads\/2020\/05\/680158.png.webp\" \/>\n\t<meta property=\"og:image:width\" content=\"1000\" \/>\n\t<meta property=\"og:image:height\" content=\"1000\" \/>\n\t<meta property=\"og:image:type\" content=\"image\/webp\" \/>\n<meta name=\"twitter:card\" content=\"summary_large_image\" \/>\n<meta name=\"twitter:title\" content=\"Bo\u00eetier en acier Spypoint Force - s\u00e9curisez votre appareil photo | Lucky Hunter\" \/>\n<meta name=\"twitter:description\" content=\"Bo\u00eetier en acier Spypoint Force-20 prend soin de votre appareil photo. Prot\u00e9geant contre le vol et les animaux curieux, c&#039;est un accessoire indispensable pour votre appareil photo.\" \/>\n<meta name=\"twitter:label1\" content=\"Dur\u00e9e de lecture estim\u00e9e\" \/>\n\t<meta name=\"twitter:data1\" content=\"1 minute\" \/>\n<script type=\"application\/ld+json\" class=\"yoast-schema-graph\">{\"@context\":\"https:\/\/schema.org\",\"@graph\":[{\"@type\":\"WebPage\",\"@id\":\"https:\/\/staging.lucky-hunter.com\/fr\/product\/boitier-en-acier-spypoint-force-camera\/\",\"url\":\"https:\/\/staging.lucky-hunter.com\/fr\/product\/boitier-en-acier-spypoint-force-camera\/\",\"name\":\"Bo\u00eetier en acier Spypoint Force camera\",\"isPartOf\":{\"@id\":\"https:\/\/staging.lucky-hunter.com\/#website\"},\"primaryImageOfPage\":{\"@id\":\"https:\/\/staging.lucky-hunter.com\/fr\/product\/boitier-en-acier-spypoint-force-camera\/#primaryimage\"},\"image\":{\"@id\":\"https:\/\/staging.lucky-hunter.com\/fr\/product\/boitier-en-acier-spypoint-force-camera\/#primaryimage\"},\"thumbnailUrl\":\"https:\/\/staging.lucky-hunter.com\/wp-content\/uploads\/2020\/05\/680158.png.webp\",\"datePublished\":\"2020-05-26T13:31:57+00:00\",\"dateModified\":\"2025-06-26T13:44:36+00:00\",\"description\":\"Bo\u00eetier en Acier Spypoint Force - protection contre le vol pour votre cam\u00e9ra de chasse.\",\"breadcrumb\":{\"@id\":\"https:\/\/staging.lucky-hunter.com\/fr\/product\/boitier-en-acier-spypoint-force-camera\/#breadcrumb\"},\"inLanguage\":\"fr-FR\",\"potentialAction\":[{\"@type\":\"ReadAction\",\"target\":[\"https:\/\/staging.lucky-hunter.com\/fr\/product\/boitier-en-acier-spypoint-force-camera\/\"]}]},{\"@type\":\"ImageObject\",\"inLanguage\":\"fr-FR\",\"@id\":\"https:\/\/staging.lucky-hunter.com\/fr\/product\/boitier-en-acier-spypoint-force-camera\/#primaryimage\",\"url\":\"https:\/\/staging.lucky-hunter.com\/wp-content\/uploads\/2020\/05\/680158.png.webp\",\"contentUrl\":\"https:\/\/staging.lucky-hunter.com\/wp-content\/uploads\/2020\/05\/680158.png.webp\",\"width\":1000,\"height\":1000},{\"@type\":\"BreadcrumbList\",\"@id\":\"https:\/\/staging.lucky-hunter.com\/fr\/product\/boitier-en-acier-spypoint-force-camera\/#breadcrumb\",\"itemListElement\":[{\"@type\":\"ListItem\",\"position\":1,\"name\":\"Home\",\"item\":\"https:\/\/staging.lucky-hunter.com\/fr\/\"},{\"@type\":\"ListItem\",\"position\":2,\"name\":\"Boutique\",\"item\":\"https:\/\/staging.lucky-hunter.com\/fr\/shop\/\"},{\"@type\":\"ListItem\",\"position\":3,\"name\":\"Bo\u00eetier en acier Spypoint Force\"}]},{\"@type\":\"WebSite\",\"@id\":\"https:\/\/staging.lucky-hunter.com\/#website\",\"url\":\"https:\/\/staging.lucky-hunter.com\/\",\"name\":\"Lucky-Hunter\",\"description\":\"Gear Up or Give Up\",\"potentialAction\":[{\"@type\":\"SearchAction\",\"target\":{\"@type\":\"EntryPoint\",\"urlTemplate\":\"https:\/\/staging.lucky-hunter.com\/?s={search_term_string}\"},\"query-input\":{\"@type\":\"PropertyValueSpecification\",\"valueRequired\":true,\"valueName\":\"search_term_string\"}}],\"inLanguage\":\"fr-FR\"}]}<\/script>\n<!-- \/ Yoast SEO plugin. -->","yoast_head_json":{"title":"Bo\u00eetier en acier Spypoint Force camera","description":"Bo\u00eetier en Acier Spypoint Force - protection contre le vol pour votre cam\u00e9ra de chasse.","robots":{"index":"noindex","follow":"follow","max-snippet":"max-snippet:-1","max-image-preview":"max-image-preview:large","max-video-preview":"max-video-preview:-1"},"og_locale":"fr_FR","og_type":"article","og_title":"Bo\u00eetier en acier Spypoint Force camera","og_description":"Bo\u00eetier en acier Spypoint Force-20 prend soin de votre appareil photo. Prot\u00e9geant contre le vol et les animaux curieux, c'est un accessoire indispensable pour votre appareil photo.","og_url":"https:\/\/staging.lucky-hunter.com\/fr\/product\/boitier-en-acier-spypoint-force-camera\/","og_site_name":"Lucky-Hunter","article_modified_time":"2025-06-26T13:44:36+00:00","og_image":[{"width":1000,"height":1000,"url":"https:\/\/staging.lucky-hunter.com\/wp-content\/uploads\/2020\/05\/680158.png.webp","type":"image\/webp"}],"twitter_card":"summary_large_image","twitter_title":"Bo\u00eetier en acier Spypoint Force - s\u00e9curisez votre appareil photo | Lucky Hunter","twitter_description":"Bo\u00eetier en acier Spypoint Force-20 prend soin de votre appareil photo. Prot\u00e9geant contre le vol et les animaux curieux, c'est un accessoire indispensable pour votre appareil photo.","twitter_misc":{"Dur\u00e9e de lecture estim\u00e9e":"1 minute"},"schema":{"@context":"https:\/\/schema.org","@graph":[{"@type":"WebPage","@id":"https:\/\/staging.lucky-hunter.com\/fr\/product\/boitier-en-acier-spypoint-force-camera\/","url":"https:\/\/staging.lucky-hunter.com\/fr\/product\/boitier-en-acier-spypoint-force-camera\/","name":"Bo\u00eetier en acier Spypoint Force camera","isPartOf":{"@id":"https:\/\/staging.lucky-hunter.com\/#website"},"primaryImageOfPage":{"@id":"https:\/\/staging.lucky-hunter.com\/fr\/product\/boitier-en-acier-spypoint-force-camera\/#primaryimage"},"image":{"@id":"https:\/\/staging.lucky-hunter.com\/fr\/product\/boitier-en-acier-spypoint-force-camera\/#primaryimage"},"thumbnailUrl":"https:\/\/staging.lucky-hunter.com\/wp-content\/uploads\/2020\/05\/680158.png.webp","datePublished":"2020-05-26T13:31:57+00:00","dateModified":"2025-06-26T13:44:36+00:00","description":"Bo\u00eetier en Acier Spypoint Force - protection contre le vol pour votre cam\u00e9ra de chasse.","breadcrumb":{"@id":"https:\/\/staging.lucky-hunter.com\/fr\/product\/boitier-en-acier-spypoint-force-camera\/#breadcrumb"},"inLanguage":"fr-FR","potentialAction":[{"@type":"ReadAction","target":["https:\/\/staging.lucky-hunter.com\/fr\/product\/boitier-en-acier-spypoint-force-camera\/"]}]},{"@type":"ImageObject","inLanguage":"fr-FR","@id":"https:\/\/staging.lucky-hunter.com\/fr\/product\/boitier-en-acier-spypoint-force-camera\/#primaryimage","url":"https:\/\/staging.lucky-hunter.com\/wp-content\/uploads\/2020\/05\/680158.png.webp","contentUrl":"https:\/\/staging.lucky-hunter.com\/wp-content\/uploads\/2020\/05\/680158.png.webp","width":1000,"height":1000},{"@type":"BreadcrumbList","@id":"https:\/\/staging.lucky-hunter.com\/fr\/product\/boitier-en-acier-spypoint-force-camera\/#breadcrumb","itemListElement":[{"@type":"ListItem","position":1,"name":"Home","item":"https:\/\/staging.lucky-hunter.com\/fr\/"},{"@type":"ListItem","position":2,"name":"Boutique","item":"https:\/\/staging.lucky-hunter.com\/fr\/shop\/"},{"@type":"ListItem","position":3,"name":"Bo\u00eetier en acier Spypoint Force"}]},{"@type":"WebSite","@id":"https:\/\/staging.lucky-hunter.com\/#website","url":"https:\/\/staging.lucky-hunter.com\/","name":"Lucky-Hunter","description":"Gear Up or Give Up","potentialAction":[{"@type":"SearchAction","target":{"@type":"EntryPoint","urlTemplate":"https:\/\/staging.lucky-hunter.com\/?s={search_term_string}"},"query-input":{"@type":"PropertyValueSpecification","valueRequired":true,"valueName":"search_term_string"}}],"inLanguage":"fr-FR"}]}},"_links":{"self":[{"href":"https:\/\/staging.lucky-hunter.com\/fr\/wp-json\/wp\/v2\/product\/35324"}],"collection":[{"href":"https:\/\/staging.lucky-hunter.com\/fr\/wp-json\/wp\/v2\/product"}],"about":[{"href":"https:\/\/staging.lucky-hunter.com\/fr\/wp-json\/wp\/v2\/types\/product"}],"wp:featuredmedia":[{"embeddable":true,"href":"https:\/\/staging.lucky-hunter.com\/fr\/wp-json\/wp\/v2\/media\/30664"}],"wp:attachment":[{"href":"https:\/\/staging.lucky-hunter.com\/fr\/wp-json\/wp\/v2\/media?parent=35324"}],"wp:term":[{"taxonomy":"product_brand","embeddable":true,"href":"https:\/\/staging.lucky-hunter.com\/fr\/wp-json\/wp\/v2\/product_brand?post=35324"},{"taxonomy":"product_cat","embeddable":true,"href":"https:\/\/staging.lucky-hunter.com\/fr\/wp-json\/wp\/v2\/product_cat?post=35324"},{"taxonomy":"product_tag","embeddable":true,"href":"https:\/\/staging.lucky-hunter.com\/fr\/wp-json\/wp\/v2\/product_tag?post=35324"}],"curies":[{"name":"wp","href":"https:\/\/api.w.org\/{rel}","templated":true}]}}