{"id":35321,"date":"2020-09-01T16:02:30","date_gmt":"2020-09-01T14:02:30","guid":{"rendered":"https:\/\/staging.lucky-hunter.com\/product\/bolyguard-bg590-24mhd\/"},"modified":"2022-11-16T09:29:34","modified_gmt":"2022-11-16T08:29:34","slug":"bolyguard-bg590-24mhd","status":"publish","type":"product","link":"https:\/\/staging.lucky-hunter.com\/fr\/product\/bolyguard-bg590-24mhd\/","title":{"rendered":"Bolyguard BG590-24mHD"},"content":{"rendered":"<p><iframe title=\"Bolyguard BG590 | 24mp trail \/ game camera\" width=\"1020\" height=\"574\" src=\"https:\/\/www.youtube.com\/embed\/ekhPUWoZFo4?wmode=transparent&amp;rel=0&amp;feature=oembed&#038;enablejsapi=1&#038;origin=https:\/\/staging.lucky-hunter.com\" frameborder=\"0\" allow=\"accelerometer; autoplay; clipboard-write; encrypted-media; gyroscope; picture-in-picture\" allowfullscreen><\/iframe><\/p>\n<h2><strong>Cam\u00e9ra de chasse Bolyguard haut de gamme avec une port\u00e9e extra longue, pour la chasse et pour la surveillance<\/strong><\/h2>\n<p>La nouvelle Bolyguard BG590-2K HD est une cam\u00e9ra de chasse haut de gamme avec IR invisible et port\u00e9e de 30 m\u00e8tres.<\/p>\n<p>La cam\u00e9ra de 24 m\u00e9gapixels dispose d\u2019une vitesse de d\u00e9clenchement de 0,7 secondes et du dernier logiciel int\u00e9gr\u00e9.<\/p>\n<p>Elle est facile \u00e0 utiliser et comporte un \u00e9cran LCD int\u00e9gr\u00e9 de 2 pouces qui vous permet de regarder les photos et les vid\u00e9os instantan\u00e9ment.<\/p>\n<p>La cam\u00e9ra peut \u00eatre utilis\u00e9e \u00e0 des fins de surveillance dans de nombreux domaines, tels que la surveillance de la propri\u00e9t\u00e9 priv\u00e9e, des cultures, des entreprises, des r\u00e9servoirs de combustible, etc.<\/p>\n<p><strong>Caract\u00e9ristiques\u00a0:<\/strong><\/p>\n<ul>\n<li>R\u00e9solution d&#8217;image 24MP et vid\u00e9o HD 1080p<\/li>\n<li>Port\u00e9e de d\u00e9tection de 30 m\u00e8tres<\/li>\n<li>Vitesse de d\u00e9clenchement de 0,7 seconde<\/li>\n<li>Carte SD jusqu&#8217;\u00e0 32 Go<\/li>\n<li>\u00c9cran LCD couleur 2,0&#8243;<\/li>\n<li>Fonctionne avec 4 ou 8 piles AA de qualit\u00e9<\/li>\n<li>Prise en charge native des options d&#8217;alimentation solaire et externe.<\/li>\n<\/ul>\n","protected":false},"excerpt":{"rendered":"<p>La nouvelle Bolyguard BG590-2K HD est une cam\u00e9ra de chasse haut de gamme avec IR invisible et port\u00e9e de 30 m\u00e8tres.<\/p>\n","protected":false},"featured_media":299936,"template":"","meta":[],"product_brand":[8207],"product_cat":[8244],"product_tag":[],"yoast_head":"<!-- This site is optimized with the Yoast SEO plugin v24.3 - https:\/\/yoast.com\/wordpress\/plugins\/seo\/ -->\n<title>Bolyguard BG590-2K HD - Invisible IR et une port\u00e9e de 30 m\u00e8tres.<\/title>\n<meta name=\"description\" content=\"Cam\u00e9ra de chasse Bolyguard haut de gamme avec une port\u00e9e extra longue, pour la chasse et pour la surveillance Temps de d\u00e9clenchement seulement 0,7 sek.\" \/>\n<meta name=\"robots\" content=\"noindex, follow, max-snippet:-1, max-image-preview:large, max-video-preview:-1\" \/>\n<meta property=\"og:locale\" content=\"fr_FR\" \/>\n<meta property=\"og:type\" content=\"article\" \/>\n<meta property=\"og:title\" content=\"Bolyguard BG590-2K HD - Invisible IR et une port\u00e9e de 30 m\u00e8tres.\" \/>\n<meta property=\"og:description\" content=\"Cam\u00e9ra de chasse Bolyguard haut de gamme avec une port\u00e9e extra longue, pour la chasse et pour la surveillance Temps de d\u00e9clenchement seulement 0,7 sek.\" \/>\n<meta property=\"og:url\" content=\"https:\/\/staging.lucky-hunter.com\/product\/bolyguard-bg590-2k-hd\/\" \/>\n<meta property=\"og:site_name\" content=\"Lucky-Hunter\" \/>\n<meta property=\"article:modified_time\" content=\"2022-11-16T08:29:34+00:00\" \/>\n<meta property=\"og:image\" content=\"https:\/\/staging.lucky-hunter.com\/wp-content\/uploads\/2020\/09\/IMG_4626-removebg-e1733752695950.png\" \/>\n\t<meta property=\"og:image:width\" content=\"3024\" \/>\n\t<meta property=\"og:image:height\" content=\"4032\" \/>\n\t<meta property=\"og:image:type\" content=\"image\/png\" \/>\n<meta name=\"twitter:card\" content=\"summary_large_image\" \/>\n<meta name=\"twitter:label1\" content=\"Dur\u00e9e de lecture estim\u00e9e\" \/>\n\t<meta name=\"twitter:data1\" content=\"1 minute\" \/>\n<script type=\"application\/ld+json\" class=\"yoast-schema-graph\">{\"@context\":\"https:\/\/schema.org\",\"@graph\":[{\"@type\":\"WebPage\",\"@id\":\"https:\/\/staging.lucky-hunter.com\/product\/bolyguard-bg590-2k-hd\/\",\"url\":\"https:\/\/staging.lucky-hunter.com\/product\/bolyguard-bg590-2k-hd\/\",\"name\":\"Bolyguard BG590-2K HD - Invisible IR et une port\u00e9e de 30 m\u00e8tres.\",\"isPartOf\":{\"@id\":\"https:\/\/staging.lucky-hunter.com\/#website\"},\"primaryImageOfPage\":{\"@id\":\"https:\/\/staging.lucky-hunter.com\/product\/bolyguard-bg590-2k-hd\/#primaryimage\"},\"image\":{\"@id\":\"https:\/\/staging.lucky-hunter.com\/product\/bolyguard-bg590-2k-hd\/#primaryimage\"},\"thumbnailUrl\":\"https:\/\/staging.lucky-hunter.com\/wp-content\/uploads\/2020\/09\/IMG_4626-removebg-e1733752695950.png\",\"datePublished\":\"2020-09-01T14:02:30+00:00\",\"dateModified\":\"2022-11-16T08:29:34+00:00\",\"description\":\"Cam\u00e9ra de chasse Bolyguard haut de gamme avec une port\u00e9e extra longue, pour la chasse et pour la surveillance Temps de d\u00e9clenchement seulement 0,7 sek.\",\"breadcrumb\":{\"@id\":\"https:\/\/staging.lucky-hunter.com\/product\/bolyguard-bg590-2k-hd\/#breadcrumb\"},\"inLanguage\":\"fr-FR\",\"potentialAction\":[{\"@type\":\"ReadAction\",\"target\":[\"https:\/\/staging.lucky-hunter.com\/product\/bolyguard-bg590-2k-hd\/\"]}]},{\"@type\":\"ImageObject\",\"inLanguage\":\"fr-FR\",\"@id\":\"https:\/\/staging.lucky-hunter.com\/product\/bolyguard-bg590-2k-hd\/#primaryimage\",\"url\":\"https:\/\/staging.lucky-hunter.com\/wp-content\/uploads\/2020\/09\/IMG_4626-removebg-e1733752695950.png\",\"contentUrl\":\"https:\/\/staging.lucky-hunter.com\/wp-content\/uploads\/2020\/09\/IMG_4626-removebg-e1733752695950.png\",\"width\":3024,\"height\":4032},{\"@type\":\"BreadcrumbList\",\"@id\":\"https:\/\/staging.lucky-hunter.com\/product\/bolyguard-bg590-2k-hd\/#breadcrumb\",\"itemListElement\":[{\"@type\":\"ListItem\",\"position\":1,\"name\":\"Home\",\"item\":\"https:\/\/staging.lucky-hunter.com\/fr\/\"},{\"@type\":\"ListItem\",\"position\":2,\"name\":\"Boutique\",\"item\":\"https:\/\/staging.lucky-hunter.com\/fr\/shop\/\"},{\"@type\":\"ListItem\",\"position\":3,\"name\":\"Bolyguard BG590-24mHD\"}]},{\"@type\":\"WebSite\",\"@id\":\"https:\/\/staging.lucky-hunter.com\/#website\",\"url\":\"https:\/\/staging.lucky-hunter.com\/\",\"name\":\"Lucky-Hunter\",\"description\":\"Gear Up or Give Up\",\"potentialAction\":[{\"@type\":\"SearchAction\",\"target\":{\"@type\":\"EntryPoint\",\"urlTemplate\":\"https:\/\/staging.lucky-hunter.com\/?s={search_term_string}\"},\"query-input\":{\"@type\":\"PropertyValueSpecification\",\"valueRequired\":true,\"valueName\":\"search_term_string\"}}],\"inLanguage\":\"fr-FR\"}]}<\/script>\n<!-- \/ Yoast SEO plugin. -->","yoast_head_json":{"title":"Bolyguard BG590-2K HD - Invisible IR et une port\u00e9e de 30 m\u00e8tres.","description":"Cam\u00e9ra de chasse Bolyguard haut de gamme avec une port\u00e9e extra longue, pour la chasse et pour la surveillance Temps de d\u00e9clenchement seulement 0,7 sek.","robots":{"index":"noindex","follow":"follow","max-snippet":"max-snippet:-1","max-image-preview":"max-image-preview:large","max-video-preview":"max-video-preview:-1"},"og_locale":"fr_FR","og_type":"article","og_title":"Bolyguard BG590-2K HD - Invisible IR et une port\u00e9e de 30 m\u00e8tres.","og_description":"Cam\u00e9ra de chasse Bolyguard haut de gamme avec une port\u00e9e extra longue, pour la chasse et pour la surveillance Temps de d\u00e9clenchement seulement 0,7 sek.","og_url":"https:\/\/staging.lucky-hunter.com\/product\/bolyguard-bg590-2k-hd\/","og_site_name":"Lucky-Hunter","article_modified_time":"2022-11-16T08:29:34+00:00","og_image":[{"url":"https:\/\/staging.lucky-hunter.com\/wp-content\/uploads\/2020\/09\/IMG_4626-removebg-e1733752695950.png","width":3024,"height":4032,"type":"image\/png"}],"twitter_card":"summary_large_image","twitter_misc":{"Dur\u00e9e de lecture estim\u00e9e":"1 minute"},"schema":{"@context":"https:\/\/schema.org","@graph":[{"@type":"WebPage","@id":"https:\/\/staging.lucky-hunter.com\/product\/bolyguard-bg590-2k-hd\/","url":"https:\/\/staging.lucky-hunter.com\/product\/bolyguard-bg590-2k-hd\/","name":"Bolyguard BG590-2K HD - Invisible IR et une port\u00e9e de 30 m\u00e8tres.","isPartOf":{"@id":"https:\/\/staging.lucky-hunter.com\/#website"},"primaryImageOfPage":{"@id":"https:\/\/staging.lucky-hunter.com\/product\/bolyguard-bg590-2k-hd\/#primaryimage"},"image":{"@id":"https:\/\/staging.lucky-hunter.com\/product\/bolyguard-bg590-2k-hd\/#primaryimage"},"thumbnailUrl":"https:\/\/staging.lucky-hunter.com\/wp-content\/uploads\/2020\/09\/IMG_4626-removebg-e1733752695950.png","datePublished":"2020-09-01T14:02:30+00:00","dateModified":"2022-11-16T08:29:34+00:00","description":"Cam\u00e9ra de chasse Bolyguard haut de gamme avec une port\u00e9e extra longue, pour la chasse et pour la surveillance Temps de d\u00e9clenchement seulement 0,7 sek.","breadcrumb":{"@id":"https:\/\/staging.lucky-hunter.com\/product\/bolyguard-bg590-2k-hd\/#breadcrumb"},"inLanguage":"fr-FR","potentialAction":[{"@type":"ReadAction","target":["https:\/\/staging.lucky-hunter.com\/product\/bolyguard-bg590-2k-hd\/"]}]},{"@type":"ImageObject","inLanguage":"fr-FR","@id":"https:\/\/staging.lucky-hunter.com\/product\/bolyguard-bg590-2k-hd\/#primaryimage","url":"https:\/\/staging.lucky-hunter.com\/wp-content\/uploads\/2020\/09\/IMG_4626-removebg-e1733752695950.png","contentUrl":"https:\/\/staging.lucky-hunter.com\/wp-content\/uploads\/2020\/09\/IMG_4626-removebg-e1733752695950.png","width":3024,"height":4032},{"@type":"BreadcrumbList","@id":"https:\/\/staging.lucky-hunter.com\/product\/bolyguard-bg590-2k-hd\/#breadcrumb","itemListElement":[{"@type":"ListItem","position":1,"name":"Home","item":"https:\/\/staging.lucky-hunter.com\/fr\/"},{"@type":"ListItem","position":2,"name":"Boutique","item":"https:\/\/staging.lucky-hunter.com\/fr\/shop\/"},{"@type":"ListItem","position":3,"name":"Bolyguard BG590-24mHD"}]},{"@type":"WebSite","@id":"https:\/\/staging.lucky-hunter.com\/#website","url":"https:\/\/staging.lucky-hunter.com\/","name":"Lucky-Hunter","description":"Gear Up or Give Up","potentialAction":[{"@type":"SearchAction","target":{"@type":"EntryPoint","urlTemplate":"https:\/\/staging.lucky-hunter.com\/?s={search_term_string}"},"query-input":{"@type":"PropertyValueSpecification","valueRequired":true,"valueName":"search_term_string"}}],"inLanguage":"fr-FR"}]}},"_links":{"self":[{"href":"https:\/\/staging.lucky-hunter.com\/fr\/wp-json\/wp\/v2\/product\/35321"}],"collection":[{"href":"https:\/\/staging.lucky-hunter.com\/fr\/wp-json\/wp\/v2\/product"}],"about":[{"href":"https:\/\/staging.lucky-hunter.com\/fr\/wp-json\/wp\/v2\/types\/product"}],"wp:featuredmedia":[{"embeddable":true,"href":"https:\/\/staging.lucky-hunter.com\/fr\/wp-json\/wp\/v2\/media\/299936"}],"wp:attachment":[{"href":"https:\/\/staging.lucky-hunter.com\/fr\/wp-json\/wp\/v2\/media?parent=35321"}],"wp:term":[{"taxonomy":"product_brand","embeddable":true,"href":"https:\/\/staging.lucky-hunter.com\/fr\/wp-json\/wp\/v2\/product_brand?post=35321"},{"taxonomy":"product_cat","embeddable":true,"href":"https:\/\/staging.lucky-hunter.com\/fr\/wp-json\/wp\/v2\/product_cat?post=35321"},{"taxonomy":"product_tag","embeddable":true,"href":"https:\/\/staging.lucky-hunter.com\/fr\/wp-json\/wp\/v2\/product_tag?post=35321"}],"curies":[{"name":"wp","href":"https:\/\/api.w.org\/{rel}","templated":true}]}}