{"id":35319,"date":"2020-10-01T16:06:15","date_gmt":"2020-10-01T14:06:15","guid":{"rendered":"https:\/\/staging.lucky-hunter.com\/product\/3-leurres-pigeons-entierement-floques\/"},"modified":"2025-06-26T14:50:14","modified_gmt":"2025-06-26T12:50:14","slug":"3-leurres-pigeons-entierement-floques","status":"publish","type":"product","link":"https:\/\/staging.lucky-hunter.com\/fr\/product\/3-leurres-pigeons-entierement-floques\/","title":{"rendered":"3 formes pigeons enti\u00e8rement floqu\u00e9s"},"content":{"rendered":"<h2><b>Grande qualit\u00e9 pour les chasseurs de pigeons passionn\u00e9s<\/b><\/h2>\n<p>Voici un lot de 3 formes de pigeons enti\u00e8rement floqu\u00e9es qui conviennent parfaitement au Carrousel Triple Mouvement \u00e0 3 Bras pour Formes de Pigeons.<\/p>\n<p>Une excellente qualit\u00e9 pour le prix.<\/p>\n","protected":false},"excerpt":{"rendered":"<p>Voici un lot de 3 formes de pigeons enti\u00e8rement floqu\u00e9es qui conviennent parfaitement au Carrousel Triple Mouvement \u00e0 3 Bras pour Formes de Pigeons.<\/p>\n","protected":false},"featured_media":30671,"template":"","meta":[],"product_brand":[9665],"product_cat":[8163],"product_tag":[9250],"yoast_head":"<!-- This site is optimized with the Yoast SEO plugin v24.3 - https:\/\/yoast.com\/wordpress\/plugins\/seo\/ -->\n<title>3 formes pigeons enti\u00e8rement floqu\u00e9s - Super prix sur Lucky-Hunter.com<\/title>\n<meta name=\"description\" content=\"Voici un lot de 3 formes de pigeons enti\u00e8rement floqu\u00e9es qui conviennent parfaitement au Carrousel Triple Mouvement \u00e0 3 Bras pour Formes de Pigeons.\" \/>\n<meta name=\"robots\" content=\"noindex, follow, max-snippet:-1, max-image-preview:large, max-video-preview:-1\" \/>\n<meta property=\"og:locale\" content=\"fr_FR\" \/>\n<meta property=\"og:type\" content=\"article\" \/>\n<meta property=\"og:title\" content=\"3 formes pigeons enti\u00e8rement floqu\u00e9s - Super prix sur Lucky-Hunter.com\" \/>\n<meta property=\"og:description\" content=\"Petit carrousel de pigeons. Grande qualit\u00e9 et taille pratique pour la chasse. Fonctionne avec 4 piles AA de qualit\u00e9 Ajoutez du mouvement \u00e0 votre chasse aux pigeons.\" \/>\n<meta property=\"og:url\" content=\"https:\/\/staging.lucky-hunter.com\/fr\/product\/3-leurres-pigeons-entierement-floques\/\" \/>\n<meta property=\"og:site_name\" content=\"Lucky-Hunter\" \/>\n<meta property=\"article:modified_time\" content=\"2025-06-26T12:50:14+00:00\" \/>\n<meta property=\"og:image\" content=\"https:\/\/staging.lucky-hunter.com\/wp-content\/uploads\/2020\/10\/Pigeon-001.png.webp\" \/>\n\t<meta property=\"og:image:width\" content=\"1000\" \/>\n\t<meta property=\"og:image:height\" content=\"1000\" \/>\n\t<meta property=\"og:image:type\" content=\"image\/webp\" \/>\n<meta name=\"twitter:card\" content=\"summary_large_image\" \/>\n<meta name=\"twitter:title\" content=\"Small Pigeon Carousel - Carrousel d&#039;app\u00e2ts de qualit\u00e9 pour le chasseur passionn\u00e9 de pigeons | Lucky Hunter\" \/>\n<meta name=\"twitter:description\" content=\"Petit carrousel de pigeons. Grande qualit\u00e9 et taille pratique pour la chasse. Fonctionne avec 4 piles AA de qualit\u00e9 Ajoutez du mouvement \u00e0 votre chasse aux pigeons.\" \/>\n<meta name=\"twitter:label1\" content=\"Dur\u00e9e de lecture estim\u00e9e\" \/>\n\t<meta name=\"twitter:data1\" content=\"1 minute\" \/>\n<script type=\"application\/ld+json\" class=\"yoast-schema-graph\">{\"@context\":\"https:\/\/schema.org\",\"@graph\":[{\"@type\":\"WebPage\",\"@id\":\"https:\/\/staging.lucky-hunter.com\/fr\/product\/3-leurres-pigeons-entierement-floques\/\",\"url\":\"https:\/\/staging.lucky-hunter.com\/fr\/product\/3-leurres-pigeons-entierement-floques\/\",\"name\":\"3 formes pigeons enti\u00e8rement floqu\u00e9s - Super prix sur Lucky-Hunter.com\",\"isPartOf\":{\"@id\":\"https:\/\/staging.lucky-hunter.com\/#website\"},\"primaryImageOfPage\":{\"@id\":\"https:\/\/staging.lucky-hunter.com\/fr\/product\/3-leurres-pigeons-entierement-floques\/#primaryimage\"},\"image\":{\"@id\":\"https:\/\/staging.lucky-hunter.com\/fr\/product\/3-leurres-pigeons-entierement-floques\/#primaryimage\"},\"thumbnailUrl\":\"https:\/\/staging.lucky-hunter.com\/wp-content\/uploads\/2020\/10\/Pigeon-001.png.webp\",\"datePublished\":\"2020-10-01T14:06:15+00:00\",\"dateModified\":\"2025-06-26T12:50:14+00:00\",\"description\":\"Voici un lot de 3 formes de pigeons enti\u00e8rement floqu\u00e9es qui conviennent parfaitement au Carrousel Triple Mouvement \u00e0 3 Bras pour Formes de Pigeons.\",\"breadcrumb\":{\"@id\":\"https:\/\/staging.lucky-hunter.com\/fr\/product\/3-leurres-pigeons-entierement-floques\/#breadcrumb\"},\"inLanguage\":\"fr-FR\",\"potentialAction\":[{\"@type\":\"ReadAction\",\"target\":[\"https:\/\/staging.lucky-hunter.com\/fr\/product\/3-leurres-pigeons-entierement-floques\/\"]}]},{\"@type\":\"ImageObject\",\"inLanguage\":\"fr-FR\",\"@id\":\"https:\/\/staging.lucky-hunter.com\/fr\/product\/3-leurres-pigeons-entierement-floques\/#primaryimage\",\"url\":\"https:\/\/staging.lucky-hunter.com\/wp-content\/uploads\/2020\/10\/Pigeon-001.png.webp\",\"contentUrl\":\"https:\/\/staging.lucky-hunter.com\/wp-content\/uploads\/2020\/10\/Pigeon-001.png.webp\",\"width\":1000,\"height\":1000},{\"@type\":\"BreadcrumbList\",\"@id\":\"https:\/\/staging.lucky-hunter.com\/fr\/product\/3-leurres-pigeons-entierement-floques\/#breadcrumb\",\"itemListElement\":[{\"@type\":\"ListItem\",\"position\":1,\"name\":\"Home\",\"item\":\"https:\/\/staging.lucky-hunter.com\/fr\/\"},{\"@type\":\"ListItem\",\"position\":2,\"name\":\"Boutique\",\"item\":\"https:\/\/staging.lucky-hunter.com\/fr\/shop\/\"},{\"@type\":\"ListItem\",\"position\":3,\"name\":\"3 formes pigeons enti\u00e8rement floqu\u00e9s\"}]},{\"@type\":\"WebSite\",\"@id\":\"https:\/\/staging.lucky-hunter.com\/#website\",\"url\":\"https:\/\/staging.lucky-hunter.com\/\",\"name\":\"Lucky-Hunter\",\"description\":\"Gear Up or Give Up\",\"potentialAction\":[{\"@type\":\"SearchAction\",\"target\":{\"@type\":\"EntryPoint\",\"urlTemplate\":\"https:\/\/staging.lucky-hunter.com\/?s={search_term_string}\"},\"query-input\":{\"@type\":\"PropertyValueSpecification\",\"valueRequired\":true,\"valueName\":\"search_term_string\"}}],\"inLanguage\":\"fr-FR\"}]}<\/script>\n<!-- \/ Yoast SEO plugin. -->","yoast_head_json":{"title":"3 formes pigeons enti\u00e8rement floqu\u00e9s - Super prix sur Lucky-Hunter.com","description":"Voici un lot de 3 formes de pigeons enti\u00e8rement floqu\u00e9es qui conviennent parfaitement au Carrousel Triple Mouvement \u00e0 3 Bras pour Formes de Pigeons.","robots":{"index":"noindex","follow":"follow","max-snippet":"max-snippet:-1","max-image-preview":"max-image-preview:large","max-video-preview":"max-video-preview:-1"},"og_locale":"fr_FR","og_type":"article","og_title":"3 formes pigeons enti\u00e8rement floqu\u00e9s - Super prix sur Lucky-Hunter.com","og_description":"Petit carrousel de pigeons. Grande qualit\u00e9 et taille pratique pour la chasse. Fonctionne avec 4 piles AA de qualit\u00e9 Ajoutez du mouvement \u00e0 votre chasse aux pigeons.","og_url":"https:\/\/staging.lucky-hunter.com\/fr\/product\/3-leurres-pigeons-entierement-floques\/","og_site_name":"Lucky-Hunter","article_modified_time":"2025-06-26T12:50:14+00:00","og_image":[{"width":1000,"height":1000,"url":"https:\/\/staging.lucky-hunter.com\/wp-content\/uploads\/2020\/10\/Pigeon-001.png.webp","type":"image\/webp"}],"twitter_card":"summary_large_image","twitter_title":"Small Pigeon Carousel - Carrousel d'app\u00e2ts de qualit\u00e9 pour le chasseur passionn\u00e9 de pigeons | Lucky Hunter","twitter_description":"Petit carrousel de pigeons. Grande qualit\u00e9 et taille pratique pour la chasse. Fonctionne avec 4 piles AA de qualit\u00e9 Ajoutez du mouvement \u00e0 votre chasse aux pigeons.","twitter_misc":{"Dur\u00e9e de lecture estim\u00e9e":"1 minute"},"schema":{"@context":"https:\/\/schema.org","@graph":[{"@type":"WebPage","@id":"https:\/\/staging.lucky-hunter.com\/fr\/product\/3-leurres-pigeons-entierement-floques\/","url":"https:\/\/staging.lucky-hunter.com\/fr\/product\/3-leurres-pigeons-entierement-floques\/","name":"3 formes pigeons enti\u00e8rement floqu\u00e9s - Super prix sur Lucky-Hunter.com","isPartOf":{"@id":"https:\/\/staging.lucky-hunter.com\/#website"},"primaryImageOfPage":{"@id":"https:\/\/staging.lucky-hunter.com\/fr\/product\/3-leurres-pigeons-entierement-floques\/#primaryimage"},"image":{"@id":"https:\/\/staging.lucky-hunter.com\/fr\/product\/3-leurres-pigeons-entierement-floques\/#primaryimage"},"thumbnailUrl":"https:\/\/staging.lucky-hunter.com\/wp-content\/uploads\/2020\/10\/Pigeon-001.png.webp","datePublished":"2020-10-01T14:06:15+00:00","dateModified":"2025-06-26T12:50:14+00:00","description":"Voici un lot de 3 formes de pigeons enti\u00e8rement floqu\u00e9es qui conviennent parfaitement au Carrousel Triple Mouvement \u00e0 3 Bras pour Formes de Pigeons.","breadcrumb":{"@id":"https:\/\/staging.lucky-hunter.com\/fr\/product\/3-leurres-pigeons-entierement-floques\/#breadcrumb"},"inLanguage":"fr-FR","potentialAction":[{"@type":"ReadAction","target":["https:\/\/staging.lucky-hunter.com\/fr\/product\/3-leurres-pigeons-entierement-floques\/"]}]},{"@type":"ImageObject","inLanguage":"fr-FR","@id":"https:\/\/staging.lucky-hunter.com\/fr\/product\/3-leurres-pigeons-entierement-floques\/#primaryimage","url":"https:\/\/staging.lucky-hunter.com\/wp-content\/uploads\/2020\/10\/Pigeon-001.png.webp","contentUrl":"https:\/\/staging.lucky-hunter.com\/wp-content\/uploads\/2020\/10\/Pigeon-001.png.webp","width":1000,"height":1000},{"@type":"BreadcrumbList","@id":"https:\/\/staging.lucky-hunter.com\/fr\/product\/3-leurres-pigeons-entierement-floques\/#breadcrumb","itemListElement":[{"@type":"ListItem","position":1,"name":"Home","item":"https:\/\/staging.lucky-hunter.com\/fr\/"},{"@type":"ListItem","position":2,"name":"Boutique","item":"https:\/\/staging.lucky-hunter.com\/fr\/shop\/"},{"@type":"ListItem","position":3,"name":"3 formes pigeons enti\u00e8rement floqu\u00e9s"}]},{"@type":"WebSite","@id":"https:\/\/staging.lucky-hunter.com\/#website","url":"https:\/\/staging.lucky-hunter.com\/","name":"Lucky-Hunter","description":"Gear Up or Give Up","potentialAction":[{"@type":"SearchAction","target":{"@type":"EntryPoint","urlTemplate":"https:\/\/staging.lucky-hunter.com\/?s={search_term_string}"},"query-input":{"@type":"PropertyValueSpecification","valueRequired":true,"valueName":"search_term_string"}}],"inLanguage":"fr-FR"}]}},"_links":{"self":[{"href":"https:\/\/staging.lucky-hunter.com\/fr\/wp-json\/wp\/v2\/product\/35319"}],"collection":[{"href":"https:\/\/staging.lucky-hunter.com\/fr\/wp-json\/wp\/v2\/product"}],"about":[{"href":"https:\/\/staging.lucky-hunter.com\/fr\/wp-json\/wp\/v2\/types\/product"}],"wp:featuredmedia":[{"embeddable":true,"href":"https:\/\/staging.lucky-hunter.com\/fr\/wp-json\/wp\/v2\/media\/30671"}],"wp:attachment":[{"href":"https:\/\/staging.lucky-hunter.com\/fr\/wp-json\/wp\/v2\/media?parent=35319"}],"wp:term":[{"taxonomy":"product_brand","embeddable":true,"href":"https:\/\/staging.lucky-hunter.com\/fr\/wp-json\/wp\/v2\/product_brand?post=35319"},{"taxonomy":"product_cat","embeddable":true,"href":"https:\/\/staging.lucky-hunter.com\/fr\/wp-json\/wp\/v2\/product_cat?post=35319"},{"taxonomy":"product_tag","embeddable":true,"href":"https:\/\/staging.lucky-hunter.com\/fr\/wp-json\/wp\/v2\/product_tag?post=35319"}],"curies":[{"name":"wp","href":"https:\/\/api.w.org\/{rel}","templated":true}]}}