{"id":35317,"date":"2021-02-20T13:51:55","date_gmt":"2021-02-20T12:51:55","guid":{"rendered":"https:\/\/staging.lucky-hunter.com\/product\/leurre-de-corneille-mantelee-floque\/"},"modified":"2024-09-12T11:07:32","modified_gmt":"2024-09-12T09:07:32","slug":"leurre-de-corneille-mantelee-floque","status":"publish","type":"product","link":"https:\/\/staging.lucky-hunter.com\/fr\/product\/leurre-de-corneille-mantelee-floque\/","title":{"rendered":"Forme de corneille mantel\u00e9e floqu\u00e9"},"content":{"rendered":"<h2><strong><span class=\"VIiyi\" lang=\"en\"><span class=\"JLqJ4b ChMk0b\" data-language-for-alternatives=\"en\" data-language-to-translate-into=\"da\" data-phrase-index=\"0\">Forme de corneille mantel\u00e9e floqu\u00e9 &#8211; id\u00e9al pour attirer les corbeaux !<\/span><\/span><\/strong><\/h2>\n<p><span class=\"VIiyi\" lang=\"en\"><span class=\"JLqJ4b ChMk0b\" data-language-for-alternatives=\"en\" data-language-to-translate-into=\"da\" data-phrase-index=\"2\">Les corbeaux sont des oiseaux rus\u00e9s et alertes, et ils sont \u00e0 tous \u00e9gards un objet de chasse qui vaut le coup.<\/span> <\/span><\/p>\n<p><span class=\"VIiyi\" lang=\"en\"><span class=\"JLqJ4b ChMk0b\" data-language-for-alternatives=\"en\" data-language-to-translate-into=\"da\" data-phrase-index=\"3\">De plus en plus de chasseurs d\u00e9couvrent l&#8217;excellence de la chasse au corbeau, et si vous vous y prenez correctement, de nombreuses heures et exp\u00e9riences fantastiques vous attendent.<\/span><\/span><\/p>\n<p><span class=\"VIiyi\" lang=\"en\"> <span class=\"JLqJ4b ChMk0b\" data-language-for-alternatives=\"en\" data-language-to-translate-into=\"da\" data-phrase-index=\"5\">Afin de d\u00e9jouer les corbeaux alertes, il est important d&#8217;avoir une configuration r\u00e9aliste de formes corbeaux.<\/span> <\/span><\/p>\n<p>Avec un ensemble de formes adapt\u00e9, vous pouvez donner l&#8217;illusion que leur emplacement est un endroit int\u00e9ressant. Peut-\u00eatre qu&#8217;il y a un cadavre frais ou une autre source de nourriture \u00e0 proximit\u00e9. Quoi qu&#8217;il en soit, vous pouvez utiliser un forme de corneille mantel\u00e9e floqu\u00e9 pour convaincre les corbeaux qu&#8217;ils devraient jeter un coup d&#8217;\u0153il. Quelques-uns de ces formes feront croire aux autres corbeaux que l\u2019endroit est s\u00fbr.<\/p>\n<p>Id\u00e9al lorsqu&#8217;ils sont utilis\u00e9s en conjonction avec un appeau \u00e0 corbeaux derri\u00e8re un panneau d\u2019aff\u00fbt.<\/p>\n<p><span class=\"VIiyi\" lang=\"en\"><span class=\"JLqJ4b ChMk0b\" data-language-for-alternatives=\"en\" data-language-to-translate-into=\"da\" data-phrase-index=\"6\">Vous avez l\u00e0 un forme de corbeaux grandeur nature enti\u00e8rement floqu\u00e9.<\/span> <\/span><\/p>\n<p><span class=\"VIiyi\" lang=\"en\"><span class=\"JLqJ4b ChMk0b\" data-language-for-alternatives=\"en\" data-language-to-translate-into=\"da\" data-phrase-index=\"8\">Le forme est livr\u00e9 avec un b\u00e2ton de montage et un socle.<\/span> <\/span><\/p>\n<p>Le corbeau mesure environ 40 cm de long.<\/p>\n<p><span class=\"VIiyi\" lang=\"en\"><span class=\"JLqJ4b ChMk0b\" data-language-for-alternatives=\"en\" data-language-to-translate-into=\"da\" data-phrase-index=\"10\">Vendue \u00e0 l\u2019unit\u00e9.<\/span><\/span><\/p>\n","protected":false},"excerpt":{"rendered":"<p>D\u00e9jouez la vigilance des corbeaux gr\u00e2ce \u00e0 cette forme de corbeau floqu\u00e9e grandeur nature. Elle sera parfaite pour votre prochaine chasse aux corbeaux<\/p>\n","protected":false},"featured_media":30473,"template":"","meta":[],"product_brand":[9570],"product_cat":[8243],"product_tag":[9443],"yoast_head":"<!-- This site is optimized with the Yoast SEO plugin v24.3 - https:\/\/yoast.com\/wordpress\/plugins\/seo\/ -->\n<title>Forme de corneille mantel\u00e9e floqu\u00e9 - Forme de chasse enti\u00e8rement floqu\u00e9 | Lucky Hunter<\/title>\n<meta name=\"description\" content=\"Forme de corneille mantel\u00e9e floqu\u00e9 - id\u00e9al pour votre prochaine chasse ! Livr\u00e9 complet avec un b\u00e2ton de montage et une base pour une utilisation facile. Environ. 40cm de longueur.\" \/>\n<meta name=\"robots\" content=\"noindex, follow, max-snippet:-1, max-image-preview:large, max-video-preview:-1\" \/>\n<meta property=\"og:locale\" content=\"fr_FR\" \/>\n<meta property=\"og:type\" content=\"article\" \/>\n<meta property=\"og:title\" content=\"Forme de corneille mantel\u00e9e floqu\u00e9 - Forme de chasse enti\u00e8rement floqu\u00e9 | Lucky Hunter\" \/>\n<meta property=\"og:description\" content=\"Forme de corneille mantel\u00e9e floqu\u00e9 - id\u00e9al pour votre prochaine chasse ! Livr\u00e9 complet avec un b\u00e2ton de montage et une base pour une utilisation facile. Environ. 40cm de longueur.\" \/>\n<meta property=\"og:url\" content=\"https:\/\/staging.lucky-hunter.com\/fr\/product\/leurre-de-corneille-mantelee-floque\/\" \/>\n<meta property=\"og:site_name\" content=\"Lucky-Hunter\" \/>\n<meta property=\"article:modified_time\" content=\"2024-09-12T09:07:32+00:00\" \/>\n<meta property=\"og:image\" content=\"https:\/\/staging.lucky-hunter.com\/wp-content\/uploads\/2021\/02\/510066.png.webp\" \/>\n\t<meta property=\"og:image:width\" content=\"960\" \/>\n\t<meta property=\"og:image:height\" content=\"960\" \/>\n\t<meta property=\"og:image:type\" content=\"image\/webp\" \/>\n<meta name=\"twitter:card\" content=\"summary_large_image\" \/>\n<meta name=\"twitter:title\" content=\"Forme de corneille mantel\u00e9e floqu\u00e9 - Forme de chasse enti\u00e8rement floqu\u00e9 | Lucky Hunter\" \/>\n<meta name=\"twitter:description\" content=\"Forme de corneille mantel\u00e9e floqu\u00e9 - id\u00e9al pour votre prochaine chasse ! Livr\u00e9 complet avec un b\u00e2ton de montage et une base pour une utilisation facile. Environ. 40cm de longueur.\" \/>\n<meta name=\"twitter:label1\" content=\"Dur\u00e9e de lecture estim\u00e9e\" \/>\n\t<meta name=\"twitter:data1\" content=\"1 minute\" \/>\n<script type=\"application\/ld+json\" class=\"yoast-schema-graph\">{\"@context\":\"https:\/\/schema.org\",\"@graph\":[{\"@type\":\"WebPage\",\"@id\":\"https:\/\/staging.lucky-hunter.com\/fr\/product\/leurre-de-corneille-mantelee-floque\/\",\"url\":\"https:\/\/staging.lucky-hunter.com\/fr\/product\/leurre-de-corneille-mantelee-floque\/\",\"name\":\"Forme de corneille mantel\u00e9e floqu\u00e9 - Forme de chasse enti\u00e8rement floqu\u00e9 | Lucky Hunter\",\"isPartOf\":{\"@id\":\"https:\/\/staging.lucky-hunter.com\/#website\"},\"primaryImageOfPage\":{\"@id\":\"https:\/\/staging.lucky-hunter.com\/fr\/product\/leurre-de-corneille-mantelee-floque\/#primaryimage\"},\"image\":{\"@id\":\"https:\/\/staging.lucky-hunter.com\/fr\/product\/leurre-de-corneille-mantelee-floque\/#primaryimage\"},\"thumbnailUrl\":\"https:\/\/staging.lucky-hunter.com\/wp-content\/uploads\/2021\/02\/510066.png.webp\",\"datePublished\":\"2021-02-20T12:51:55+00:00\",\"dateModified\":\"2024-09-12T09:07:32+00:00\",\"description\":\"Forme de corneille mantel\u00e9e floqu\u00e9 - id\u00e9al pour votre prochaine chasse ! Livr\u00e9 complet avec un b\u00e2ton de montage et une base pour une utilisation facile. Environ. 40cm de longueur.\",\"breadcrumb\":{\"@id\":\"https:\/\/staging.lucky-hunter.com\/fr\/product\/leurre-de-corneille-mantelee-floque\/#breadcrumb\"},\"inLanguage\":\"fr-FR\",\"potentialAction\":[{\"@type\":\"ReadAction\",\"target\":[\"https:\/\/staging.lucky-hunter.com\/fr\/product\/leurre-de-corneille-mantelee-floque\/\"]}]},{\"@type\":\"ImageObject\",\"inLanguage\":\"fr-FR\",\"@id\":\"https:\/\/staging.lucky-hunter.com\/fr\/product\/leurre-de-corneille-mantelee-floque\/#primaryimage\",\"url\":\"https:\/\/staging.lucky-hunter.com\/wp-content\/uploads\/2021\/02\/510066.png.webp\",\"contentUrl\":\"https:\/\/staging.lucky-hunter.com\/wp-content\/uploads\/2021\/02\/510066.png.webp\",\"width\":960,\"height\":960},{\"@type\":\"BreadcrumbList\",\"@id\":\"https:\/\/staging.lucky-hunter.com\/fr\/product\/leurre-de-corneille-mantelee-floque\/#breadcrumb\",\"itemListElement\":[{\"@type\":\"ListItem\",\"position\":1,\"name\":\"Home\",\"item\":\"https:\/\/staging.lucky-hunter.com\/fr\/\"},{\"@type\":\"ListItem\",\"position\":2,\"name\":\"Boutique\",\"item\":\"https:\/\/staging.lucky-hunter.com\/fr\/shop\/\"},{\"@type\":\"ListItem\",\"position\":3,\"name\":\"Forme de corneille mantel\u00e9e floqu\u00e9\"}]},{\"@type\":\"WebSite\",\"@id\":\"https:\/\/staging.lucky-hunter.com\/#website\",\"url\":\"https:\/\/staging.lucky-hunter.com\/\",\"name\":\"Lucky-Hunter\",\"description\":\"Gear Up or Give Up\",\"potentialAction\":[{\"@type\":\"SearchAction\",\"target\":{\"@type\":\"EntryPoint\",\"urlTemplate\":\"https:\/\/staging.lucky-hunter.com\/?s={search_term_string}\"},\"query-input\":{\"@type\":\"PropertyValueSpecification\",\"valueRequired\":true,\"valueName\":\"search_term_string\"}}],\"inLanguage\":\"fr-FR\"}]}<\/script>\n<!-- \/ Yoast SEO plugin. -->","yoast_head_json":{"title":"Forme de corneille mantel\u00e9e floqu\u00e9 - Forme de chasse enti\u00e8rement floqu\u00e9 | Lucky Hunter","description":"Forme de corneille mantel\u00e9e floqu\u00e9 - id\u00e9al pour votre prochaine chasse ! Livr\u00e9 complet avec un b\u00e2ton de montage et une base pour une utilisation facile. Environ. 40cm de longueur.","robots":{"index":"noindex","follow":"follow","max-snippet":"max-snippet:-1","max-image-preview":"max-image-preview:large","max-video-preview":"max-video-preview:-1"},"og_locale":"fr_FR","og_type":"article","og_title":"Forme de corneille mantel\u00e9e floqu\u00e9 - Forme de chasse enti\u00e8rement floqu\u00e9 | Lucky Hunter","og_description":"Forme de corneille mantel\u00e9e floqu\u00e9 - id\u00e9al pour votre prochaine chasse ! Livr\u00e9 complet avec un b\u00e2ton de montage et une base pour une utilisation facile. Environ. 40cm de longueur.","og_url":"https:\/\/staging.lucky-hunter.com\/fr\/product\/leurre-de-corneille-mantelee-floque\/","og_site_name":"Lucky-Hunter","article_modified_time":"2024-09-12T09:07:32+00:00","og_image":[{"width":960,"height":960,"url":"https:\/\/staging.lucky-hunter.com\/wp-content\/uploads\/2021\/02\/510066.png.webp","type":"image\/webp"}],"twitter_card":"summary_large_image","twitter_title":"Forme de corneille mantel\u00e9e floqu\u00e9 - Forme de chasse enti\u00e8rement floqu\u00e9 | Lucky Hunter","twitter_description":"Forme de corneille mantel\u00e9e floqu\u00e9 - id\u00e9al pour votre prochaine chasse ! Livr\u00e9 complet avec un b\u00e2ton de montage et une base pour une utilisation facile. Environ. 40cm de longueur.","twitter_misc":{"Dur\u00e9e de lecture estim\u00e9e":"1 minute"},"schema":{"@context":"https:\/\/schema.org","@graph":[{"@type":"WebPage","@id":"https:\/\/staging.lucky-hunter.com\/fr\/product\/leurre-de-corneille-mantelee-floque\/","url":"https:\/\/staging.lucky-hunter.com\/fr\/product\/leurre-de-corneille-mantelee-floque\/","name":"Forme de corneille mantel\u00e9e floqu\u00e9 - Forme de chasse enti\u00e8rement floqu\u00e9 | Lucky Hunter","isPartOf":{"@id":"https:\/\/staging.lucky-hunter.com\/#website"},"primaryImageOfPage":{"@id":"https:\/\/staging.lucky-hunter.com\/fr\/product\/leurre-de-corneille-mantelee-floque\/#primaryimage"},"image":{"@id":"https:\/\/staging.lucky-hunter.com\/fr\/product\/leurre-de-corneille-mantelee-floque\/#primaryimage"},"thumbnailUrl":"https:\/\/staging.lucky-hunter.com\/wp-content\/uploads\/2021\/02\/510066.png.webp","datePublished":"2021-02-20T12:51:55+00:00","dateModified":"2024-09-12T09:07:32+00:00","description":"Forme de corneille mantel\u00e9e floqu\u00e9 - id\u00e9al pour votre prochaine chasse ! Livr\u00e9 complet avec un b\u00e2ton de montage et une base pour une utilisation facile. Environ. 40cm de longueur.","breadcrumb":{"@id":"https:\/\/staging.lucky-hunter.com\/fr\/product\/leurre-de-corneille-mantelee-floque\/#breadcrumb"},"inLanguage":"fr-FR","potentialAction":[{"@type":"ReadAction","target":["https:\/\/staging.lucky-hunter.com\/fr\/product\/leurre-de-corneille-mantelee-floque\/"]}]},{"@type":"ImageObject","inLanguage":"fr-FR","@id":"https:\/\/staging.lucky-hunter.com\/fr\/product\/leurre-de-corneille-mantelee-floque\/#primaryimage","url":"https:\/\/staging.lucky-hunter.com\/wp-content\/uploads\/2021\/02\/510066.png.webp","contentUrl":"https:\/\/staging.lucky-hunter.com\/wp-content\/uploads\/2021\/02\/510066.png.webp","width":960,"height":960},{"@type":"BreadcrumbList","@id":"https:\/\/staging.lucky-hunter.com\/fr\/product\/leurre-de-corneille-mantelee-floque\/#breadcrumb","itemListElement":[{"@type":"ListItem","position":1,"name":"Home","item":"https:\/\/staging.lucky-hunter.com\/fr\/"},{"@type":"ListItem","position":2,"name":"Boutique","item":"https:\/\/staging.lucky-hunter.com\/fr\/shop\/"},{"@type":"ListItem","position":3,"name":"Forme de corneille mantel\u00e9e floqu\u00e9"}]},{"@type":"WebSite","@id":"https:\/\/staging.lucky-hunter.com\/#website","url":"https:\/\/staging.lucky-hunter.com\/","name":"Lucky-Hunter","description":"Gear Up or Give Up","potentialAction":[{"@type":"SearchAction","target":{"@type":"EntryPoint","urlTemplate":"https:\/\/staging.lucky-hunter.com\/?s={search_term_string}"},"query-input":{"@type":"PropertyValueSpecification","valueRequired":true,"valueName":"search_term_string"}}],"inLanguage":"fr-FR"}]}},"_links":{"self":[{"href":"https:\/\/staging.lucky-hunter.com\/fr\/wp-json\/wp\/v2\/product\/35317"}],"collection":[{"href":"https:\/\/staging.lucky-hunter.com\/fr\/wp-json\/wp\/v2\/product"}],"about":[{"href":"https:\/\/staging.lucky-hunter.com\/fr\/wp-json\/wp\/v2\/types\/product"}],"wp:featuredmedia":[{"embeddable":true,"href":"https:\/\/staging.lucky-hunter.com\/fr\/wp-json\/wp\/v2\/media\/30473"}],"wp:attachment":[{"href":"https:\/\/staging.lucky-hunter.com\/fr\/wp-json\/wp\/v2\/media?parent=35317"}],"wp:term":[{"taxonomy":"product_brand","embeddable":true,"href":"https:\/\/staging.lucky-hunter.com\/fr\/wp-json\/wp\/v2\/product_brand?post=35317"},{"taxonomy":"product_cat","embeddable":true,"href":"https:\/\/staging.lucky-hunter.com\/fr\/wp-json\/wp\/v2\/product_cat?post=35317"},{"taxonomy":"product_tag","embeddable":true,"href":"https:\/\/staging.lucky-hunter.com\/fr\/wp-json\/wp\/v2\/product_tag?post=35317"}],"curies":[{"name":"wp","href":"https:\/\/api.w.org\/{rel}","templated":true}]}}