{"id":35313,"date":"2021-08-12T12:45:08","date_gmt":"2021-08-12T10:45:08","guid":{"rendered":"https:\/\/staging.lucky-hunter.com\/product\/ensemble-de-poteaux-de-lofting-en-aluminium\/"},"modified":"2025-06-24T16:14:47","modified_gmt":"2025-06-24T14:14:47","slug":"ensemble-de-poteaux-de-lofting-en-aluminium","status":"publish","type":"product","link":"https:\/\/staging.lucky-hunter.com\/fr\/product\/ensemble-de-poteaux-de-lofting-en-aluminium\/","title":{"rendered":"Ensemble de poteaux de lofting en aluminium"},"content":{"rendered":"<h2><strong>Poteaux de lofting compacts de qualit\u00e9 sup\u00e9rieure pour leurres<\/strong><\/h2>\n<p>Cette ensemble de perches en aluminium de haute qualit\u00e9 est parfait pour installer des formes &#8211; de pigeons, de corbeaux, de hiboux etc. &#8211; en hauteur parmi les branches pour les rendre plus visibles.<\/p>\n<p>Cet ensemble est compos\u00e9 d&#8217;un poteau de base et d&#8217;i, poteau avec embout m\u00e2le &#8211; Longueur totale :<\/p>\n<p>230 cm.<\/p>\n<p>Vous pouvez acheter le nombre de poteaux dont vous avez besoin d\u2019une longueur individuelle de 115 cm (num\u00e9ro d&#8217;article LF-208) et gr\u00e2ce aux embouts m\u00e2les (plus de 20 cm chacun), ils s&#8217;embo\u00eeteront parfaitement. Le rev\u00eatement en PVC est antid\u00e9rapant et confortable, pour prot\u00e9ger vos mains du froid, prot\u00e9ger les b\u00e2tons eux-m\u00eames et fournir un rev\u00eatement anti-claquement pour garder votre installation furtive\u00a0!<\/p>\n","protected":false},"excerpt":{"rendered":"<p>Cette ensemble de perches en aluminium de haute qualit\u00e9 est parfait pour installer des formes &#8211; de pigeons, de corbeaux, de hiboux etc.<\/p>\n","protected":false},"featured_media":30262,"template":"","meta":[],"product_brand":[8121],"product_cat":[8165],"product_tag":[],"yoast_head":"<!-- This site is optimized with the Yoast SEO plugin v24.3 - https:\/\/yoast.com\/wordpress\/plugins\/seo\/ -->\n<title>Ensemble de poteaux de lofting en aluminium<\/title>\n<meta name=\"description\" content=\"Cet ensemble de poteaux en aluminium de haute qualit\u00e9 est parfait pour \u00e9lever des pigeons, des corbeaux, des hiboux ou des formes similaires parmi les branches.\" \/>\n<meta name=\"robots\" content=\"noindex, follow, max-snippet:-1, max-image-preview:large, max-video-preview:-1\" \/>\n<meta property=\"og:locale\" content=\"fr_FR\" \/>\n<meta property=\"og:type\" content=\"article\" \/>\n<meta property=\"og:title\" content=\"Ensemble de poteaux de lofting en aluminium\" \/>\n<meta property=\"og:description\" content=\"Cet ensemble de poteaux en aluminium de haute qualit\u00e9 est parfait pour \u00e9lever des pigeons, des corbeaux, des hiboux ou des formes similaires parmi les branches.\" \/>\n<meta property=\"og:url\" content=\"https:\/\/staging.lucky-hunter.com\/fr\/product\/ensemble-de-poteaux-de-lofting-en-aluminium\/\" \/>\n<meta property=\"og:site_name\" content=\"Lucky-Hunter\" \/>\n<meta property=\"article:modified_time\" content=\"2025-06-24T14:14:47+00:00\" \/>\n<meta property=\"og:image\" content=\"https:\/\/staging.lucky-hunter.com\/wp-content\/uploads\/2021\/08\/Staenger.png\" \/>\n\t<meta property=\"og:image:width\" content=\"1000\" \/>\n\t<meta property=\"og:image:height\" content=\"1000\" \/>\n\t<meta property=\"og:image:type\" content=\"image\/png\" \/>\n<meta name=\"twitter:card\" content=\"summary_large_image\" \/>\n<meta name=\"twitter:label1\" content=\"Dur\u00e9e de lecture estim\u00e9e\" \/>\n\t<meta name=\"twitter:data1\" content=\"1 minute\" \/>\n<script type=\"application\/ld+json\" class=\"yoast-schema-graph\">{\"@context\":\"https:\/\/schema.org\",\"@graph\":[{\"@type\":\"WebPage\",\"@id\":\"https:\/\/staging.lucky-hunter.com\/fr\/product\/ensemble-de-poteaux-de-lofting-en-aluminium\/\",\"url\":\"https:\/\/staging.lucky-hunter.com\/fr\/product\/ensemble-de-poteaux-de-lofting-en-aluminium\/\",\"name\":\"Ensemble de poteaux de lofting en aluminium\",\"isPartOf\":{\"@id\":\"https:\/\/staging.lucky-hunter.com\/#website\"},\"primaryImageOfPage\":{\"@id\":\"https:\/\/staging.lucky-hunter.com\/fr\/product\/ensemble-de-poteaux-de-lofting-en-aluminium\/#primaryimage\"},\"image\":{\"@id\":\"https:\/\/staging.lucky-hunter.com\/fr\/product\/ensemble-de-poteaux-de-lofting-en-aluminium\/#primaryimage\"},\"thumbnailUrl\":\"https:\/\/staging.lucky-hunter.com\/wp-content\/uploads\/2021\/08\/Staenger.png\",\"datePublished\":\"2021-08-12T10:45:08+00:00\",\"dateModified\":\"2025-06-24T14:14:47+00:00\",\"description\":\"Cet ensemble de poteaux en aluminium de haute qualit\u00e9 est parfait pour \u00e9lever des pigeons, des corbeaux, des hiboux ou des formes similaires parmi les branches.\",\"breadcrumb\":{\"@id\":\"https:\/\/staging.lucky-hunter.com\/fr\/product\/ensemble-de-poteaux-de-lofting-en-aluminium\/#breadcrumb\"},\"inLanguage\":\"fr-FR\",\"potentialAction\":[{\"@type\":\"ReadAction\",\"target\":[\"https:\/\/staging.lucky-hunter.com\/fr\/product\/ensemble-de-poteaux-de-lofting-en-aluminium\/\"]}]},{\"@type\":\"ImageObject\",\"inLanguage\":\"fr-FR\",\"@id\":\"https:\/\/staging.lucky-hunter.com\/fr\/product\/ensemble-de-poteaux-de-lofting-en-aluminium\/#primaryimage\",\"url\":\"https:\/\/staging.lucky-hunter.com\/wp-content\/uploads\/2021\/08\/Staenger.png\",\"contentUrl\":\"https:\/\/staging.lucky-hunter.com\/wp-content\/uploads\/2021\/08\/Staenger.png\",\"width\":1000,\"height\":1000},{\"@type\":\"BreadcrumbList\",\"@id\":\"https:\/\/staging.lucky-hunter.com\/fr\/product\/ensemble-de-poteaux-de-lofting-en-aluminium\/#breadcrumb\",\"itemListElement\":[{\"@type\":\"ListItem\",\"position\":1,\"name\":\"Home\",\"item\":\"https:\/\/staging.lucky-hunter.com\/fr\/\"},{\"@type\":\"ListItem\",\"position\":2,\"name\":\"Boutique\",\"item\":\"https:\/\/staging.lucky-hunter.com\/fr\/shop\/\"},{\"@type\":\"ListItem\",\"position\":3,\"name\":\"Ensemble de poteaux de lofting en aluminium\"}]},{\"@type\":\"WebSite\",\"@id\":\"https:\/\/staging.lucky-hunter.com\/#website\",\"url\":\"https:\/\/staging.lucky-hunter.com\/\",\"name\":\"Lucky-Hunter\",\"description\":\"Gear Up or Give Up\",\"potentialAction\":[{\"@type\":\"SearchAction\",\"target\":{\"@type\":\"EntryPoint\",\"urlTemplate\":\"https:\/\/staging.lucky-hunter.com\/?s={search_term_string}\"},\"query-input\":{\"@type\":\"PropertyValueSpecification\",\"valueRequired\":true,\"valueName\":\"search_term_string\"}}],\"inLanguage\":\"fr-FR\"}]}<\/script>\n<!-- \/ Yoast SEO plugin. -->","yoast_head_json":{"title":"Ensemble de poteaux de lofting en aluminium","description":"Cet ensemble de poteaux en aluminium de haute qualit\u00e9 est parfait pour \u00e9lever des pigeons, des corbeaux, des hiboux ou des formes similaires parmi les branches.","robots":{"index":"noindex","follow":"follow","max-snippet":"max-snippet:-1","max-image-preview":"max-image-preview:large","max-video-preview":"max-video-preview:-1"},"og_locale":"fr_FR","og_type":"article","og_title":"Ensemble de poteaux de lofting en aluminium","og_description":"Cet ensemble de poteaux en aluminium de haute qualit\u00e9 est parfait pour \u00e9lever des pigeons, des corbeaux, des hiboux ou des formes similaires parmi les branches.","og_url":"https:\/\/staging.lucky-hunter.com\/fr\/product\/ensemble-de-poteaux-de-lofting-en-aluminium\/","og_site_name":"Lucky-Hunter","article_modified_time":"2025-06-24T14:14:47+00:00","og_image":[{"width":1000,"height":1000,"url":"https:\/\/staging.lucky-hunter.com\/wp-content\/uploads\/2021\/08\/Staenger.png","type":"image\/png"}],"twitter_card":"summary_large_image","twitter_misc":{"Dur\u00e9e de lecture estim\u00e9e":"1 minute"},"schema":{"@context":"https:\/\/schema.org","@graph":[{"@type":"WebPage","@id":"https:\/\/staging.lucky-hunter.com\/fr\/product\/ensemble-de-poteaux-de-lofting-en-aluminium\/","url":"https:\/\/staging.lucky-hunter.com\/fr\/product\/ensemble-de-poteaux-de-lofting-en-aluminium\/","name":"Ensemble de poteaux de lofting en aluminium","isPartOf":{"@id":"https:\/\/staging.lucky-hunter.com\/#website"},"primaryImageOfPage":{"@id":"https:\/\/staging.lucky-hunter.com\/fr\/product\/ensemble-de-poteaux-de-lofting-en-aluminium\/#primaryimage"},"image":{"@id":"https:\/\/staging.lucky-hunter.com\/fr\/product\/ensemble-de-poteaux-de-lofting-en-aluminium\/#primaryimage"},"thumbnailUrl":"https:\/\/staging.lucky-hunter.com\/wp-content\/uploads\/2021\/08\/Staenger.png","datePublished":"2021-08-12T10:45:08+00:00","dateModified":"2025-06-24T14:14:47+00:00","description":"Cet ensemble de poteaux en aluminium de haute qualit\u00e9 est parfait pour \u00e9lever des pigeons, des corbeaux, des hiboux ou des formes similaires parmi les branches.","breadcrumb":{"@id":"https:\/\/staging.lucky-hunter.com\/fr\/product\/ensemble-de-poteaux-de-lofting-en-aluminium\/#breadcrumb"},"inLanguage":"fr-FR","potentialAction":[{"@type":"ReadAction","target":["https:\/\/staging.lucky-hunter.com\/fr\/product\/ensemble-de-poteaux-de-lofting-en-aluminium\/"]}]},{"@type":"ImageObject","inLanguage":"fr-FR","@id":"https:\/\/staging.lucky-hunter.com\/fr\/product\/ensemble-de-poteaux-de-lofting-en-aluminium\/#primaryimage","url":"https:\/\/staging.lucky-hunter.com\/wp-content\/uploads\/2021\/08\/Staenger.png","contentUrl":"https:\/\/staging.lucky-hunter.com\/wp-content\/uploads\/2021\/08\/Staenger.png","width":1000,"height":1000},{"@type":"BreadcrumbList","@id":"https:\/\/staging.lucky-hunter.com\/fr\/product\/ensemble-de-poteaux-de-lofting-en-aluminium\/#breadcrumb","itemListElement":[{"@type":"ListItem","position":1,"name":"Home","item":"https:\/\/staging.lucky-hunter.com\/fr\/"},{"@type":"ListItem","position":2,"name":"Boutique","item":"https:\/\/staging.lucky-hunter.com\/fr\/shop\/"},{"@type":"ListItem","position":3,"name":"Ensemble de poteaux de lofting en aluminium"}]},{"@type":"WebSite","@id":"https:\/\/staging.lucky-hunter.com\/#website","url":"https:\/\/staging.lucky-hunter.com\/","name":"Lucky-Hunter","description":"Gear Up or Give Up","potentialAction":[{"@type":"SearchAction","target":{"@type":"EntryPoint","urlTemplate":"https:\/\/staging.lucky-hunter.com\/?s={search_term_string}"},"query-input":{"@type":"PropertyValueSpecification","valueRequired":true,"valueName":"search_term_string"}}],"inLanguage":"fr-FR"}]}},"_links":{"self":[{"href":"https:\/\/staging.lucky-hunter.com\/fr\/wp-json\/wp\/v2\/product\/35313"}],"collection":[{"href":"https:\/\/staging.lucky-hunter.com\/fr\/wp-json\/wp\/v2\/product"}],"about":[{"href":"https:\/\/staging.lucky-hunter.com\/fr\/wp-json\/wp\/v2\/types\/product"}],"wp:featuredmedia":[{"embeddable":true,"href":"https:\/\/staging.lucky-hunter.com\/fr\/wp-json\/wp\/v2\/media\/30262"}],"wp:attachment":[{"href":"https:\/\/staging.lucky-hunter.com\/fr\/wp-json\/wp\/v2\/media?parent=35313"}],"wp:term":[{"taxonomy":"product_brand","embeddable":true,"href":"https:\/\/staging.lucky-hunter.com\/fr\/wp-json\/wp\/v2\/product_brand?post=35313"},{"taxonomy":"product_cat","embeddable":true,"href":"https:\/\/staging.lucky-hunter.com\/fr\/wp-json\/wp\/v2\/product_cat?post=35313"},{"taxonomy":"product_tag","embeddable":true,"href":"https:\/\/staging.lucky-hunter.com\/fr\/wp-json\/wp\/v2\/product_tag?post=35313"}],"curies":[{"name":"wp","href":"https:\/\/api.w.org\/{rel}","templated":true}]}}