{"id":35312,"date":"2021-08-12T12:46:14","date_gmt":"2021-08-12T10:46:14","guid":{"rendered":"https:\/\/staging.lucky-hunter.com\/product\/poteau-de-lofting-en-aluminium-115-cm\/"},"modified":"2025-06-24T16:11:21","modified_gmt":"2025-06-24T14:11:21","slug":"poteau-de-lofting-en-aluminium-115-cm","status":"publish","type":"product","link":"https:\/\/staging.lucky-hunter.com\/fr\/product\/poteau-de-lofting-en-aluminium-115-cm\/","title":{"rendered":"Poteau de lofting en aluminium 115\u00a0cm"},"content":{"rendered":"<h2><strong>Poteau de lofting compact de qualit\u00e9 sup\u00e9rieure pour leurres<\/strong><\/h2>\n<p>Ce poteau en aluminium de haute qualit\u00e9 est parfait pour installer des pigeons, des corbeaux, des hiboux ou des leurres similaires parmi les branches, pour une visibilit\u00e9 suppl\u00e9mentaire.<\/p>\n<p>Vendu \u00e0 l\u2019unit\u00e9 avec embout m\u00e2le, pour une longueur totale de 115\u00a0cm.<\/p>\n<p>Ce poteau s\u2019adapte parfaitement \u00e0 notre ensemble de poteaux de lofting (article LF-207) qui comprend un socle et un poteau (115\u00a0cm).<\/p>\n<p>Les embo\u00fbts m\u00e2les font chacun plus de 20\u00a0cm, de sorte que les poteaux s\u2019embo\u00eetent parfaitement.<\/p>\n<p>Le rev\u00eatement en PVC est antid\u00e9rapant et confortable, pour prot\u00e9ger vos mains du froid, prot\u00e9ger les b\u00e2tons eux-m\u00eames et fournir un rev\u00eatement anti-claquement pour garder votre installation furtive\u00a0!<\/p>\n","protected":false},"excerpt":{"rendered":"<p>Cette perche en aluminium de haute qualit\u00e9 est parfaite pour installer des formes &#8211; de pigeons, de corbeaux, de hiboux etc.<\/p>\n","protected":false},"featured_media":30263,"template":"","meta":[],"product_brand":[8121],"product_cat":[8165],"product_tag":[],"yoast_head":"<!-- This site is optimized with the Yoast SEO plugin v24.3 - https:\/\/yoast.com\/wordpress\/plugins\/seo\/ -->\n<title>Poteau de lofting en aluminium 115\u00a0cm<\/title>\n<meta name=\"description\" content=\"Cette perche en aluminium de haute qualit\u00e9 est parfaite pour installer des formes - de pigeons, de corbeaux, de hiboux etc. - en hauteur parmi les branches.\" \/>\n<meta name=\"robots\" content=\"noindex, follow, max-snippet:-1, max-image-preview:large, max-video-preview:-1\" \/>\n<meta property=\"og:locale\" content=\"fr_FR\" \/>\n<meta property=\"og:type\" content=\"article\" \/>\n<meta property=\"og:title\" content=\"Poteau de lofting en aluminium 115\u00a0cm\" \/>\n<meta property=\"og:description\" content=\"Cette perche en aluminium de haute qualit\u00e9 est parfaite pour installer des formes - de pigeons, de corbeaux, de hiboux etc. - en hauteur parmi les branches.\" \/>\n<meta property=\"og:url\" content=\"https:\/\/staging.lucky-hunter.com\/product\/aluminium-lofting-pole\/\" \/>\n<meta property=\"og:site_name\" content=\"Lucky-Hunter\" \/>\n<meta property=\"article:modified_time\" content=\"2025-06-24T14:11:21+00:00\" \/>\n<meta property=\"og:image\" content=\"https:\/\/staging.lucky-hunter.com\/wp-content\/uploads\/2021\/08\/Staenger-1.png\" \/>\n\t<meta property=\"og:image:width\" content=\"1000\" \/>\n\t<meta property=\"og:image:height\" content=\"1000\" \/>\n\t<meta property=\"og:image:type\" content=\"image\/png\" \/>\n<meta name=\"twitter:card\" content=\"summary_large_image\" \/>\n<meta name=\"twitter:label1\" content=\"Dur\u00e9e de lecture estim\u00e9e\" \/>\n\t<meta name=\"twitter:data1\" content=\"1 minute\" \/>\n<script type=\"application\/ld+json\" class=\"yoast-schema-graph\">{\"@context\":\"https:\/\/schema.org\",\"@graph\":[{\"@type\":\"WebPage\",\"@id\":\"https:\/\/staging.lucky-hunter.com\/product\/aluminium-lofting-pole\/\",\"url\":\"https:\/\/staging.lucky-hunter.com\/product\/aluminium-lofting-pole\/\",\"name\":\"Poteau de lofting en aluminium 115\u00a0cm\",\"isPartOf\":{\"@id\":\"https:\/\/staging.lucky-hunter.com\/#website\"},\"primaryImageOfPage\":{\"@id\":\"https:\/\/staging.lucky-hunter.com\/product\/aluminium-lofting-pole\/#primaryimage\"},\"image\":{\"@id\":\"https:\/\/staging.lucky-hunter.com\/product\/aluminium-lofting-pole\/#primaryimage\"},\"thumbnailUrl\":\"https:\/\/staging.lucky-hunter.com\/wp-content\/uploads\/2021\/08\/Staenger-1.png\",\"datePublished\":\"2021-08-12T10:46:14+00:00\",\"dateModified\":\"2025-06-24T14:11:21+00:00\",\"description\":\"Cette perche en aluminium de haute qualit\u00e9 est parfaite pour installer des formes - de pigeons, de corbeaux, de hiboux etc. - en hauteur parmi les branches.\",\"breadcrumb\":{\"@id\":\"https:\/\/staging.lucky-hunter.com\/product\/aluminium-lofting-pole\/#breadcrumb\"},\"inLanguage\":\"fr-FR\",\"potentialAction\":[{\"@type\":\"ReadAction\",\"target\":[\"https:\/\/staging.lucky-hunter.com\/product\/aluminium-lofting-pole\/\"]}]},{\"@type\":\"ImageObject\",\"inLanguage\":\"fr-FR\",\"@id\":\"https:\/\/staging.lucky-hunter.com\/product\/aluminium-lofting-pole\/#primaryimage\",\"url\":\"https:\/\/staging.lucky-hunter.com\/wp-content\/uploads\/2021\/08\/Staenger-1.png\",\"contentUrl\":\"https:\/\/staging.lucky-hunter.com\/wp-content\/uploads\/2021\/08\/Staenger-1.png\",\"width\":1000,\"height\":1000},{\"@type\":\"BreadcrumbList\",\"@id\":\"https:\/\/staging.lucky-hunter.com\/product\/aluminium-lofting-pole\/#breadcrumb\",\"itemListElement\":[{\"@type\":\"ListItem\",\"position\":1,\"name\":\"Home\",\"item\":\"https:\/\/staging.lucky-hunter.com\/fr\/\"},{\"@type\":\"ListItem\",\"position\":2,\"name\":\"Boutique\",\"item\":\"https:\/\/staging.lucky-hunter.com\/fr\/shop\/\"},{\"@type\":\"ListItem\",\"position\":3,\"name\":\"Poteau de lofting en aluminium 115\u00a0cm\"}]},{\"@type\":\"WebSite\",\"@id\":\"https:\/\/staging.lucky-hunter.com\/#website\",\"url\":\"https:\/\/staging.lucky-hunter.com\/\",\"name\":\"Lucky-Hunter\",\"description\":\"Gear Up or Give Up\",\"potentialAction\":[{\"@type\":\"SearchAction\",\"target\":{\"@type\":\"EntryPoint\",\"urlTemplate\":\"https:\/\/staging.lucky-hunter.com\/?s={search_term_string}\"},\"query-input\":{\"@type\":\"PropertyValueSpecification\",\"valueRequired\":true,\"valueName\":\"search_term_string\"}}],\"inLanguage\":\"fr-FR\"}]}<\/script>\n<!-- \/ Yoast SEO plugin. -->","yoast_head_json":{"title":"Poteau de lofting en aluminium 115\u00a0cm","description":"Cette perche en aluminium de haute qualit\u00e9 est parfaite pour installer des formes - de pigeons, de corbeaux, de hiboux etc. - en hauteur parmi les branches.","robots":{"index":"noindex","follow":"follow","max-snippet":"max-snippet:-1","max-image-preview":"max-image-preview:large","max-video-preview":"max-video-preview:-1"},"og_locale":"fr_FR","og_type":"article","og_title":"Poteau de lofting en aluminium 115\u00a0cm","og_description":"Cette perche en aluminium de haute qualit\u00e9 est parfaite pour installer des formes - de pigeons, de corbeaux, de hiboux etc. - en hauteur parmi les branches.","og_url":"https:\/\/staging.lucky-hunter.com\/product\/aluminium-lofting-pole\/","og_site_name":"Lucky-Hunter","article_modified_time":"2025-06-24T14:11:21+00:00","og_image":[{"width":1000,"height":1000,"url":"https:\/\/staging.lucky-hunter.com\/wp-content\/uploads\/2021\/08\/Staenger-1.png","type":"image\/png"}],"twitter_card":"summary_large_image","twitter_misc":{"Dur\u00e9e de lecture estim\u00e9e":"1 minute"},"schema":{"@context":"https:\/\/schema.org","@graph":[{"@type":"WebPage","@id":"https:\/\/staging.lucky-hunter.com\/product\/aluminium-lofting-pole\/","url":"https:\/\/staging.lucky-hunter.com\/product\/aluminium-lofting-pole\/","name":"Poteau de lofting en aluminium 115\u00a0cm","isPartOf":{"@id":"https:\/\/staging.lucky-hunter.com\/#website"},"primaryImageOfPage":{"@id":"https:\/\/staging.lucky-hunter.com\/product\/aluminium-lofting-pole\/#primaryimage"},"image":{"@id":"https:\/\/staging.lucky-hunter.com\/product\/aluminium-lofting-pole\/#primaryimage"},"thumbnailUrl":"https:\/\/staging.lucky-hunter.com\/wp-content\/uploads\/2021\/08\/Staenger-1.png","datePublished":"2021-08-12T10:46:14+00:00","dateModified":"2025-06-24T14:11:21+00:00","description":"Cette perche en aluminium de haute qualit\u00e9 est parfaite pour installer des formes - de pigeons, de corbeaux, de hiboux etc. - en hauteur parmi les branches.","breadcrumb":{"@id":"https:\/\/staging.lucky-hunter.com\/product\/aluminium-lofting-pole\/#breadcrumb"},"inLanguage":"fr-FR","potentialAction":[{"@type":"ReadAction","target":["https:\/\/staging.lucky-hunter.com\/product\/aluminium-lofting-pole\/"]}]},{"@type":"ImageObject","inLanguage":"fr-FR","@id":"https:\/\/staging.lucky-hunter.com\/product\/aluminium-lofting-pole\/#primaryimage","url":"https:\/\/staging.lucky-hunter.com\/wp-content\/uploads\/2021\/08\/Staenger-1.png","contentUrl":"https:\/\/staging.lucky-hunter.com\/wp-content\/uploads\/2021\/08\/Staenger-1.png","width":1000,"height":1000},{"@type":"BreadcrumbList","@id":"https:\/\/staging.lucky-hunter.com\/product\/aluminium-lofting-pole\/#breadcrumb","itemListElement":[{"@type":"ListItem","position":1,"name":"Home","item":"https:\/\/staging.lucky-hunter.com\/fr\/"},{"@type":"ListItem","position":2,"name":"Boutique","item":"https:\/\/staging.lucky-hunter.com\/fr\/shop\/"},{"@type":"ListItem","position":3,"name":"Poteau de lofting en aluminium 115\u00a0cm"}]},{"@type":"WebSite","@id":"https:\/\/staging.lucky-hunter.com\/#website","url":"https:\/\/staging.lucky-hunter.com\/","name":"Lucky-Hunter","description":"Gear Up or Give Up","potentialAction":[{"@type":"SearchAction","target":{"@type":"EntryPoint","urlTemplate":"https:\/\/staging.lucky-hunter.com\/?s={search_term_string}"},"query-input":{"@type":"PropertyValueSpecification","valueRequired":true,"valueName":"search_term_string"}}],"inLanguage":"fr-FR"}]}},"_links":{"self":[{"href":"https:\/\/staging.lucky-hunter.com\/fr\/wp-json\/wp\/v2\/product\/35312"}],"collection":[{"href":"https:\/\/staging.lucky-hunter.com\/fr\/wp-json\/wp\/v2\/product"}],"about":[{"href":"https:\/\/staging.lucky-hunter.com\/fr\/wp-json\/wp\/v2\/types\/product"}],"wp:featuredmedia":[{"embeddable":true,"href":"https:\/\/staging.lucky-hunter.com\/fr\/wp-json\/wp\/v2\/media\/30263"}],"wp:attachment":[{"href":"https:\/\/staging.lucky-hunter.com\/fr\/wp-json\/wp\/v2\/media?parent=35312"}],"wp:term":[{"taxonomy":"product_brand","embeddable":true,"href":"https:\/\/staging.lucky-hunter.com\/fr\/wp-json\/wp\/v2\/product_brand?post=35312"},{"taxonomy":"product_cat","embeddable":true,"href":"https:\/\/staging.lucky-hunter.com\/fr\/wp-json\/wp\/v2\/product_cat?post=35312"},{"taxonomy":"product_tag","embeddable":true,"href":"https:\/\/staging.lucky-hunter.com\/fr\/wp-json\/wp\/v2\/product_tag?post=35312"}],"curies":[{"name":"wp","href":"https:\/\/api.w.org\/{rel}","templated":true}]}}