{"id":35311,"date":"2021-10-06T10:58:18","date_gmt":"2021-10-06T08:58:18","guid":{"rendered":"https:\/\/staging.lucky-hunter.com\/product\/leurre-volant-hypa-motorise-pour-pigeons-par-sillosocks\/"},"modified":"2025-06-24T15:57:19","modified_gmt":"2025-06-24T13:57:19","slug":"forme-volant-hypa-motorise-pour-pigeons-sillosocks","status":"publish","type":"product","link":"https:\/\/staging.lucky-hunter.com\/fr\/product\/forme-volant-hypa-motorise-pour-pigeons-sillosocks\/","title":{"rendered":"Forme volant Hypa motoris\u00e9 pour pigeons &#8211; Sillosocks"},"content":{"rendered":"<h2><strong>Ajoutez du mouvement \u00e0 vos formes de pigeons<\/strong><\/h2>\n<p>Piegon volant motoris\u00e9 de Sillosocks est l\u00e9ger, r\u00e9aliste et l&#8217;un des formes \u00e0 pigeons les plus efficaces sur le march\u00e9 ces derni\u00e8res ann\u00e9es.<\/p>\n<p>Il r\u00e9unit l&#8217;efficacit\u00e9 d&#8217;un pigeon Sillosocks Hypa-Flap et d&#8217;un forme volant motoris\u00e9 en une seule unit\u00e9 l\u00e9g\u00e8re.<\/p>\n<p>Pesant seulement 345 grammes et capable de se replier pour un rangement facile, vous ne remarquerez m\u00eame pas que vous le portez.<\/p>\n<p>La minuterie int\u00e9gr\u00e9e avec plus de 2 m\u00e8tres de c\u00e2ble vous permet d&#8217;allumer et d&#8217;\u00e9teindre le forme et de le mettre en marche intermittente, pour que les ailes battent de mani\u00e8re al\u00e9atoire. Les ailes battent entre 130 et 145 battements par minute et il fonctionnera sans probl\u00e8me sur une petite batterie 12v 1.2ah (non incluse) pour une journ\u00e9e enti\u00e8re de chasse. Il fonctionnera avec plaisir sur une petite batterie 12v 1.2ah (non incluse) pour une journ\u00e9e compl\u00e8te de prise de vue.<\/p>\n<p>Que vous choisissiez de l\u2019installer sur une branche de saule, une tige en acier ou votre machine rotative (non incluse), il ajoutera un mouvement incroyable \u00e0 vos formes et attirera les pigeons.<\/p>\n","protected":false},"excerpt":{"rendered":"<p>Piegon volant motoris\u00e9 de Sillosocks est l\u00e9ger, r\u00e9aliste et l&#8217;un des formes \u00e0 pigeons les plus efficaces sur le march\u00e9 ces derni\u00e8res ann\u00e9es.<\/p>\n<p>.<\/p>\n","protected":false},"featured_media":30364,"template":"","meta":[],"product_brand":[9670],"product_cat":[8163,9744],"product_tag":[9250],"yoast_head":"<!-- This site is optimized with the Yoast SEO plugin v24.3 - https:\/\/yoast.com\/wordpress\/plugins\/seo\/ -->\n<title>Forme volant Hypa motoris\u00e9 pour pigeons par Sillosocks<\/title>\n<meta name=\"description\" content=\"Piegon volant motoris\u00e9 de Sillosocks est l\u00e9ger, r\u00e9aliste et l&#039;un des formes \u00e0 pigeons les plus efficaces sur le march\u00e9 ces derni\u00e8res ann\u00e9es.\" \/>\n<meta name=\"robots\" content=\"noindex, follow, max-snippet:-1, max-image-preview:large, max-video-preview:-1\" \/>\n<meta property=\"og:locale\" content=\"fr_FR\" \/>\n<meta property=\"og:type\" content=\"article\" \/>\n<meta property=\"og:title\" content=\"Forme volant Hypa motoris\u00e9 pour pigeons par Sillosocks\" \/>\n<meta property=\"og:description\" content=\"Piegon volant motoris\u00e9 de Sillosocks est l\u00e9ger, r\u00e9aliste et l&#039;un des formes \u00e0 pigeons les plus efficaces sur le march\u00e9 ces derni\u00e8res ann\u00e9es.\" \/>\n<meta property=\"og:url\" content=\"https:\/\/staging.lucky-hunter.com\/fr\/product\/forme-volant-hypa-motorise-pour-pigeons-sillosocks\/\" \/>\n<meta property=\"og:site_name\" content=\"Lucky-Hunter\" \/>\n<meta property=\"article:modified_time\" content=\"2025-06-24T13:57:19+00:00\" \/>\n<meta property=\"og:image\" content=\"https:\/\/staging.lucky-hunter.com\/wp-content\/uploads\/2021\/10\/LF-146.png\" \/>\n\t<meta property=\"og:image:width\" content=\"1000\" \/>\n\t<meta property=\"og:image:height\" content=\"1000\" \/>\n\t<meta property=\"og:image:type\" content=\"image\/png\" \/>\n<meta name=\"twitter:card\" content=\"summary_large_image\" \/>\n<meta name=\"twitter:label1\" content=\"Dur\u00e9e de lecture estim\u00e9e\" \/>\n\t<meta name=\"twitter:data1\" content=\"2 minutes\" \/>\n<script type=\"application\/ld+json\" class=\"yoast-schema-graph\">{\"@context\":\"https:\/\/schema.org\",\"@graph\":[{\"@type\":\"WebPage\",\"@id\":\"https:\/\/staging.lucky-hunter.com\/fr\/product\/forme-volant-hypa-motorise-pour-pigeons-sillosocks\/\",\"url\":\"https:\/\/staging.lucky-hunter.com\/fr\/product\/forme-volant-hypa-motorise-pour-pigeons-sillosocks\/\",\"name\":\"Forme volant Hypa motoris\u00e9 pour pigeons par Sillosocks\",\"isPartOf\":{\"@id\":\"https:\/\/staging.lucky-hunter.com\/#website\"},\"primaryImageOfPage\":{\"@id\":\"https:\/\/staging.lucky-hunter.com\/fr\/product\/forme-volant-hypa-motorise-pour-pigeons-sillosocks\/#primaryimage\"},\"image\":{\"@id\":\"https:\/\/staging.lucky-hunter.com\/fr\/product\/forme-volant-hypa-motorise-pour-pigeons-sillosocks\/#primaryimage\"},\"thumbnailUrl\":\"https:\/\/staging.lucky-hunter.com\/wp-content\/uploads\/2021\/10\/LF-146.png\",\"datePublished\":\"2021-10-06T08:58:18+00:00\",\"dateModified\":\"2025-06-24T13:57:19+00:00\",\"description\":\"Piegon volant motoris\u00e9 de Sillosocks est l\u00e9ger, r\u00e9aliste et l'un des formes \u00e0 pigeons les plus efficaces sur le march\u00e9 ces derni\u00e8res ann\u00e9es.\",\"breadcrumb\":{\"@id\":\"https:\/\/staging.lucky-hunter.com\/fr\/product\/forme-volant-hypa-motorise-pour-pigeons-sillosocks\/#breadcrumb\"},\"inLanguage\":\"fr-FR\",\"potentialAction\":[{\"@type\":\"ReadAction\",\"target\":[\"https:\/\/staging.lucky-hunter.com\/fr\/product\/forme-volant-hypa-motorise-pour-pigeons-sillosocks\/\"]}]},{\"@type\":\"ImageObject\",\"inLanguage\":\"fr-FR\",\"@id\":\"https:\/\/staging.lucky-hunter.com\/fr\/product\/forme-volant-hypa-motorise-pour-pigeons-sillosocks\/#primaryimage\",\"url\":\"https:\/\/staging.lucky-hunter.com\/wp-content\/uploads\/2021\/10\/LF-146.png\",\"contentUrl\":\"https:\/\/staging.lucky-hunter.com\/wp-content\/uploads\/2021\/10\/LF-146.png\",\"width\":1000,\"height\":1000},{\"@type\":\"BreadcrumbList\",\"@id\":\"https:\/\/staging.lucky-hunter.com\/fr\/product\/forme-volant-hypa-motorise-pour-pigeons-sillosocks\/#breadcrumb\",\"itemListElement\":[{\"@type\":\"ListItem\",\"position\":1,\"name\":\"Home\",\"item\":\"https:\/\/staging.lucky-hunter.com\/fr\/\"},{\"@type\":\"ListItem\",\"position\":2,\"name\":\"Boutique\",\"item\":\"https:\/\/staging.lucky-hunter.com\/fr\/shop\/\"},{\"@type\":\"ListItem\",\"position\":3,\"name\":\"Forme volant Hypa motoris\u00e9 pour pigeons &#8211; Sillosocks\"}]},{\"@type\":\"WebSite\",\"@id\":\"https:\/\/staging.lucky-hunter.com\/#website\",\"url\":\"https:\/\/staging.lucky-hunter.com\/\",\"name\":\"Lucky-Hunter\",\"description\":\"Gear Up or Give Up\",\"potentialAction\":[{\"@type\":\"SearchAction\",\"target\":{\"@type\":\"EntryPoint\",\"urlTemplate\":\"https:\/\/staging.lucky-hunter.com\/?s={search_term_string}\"},\"query-input\":{\"@type\":\"PropertyValueSpecification\",\"valueRequired\":true,\"valueName\":\"search_term_string\"}}],\"inLanguage\":\"fr-FR\"}]}<\/script>\n<!-- \/ Yoast SEO plugin. -->","yoast_head_json":{"title":"Forme volant Hypa motoris\u00e9 pour pigeons par Sillosocks","description":"Piegon volant motoris\u00e9 de Sillosocks est l\u00e9ger, r\u00e9aliste et l'un des formes \u00e0 pigeons les plus efficaces sur le march\u00e9 ces derni\u00e8res ann\u00e9es.","robots":{"index":"noindex","follow":"follow","max-snippet":"max-snippet:-1","max-image-preview":"max-image-preview:large","max-video-preview":"max-video-preview:-1"},"og_locale":"fr_FR","og_type":"article","og_title":"Forme volant Hypa motoris\u00e9 pour pigeons par Sillosocks","og_description":"Piegon volant motoris\u00e9 de Sillosocks est l\u00e9ger, r\u00e9aliste et l'un des formes \u00e0 pigeons les plus efficaces sur le march\u00e9 ces derni\u00e8res ann\u00e9es.","og_url":"https:\/\/staging.lucky-hunter.com\/fr\/product\/forme-volant-hypa-motorise-pour-pigeons-sillosocks\/","og_site_name":"Lucky-Hunter","article_modified_time":"2025-06-24T13:57:19+00:00","og_image":[{"width":1000,"height":1000,"url":"https:\/\/staging.lucky-hunter.com\/wp-content\/uploads\/2021\/10\/LF-146.png","type":"image\/png"}],"twitter_card":"summary_large_image","twitter_misc":{"Dur\u00e9e de lecture estim\u00e9e":"2 minutes"},"schema":{"@context":"https:\/\/schema.org","@graph":[{"@type":"WebPage","@id":"https:\/\/staging.lucky-hunter.com\/fr\/product\/forme-volant-hypa-motorise-pour-pigeons-sillosocks\/","url":"https:\/\/staging.lucky-hunter.com\/fr\/product\/forme-volant-hypa-motorise-pour-pigeons-sillosocks\/","name":"Forme volant Hypa motoris\u00e9 pour pigeons par Sillosocks","isPartOf":{"@id":"https:\/\/staging.lucky-hunter.com\/#website"},"primaryImageOfPage":{"@id":"https:\/\/staging.lucky-hunter.com\/fr\/product\/forme-volant-hypa-motorise-pour-pigeons-sillosocks\/#primaryimage"},"image":{"@id":"https:\/\/staging.lucky-hunter.com\/fr\/product\/forme-volant-hypa-motorise-pour-pigeons-sillosocks\/#primaryimage"},"thumbnailUrl":"https:\/\/staging.lucky-hunter.com\/wp-content\/uploads\/2021\/10\/LF-146.png","datePublished":"2021-10-06T08:58:18+00:00","dateModified":"2025-06-24T13:57:19+00:00","description":"Piegon volant motoris\u00e9 de Sillosocks est l\u00e9ger, r\u00e9aliste et l'un des formes \u00e0 pigeons les plus efficaces sur le march\u00e9 ces derni\u00e8res ann\u00e9es.","breadcrumb":{"@id":"https:\/\/staging.lucky-hunter.com\/fr\/product\/forme-volant-hypa-motorise-pour-pigeons-sillosocks\/#breadcrumb"},"inLanguage":"fr-FR","potentialAction":[{"@type":"ReadAction","target":["https:\/\/staging.lucky-hunter.com\/fr\/product\/forme-volant-hypa-motorise-pour-pigeons-sillosocks\/"]}]},{"@type":"ImageObject","inLanguage":"fr-FR","@id":"https:\/\/staging.lucky-hunter.com\/fr\/product\/forme-volant-hypa-motorise-pour-pigeons-sillosocks\/#primaryimage","url":"https:\/\/staging.lucky-hunter.com\/wp-content\/uploads\/2021\/10\/LF-146.png","contentUrl":"https:\/\/staging.lucky-hunter.com\/wp-content\/uploads\/2021\/10\/LF-146.png","width":1000,"height":1000},{"@type":"BreadcrumbList","@id":"https:\/\/staging.lucky-hunter.com\/fr\/product\/forme-volant-hypa-motorise-pour-pigeons-sillosocks\/#breadcrumb","itemListElement":[{"@type":"ListItem","position":1,"name":"Home","item":"https:\/\/staging.lucky-hunter.com\/fr\/"},{"@type":"ListItem","position":2,"name":"Boutique","item":"https:\/\/staging.lucky-hunter.com\/fr\/shop\/"},{"@type":"ListItem","position":3,"name":"Forme volant Hypa motoris\u00e9 pour pigeons &#8211; Sillosocks"}]},{"@type":"WebSite","@id":"https:\/\/staging.lucky-hunter.com\/#website","url":"https:\/\/staging.lucky-hunter.com\/","name":"Lucky-Hunter","description":"Gear Up or Give Up","potentialAction":[{"@type":"SearchAction","target":{"@type":"EntryPoint","urlTemplate":"https:\/\/staging.lucky-hunter.com\/?s={search_term_string}"},"query-input":{"@type":"PropertyValueSpecification","valueRequired":true,"valueName":"search_term_string"}}],"inLanguage":"fr-FR"}]}},"_links":{"self":[{"href":"https:\/\/staging.lucky-hunter.com\/fr\/wp-json\/wp\/v2\/product\/35311"}],"collection":[{"href":"https:\/\/staging.lucky-hunter.com\/fr\/wp-json\/wp\/v2\/product"}],"about":[{"href":"https:\/\/staging.lucky-hunter.com\/fr\/wp-json\/wp\/v2\/types\/product"}],"wp:featuredmedia":[{"embeddable":true,"href":"https:\/\/staging.lucky-hunter.com\/fr\/wp-json\/wp\/v2\/media\/30364"}],"wp:attachment":[{"href":"https:\/\/staging.lucky-hunter.com\/fr\/wp-json\/wp\/v2\/media?parent=35311"}],"wp:term":[{"taxonomy":"product_brand","embeddable":true,"href":"https:\/\/staging.lucky-hunter.com\/fr\/wp-json\/wp\/v2\/product_brand?post=35311"},{"taxonomy":"product_cat","embeddable":true,"href":"https:\/\/staging.lucky-hunter.com\/fr\/wp-json\/wp\/v2\/product_cat?post=35311"},{"taxonomy":"product_tag","embeddable":true,"href":"https:\/\/staging.lucky-hunter.com\/fr\/wp-json\/wp\/v2\/product_tag?post=35311"}],"curies":[{"name":"wp","href":"https:\/\/api.w.org\/{rel}","templated":true}]}}