{"id":35310,"date":"2021-10-11T08:30:53","date_gmt":"2021-10-11T06:30:53","guid":{"rendered":"https:\/\/staging.lucky-hunter.com\/product\/piquets-maxi-mover-pour-coques-de-leurres-12-pcs\/"},"modified":"2025-06-24T15:54:41","modified_gmt":"2025-06-24T13:54:41","slug":"piquets-maxi-mover-pour-coques-de-leurres-12-pcs","status":"publish","type":"product","link":"https:\/\/staging.lucky-hunter.com\/fr\/product\/piquets-maxi-mover-pour-coques-de-leurres-12-pcs\/","title":{"rendered":"Piquets Maxi Mover pour coques de formes &#8211; 12 pcs"},"content":{"rendered":"<h2><strong>Nouveaux piquets de montage brillants pour vos coques de formes<\/strong><\/h2>\n<p>Ces Maxi Movers sont les originaux et les meilleurs gr\u00e2ce \u00e0 leur conception ing\u00e9nieuse. \u00c0 la moindre brise, la forme mont\u00e9e sur ce piquet Maxi Mover pourra picorer, sauter et se dandiner d\u2019un c\u00f4t\u00e9 \u00e0 l\u2019autre, donnant un atout essentiel \u00e0 vos formes : le mouvement.<\/p>\n<p>Vendu par lot de 12 pi\u00e8ces.<\/p>\n<p><strong>Caract\u00e9ristiques\u00a0:<\/strong><\/p>\n<ul>\n<li>L\u00e9ger et durable (seulement 259 g par paquet)<\/li>\n<li>Embout caoutchout\u00e9 pour tenir solidement votre leurre m\u00eame par vent fort<\/li>\n<li>Tige caoutchout\u00e9e pour plus de confort et pour r\u00e9duire le glissement lors de la tenue, de la mise en place et du retrait de vos formes.<\/li>\n<\/ul>\n","protected":false},"excerpt":{"rendered":"<p>\u00c0 la moindre brise, la forme mont\u00e9e sur ce piquet Maxi Mover pourra picorer, sauter et se dandiner d\u2019un c\u00f4t\u00e9 \u00e0 l\u2019autre, donnant un atout essentiel \u00e0 vos formes : le mouvement.<\/p>\n","protected":false},"featured_media":30736,"template":"","meta":[],"product_brand":[8121],"product_cat":[8165],"product_tag":[9443,9250],"yoast_head":"<!-- This site is optimized with the Yoast SEO plugin v24.3 - https:\/\/yoast.com\/wordpress\/plugins\/seo\/ -->\n<title>Piquets Maxi Mover pour coques de formes - 12 pcs<\/title>\n<meta name=\"description\" content=\"\u00c0 la moindre brise, la forme mont\u00e9e sur ce piquet Maxi Mover pourra picorer, sauter et se dandiner d\u2019un c\u00f4t\u00e9 \u00e0 l\u2019autre, donnant un atout essentiel \u00e0 vos formes.\" \/>\n<meta name=\"robots\" content=\"noindex, follow, max-snippet:-1, max-image-preview:large, max-video-preview:-1\" \/>\n<meta property=\"og:locale\" content=\"fr_FR\" \/>\n<meta property=\"og:type\" content=\"article\" \/>\n<meta property=\"og:title\" content=\"Piquets Maxi Mover pour coques de formes - 12 pcs\" \/>\n<meta property=\"og:description\" content=\"\u00c0 la moindre brise, la forme mont\u00e9e sur ce piquet Maxi Mover pourra picorer, sauter et se dandiner d\u2019un c\u00f4t\u00e9 \u00e0 l\u2019autre, donnant un atout essentiel \u00e0 vos formes.\" \/>\n<meta property=\"og:url\" content=\"https:\/\/staging.lucky-hunter.com\/fr\/product\/piquets-maxi-mover-pour-coques-de-leurres-12-pcs\/\" \/>\n<meta property=\"og:site_name\" content=\"Lucky-Hunter\" \/>\n<meta property=\"article:modified_time\" content=\"2025-06-24T13:54:41+00:00\" \/>\n<meta property=\"og:image\" content=\"https:\/\/staging.lucky-hunter.com\/wp-content\/uploads\/2021\/10\/LF-148.png\" \/>\n\t<meta property=\"og:image:width\" content=\"1000\" \/>\n\t<meta property=\"og:image:height\" content=\"1000\" \/>\n\t<meta property=\"og:image:type\" content=\"image\/png\" \/>\n<meta name=\"twitter:card\" content=\"summary_large_image\" \/>\n<meta name=\"twitter:label1\" content=\"Dur\u00e9e de lecture estim\u00e9e\" \/>\n\t<meta name=\"twitter:data1\" content=\"1 minute\" \/>\n<script type=\"application\/ld+json\" class=\"yoast-schema-graph\">{\"@context\":\"https:\/\/schema.org\",\"@graph\":[{\"@type\":\"WebPage\",\"@id\":\"https:\/\/staging.lucky-hunter.com\/fr\/product\/piquets-maxi-mover-pour-coques-de-leurres-12-pcs\/\",\"url\":\"https:\/\/staging.lucky-hunter.com\/fr\/product\/piquets-maxi-mover-pour-coques-de-leurres-12-pcs\/\",\"name\":\"Piquets Maxi Mover pour coques de formes - 12 pcs\",\"isPartOf\":{\"@id\":\"https:\/\/staging.lucky-hunter.com\/#website\"},\"primaryImageOfPage\":{\"@id\":\"https:\/\/staging.lucky-hunter.com\/fr\/product\/piquets-maxi-mover-pour-coques-de-leurres-12-pcs\/#primaryimage\"},\"image\":{\"@id\":\"https:\/\/staging.lucky-hunter.com\/fr\/product\/piquets-maxi-mover-pour-coques-de-leurres-12-pcs\/#primaryimage\"},\"thumbnailUrl\":\"https:\/\/staging.lucky-hunter.com\/wp-content\/uploads\/2021\/10\/LF-148.png\",\"datePublished\":\"2021-10-11T06:30:53+00:00\",\"dateModified\":\"2025-06-24T13:54:41+00:00\",\"description\":\"\u00c0 la moindre brise, la forme mont\u00e9e sur ce piquet Maxi Mover pourra picorer, sauter et se dandiner d\u2019un c\u00f4t\u00e9 \u00e0 l\u2019autre, donnant un atout essentiel \u00e0 vos formes.\",\"breadcrumb\":{\"@id\":\"https:\/\/staging.lucky-hunter.com\/fr\/product\/piquets-maxi-mover-pour-coques-de-leurres-12-pcs\/#breadcrumb\"},\"inLanguage\":\"fr-FR\",\"potentialAction\":[{\"@type\":\"ReadAction\",\"target\":[\"https:\/\/staging.lucky-hunter.com\/fr\/product\/piquets-maxi-mover-pour-coques-de-leurres-12-pcs\/\"]}]},{\"@type\":\"ImageObject\",\"inLanguage\":\"fr-FR\",\"@id\":\"https:\/\/staging.lucky-hunter.com\/fr\/product\/piquets-maxi-mover-pour-coques-de-leurres-12-pcs\/#primaryimage\",\"url\":\"https:\/\/staging.lucky-hunter.com\/wp-content\/uploads\/2021\/10\/LF-148.png\",\"contentUrl\":\"https:\/\/staging.lucky-hunter.com\/wp-content\/uploads\/2021\/10\/LF-148.png\",\"width\":1000,\"height\":1000},{\"@type\":\"BreadcrumbList\",\"@id\":\"https:\/\/staging.lucky-hunter.com\/fr\/product\/piquets-maxi-mover-pour-coques-de-leurres-12-pcs\/#breadcrumb\",\"itemListElement\":[{\"@type\":\"ListItem\",\"position\":1,\"name\":\"Home\",\"item\":\"https:\/\/staging.lucky-hunter.com\/fr\/\"},{\"@type\":\"ListItem\",\"position\":2,\"name\":\"Boutique\",\"item\":\"https:\/\/staging.lucky-hunter.com\/fr\/shop\/\"},{\"@type\":\"ListItem\",\"position\":3,\"name\":\"Piquets Maxi Mover pour coques de formes &#8211; 12 pcs\"}]},{\"@type\":\"WebSite\",\"@id\":\"https:\/\/staging.lucky-hunter.com\/#website\",\"url\":\"https:\/\/staging.lucky-hunter.com\/\",\"name\":\"Lucky-Hunter\",\"description\":\"Gear Up or Give Up\",\"potentialAction\":[{\"@type\":\"SearchAction\",\"target\":{\"@type\":\"EntryPoint\",\"urlTemplate\":\"https:\/\/staging.lucky-hunter.com\/?s={search_term_string}\"},\"query-input\":{\"@type\":\"PropertyValueSpecification\",\"valueRequired\":true,\"valueName\":\"search_term_string\"}}],\"inLanguage\":\"fr-FR\"}]}<\/script>\n<!-- \/ Yoast SEO plugin. -->","yoast_head_json":{"title":"Piquets Maxi Mover pour coques de formes - 12 pcs","description":"\u00c0 la moindre brise, la forme mont\u00e9e sur ce piquet Maxi Mover pourra picorer, sauter et se dandiner d\u2019un c\u00f4t\u00e9 \u00e0 l\u2019autre, donnant un atout essentiel \u00e0 vos formes.","robots":{"index":"noindex","follow":"follow","max-snippet":"max-snippet:-1","max-image-preview":"max-image-preview:large","max-video-preview":"max-video-preview:-1"},"og_locale":"fr_FR","og_type":"article","og_title":"Piquets Maxi Mover pour coques de formes - 12 pcs","og_description":"\u00c0 la moindre brise, la forme mont\u00e9e sur ce piquet Maxi Mover pourra picorer, sauter et se dandiner d\u2019un c\u00f4t\u00e9 \u00e0 l\u2019autre, donnant un atout essentiel \u00e0 vos formes.","og_url":"https:\/\/staging.lucky-hunter.com\/fr\/product\/piquets-maxi-mover-pour-coques-de-leurres-12-pcs\/","og_site_name":"Lucky-Hunter","article_modified_time":"2025-06-24T13:54:41+00:00","og_image":[{"width":1000,"height":1000,"url":"https:\/\/staging.lucky-hunter.com\/wp-content\/uploads\/2021\/10\/LF-148.png","type":"image\/png"}],"twitter_card":"summary_large_image","twitter_misc":{"Dur\u00e9e de lecture estim\u00e9e":"1 minute"},"schema":{"@context":"https:\/\/schema.org","@graph":[{"@type":"WebPage","@id":"https:\/\/staging.lucky-hunter.com\/fr\/product\/piquets-maxi-mover-pour-coques-de-leurres-12-pcs\/","url":"https:\/\/staging.lucky-hunter.com\/fr\/product\/piquets-maxi-mover-pour-coques-de-leurres-12-pcs\/","name":"Piquets Maxi Mover pour coques de formes - 12 pcs","isPartOf":{"@id":"https:\/\/staging.lucky-hunter.com\/#website"},"primaryImageOfPage":{"@id":"https:\/\/staging.lucky-hunter.com\/fr\/product\/piquets-maxi-mover-pour-coques-de-leurres-12-pcs\/#primaryimage"},"image":{"@id":"https:\/\/staging.lucky-hunter.com\/fr\/product\/piquets-maxi-mover-pour-coques-de-leurres-12-pcs\/#primaryimage"},"thumbnailUrl":"https:\/\/staging.lucky-hunter.com\/wp-content\/uploads\/2021\/10\/LF-148.png","datePublished":"2021-10-11T06:30:53+00:00","dateModified":"2025-06-24T13:54:41+00:00","description":"\u00c0 la moindre brise, la forme mont\u00e9e sur ce piquet Maxi Mover pourra picorer, sauter et se dandiner d\u2019un c\u00f4t\u00e9 \u00e0 l\u2019autre, donnant un atout essentiel \u00e0 vos formes.","breadcrumb":{"@id":"https:\/\/staging.lucky-hunter.com\/fr\/product\/piquets-maxi-mover-pour-coques-de-leurres-12-pcs\/#breadcrumb"},"inLanguage":"fr-FR","potentialAction":[{"@type":"ReadAction","target":["https:\/\/staging.lucky-hunter.com\/fr\/product\/piquets-maxi-mover-pour-coques-de-leurres-12-pcs\/"]}]},{"@type":"ImageObject","inLanguage":"fr-FR","@id":"https:\/\/staging.lucky-hunter.com\/fr\/product\/piquets-maxi-mover-pour-coques-de-leurres-12-pcs\/#primaryimage","url":"https:\/\/staging.lucky-hunter.com\/wp-content\/uploads\/2021\/10\/LF-148.png","contentUrl":"https:\/\/staging.lucky-hunter.com\/wp-content\/uploads\/2021\/10\/LF-148.png","width":1000,"height":1000},{"@type":"BreadcrumbList","@id":"https:\/\/staging.lucky-hunter.com\/fr\/product\/piquets-maxi-mover-pour-coques-de-leurres-12-pcs\/#breadcrumb","itemListElement":[{"@type":"ListItem","position":1,"name":"Home","item":"https:\/\/staging.lucky-hunter.com\/fr\/"},{"@type":"ListItem","position":2,"name":"Boutique","item":"https:\/\/staging.lucky-hunter.com\/fr\/shop\/"},{"@type":"ListItem","position":3,"name":"Piquets Maxi Mover pour coques de formes &#8211; 12 pcs"}]},{"@type":"WebSite","@id":"https:\/\/staging.lucky-hunter.com\/#website","url":"https:\/\/staging.lucky-hunter.com\/","name":"Lucky-Hunter","description":"Gear Up or Give Up","potentialAction":[{"@type":"SearchAction","target":{"@type":"EntryPoint","urlTemplate":"https:\/\/staging.lucky-hunter.com\/?s={search_term_string}"},"query-input":{"@type":"PropertyValueSpecification","valueRequired":true,"valueName":"search_term_string"}}],"inLanguage":"fr-FR"}]}},"_links":{"self":[{"href":"https:\/\/staging.lucky-hunter.com\/fr\/wp-json\/wp\/v2\/product\/35310"}],"collection":[{"href":"https:\/\/staging.lucky-hunter.com\/fr\/wp-json\/wp\/v2\/product"}],"about":[{"href":"https:\/\/staging.lucky-hunter.com\/fr\/wp-json\/wp\/v2\/types\/product"}],"wp:featuredmedia":[{"embeddable":true,"href":"https:\/\/staging.lucky-hunter.com\/fr\/wp-json\/wp\/v2\/media\/30736"}],"wp:attachment":[{"href":"https:\/\/staging.lucky-hunter.com\/fr\/wp-json\/wp\/v2\/media?parent=35310"}],"wp:term":[{"taxonomy":"product_brand","embeddable":true,"href":"https:\/\/staging.lucky-hunter.com\/fr\/wp-json\/wp\/v2\/product_brand?post=35310"},{"taxonomy":"product_cat","embeddable":true,"href":"https:\/\/staging.lucky-hunter.com\/fr\/wp-json\/wp\/v2\/product_cat?post=35310"},{"taxonomy":"product_tag","embeddable":true,"href":"https:\/\/staging.lucky-hunter.com\/fr\/wp-json\/wp\/v2\/product_tag?post=35310"}],"curies":[{"name":"wp","href":"https:\/\/api.w.org\/{rel}","templated":true}]}}