{"id":35309,"date":"2021-10-12T13:03:30","date_gmt":"2021-10-12T11:03:30","guid":{"rendered":"https:\/\/staging.lucky-hunter.com\/product\/antenne-cellulaire-longue-portee-spypoint-ca-01\/"},"modified":"2022-11-15T15:30:41","modified_gmt":"2022-11-15T14:30:41","slug":"antenne-cellulaire-longue-portee-spypoint-ca-01","status":"publish","type":"product","link":"https:\/\/staging.lucky-hunter.com\/fr\/product\/antenne-cellulaire-longue-portee-spypoint-ca-01\/","title":{"rendered":"Antenne Cellulaire Longue Port\u00e9e Spypoint CA-01"},"content":{"rendered":"<h2><strong>Amplificateur de signal pour votre cam\u00e9ra Spypoint<\/strong><\/h2>\n<p>Antenne longue port\u00e9e pour votre cam\u00e9ra de chasse Spypoint.<\/p>\n<p>Elle am\u00e9liore la force du signal si votre cam\u00e9ra est situ\u00e9e dans des zones o\u00f9 la r\u00e9ception est faible.<\/p>\n<p>L&#8217;antenne dispose d\u2019un c\u00e2ble de 4,6 m\u00e8tres de long afin de pouvoir la placer plus haut dans l\u2019arbre ou dans un endroit exempt de branches et de feuilles qui pourraient interf\u00e9rer avec le signal.<\/p>\n<p>Connecteur RP-SMA. Support inclus pour une installation facile.<\/p>\n","protected":false},"excerpt":{"rendered":"<p>Antenne longue port\u00e9e pour votre cam\u00e9ra de chasse Spypoint.<\/p>\n","protected":false},"featured_media":30344,"template":"","meta":[],"product_brand":[8209],"product_cat":[8232],"product_tag":[],"yoast_head":"<!-- This site is optimized with the Yoast SEO plugin v24.3 - https:\/\/yoast.com\/wordpress\/plugins\/seo\/ -->\n<title>Antenne Cellulaire Longue Port\u00e9e Spypoint CA-01<\/title>\n<meta name=\"description\" content=\"Antenne longue port\u00e9e pour votre cam\u00e9ra de chasse Spypoint.\" \/>\n<meta name=\"robots\" content=\"noindex, follow, max-snippet:-1, max-image-preview:large, max-video-preview:-1\" \/>\n<meta property=\"og:locale\" content=\"fr_FR\" \/>\n<meta property=\"og:type\" content=\"article\" \/>\n<meta property=\"og:title\" content=\"Antenne Cellulaire Longue Port\u00e9e Spypoint CA-01\" \/>\n<meta property=\"og:description\" content=\"Antenne longue port\u00e9e pour votre cam\u00e9ra de chasse Spypoint.\" \/>\n<meta property=\"og:url\" content=\"https:\/\/staging.lucky-hunter.com\/fr\/product\/antenne-cellulaire-longue-portee-spypoint-ca-01\/\" \/>\n<meta property=\"og:site_name\" content=\"Lucky-Hunter\" \/>\n<meta property=\"article:modified_time\" content=\"2022-11-15T14:30:41+00:00\" \/>\n<meta property=\"og:image\" content=\"https:\/\/staging.lucky-hunter.com\/wp-content\/uploads\/2021\/10\/680119.png\" \/>\n\t<meta property=\"og:image:width\" content=\"1000\" \/>\n\t<meta property=\"og:image:height\" content=\"1000\" \/>\n\t<meta property=\"og:image:type\" content=\"image\/png\" \/>\n<meta name=\"twitter:card\" content=\"summary_large_image\" \/>\n<meta name=\"twitter:label1\" content=\"Dur\u00e9e de lecture estim\u00e9e\" \/>\n\t<meta name=\"twitter:data1\" content=\"1 minute\" \/>\n<script type=\"application\/ld+json\" class=\"yoast-schema-graph\">{\"@context\":\"https:\/\/schema.org\",\"@graph\":[{\"@type\":\"WebPage\",\"@id\":\"https:\/\/staging.lucky-hunter.com\/fr\/product\/antenne-cellulaire-longue-portee-spypoint-ca-01\/\",\"url\":\"https:\/\/staging.lucky-hunter.com\/fr\/product\/antenne-cellulaire-longue-portee-spypoint-ca-01\/\",\"name\":\"Antenne Cellulaire Longue Port\u00e9e Spypoint CA-01\",\"isPartOf\":{\"@id\":\"https:\/\/staging.lucky-hunter.com\/#website\"},\"primaryImageOfPage\":{\"@id\":\"https:\/\/staging.lucky-hunter.com\/fr\/product\/antenne-cellulaire-longue-portee-spypoint-ca-01\/#primaryimage\"},\"image\":{\"@id\":\"https:\/\/staging.lucky-hunter.com\/fr\/product\/antenne-cellulaire-longue-portee-spypoint-ca-01\/#primaryimage\"},\"thumbnailUrl\":\"https:\/\/staging.lucky-hunter.com\/wp-content\/uploads\/2021\/10\/680119.png\",\"datePublished\":\"2021-10-12T11:03:30+00:00\",\"dateModified\":\"2022-11-15T14:30:41+00:00\",\"description\":\"Antenne longue port\u00e9e pour votre cam\u00e9ra de chasse Spypoint.\",\"breadcrumb\":{\"@id\":\"https:\/\/staging.lucky-hunter.com\/fr\/product\/antenne-cellulaire-longue-portee-spypoint-ca-01\/#breadcrumb\"},\"inLanguage\":\"fr-FR\",\"potentialAction\":[{\"@type\":\"ReadAction\",\"target\":[\"https:\/\/staging.lucky-hunter.com\/fr\/product\/antenne-cellulaire-longue-portee-spypoint-ca-01\/\"]}]},{\"@type\":\"ImageObject\",\"inLanguage\":\"fr-FR\",\"@id\":\"https:\/\/staging.lucky-hunter.com\/fr\/product\/antenne-cellulaire-longue-portee-spypoint-ca-01\/#primaryimage\",\"url\":\"https:\/\/staging.lucky-hunter.com\/wp-content\/uploads\/2021\/10\/680119.png\",\"contentUrl\":\"https:\/\/staging.lucky-hunter.com\/wp-content\/uploads\/2021\/10\/680119.png\",\"width\":1000,\"height\":1000},{\"@type\":\"BreadcrumbList\",\"@id\":\"https:\/\/staging.lucky-hunter.com\/fr\/product\/antenne-cellulaire-longue-portee-spypoint-ca-01\/#breadcrumb\",\"itemListElement\":[{\"@type\":\"ListItem\",\"position\":1,\"name\":\"Home\",\"item\":\"https:\/\/staging.lucky-hunter.com\/fr\/\"},{\"@type\":\"ListItem\",\"position\":2,\"name\":\"Boutique\",\"item\":\"https:\/\/staging.lucky-hunter.com\/fr\/shop\/\"},{\"@type\":\"ListItem\",\"position\":3,\"name\":\"Antenne Cellulaire Longue Port\u00e9e Spypoint CA-01\"}]},{\"@type\":\"WebSite\",\"@id\":\"https:\/\/staging.lucky-hunter.com\/#website\",\"url\":\"https:\/\/staging.lucky-hunter.com\/\",\"name\":\"Lucky-Hunter\",\"description\":\"Gear Up or Give Up\",\"potentialAction\":[{\"@type\":\"SearchAction\",\"target\":{\"@type\":\"EntryPoint\",\"urlTemplate\":\"https:\/\/staging.lucky-hunter.com\/?s={search_term_string}\"},\"query-input\":{\"@type\":\"PropertyValueSpecification\",\"valueRequired\":true,\"valueName\":\"search_term_string\"}}],\"inLanguage\":\"fr-FR\"}]}<\/script>\n<!-- \/ Yoast SEO plugin. -->","yoast_head_json":{"title":"Antenne Cellulaire Longue Port\u00e9e Spypoint CA-01","description":"Antenne longue port\u00e9e pour votre cam\u00e9ra de chasse Spypoint.","robots":{"index":"noindex","follow":"follow","max-snippet":"max-snippet:-1","max-image-preview":"max-image-preview:large","max-video-preview":"max-video-preview:-1"},"og_locale":"fr_FR","og_type":"article","og_title":"Antenne Cellulaire Longue Port\u00e9e Spypoint CA-01","og_description":"Antenne longue port\u00e9e pour votre cam\u00e9ra de chasse Spypoint.","og_url":"https:\/\/staging.lucky-hunter.com\/fr\/product\/antenne-cellulaire-longue-portee-spypoint-ca-01\/","og_site_name":"Lucky-Hunter","article_modified_time":"2022-11-15T14:30:41+00:00","og_image":[{"width":1000,"height":1000,"url":"https:\/\/staging.lucky-hunter.com\/wp-content\/uploads\/2021\/10\/680119.png","type":"image\/png"}],"twitter_card":"summary_large_image","twitter_misc":{"Dur\u00e9e de lecture estim\u00e9e":"1 minute"},"schema":{"@context":"https:\/\/schema.org","@graph":[{"@type":"WebPage","@id":"https:\/\/staging.lucky-hunter.com\/fr\/product\/antenne-cellulaire-longue-portee-spypoint-ca-01\/","url":"https:\/\/staging.lucky-hunter.com\/fr\/product\/antenne-cellulaire-longue-portee-spypoint-ca-01\/","name":"Antenne Cellulaire Longue Port\u00e9e Spypoint CA-01","isPartOf":{"@id":"https:\/\/staging.lucky-hunter.com\/#website"},"primaryImageOfPage":{"@id":"https:\/\/staging.lucky-hunter.com\/fr\/product\/antenne-cellulaire-longue-portee-spypoint-ca-01\/#primaryimage"},"image":{"@id":"https:\/\/staging.lucky-hunter.com\/fr\/product\/antenne-cellulaire-longue-portee-spypoint-ca-01\/#primaryimage"},"thumbnailUrl":"https:\/\/staging.lucky-hunter.com\/wp-content\/uploads\/2021\/10\/680119.png","datePublished":"2021-10-12T11:03:30+00:00","dateModified":"2022-11-15T14:30:41+00:00","description":"Antenne longue port\u00e9e pour votre cam\u00e9ra de chasse Spypoint.","breadcrumb":{"@id":"https:\/\/staging.lucky-hunter.com\/fr\/product\/antenne-cellulaire-longue-portee-spypoint-ca-01\/#breadcrumb"},"inLanguage":"fr-FR","potentialAction":[{"@type":"ReadAction","target":["https:\/\/staging.lucky-hunter.com\/fr\/product\/antenne-cellulaire-longue-portee-spypoint-ca-01\/"]}]},{"@type":"ImageObject","inLanguage":"fr-FR","@id":"https:\/\/staging.lucky-hunter.com\/fr\/product\/antenne-cellulaire-longue-portee-spypoint-ca-01\/#primaryimage","url":"https:\/\/staging.lucky-hunter.com\/wp-content\/uploads\/2021\/10\/680119.png","contentUrl":"https:\/\/staging.lucky-hunter.com\/wp-content\/uploads\/2021\/10\/680119.png","width":1000,"height":1000},{"@type":"BreadcrumbList","@id":"https:\/\/staging.lucky-hunter.com\/fr\/product\/antenne-cellulaire-longue-portee-spypoint-ca-01\/#breadcrumb","itemListElement":[{"@type":"ListItem","position":1,"name":"Home","item":"https:\/\/staging.lucky-hunter.com\/fr\/"},{"@type":"ListItem","position":2,"name":"Boutique","item":"https:\/\/staging.lucky-hunter.com\/fr\/shop\/"},{"@type":"ListItem","position":3,"name":"Antenne Cellulaire Longue Port\u00e9e Spypoint CA-01"}]},{"@type":"WebSite","@id":"https:\/\/staging.lucky-hunter.com\/#website","url":"https:\/\/staging.lucky-hunter.com\/","name":"Lucky-Hunter","description":"Gear Up or Give Up","potentialAction":[{"@type":"SearchAction","target":{"@type":"EntryPoint","urlTemplate":"https:\/\/staging.lucky-hunter.com\/?s={search_term_string}"},"query-input":{"@type":"PropertyValueSpecification","valueRequired":true,"valueName":"search_term_string"}}],"inLanguage":"fr-FR"}]}},"_links":{"self":[{"href":"https:\/\/staging.lucky-hunter.com\/fr\/wp-json\/wp\/v2\/product\/35309"}],"collection":[{"href":"https:\/\/staging.lucky-hunter.com\/fr\/wp-json\/wp\/v2\/product"}],"about":[{"href":"https:\/\/staging.lucky-hunter.com\/fr\/wp-json\/wp\/v2\/types\/product"}],"wp:featuredmedia":[{"embeddable":true,"href":"https:\/\/staging.lucky-hunter.com\/fr\/wp-json\/wp\/v2\/media\/30344"}],"wp:attachment":[{"href":"https:\/\/staging.lucky-hunter.com\/fr\/wp-json\/wp\/v2\/media?parent=35309"}],"wp:term":[{"taxonomy":"product_brand","embeddable":true,"href":"https:\/\/staging.lucky-hunter.com\/fr\/wp-json\/wp\/v2\/product_brand?post=35309"},{"taxonomy":"product_cat","embeddable":true,"href":"https:\/\/staging.lucky-hunter.com\/fr\/wp-json\/wp\/v2\/product_cat?post=35309"},{"taxonomy":"product_tag","embeddable":true,"href":"https:\/\/staging.lucky-hunter.com\/fr\/wp-json\/wp\/v2\/product_tag?post=35309"}],"curies":[{"name":"wp","href":"https:\/\/api.w.org\/{rel}","templated":true}]}}