{"id":35303,"date":"2022-01-10T15:30:28","date_gmt":"2022-01-10T14:30:28","guid":{"rendered":"https:\/\/staging.lucky-hunter.com\/product\/siege-de-rechange-pour-echelle-daffut\/"},"modified":"2025-06-24T14:48:47","modified_gmt":"2025-06-24T12:48:47","slug":"siege-de-rechange-pour-echelle-daffut","status":"publish","type":"product","link":"https:\/\/staging.lucky-hunter.com\/fr\/product\/siege-de-rechange-pour-echelle-daffut\/","title":{"rendered":"Si\u00e8ge de Rechange pour \u00c9chelle d\u2019Aff\u00fbt"},"content":{"rendered":"<h2><strong>Accessoire de qualit\u00e9 pour \u00c9chelle d\u2019aff\u00fbt<\/strong><\/h2>\n<p>Si vous avez eu la malchance de casser le si\u00e8ge de votre \u00e9chelle d\u2019aff\u00fbt, vous pouvez en acheter un nouveau ici.<\/p>\n<p>Il est tr\u00e8s facile \u00e0 remplacer et ne requiert pas l\u2019utilisation d&#8217;outils. Le si\u00e8ge est adapt\u00e9 \u00e0 nos mod\u00e8les d\u2019\u00e9chelles HS-40, HS-50 et HS-62.<\/p>\n<p>Couleur: Marron.<\/p>\n<p>Mati\u00e8re : Plastique<\/p>\n","protected":false},"excerpt":{"rendered":"<p>Si vous avez eu la malchance de casser le si\u00e8ge de votre \u00e9chelle d\u2019aff\u00fbt, vous pouvez en acheter un nouveau ici.<\/p>\n","protected":false},"featured_media":30730,"template":"","meta":[],"product_brand":[8121],"product_cat":[8204],"product_tag":[],"yoast_head":"<!-- This site is optimized with the Yoast SEO plugin v24.3 - https:\/\/yoast.com\/wordpress\/plugins\/seo\/ -->\n<title>Si\u00e8ge de Rechange pour \u00c9chelle d\u2019Aff\u00fbt<\/title>\n<meta name=\"description\" content=\"Si vous avez eu la malchance de casser le si\u00e8ge de votre \u00e9chelle d\u2019aff\u00fbt, vous pouvez en acheter un nouveau ici.\" \/>\n<meta name=\"robots\" content=\"noindex, follow, max-snippet:-1, max-image-preview:large, max-video-preview:-1\" \/>\n<meta property=\"og:locale\" content=\"fr_FR\" \/>\n<meta property=\"og:type\" content=\"article\" \/>\n<meta property=\"og:title\" content=\"Si\u00e8ge de Rechange pour \u00c9chelle d\u2019Aff\u00fbt\" \/>\n<meta property=\"og:description\" content=\"Si vous avez eu la malchance de casser le si\u00e8ge de votre \u00e9chelle d\u2019aff\u00fbt, vous pouvez en acheter un nouveau ici.\" \/>\n<meta property=\"og:url\" content=\"https:\/\/staging.lucky-hunter.com\/fr\/product\/siege-de-rechange-pour-echelle-daffut\/\" \/>\n<meta property=\"og:site_name\" content=\"Lucky-Hunter\" \/>\n<meta property=\"article:modified_time\" content=\"2025-06-24T12:48:47+00:00\" \/>\n<meta property=\"og:image\" content=\"https:\/\/staging.lucky-hunter.com\/wp-content\/uploads\/2022\/01\/HS-295.png\" \/>\n\t<meta property=\"og:image:width\" content=\"1000\" \/>\n\t<meta property=\"og:image:height\" content=\"1000\" \/>\n\t<meta property=\"og:image:type\" content=\"image\/png\" \/>\n<meta name=\"twitter:card\" content=\"summary_large_image\" \/>\n<meta name=\"twitter:label1\" content=\"Dur\u00e9e de lecture estim\u00e9e\" \/>\n\t<meta name=\"twitter:data1\" content=\"1 minute\" \/>\n<script type=\"application\/ld+json\" class=\"yoast-schema-graph\">{\"@context\":\"https:\/\/schema.org\",\"@graph\":[{\"@type\":\"WebPage\",\"@id\":\"https:\/\/staging.lucky-hunter.com\/fr\/product\/siege-de-rechange-pour-echelle-daffut\/\",\"url\":\"https:\/\/staging.lucky-hunter.com\/fr\/product\/siege-de-rechange-pour-echelle-daffut\/\",\"name\":\"Si\u00e8ge de Rechange pour \u00c9chelle d\u2019Aff\u00fbt\",\"isPartOf\":{\"@id\":\"https:\/\/staging.lucky-hunter.com\/#website\"},\"primaryImageOfPage\":{\"@id\":\"https:\/\/staging.lucky-hunter.com\/fr\/product\/siege-de-rechange-pour-echelle-daffut\/#primaryimage\"},\"image\":{\"@id\":\"https:\/\/staging.lucky-hunter.com\/fr\/product\/siege-de-rechange-pour-echelle-daffut\/#primaryimage\"},\"thumbnailUrl\":\"https:\/\/staging.lucky-hunter.com\/wp-content\/uploads\/2022\/01\/HS-295.png\",\"datePublished\":\"2022-01-10T14:30:28+00:00\",\"dateModified\":\"2025-06-24T12:48:47+00:00\",\"description\":\"Si vous avez eu la malchance de casser le si\u00e8ge de votre \u00e9chelle d\u2019aff\u00fbt, vous pouvez en acheter un nouveau ici.\",\"breadcrumb\":{\"@id\":\"https:\/\/staging.lucky-hunter.com\/fr\/product\/siege-de-rechange-pour-echelle-daffut\/#breadcrumb\"},\"inLanguage\":\"fr-FR\",\"potentialAction\":[{\"@type\":\"ReadAction\",\"target\":[\"https:\/\/staging.lucky-hunter.com\/fr\/product\/siege-de-rechange-pour-echelle-daffut\/\"]}]},{\"@type\":\"ImageObject\",\"inLanguage\":\"fr-FR\",\"@id\":\"https:\/\/staging.lucky-hunter.com\/fr\/product\/siege-de-rechange-pour-echelle-daffut\/#primaryimage\",\"url\":\"https:\/\/staging.lucky-hunter.com\/wp-content\/uploads\/2022\/01\/HS-295.png\",\"contentUrl\":\"https:\/\/staging.lucky-hunter.com\/wp-content\/uploads\/2022\/01\/HS-295.png\",\"width\":1000,\"height\":1000},{\"@type\":\"BreadcrumbList\",\"@id\":\"https:\/\/staging.lucky-hunter.com\/fr\/product\/siege-de-rechange-pour-echelle-daffut\/#breadcrumb\",\"itemListElement\":[{\"@type\":\"ListItem\",\"position\":1,\"name\":\"Home\",\"item\":\"https:\/\/staging.lucky-hunter.com\/fr\/\"},{\"@type\":\"ListItem\",\"position\":2,\"name\":\"Boutique\",\"item\":\"https:\/\/staging.lucky-hunter.com\/fr\/shop\/\"},{\"@type\":\"ListItem\",\"position\":3,\"name\":\"Si\u00e8ge de Rechange pour \u00c9chelle d\u2019Aff\u00fbt\"}]},{\"@type\":\"WebSite\",\"@id\":\"https:\/\/staging.lucky-hunter.com\/#website\",\"url\":\"https:\/\/staging.lucky-hunter.com\/\",\"name\":\"Lucky-Hunter\",\"description\":\"Gear Up or Give Up\",\"potentialAction\":[{\"@type\":\"SearchAction\",\"target\":{\"@type\":\"EntryPoint\",\"urlTemplate\":\"https:\/\/staging.lucky-hunter.com\/?s={search_term_string}\"},\"query-input\":{\"@type\":\"PropertyValueSpecification\",\"valueRequired\":true,\"valueName\":\"search_term_string\"}}],\"inLanguage\":\"fr-FR\"}]}<\/script>\n<!-- \/ Yoast SEO plugin. -->","yoast_head_json":{"title":"Si\u00e8ge de Rechange pour \u00c9chelle d\u2019Aff\u00fbt","description":"Si vous avez eu la malchance de casser le si\u00e8ge de votre \u00e9chelle d\u2019aff\u00fbt, vous pouvez en acheter un nouveau ici.","robots":{"index":"noindex","follow":"follow","max-snippet":"max-snippet:-1","max-image-preview":"max-image-preview:large","max-video-preview":"max-video-preview:-1"},"og_locale":"fr_FR","og_type":"article","og_title":"Si\u00e8ge de Rechange pour \u00c9chelle d\u2019Aff\u00fbt","og_description":"Si vous avez eu la malchance de casser le si\u00e8ge de votre \u00e9chelle d\u2019aff\u00fbt, vous pouvez en acheter un nouveau ici.","og_url":"https:\/\/staging.lucky-hunter.com\/fr\/product\/siege-de-rechange-pour-echelle-daffut\/","og_site_name":"Lucky-Hunter","article_modified_time":"2025-06-24T12:48:47+00:00","og_image":[{"width":1000,"height":1000,"url":"https:\/\/staging.lucky-hunter.com\/wp-content\/uploads\/2022\/01\/HS-295.png","type":"image\/png"}],"twitter_card":"summary_large_image","twitter_misc":{"Dur\u00e9e de lecture estim\u00e9e":"1 minute"},"schema":{"@context":"https:\/\/schema.org","@graph":[{"@type":"WebPage","@id":"https:\/\/staging.lucky-hunter.com\/fr\/product\/siege-de-rechange-pour-echelle-daffut\/","url":"https:\/\/staging.lucky-hunter.com\/fr\/product\/siege-de-rechange-pour-echelle-daffut\/","name":"Si\u00e8ge de Rechange pour \u00c9chelle d\u2019Aff\u00fbt","isPartOf":{"@id":"https:\/\/staging.lucky-hunter.com\/#website"},"primaryImageOfPage":{"@id":"https:\/\/staging.lucky-hunter.com\/fr\/product\/siege-de-rechange-pour-echelle-daffut\/#primaryimage"},"image":{"@id":"https:\/\/staging.lucky-hunter.com\/fr\/product\/siege-de-rechange-pour-echelle-daffut\/#primaryimage"},"thumbnailUrl":"https:\/\/staging.lucky-hunter.com\/wp-content\/uploads\/2022\/01\/HS-295.png","datePublished":"2022-01-10T14:30:28+00:00","dateModified":"2025-06-24T12:48:47+00:00","description":"Si vous avez eu la malchance de casser le si\u00e8ge de votre \u00e9chelle d\u2019aff\u00fbt, vous pouvez en acheter un nouveau ici.","breadcrumb":{"@id":"https:\/\/staging.lucky-hunter.com\/fr\/product\/siege-de-rechange-pour-echelle-daffut\/#breadcrumb"},"inLanguage":"fr-FR","potentialAction":[{"@type":"ReadAction","target":["https:\/\/staging.lucky-hunter.com\/fr\/product\/siege-de-rechange-pour-echelle-daffut\/"]}]},{"@type":"ImageObject","inLanguage":"fr-FR","@id":"https:\/\/staging.lucky-hunter.com\/fr\/product\/siege-de-rechange-pour-echelle-daffut\/#primaryimage","url":"https:\/\/staging.lucky-hunter.com\/wp-content\/uploads\/2022\/01\/HS-295.png","contentUrl":"https:\/\/staging.lucky-hunter.com\/wp-content\/uploads\/2022\/01\/HS-295.png","width":1000,"height":1000},{"@type":"BreadcrumbList","@id":"https:\/\/staging.lucky-hunter.com\/fr\/product\/siege-de-rechange-pour-echelle-daffut\/#breadcrumb","itemListElement":[{"@type":"ListItem","position":1,"name":"Home","item":"https:\/\/staging.lucky-hunter.com\/fr\/"},{"@type":"ListItem","position":2,"name":"Boutique","item":"https:\/\/staging.lucky-hunter.com\/fr\/shop\/"},{"@type":"ListItem","position":3,"name":"Si\u00e8ge de Rechange pour \u00c9chelle d\u2019Aff\u00fbt"}]},{"@type":"WebSite","@id":"https:\/\/staging.lucky-hunter.com\/#website","url":"https:\/\/staging.lucky-hunter.com\/","name":"Lucky-Hunter","description":"Gear Up or Give Up","potentialAction":[{"@type":"SearchAction","target":{"@type":"EntryPoint","urlTemplate":"https:\/\/staging.lucky-hunter.com\/?s={search_term_string}"},"query-input":{"@type":"PropertyValueSpecification","valueRequired":true,"valueName":"search_term_string"}}],"inLanguage":"fr-FR"}]}},"_links":{"self":[{"href":"https:\/\/staging.lucky-hunter.com\/fr\/wp-json\/wp\/v2\/product\/35303"}],"collection":[{"href":"https:\/\/staging.lucky-hunter.com\/fr\/wp-json\/wp\/v2\/product"}],"about":[{"href":"https:\/\/staging.lucky-hunter.com\/fr\/wp-json\/wp\/v2\/types\/product"}],"wp:featuredmedia":[{"embeddable":true,"href":"https:\/\/staging.lucky-hunter.com\/fr\/wp-json\/wp\/v2\/media\/30730"}],"wp:attachment":[{"href":"https:\/\/staging.lucky-hunter.com\/fr\/wp-json\/wp\/v2\/media?parent=35303"}],"wp:term":[{"taxonomy":"product_brand","embeddable":true,"href":"https:\/\/staging.lucky-hunter.com\/fr\/wp-json\/wp\/v2\/product_brand?post=35303"},{"taxonomy":"product_cat","embeddable":true,"href":"https:\/\/staging.lucky-hunter.com\/fr\/wp-json\/wp\/v2\/product_cat?post=35303"},{"taxonomy":"product_tag","embeddable":true,"href":"https:\/\/staging.lucky-hunter.com\/fr\/wp-json\/wp\/v2\/product_tag?post=35303"}],"curies":[{"name":"wp","href":"https:\/\/api.w.org\/{rel}","templated":true}]}}