{"id":35290,"date":"2022-07-12T09:40:00","date_gmt":"2022-07-12T07:40:00","guid":{"rendered":"https:\/\/staging.lucky-hunter.com\/product\/sous-veste-en-polaire-banded-max7\/"},"modified":"2022-11-22T15:17:15","modified_gmt":"2022-11-22T14:17:15","slug":"sous-veste-en-polaire-banded-max7","status":"publish","type":"product","link":"https:\/\/staging.lucky-hunter.com\/fr\/product\/sous-veste-en-polaire-banded-max7\/","title":{"rendered":"Sous veste en polaire Banded &#8211; Max7"},"content":{"rendered":"<h4><a href=\"https:\/\/staging.lucky-hunter.com\/wp-content\/uploads\/2022\/08\/Storrelsesguide-Herre-Engelsk.pdf\" target=\"_blank\" rel=\"noopener\"><strong>Voir le guide des tailles ici<\/strong><\/a><\/h4>\n<h2><strong>Une veste l\u00e9g\u00e8re pour la chasse au printemps et \u00e0 l&#8217;automne<\/strong><\/h2>\n<div>La sous veste en polaire avec fermeture \u00e9clair Banded a \u00e9t\u00e9 pens\u00e9e comme une couche suppl\u00e9mentaire de v\u00eatements \u00e0 porter sous une veste plus chaude, mais elle est \u00e9galement tr\u00e8s agr\u00e9able comme v\u00eatement d&#8217;ext\u00e9rieur les jours de chasse par temps plus doux.<\/div>\n<div><\/div>\n<div>Les ouvertures pour les pouces au niveau des manches permettent d&#8217;enfiler tr\u00e8s facilement et rapidement une veste plus chaude si le temps change et qu&#8217;il y a une averse, par exemple.<\/div>\n<div><\/div>\n<div><strong>Caract\u00e9ristiques principales\u00a0:<\/strong><\/div>\n<ul>\n<li>Q.W.A.S. &#8211; Le tissu souple silencieux et r\u00e9sistant au vent et \u00e0 l&#8217;eau peut faire face \u00e0 de nombreuses conditions m\u00e9t\u00e9orologiques<\/li>\n<li>Int\u00e9rieur bross\u00e9 avec grille de gestion de la chaleur<\/li>\n<li>Les fermetures \u00e9claires YKK de qualit\u00e9 sont durables et fonctionnent sans accrocs<\/li>\n<li>Le haut de la poitrine avec fermeture \u00e9claire offre beaucoup d&#8217;espace de rangement pour les appareils<\/li>\n<li>Motif camouflage Max7.<\/li>\n<\/ul>\n<p>Choix de la taille : S, M, L, XL, 2XL, 3XL, 4XL.<\/p>\n","protected":false},"excerpt":{"rendered":"<p>La sous veste en polaire Banded a \u00e9t\u00e9 pens\u00e9e comme une couche suppl\u00e9mentaire de v\u00eatements \u00e0 porter sous une veste plus chaude, mais elle est \u00e9galement agr\u00e9able comme v\u00eatement d&#8217;ext\u00e9rieur les jours de chasse par temps plus doux.<\/p>\n","protected":false},"featured_media":51514,"template":"","meta":[],"product_brand":[8137],"product_cat":[8190],"product_tag":[],"yoast_head":"<!-- This site is optimized with the Yoast SEO plugin v24.3 - https:\/\/yoast.com\/wordpress\/plugins\/seo\/ -->\n<title>Veste polaire mi-longue \u00e0 bandes - Veste ext\u00e9rieure parfaite pour les journ\u00e9es de chasse douces\u00a0<\/title>\n<meta name=\"description\" content=\"La sous veste en polaire Banded a \u00e9t\u00e9 pens\u00e9e comme une couche suppl\u00e9mentaire de v\u00eatements \u00e0 porter sous une veste plus chaude, mais elle est \u00e9galement agr\u00e9able comme v\u00eatement d&#039;ext\u00e9rieur les jours de chasse par temps plus doux.\" \/>\n<meta name=\"robots\" content=\"noindex, follow, max-snippet:-1, max-image-preview:large, max-video-preview:-1\" \/>\n<meta property=\"og:locale\" content=\"fr_FR\" \/>\n<meta property=\"og:type\" content=\"article\" \/>\n<meta property=\"og:title\" content=\"Veste polaire mi-longue \u00e0 bandes - Veste ext\u00e9rieure parfaite pour les journ\u00e9es de chasse douces\u00a0\" \/>\n<meta property=\"og:description\" content=\"La sous veste en polaire Banded a \u00e9t\u00e9 pens\u00e9e comme une couche suppl\u00e9mentaire de v\u00eatements \u00e0 porter sous une veste plus chaude, mais elle est \u00e9galement agr\u00e9able comme v\u00eatement d&#039;ext\u00e9rieur les jours de chasse par temps plus doux.\" \/>\n<meta property=\"og:url\" content=\"https:\/\/staging.lucky-hunter.com\/product\/banded-mid-layer-fleece-jacket-max7\/\" \/>\n<meta property=\"og:site_name\" content=\"Lucky-Hunter\" \/>\n<meta property=\"article:modified_time\" content=\"2022-11-22T14:17:15+00:00\" \/>\n<meta property=\"og:image\" content=\"https:\/\/staging.lucky-hunter.com\/wp-content\/uploads\/2022\/07\/banded-mid-layer-fleece-jacket-max7.png\" \/>\n\t<meta property=\"og:image:width\" content=\"1000\" \/>\n\t<meta property=\"og:image:height\" content=\"1000\" \/>\n\t<meta property=\"og:image:type\" content=\"image\/png\" \/>\n<meta name=\"twitter:card\" content=\"summary_large_image\" \/>\n<meta name=\"twitter:label1\" content=\"Dur\u00e9e de lecture estim\u00e9e\" \/>\n\t<meta name=\"twitter:data1\" content=\"1 minute\" \/>\n<script type=\"application\/ld+json\" class=\"yoast-schema-graph\">{\"@context\":\"https:\/\/schema.org\",\"@graph\":[{\"@type\":\"WebPage\",\"@id\":\"https:\/\/staging.lucky-hunter.com\/product\/banded-mid-layer-fleece-jacket-max7\/\",\"url\":\"https:\/\/staging.lucky-hunter.com\/product\/banded-mid-layer-fleece-jacket-max7\/\",\"name\":\"Veste polaire mi-longue \u00e0 bandes - Veste ext\u00e9rieure parfaite pour les journ\u00e9es de chasse douces\u00a0\",\"isPartOf\":{\"@id\":\"https:\/\/staging.lucky-hunter.com\/#website\"},\"primaryImageOfPage\":{\"@id\":\"https:\/\/staging.lucky-hunter.com\/product\/banded-mid-layer-fleece-jacket-max7\/#primaryimage\"},\"image\":{\"@id\":\"https:\/\/staging.lucky-hunter.com\/product\/banded-mid-layer-fleece-jacket-max7\/#primaryimage\"},\"thumbnailUrl\":\"https:\/\/staging.lucky-hunter.com\/wp-content\/uploads\/2022\/07\/banded-mid-layer-fleece-jacket-max7.png\",\"datePublished\":\"2022-07-12T07:40:00+00:00\",\"dateModified\":\"2022-11-22T14:17:15+00:00\",\"description\":\"La sous veste en polaire Banded a \u00e9t\u00e9 pens\u00e9e comme une couche suppl\u00e9mentaire de v\u00eatements \u00e0 porter sous une veste plus chaude, mais elle est \u00e9galement agr\u00e9able comme v\u00eatement d'ext\u00e9rieur les jours de chasse par temps plus doux.\",\"breadcrumb\":{\"@id\":\"https:\/\/staging.lucky-hunter.com\/product\/banded-mid-layer-fleece-jacket-max7\/#breadcrumb\"},\"inLanguage\":\"fr-FR\",\"potentialAction\":[{\"@type\":\"ReadAction\",\"target\":[\"https:\/\/staging.lucky-hunter.com\/product\/banded-mid-layer-fleece-jacket-max7\/\"]}]},{\"@type\":\"ImageObject\",\"inLanguage\":\"fr-FR\",\"@id\":\"https:\/\/staging.lucky-hunter.com\/product\/banded-mid-layer-fleece-jacket-max7\/#primaryimage\",\"url\":\"https:\/\/staging.lucky-hunter.com\/wp-content\/uploads\/2022\/07\/banded-mid-layer-fleece-jacket-max7.png\",\"contentUrl\":\"https:\/\/staging.lucky-hunter.com\/wp-content\/uploads\/2022\/07\/banded-mid-layer-fleece-jacket-max7.png\",\"width\":1000,\"height\":1000},{\"@type\":\"BreadcrumbList\",\"@id\":\"https:\/\/staging.lucky-hunter.com\/product\/banded-mid-layer-fleece-jacket-max7\/#breadcrumb\",\"itemListElement\":[{\"@type\":\"ListItem\",\"position\":1,\"name\":\"Home\",\"item\":\"https:\/\/staging.lucky-hunter.com\/fr\/\"},{\"@type\":\"ListItem\",\"position\":2,\"name\":\"Boutique\",\"item\":\"https:\/\/staging.lucky-hunter.com\/fr\/shop\/\"},{\"@type\":\"ListItem\",\"position\":3,\"name\":\"Sous veste en polaire Banded &#8211; Max7\"}]},{\"@type\":\"WebSite\",\"@id\":\"https:\/\/staging.lucky-hunter.com\/#website\",\"url\":\"https:\/\/staging.lucky-hunter.com\/\",\"name\":\"Lucky-Hunter\",\"description\":\"Gear Up or Give Up\",\"potentialAction\":[{\"@type\":\"SearchAction\",\"target\":{\"@type\":\"EntryPoint\",\"urlTemplate\":\"https:\/\/staging.lucky-hunter.com\/?s={search_term_string}\"},\"query-input\":{\"@type\":\"PropertyValueSpecification\",\"valueRequired\":true,\"valueName\":\"search_term_string\"}}],\"inLanguage\":\"fr-FR\"}]}<\/script>\n<!-- \/ Yoast SEO plugin. -->","yoast_head_json":{"title":"Veste polaire mi-longue \u00e0 bandes - Veste ext\u00e9rieure parfaite pour les journ\u00e9es de chasse douces\u00a0","description":"La sous veste en polaire Banded a \u00e9t\u00e9 pens\u00e9e comme une couche suppl\u00e9mentaire de v\u00eatements \u00e0 porter sous une veste plus chaude, mais elle est \u00e9galement agr\u00e9able comme v\u00eatement d'ext\u00e9rieur les jours de chasse par temps plus doux.","robots":{"index":"noindex","follow":"follow","max-snippet":"max-snippet:-1","max-image-preview":"max-image-preview:large","max-video-preview":"max-video-preview:-1"},"og_locale":"fr_FR","og_type":"article","og_title":"Veste polaire mi-longue \u00e0 bandes - Veste ext\u00e9rieure parfaite pour les journ\u00e9es de chasse douces\u00a0","og_description":"La sous veste en polaire Banded a \u00e9t\u00e9 pens\u00e9e comme une couche suppl\u00e9mentaire de v\u00eatements \u00e0 porter sous une veste plus chaude, mais elle est \u00e9galement agr\u00e9able comme v\u00eatement d'ext\u00e9rieur les jours de chasse par temps plus doux.","og_url":"https:\/\/staging.lucky-hunter.com\/product\/banded-mid-layer-fleece-jacket-max7\/","og_site_name":"Lucky-Hunter","article_modified_time":"2022-11-22T14:17:15+00:00","og_image":[{"width":1000,"height":1000,"url":"https:\/\/staging.lucky-hunter.com\/wp-content\/uploads\/2022\/07\/banded-mid-layer-fleece-jacket-max7.png","type":"image\/png"}],"twitter_card":"summary_large_image","twitter_misc":{"Dur\u00e9e de lecture estim\u00e9e":"1 minute"},"schema":{"@context":"https:\/\/schema.org","@graph":[{"@type":"WebPage","@id":"https:\/\/staging.lucky-hunter.com\/product\/banded-mid-layer-fleece-jacket-max7\/","url":"https:\/\/staging.lucky-hunter.com\/product\/banded-mid-layer-fleece-jacket-max7\/","name":"Veste polaire mi-longue \u00e0 bandes - Veste ext\u00e9rieure parfaite pour les journ\u00e9es de chasse douces\u00a0","isPartOf":{"@id":"https:\/\/staging.lucky-hunter.com\/#website"},"primaryImageOfPage":{"@id":"https:\/\/staging.lucky-hunter.com\/product\/banded-mid-layer-fleece-jacket-max7\/#primaryimage"},"image":{"@id":"https:\/\/staging.lucky-hunter.com\/product\/banded-mid-layer-fleece-jacket-max7\/#primaryimage"},"thumbnailUrl":"https:\/\/staging.lucky-hunter.com\/wp-content\/uploads\/2022\/07\/banded-mid-layer-fleece-jacket-max7.png","datePublished":"2022-07-12T07:40:00+00:00","dateModified":"2022-11-22T14:17:15+00:00","description":"La sous veste en polaire Banded a \u00e9t\u00e9 pens\u00e9e comme une couche suppl\u00e9mentaire de v\u00eatements \u00e0 porter sous une veste plus chaude, mais elle est \u00e9galement agr\u00e9able comme v\u00eatement d'ext\u00e9rieur les jours de chasse par temps plus doux.","breadcrumb":{"@id":"https:\/\/staging.lucky-hunter.com\/product\/banded-mid-layer-fleece-jacket-max7\/#breadcrumb"},"inLanguage":"fr-FR","potentialAction":[{"@type":"ReadAction","target":["https:\/\/staging.lucky-hunter.com\/product\/banded-mid-layer-fleece-jacket-max7\/"]}]},{"@type":"ImageObject","inLanguage":"fr-FR","@id":"https:\/\/staging.lucky-hunter.com\/product\/banded-mid-layer-fleece-jacket-max7\/#primaryimage","url":"https:\/\/staging.lucky-hunter.com\/wp-content\/uploads\/2022\/07\/banded-mid-layer-fleece-jacket-max7.png","contentUrl":"https:\/\/staging.lucky-hunter.com\/wp-content\/uploads\/2022\/07\/banded-mid-layer-fleece-jacket-max7.png","width":1000,"height":1000},{"@type":"BreadcrumbList","@id":"https:\/\/staging.lucky-hunter.com\/product\/banded-mid-layer-fleece-jacket-max7\/#breadcrumb","itemListElement":[{"@type":"ListItem","position":1,"name":"Home","item":"https:\/\/staging.lucky-hunter.com\/fr\/"},{"@type":"ListItem","position":2,"name":"Boutique","item":"https:\/\/staging.lucky-hunter.com\/fr\/shop\/"},{"@type":"ListItem","position":3,"name":"Sous veste en polaire Banded &#8211; Max7"}]},{"@type":"WebSite","@id":"https:\/\/staging.lucky-hunter.com\/#website","url":"https:\/\/staging.lucky-hunter.com\/","name":"Lucky-Hunter","description":"Gear Up or Give Up","potentialAction":[{"@type":"SearchAction","target":{"@type":"EntryPoint","urlTemplate":"https:\/\/staging.lucky-hunter.com\/?s={search_term_string}"},"query-input":{"@type":"PropertyValueSpecification","valueRequired":true,"valueName":"search_term_string"}}],"inLanguage":"fr-FR"}]}},"_links":{"self":[{"href":"https:\/\/staging.lucky-hunter.com\/fr\/wp-json\/wp\/v2\/product\/35290"}],"collection":[{"href":"https:\/\/staging.lucky-hunter.com\/fr\/wp-json\/wp\/v2\/product"}],"about":[{"href":"https:\/\/staging.lucky-hunter.com\/fr\/wp-json\/wp\/v2\/types\/product"}],"wp:featuredmedia":[{"embeddable":true,"href":"https:\/\/staging.lucky-hunter.com\/fr\/wp-json\/wp\/v2\/media\/51514"}],"wp:attachment":[{"href":"https:\/\/staging.lucky-hunter.com\/fr\/wp-json\/wp\/v2\/media?parent=35290"}],"wp:term":[{"taxonomy":"product_brand","embeddable":true,"href":"https:\/\/staging.lucky-hunter.com\/fr\/wp-json\/wp\/v2\/product_brand?post=35290"},{"taxonomy":"product_cat","embeddable":true,"href":"https:\/\/staging.lucky-hunter.com\/fr\/wp-json\/wp\/v2\/product_cat?post=35290"},{"taxonomy":"product_tag","embeddable":true,"href":"https:\/\/staging.lucky-hunter.com\/fr\/wp-json\/wp\/v2\/product_tag?post=35290"}],"curies":[{"name":"wp","href":"https:\/\/api.w.org\/{rel}","templated":true}]}}