{"id":35288,"date":"2022-07-12T14:01:49","date_gmt":"2022-07-12T12:01:49","guid":{"rendered":"https:\/\/staging.lucky-hunter.com\/product\/pantalon-souple-utility-2-0-de-banded-marron-marais\/"},"modified":"2022-11-22T15:17:15","modified_gmt":"2022-11-22T14:17:15","slug":"pantalon-souple-utility-2-0-de-banded-marron-marais","status":"publish","type":"product","link":"https:\/\/staging.lucky-hunter.com\/fr\/product\/pantalon-souple-utility-2-0-de-banded-marron-marais\/","title":{"rendered":"Pantalon souple Utility 2.0 de Banded &#8211; Marron Marais"},"content":{"rendered":"<h4><a href=\"https:\/\/staging.lucky-hunter.com\/wp-content\/uploads\/2022\/08\/Storrelsesguide-Herre-Engelsk.pdf\" target=\"_blank\" rel=\"noopener\"><strong>Voir le guide des tailles ici<\/strong><\/a><\/h4>\n<h2><strong>Pantalon de chasse coupe-vent et r\u00e9sistant \u00e0 l&#8217;eau, par Banded<\/strong><\/h2>\n<div>Le pantalon de chasse souple Utility 2.0 de Banded est id\u00e9al pour la chasse et les activit\u00e9s de plein air en g\u00e9n\u00e9ral.<\/div>\n<div><\/div>\n<div>La coupe est agr\u00e9able et le pantalon est r\u00e9sistant et de haute qualit\u00e9, parfait pour ceux qui ont une vie active.<\/div>\n<div><\/div>\n<div><strong>Caract\u00e9ristiques\u00a0:<\/strong><\/div>\n<ul>\n<li>Tissu souple coupe-vent et r\u00e9sistant \u00e0 l&#8217;eau avec envers en polaire stretch TEC<\/li>\n<li>Ceinture ajustable int\u00e9gr\u00e9e<\/li>\n<li>Deux poches hautes pour les mains<\/li>\n<li>Deux poches zipp\u00e9es sur les cuisses<\/li>\n<li>Deux poches arri\u00e8res zipp\u00e9es<\/li>\n<li>Fermeture \u00e9clair lat\u00e9rale pour la ventilation.<\/li>\n<li>Couleur : Marron Marais<\/li>\n<\/ul>\n<p>\u00a0<\/p>\n","protected":false},"excerpt":{"rendered":"<p>Le pantalon de chasse souple Utility 2.0 de Banded est id\u00e9al pour la chasse et les activit\u00e9s de plein air en g\u00e9n\u00e9ral. Tissu souple coupe-vent et r\u00e9sistant \u00e0 l&#8217;eau avec envers en polaire stretch TEC.<\/p>\n","protected":false},"featured_media":54539,"template":"","meta":[],"product_brand":[8137],"product_cat":[8265],"product_tag":[],"yoast_head":"<!-- This site is optimized with the Yoast SEO plugin v24.3 - https:\/\/yoast.com\/wordpress\/plugins\/seo\/ -->\n<title>Pantalon Banded Utility 2.0 Soft-Shell - Coupe-vent et r\u00e9sistant \u00e0 l&#039;eau<\/title>\n<meta name=\"description\" content=\"Le pantalon de chasse souple Utility 2.0 de Banded est id\u00e9al pour la chasse et les activit\u00e9s de plein air en g\u00e9n\u00e9ral. Tissu souple coupe-vent avec envers en polaire stretch TEC.\" \/>\n<meta name=\"robots\" content=\"noindex, follow, max-snippet:-1, max-image-preview:large, max-video-preview:-1\" \/>\n<meta property=\"og:locale\" content=\"fr_FR\" \/>\n<meta property=\"og:type\" content=\"article\" \/>\n<meta property=\"og:title\" content=\"Pantalon Banded Utility 2.0 Soft-Shell - Coupe-vent et r\u00e9sistant \u00e0 l&#039;eau\" \/>\n<meta property=\"og:description\" content=\"Le pantalon de chasse souple Utility 2.0 de Banded est id\u00e9al pour la chasse et les activit\u00e9s de plein air en g\u00e9n\u00e9ral. Tissu souple coupe-vent avec envers en polaire stretch TEC.\" \/>\n<meta property=\"og:url\" content=\"https:\/\/staging.lucky-hunter.com\/fr\/product\/pantalon-souple-utility-2-0-de-banded-marron-marais\/\" \/>\n<meta property=\"og:site_name\" content=\"Lucky-Hunter\" \/>\n<meta property=\"article:modified_time\" content=\"2022-11-22T14:17:15+00:00\" \/>\n<meta property=\"og:image\" content=\"https:\/\/staging.lucky-hunter.com\/wp-content\/uploads\/2022\/07\/JB-0119.png\" \/>\n\t<meta property=\"og:image:width\" content=\"1000\" \/>\n\t<meta property=\"og:image:height\" content=\"1000\" \/>\n\t<meta property=\"og:image:type\" content=\"image\/png\" \/>\n<meta name=\"twitter:card\" content=\"summary_large_image\" \/>\n<meta name=\"twitter:label1\" content=\"Dur\u00e9e de lecture estim\u00e9e\" \/>\n\t<meta name=\"twitter:data1\" content=\"1 minute\" \/>\n<script type=\"application\/ld+json\" class=\"yoast-schema-graph\">{\"@context\":\"https:\/\/schema.org\",\"@graph\":[{\"@type\":\"WebPage\",\"@id\":\"https:\/\/staging.lucky-hunter.com\/fr\/product\/pantalon-souple-utility-2-0-de-banded-marron-marais\/\",\"url\":\"https:\/\/staging.lucky-hunter.com\/fr\/product\/pantalon-souple-utility-2-0-de-banded-marron-marais\/\",\"name\":\"Pantalon Banded Utility 2.0 Soft-Shell - Coupe-vent et r\u00e9sistant \u00e0 l'eau\",\"isPartOf\":{\"@id\":\"https:\/\/staging.lucky-hunter.com\/#website\"},\"primaryImageOfPage\":{\"@id\":\"https:\/\/staging.lucky-hunter.com\/fr\/product\/pantalon-souple-utility-2-0-de-banded-marron-marais\/#primaryimage\"},\"image\":{\"@id\":\"https:\/\/staging.lucky-hunter.com\/fr\/product\/pantalon-souple-utility-2-0-de-banded-marron-marais\/#primaryimage\"},\"thumbnailUrl\":\"https:\/\/staging.lucky-hunter.com\/wp-content\/uploads\/2022\/07\/JB-0119.png\",\"datePublished\":\"2022-07-12T12:01:49+00:00\",\"dateModified\":\"2022-11-22T14:17:15+00:00\",\"description\":\"Le pantalon de chasse souple Utility 2.0 de Banded est id\u00e9al pour la chasse et les activit\u00e9s de plein air en g\u00e9n\u00e9ral. Tissu souple coupe-vent avec envers en polaire stretch TEC.\",\"breadcrumb\":{\"@id\":\"https:\/\/staging.lucky-hunter.com\/fr\/product\/pantalon-souple-utility-2-0-de-banded-marron-marais\/#breadcrumb\"},\"inLanguage\":\"fr-FR\",\"potentialAction\":[{\"@type\":\"ReadAction\",\"target\":[\"https:\/\/staging.lucky-hunter.com\/fr\/product\/pantalon-souple-utility-2-0-de-banded-marron-marais\/\"]}]},{\"@type\":\"ImageObject\",\"inLanguage\":\"fr-FR\",\"@id\":\"https:\/\/staging.lucky-hunter.com\/fr\/product\/pantalon-souple-utility-2-0-de-banded-marron-marais\/#primaryimage\",\"url\":\"https:\/\/staging.lucky-hunter.com\/wp-content\/uploads\/2022\/07\/JB-0119.png\",\"contentUrl\":\"https:\/\/staging.lucky-hunter.com\/wp-content\/uploads\/2022\/07\/JB-0119.png\",\"width\":1000,\"height\":1000},{\"@type\":\"BreadcrumbList\",\"@id\":\"https:\/\/staging.lucky-hunter.com\/fr\/product\/pantalon-souple-utility-2-0-de-banded-marron-marais\/#breadcrumb\",\"itemListElement\":[{\"@type\":\"ListItem\",\"position\":1,\"name\":\"Home\",\"item\":\"https:\/\/staging.lucky-hunter.com\/fr\/\"},{\"@type\":\"ListItem\",\"position\":2,\"name\":\"Boutique\",\"item\":\"https:\/\/staging.lucky-hunter.com\/fr\/shop\/\"},{\"@type\":\"ListItem\",\"position\":3,\"name\":\"Pantalon souple Utility 2.0 de Banded &#8211; Marron Marais\"}]},{\"@type\":\"WebSite\",\"@id\":\"https:\/\/staging.lucky-hunter.com\/#website\",\"url\":\"https:\/\/staging.lucky-hunter.com\/\",\"name\":\"Lucky-Hunter\",\"description\":\"Gear Up or Give Up\",\"potentialAction\":[{\"@type\":\"SearchAction\",\"target\":{\"@type\":\"EntryPoint\",\"urlTemplate\":\"https:\/\/staging.lucky-hunter.com\/?s={search_term_string}\"},\"query-input\":{\"@type\":\"PropertyValueSpecification\",\"valueRequired\":true,\"valueName\":\"search_term_string\"}}],\"inLanguage\":\"fr-FR\"}]}<\/script>\n<!-- \/ Yoast SEO plugin. -->","yoast_head_json":{"title":"Pantalon Banded Utility 2.0 Soft-Shell - Coupe-vent et r\u00e9sistant \u00e0 l'eau","description":"Le pantalon de chasse souple Utility 2.0 de Banded est id\u00e9al pour la chasse et les activit\u00e9s de plein air en g\u00e9n\u00e9ral. Tissu souple coupe-vent avec envers en polaire stretch TEC.","robots":{"index":"noindex","follow":"follow","max-snippet":"max-snippet:-1","max-image-preview":"max-image-preview:large","max-video-preview":"max-video-preview:-1"},"og_locale":"fr_FR","og_type":"article","og_title":"Pantalon Banded Utility 2.0 Soft-Shell - Coupe-vent et r\u00e9sistant \u00e0 l'eau","og_description":"Le pantalon de chasse souple Utility 2.0 de Banded est id\u00e9al pour la chasse et les activit\u00e9s de plein air en g\u00e9n\u00e9ral. Tissu souple coupe-vent avec envers en polaire stretch TEC.","og_url":"https:\/\/staging.lucky-hunter.com\/fr\/product\/pantalon-souple-utility-2-0-de-banded-marron-marais\/","og_site_name":"Lucky-Hunter","article_modified_time":"2022-11-22T14:17:15+00:00","og_image":[{"width":1000,"height":1000,"url":"https:\/\/staging.lucky-hunter.com\/wp-content\/uploads\/2022\/07\/JB-0119.png","type":"image\/png"}],"twitter_card":"summary_large_image","twitter_misc":{"Dur\u00e9e de lecture estim\u00e9e":"1 minute"},"schema":{"@context":"https:\/\/schema.org","@graph":[{"@type":"WebPage","@id":"https:\/\/staging.lucky-hunter.com\/fr\/product\/pantalon-souple-utility-2-0-de-banded-marron-marais\/","url":"https:\/\/staging.lucky-hunter.com\/fr\/product\/pantalon-souple-utility-2-0-de-banded-marron-marais\/","name":"Pantalon Banded Utility 2.0 Soft-Shell - Coupe-vent et r\u00e9sistant \u00e0 l'eau","isPartOf":{"@id":"https:\/\/staging.lucky-hunter.com\/#website"},"primaryImageOfPage":{"@id":"https:\/\/staging.lucky-hunter.com\/fr\/product\/pantalon-souple-utility-2-0-de-banded-marron-marais\/#primaryimage"},"image":{"@id":"https:\/\/staging.lucky-hunter.com\/fr\/product\/pantalon-souple-utility-2-0-de-banded-marron-marais\/#primaryimage"},"thumbnailUrl":"https:\/\/staging.lucky-hunter.com\/wp-content\/uploads\/2022\/07\/JB-0119.png","datePublished":"2022-07-12T12:01:49+00:00","dateModified":"2022-11-22T14:17:15+00:00","description":"Le pantalon de chasse souple Utility 2.0 de Banded est id\u00e9al pour la chasse et les activit\u00e9s de plein air en g\u00e9n\u00e9ral. Tissu souple coupe-vent avec envers en polaire stretch TEC.","breadcrumb":{"@id":"https:\/\/staging.lucky-hunter.com\/fr\/product\/pantalon-souple-utility-2-0-de-banded-marron-marais\/#breadcrumb"},"inLanguage":"fr-FR","potentialAction":[{"@type":"ReadAction","target":["https:\/\/staging.lucky-hunter.com\/fr\/product\/pantalon-souple-utility-2-0-de-banded-marron-marais\/"]}]},{"@type":"ImageObject","inLanguage":"fr-FR","@id":"https:\/\/staging.lucky-hunter.com\/fr\/product\/pantalon-souple-utility-2-0-de-banded-marron-marais\/#primaryimage","url":"https:\/\/staging.lucky-hunter.com\/wp-content\/uploads\/2022\/07\/JB-0119.png","contentUrl":"https:\/\/staging.lucky-hunter.com\/wp-content\/uploads\/2022\/07\/JB-0119.png","width":1000,"height":1000},{"@type":"BreadcrumbList","@id":"https:\/\/staging.lucky-hunter.com\/fr\/product\/pantalon-souple-utility-2-0-de-banded-marron-marais\/#breadcrumb","itemListElement":[{"@type":"ListItem","position":1,"name":"Home","item":"https:\/\/staging.lucky-hunter.com\/fr\/"},{"@type":"ListItem","position":2,"name":"Boutique","item":"https:\/\/staging.lucky-hunter.com\/fr\/shop\/"},{"@type":"ListItem","position":3,"name":"Pantalon souple Utility 2.0 de Banded &#8211; Marron Marais"}]},{"@type":"WebSite","@id":"https:\/\/staging.lucky-hunter.com\/#website","url":"https:\/\/staging.lucky-hunter.com\/","name":"Lucky-Hunter","description":"Gear Up or Give Up","potentialAction":[{"@type":"SearchAction","target":{"@type":"EntryPoint","urlTemplate":"https:\/\/staging.lucky-hunter.com\/?s={search_term_string}"},"query-input":{"@type":"PropertyValueSpecification","valueRequired":true,"valueName":"search_term_string"}}],"inLanguage":"fr-FR"}]}},"_links":{"self":[{"href":"https:\/\/staging.lucky-hunter.com\/fr\/wp-json\/wp\/v2\/product\/35288"}],"collection":[{"href":"https:\/\/staging.lucky-hunter.com\/fr\/wp-json\/wp\/v2\/product"}],"about":[{"href":"https:\/\/staging.lucky-hunter.com\/fr\/wp-json\/wp\/v2\/types\/product"}],"wp:featuredmedia":[{"embeddable":true,"href":"https:\/\/staging.lucky-hunter.com\/fr\/wp-json\/wp\/v2\/media\/54539"}],"wp:attachment":[{"href":"https:\/\/staging.lucky-hunter.com\/fr\/wp-json\/wp\/v2\/media?parent=35288"}],"wp:term":[{"taxonomy":"product_brand","embeddable":true,"href":"https:\/\/staging.lucky-hunter.com\/fr\/wp-json\/wp\/v2\/product_brand?post=35288"},{"taxonomy":"product_cat","embeddable":true,"href":"https:\/\/staging.lucky-hunter.com\/fr\/wp-json\/wp\/v2\/product_cat?post=35288"},{"taxonomy":"product_tag","embeddable":true,"href":"https:\/\/staging.lucky-hunter.com\/fr\/wp-json\/wp\/v2\/product_tag?post=35288"}],"curies":[{"name":"wp","href":"https:\/\/api.w.org\/{rel}","templated":true}]}}