{"id":35286,"date":"2022-07-13T14:37:36","date_gmt":"2022-07-13T12:37:36","guid":{"rendered":"https:\/\/staging.lucky-hunter.com\/product\/sweat-shirt-en-polaire-tec-pour-enfants-par-banded-max7\/"},"modified":"2022-11-22T15:17:15","modified_gmt":"2022-11-22T14:17:15","slug":"sweat-shirt-en-polaire-tec-pour-enfants-par-banded-max7","status":"publish","type":"product","link":"https:\/\/staging.lucky-hunter.com\/fr\/product\/sweat-shirt-en-polaire-tec-pour-enfants-par-banded-max7\/","title":{"rendered":"Sweat-shirt en polaire TEC pour enfants par Banded &#8211; Max7"},"content":{"rendered":"<h4><a href=\"https:\/\/staging.lucky-hunter.com\/wp-content\/uploads\/2022\/08\/Storrelsesguide-Banded-Engelsk-Born.pdf\" target=\"_blank\" rel=\"noopener\"><strong>Voir le guide des tailles ici<\/strong><\/a><\/h4>\n<h2><strong>Sweat \u00e0 capuche pour enfants, l\u00e9ger mais chaud, de la marque am\u00e9ricaine de chasse au gibier d\u2019eau Banded<\/strong><\/h2>\n<p>Le fameux sweat-shirt \u00e0 capuche Banded, maintenant en tailles enfant.<\/p>\n<div>Parfait pour la chasse, la randonn\u00e9e ou tout simplement pour \u00eatre au grand air.<\/div>\n<div><\/div>\n<div><strong>Caract\u00e9ristiques\u00a0:<\/strong><\/div>\n<ul>\n<li>Fabriqu\u00e9 en polyester r\u00e9sistant et confortable<\/li>\n<li>Capuche chaude et r\u00e9sistante aux intemp\u00e9ries avec doublure en polaire<\/li>\n<li>Poche kangourou<\/li>\n<li>Tailles S, M, L, XL<\/li>\n<li>Motif camouflage Max7.<\/li>\n<\/ul>\n","protected":false},"excerpt":{"rendered":"<p>Le fameux sweat-shirt \u00e0 capuche Banded, maintenant en tailles enfant. Parfait pour la chasse, la randonn\u00e9e ou tout simplement pour \u00eatre au grand air.<\/p>\n","protected":false},"featured_media":54962,"template":"","meta":[],"product_brand":[8137],"product_cat":[8272],"product_tag":[],"yoast_head":"<!-- This site is optimized with the Yoast SEO plugin v24.3 - https:\/\/yoast.com\/wordpress\/plugins\/seo\/ -->\n<title>Sweat-shirt en polaire TEC pour enfants par Banded - Max7 Sweat \u00e0 capuche enfant l\u00e9ger mais chaud<\/title>\n<meta name=\"description\" content=\"Le fameux sweat-shirt \u00e0 capuche Banded, maintenant en tailles enfant. Parfait pour la chasse, la randonn\u00e9e ou tout simplement pour \u00eatre au grand air.\" \/>\n<meta name=\"robots\" content=\"noindex, follow, max-snippet:-1, max-image-preview:large, max-video-preview:-1\" \/>\n<meta property=\"og:locale\" content=\"fr_FR\" \/>\n<meta property=\"og:type\" content=\"article\" \/>\n<meta property=\"og:title\" content=\"Sweat-shirt en polaire TEC pour enfants par Banded - Max7 Sweat \u00e0 capuche enfant l\u00e9ger mais chaud\" \/>\n<meta property=\"og:description\" content=\"Le fameux sweat-shirt \u00e0 capuche Banded, maintenant en tailles enfant. Parfait pour la chasse, la randonn\u00e9e ou tout simplement pour \u00eatre au grand air.\" \/>\n<meta property=\"og:url\" content=\"https:\/\/staging.lucky-hunter.com\/product\/banded-youth-tec-fleece-pullover-max7\/\" \/>\n<meta property=\"og:site_name\" content=\"Lucky-Hunter\" \/>\n<meta property=\"article:modified_time\" content=\"2022-11-22T14:17:15+00:00\" \/>\n<meta property=\"og:image\" content=\"https:\/\/staging.lucky-hunter.com\/wp-content\/uploads\/2022\/07\/JB-0160.png\" \/>\n\t<meta property=\"og:image:width\" content=\"1000\" \/>\n\t<meta property=\"og:image:height\" content=\"1000\" \/>\n\t<meta property=\"og:image:type\" content=\"image\/png\" \/>\n<meta name=\"twitter:card\" content=\"summary_large_image\" \/>\n<script type=\"application\/ld+json\" class=\"yoast-schema-graph\">{\"@context\":\"https:\/\/schema.org\",\"@graph\":[{\"@type\":\"WebPage\",\"@id\":\"https:\/\/staging.lucky-hunter.com\/product\/banded-youth-tec-fleece-pullover-max7\/\",\"url\":\"https:\/\/staging.lucky-hunter.com\/product\/banded-youth-tec-fleece-pullover-max7\/\",\"name\":\"Sweat-shirt en polaire TEC pour enfants par Banded - Max7 Sweat \u00e0 capuche enfant l\u00e9ger mais chaud\",\"isPartOf\":{\"@id\":\"https:\/\/staging.lucky-hunter.com\/#website\"},\"primaryImageOfPage\":{\"@id\":\"https:\/\/staging.lucky-hunter.com\/product\/banded-youth-tec-fleece-pullover-max7\/#primaryimage\"},\"image\":{\"@id\":\"https:\/\/staging.lucky-hunter.com\/product\/banded-youth-tec-fleece-pullover-max7\/#primaryimage\"},\"thumbnailUrl\":\"https:\/\/staging.lucky-hunter.com\/wp-content\/uploads\/2022\/07\/JB-0160.png\",\"datePublished\":\"2022-07-13T12:37:36+00:00\",\"dateModified\":\"2022-11-22T14:17:15+00:00\",\"description\":\"Le fameux sweat-shirt \u00e0 capuche Banded, maintenant en tailles enfant. Parfait pour la chasse, la randonn\u00e9e ou tout simplement pour \u00eatre au grand air.\",\"breadcrumb\":{\"@id\":\"https:\/\/staging.lucky-hunter.com\/product\/banded-youth-tec-fleece-pullover-max7\/#breadcrumb\"},\"inLanguage\":\"fr-FR\",\"potentialAction\":[{\"@type\":\"ReadAction\",\"target\":[\"https:\/\/staging.lucky-hunter.com\/product\/banded-youth-tec-fleece-pullover-max7\/\"]}]},{\"@type\":\"ImageObject\",\"inLanguage\":\"fr-FR\",\"@id\":\"https:\/\/staging.lucky-hunter.com\/product\/banded-youth-tec-fleece-pullover-max7\/#primaryimage\",\"url\":\"https:\/\/staging.lucky-hunter.com\/wp-content\/uploads\/2022\/07\/JB-0160.png\",\"contentUrl\":\"https:\/\/staging.lucky-hunter.com\/wp-content\/uploads\/2022\/07\/JB-0160.png\",\"width\":1000,\"height\":1000},{\"@type\":\"BreadcrumbList\",\"@id\":\"https:\/\/staging.lucky-hunter.com\/product\/banded-youth-tec-fleece-pullover-max7\/#breadcrumb\",\"itemListElement\":[{\"@type\":\"ListItem\",\"position\":1,\"name\":\"Home\",\"item\":\"https:\/\/staging.lucky-hunter.com\/fr\/\"},{\"@type\":\"ListItem\",\"position\":2,\"name\":\"Boutique\",\"item\":\"https:\/\/staging.lucky-hunter.com\/fr\/shop\/\"},{\"@type\":\"ListItem\",\"position\":3,\"name\":\"Sweat-shirt en polaire TEC pour enfants par Banded &#8211; Max7\"}]},{\"@type\":\"WebSite\",\"@id\":\"https:\/\/staging.lucky-hunter.com\/#website\",\"url\":\"https:\/\/staging.lucky-hunter.com\/\",\"name\":\"Lucky-Hunter\",\"description\":\"Gear Up or Give Up\",\"potentialAction\":[{\"@type\":\"SearchAction\",\"target\":{\"@type\":\"EntryPoint\",\"urlTemplate\":\"https:\/\/staging.lucky-hunter.com\/?s={search_term_string}\"},\"query-input\":{\"@type\":\"PropertyValueSpecification\",\"valueRequired\":true,\"valueName\":\"search_term_string\"}}],\"inLanguage\":\"fr-FR\"}]}<\/script>\n<!-- \/ Yoast SEO plugin. -->","yoast_head_json":{"title":"Sweat-shirt en polaire TEC pour enfants par Banded - Max7 Sweat \u00e0 capuche enfant l\u00e9ger mais chaud","description":"Le fameux sweat-shirt \u00e0 capuche Banded, maintenant en tailles enfant. Parfait pour la chasse, la randonn\u00e9e ou tout simplement pour \u00eatre au grand air.","robots":{"index":"noindex","follow":"follow","max-snippet":"max-snippet:-1","max-image-preview":"max-image-preview:large","max-video-preview":"max-video-preview:-1"},"og_locale":"fr_FR","og_type":"article","og_title":"Sweat-shirt en polaire TEC pour enfants par Banded - Max7 Sweat \u00e0 capuche enfant l\u00e9ger mais chaud","og_description":"Le fameux sweat-shirt \u00e0 capuche Banded, maintenant en tailles enfant. Parfait pour la chasse, la randonn\u00e9e ou tout simplement pour \u00eatre au grand air.","og_url":"https:\/\/staging.lucky-hunter.com\/product\/banded-youth-tec-fleece-pullover-max7\/","og_site_name":"Lucky-Hunter","article_modified_time":"2022-11-22T14:17:15+00:00","og_image":[{"width":1000,"height":1000,"url":"https:\/\/staging.lucky-hunter.com\/wp-content\/uploads\/2022\/07\/JB-0160.png","type":"image\/png"}],"twitter_card":"summary_large_image","schema":{"@context":"https:\/\/schema.org","@graph":[{"@type":"WebPage","@id":"https:\/\/staging.lucky-hunter.com\/product\/banded-youth-tec-fleece-pullover-max7\/","url":"https:\/\/staging.lucky-hunter.com\/product\/banded-youth-tec-fleece-pullover-max7\/","name":"Sweat-shirt en polaire TEC pour enfants par Banded - Max7 Sweat \u00e0 capuche enfant l\u00e9ger mais chaud","isPartOf":{"@id":"https:\/\/staging.lucky-hunter.com\/#website"},"primaryImageOfPage":{"@id":"https:\/\/staging.lucky-hunter.com\/product\/banded-youth-tec-fleece-pullover-max7\/#primaryimage"},"image":{"@id":"https:\/\/staging.lucky-hunter.com\/product\/banded-youth-tec-fleece-pullover-max7\/#primaryimage"},"thumbnailUrl":"https:\/\/staging.lucky-hunter.com\/wp-content\/uploads\/2022\/07\/JB-0160.png","datePublished":"2022-07-13T12:37:36+00:00","dateModified":"2022-11-22T14:17:15+00:00","description":"Le fameux sweat-shirt \u00e0 capuche Banded, maintenant en tailles enfant. Parfait pour la chasse, la randonn\u00e9e ou tout simplement pour \u00eatre au grand air.","breadcrumb":{"@id":"https:\/\/staging.lucky-hunter.com\/product\/banded-youth-tec-fleece-pullover-max7\/#breadcrumb"},"inLanguage":"fr-FR","potentialAction":[{"@type":"ReadAction","target":["https:\/\/staging.lucky-hunter.com\/product\/banded-youth-tec-fleece-pullover-max7\/"]}]},{"@type":"ImageObject","inLanguage":"fr-FR","@id":"https:\/\/staging.lucky-hunter.com\/product\/banded-youth-tec-fleece-pullover-max7\/#primaryimage","url":"https:\/\/staging.lucky-hunter.com\/wp-content\/uploads\/2022\/07\/JB-0160.png","contentUrl":"https:\/\/staging.lucky-hunter.com\/wp-content\/uploads\/2022\/07\/JB-0160.png","width":1000,"height":1000},{"@type":"BreadcrumbList","@id":"https:\/\/staging.lucky-hunter.com\/product\/banded-youth-tec-fleece-pullover-max7\/#breadcrumb","itemListElement":[{"@type":"ListItem","position":1,"name":"Home","item":"https:\/\/staging.lucky-hunter.com\/fr\/"},{"@type":"ListItem","position":2,"name":"Boutique","item":"https:\/\/staging.lucky-hunter.com\/fr\/shop\/"},{"@type":"ListItem","position":3,"name":"Sweat-shirt en polaire TEC pour enfants par Banded &#8211; Max7"}]},{"@type":"WebSite","@id":"https:\/\/staging.lucky-hunter.com\/#website","url":"https:\/\/staging.lucky-hunter.com\/","name":"Lucky-Hunter","description":"Gear Up or Give Up","potentialAction":[{"@type":"SearchAction","target":{"@type":"EntryPoint","urlTemplate":"https:\/\/staging.lucky-hunter.com\/?s={search_term_string}"},"query-input":{"@type":"PropertyValueSpecification","valueRequired":true,"valueName":"search_term_string"}}],"inLanguage":"fr-FR"}]}},"_links":{"self":[{"href":"https:\/\/staging.lucky-hunter.com\/fr\/wp-json\/wp\/v2\/product\/35286"}],"collection":[{"href":"https:\/\/staging.lucky-hunter.com\/fr\/wp-json\/wp\/v2\/product"}],"about":[{"href":"https:\/\/staging.lucky-hunter.com\/fr\/wp-json\/wp\/v2\/types\/product"}],"wp:featuredmedia":[{"embeddable":true,"href":"https:\/\/staging.lucky-hunter.com\/fr\/wp-json\/wp\/v2\/media\/54962"}],"wp:attachment":[{"href":"https:\/\/staging.lucky-hunter.com\/fr\/wp-json\/wp\/v2\/media?parent=35286"}],"wp:term":[{"taxonomy":"product_brand","embeddable":true,"href":"https:\/\/staging.lucky-hunter.com\/fr\/wp-json\/wp\/v2\/product_brand?post=35286"},{"taxonomy":"product_cat","embeddable":true,"href":"https:\/\/staging.lucky-hunter.com\/fr\/wp-json\/wp\/v2\/product_cat?post=35286"},{"taxonomy":"product_tag","embeddable":true,"href":"https:\/\/staging.lucky-hunter.com\/fr\/wp-json\/wp\/v2\/product_tag?post=35286"}],"curies":[{"name":"wp","href":"https:\/\/api.w.org\/{rel}","templated":true}]}}