{"id":35284,"date":"2022-07-14T10:49:04","date_gmt":"2022-07-14T08:49:04","guid":{"rendered":"https:\/\/staging.lucky-hunter.com\/product\/t-shirt-a-manches-longues-tec-stalker-de-banded-max7\/"},"modified":"2023-03-14T15:13:54","modified_gmt":"2023-03-14T14:13:54","slug":"t-shirt-a-manches-longues-tec-stalker-de-banded-max7","status":"publish","type":"product","link":"https:\/\/staging.lucky-hunter.com\/fr\/product\/t-shirt-a-manches-longues-tec-stalker-de-banded-max7\/","title":{"rendered":"T-shirt \u00e0 manches longues TEC Stalker de Banded &#8211; Max7"},"content":{"rendered":"<h4><a href=\"https:\/\/staging.lucky-hunter.com\/wp-content\/uploads\/2022\/08\/Storrelsesguide-Herre-Engelsk.pdf\" target=\"_blank\" rel=\"noopener\"><strong>Voir le guide des tailles ici<\/strong><\/a><\/h4>\n<h2><strong>Con\u00e7ue par Banded, la s\u00e9rie Tec Stalker vous offre des performances optimales<\/strong><\/h2>\n<div>La s\u00e9rie Tec Stalker de Banded utilise un tissu l\u00e9ger, respirant et absorbant, qui \u00e9vacue la transpiration de votre corps tout en s\u00e9chant rapidement.<\/div>\n<div><\/div>\n<div>C&#8217;est la premi\u00e8re couche parfaite au quotidien, qu\u2019il fasse chaud ou froid.<\/div>\n<div><\/div>\n<div>Enti\u00e8rement extensible, elle offre une libert\u00e9 de mouvement totale et sans restrictions.<\/div>\n<div><\/div>\n<div><strong>Caract\u00e9ristiques\u00a0:<\/strong><\/div>\n<ul>\n<li>Tissu ultra-l\u00e9ger extensible dans les quatre sens pour une grande aisance de mouvement<\/li>\n<li>Coupe ample confortable<\/li>\n<li>Tissu \u00e0 s\u00e9chage rapide<\/li>\n<li>Mouvements faciles gr\u00e2ce aux bras articul\u00e9s<\/li>\n<li>Motif camouflage Max7.<\/li>\n<\/ul>\n","protected":false},"excerpt":{"rendered":"<p>La s\u00e9rie Tec Stalker de Banded utilise un tissu l\u00e9ger, respirant et absorbant, qui \u00e9vacue la transpiration de votre corps.<\/p>\n","protected":false},"featured_media":54523,"template":"","meta":[],"product_brand":[8137],"product_cat":[9236],"product_tag":[],"yoast_head":"<!-- This site is optimized with the Yoast SEO plugin v24.3 - https:\/\/yoast.com\/wordpress\/plugins\/seo\/ -->\n<title>T-shirt \u00e0 manches longues TEC Stalker de Banded - Max7<\/title>\n<meta name=\"description\" content=\"La s\u00e9rie Tec Stalker de Banded utilise un tissu l\u00e9ger, respirant et absorbant, qui \u00e9vacue la transpiration de votre corps.\" \/>\n<meta name=\"robots\" content=\"noindex, follow, max-snippet:-1, max-image-preview:large, max-video-preview:-1\" \/>\n<meta property=\"og:locale\" content=\"fr_FR\" \/>\n<meta property=\"og:type\" content=\"article\" \/>\n<meta property=\"og:title\" content=\"T-shirt \u00e0 manches longues TEC Stalker de Banded - Max7\" \/>\n<meta property=\"og:description\" content=\"La s\u00e9rie Tec Stalker de Banded utilise un tissu l\u00e9ger, respirant et absorbant, qui \u00e9vacue la transpiration de votre corps.\" \/>\n<meta property=\"og:url\" content=\"https:\/\/staging.lucky-hunter.com\/fr\/product\/t-shirt-a-manches-longues-tec-stalker-de-banded-max7\/\" \/>\n<meta property=\"og:site_name\" content=\"Lucky-Hunter\" \/>\n<meta property=\"article:modified_time\" content=\"2023-03-14T14:13:54+00:00\" \/>\n<meta property=\"og:image\" content=\"https:\/\/staging.lucky-hunter.com\/wp-content\/uploads\/2022\/07\/JB-0183.png\" \/>\n\t<meta property=\"og:image:width\" content=\"1000\" \/>\n\t<meta property=\"og:image:height\" content=\"1000\" \/>\n\t<meta property=\"og:image:type\" content=\"image\/png\" \/>\n<meta name=\"twitter:card\" content=\"summary_large_image\" \/>\n<meta name=\"twitter:label1\" content=\"Dur\u00e9e de lecture estim\u00e9e\" \/>\n\t<meta name=\"twitter:data1\" content=\"1 minute\" \/>\n<script type=\"application\/ld+json\" class=\"yoast-schema-graph\">{\"@context\":\"https:\/\/schema.org\",\"@graph\":[{\"@type\":\"WebPage\",\"@id\":\"https:\/\/staging.lucky-hunter.com\/fr\/product\/t-shirt-a-manches-longues-tec-stalker-de-banded-max7\/\",\"url\":\"https:\/\/staging.lucky-hunter.com\/fr\/product\/t-shirt-a-manches-longues-tec-stalker-de-banded-max7\/\",\"name\":\"T-shirt \u00e0 manches longues TEC Stalker de Banded - Max7\",\"isPartOf\":{\"@id\":\"https:\/\/staging.lucky-hunter.com\/#website\"},\"primaryImageOfPage\":{\"@id\":\"https:\/\/staging.lucky-hunter.com\/fr\/product\/t-shirt-a-manches-longues-tec-stalker-de-banded-max7\/#primaryimage\"},\"image\":{\"@id\":\"https:\/\/staging.lucky-hunter.com\/fr\/product\/t-shirt-a-manches-longues-tec-stalker-de-banded-max7\/#primaryimage\"},\"thumbnailUrl\":\"https:\/\/staging.lucky-hunter.com\/wp-content\/uploads\/2022\/07\/JB-0183.png\",\"datePublished\":\"2022-07-14T08:49:04+00:00\",\"dateModified\":\"2023-03-14T14:13:54+00:00\",\"description\":\"La s\u00e9rie Tec Stalker de Banded utilise un tissu l\u00e9ger, respirant et absorbant, qui \u00e9vacue la transpiration de votre corps.\",\"breadcrumb\":{\"@id\":\"https:\/\/staging.lucky-hunter.com\/fr\/product\/t-shirt-a-manches-longues-tec-stalker-de-banded-max7\/#breadcrumb\"},\"inLanguage\":\"fr-FR\",\"potentialAction\":[{\"@type\":\"ReadAction\",\"target\":[\"https:\/\/staging.lucky-hunter.com\/fr\/product\/t-shirt-a-manches-longues-tec-stalker-de-banded-max7\/\"]}]},{\"@type\":\"ImageObject\",\"inLanguage\":\"fr-FR\",\"@id\":\"https:\/\/staging.lucky-hunter.com\/fr\/product\/t-shirt-a-manches-longues-tec-stalker-de-banded-max7\/#primaryimage\",\"url\":\"https:\/\/staging.lucky-hunter.com\/wp-content\/uploads\/2022\/07\/JB-0183.png\",\"contentUrl\":\"https:\/\/staging.lucky-hunter.com\/wp-content\/uploads\/2022\/07\/JB-0183.png\",\"width\":1000,\"height\":1000},{\"@type\":\"BreadcrumbList\",\"@id\":\"https:\/\/staging.lucky-hunter.com\/fr\/product\/t-shirt-a-manches-longues-tec-stalker-de-banded-max7\/#breadcrumb\",\"itemListElement\":[{\"@type\":\"ListItem\",\"position\":1,\"name\":\"Home\",\"item\":\"https:\/\/staging.lucky-hunter.com\/fr\/\"},{\"@type\":\"ListItem\",\"position\":2,\"name\":\"Boutique\",\"item\":\"https:\/\/staging.lucky-hunter.com\/fr\/shop\/\"},{\"@type\":\"ListItem\",\"position\":3,\"name\":\"T-shirt \u00e0 manches longues TEC Stalker de Banded &#8211; Max7\"}]},{\"@type\":\"WebSite\",\"@id\":\"https:\/\/staging.lucky-hunter.com\/#website\",\"url\":\"https:\/\/staging.lucky-hunter.com\/\",\"name\":\"Lucky-Hunter\",\"description\":\"Gear Up or Give Up\",\"potentialAction\":[{\"@type\":\"SearchAction\",\"target\":{\"@type\":\"EntryPoint\",\"urlTemplate\":\"https:\/\/staging.lucky-hunter.com\/?s={search_term_string}\"},\"query-input\":{\"@type\":\"PropertyValueSpecification\",\"valueRequired\":true,\"valueName\":\"search_term_string\"}}],\"inLanguage\":\"fr-FR\"}]}<\/script>\n<!-- \/ Yoast SEO plugin. -->","yoast_head_json":{"title":"T-shirt \u00e0 manches longues TEC Stalker de Banded - Max7","description":"La s\u00e9rie Tec Stalker de Banded utilise un tissu l\u00e9ger, respirant et absorbant, qui \u00e9vacue la transpiration de votre corps.","robots":{"index":"noindex","follow":"follow","max-snippet":"max-snippet:-1","max-image-preview":"max-image-preview:large","max-video-preview":"max-video-preview:-1"},"og_locale":"fr_FR","og_type":"article","og_title":"T-shirt \u00e0 manches longues TEC Stalker de Banded - Max7","og_description":"La s\u00e9rie Tec Stalker de Banded utilise un tissu l\u00e9ger, respirant et absorbant, qui \u00e9vacue la transpiration de votre corps.","og_url":"https:\/\/staging.lucky-hunter.com\/fr\/product\/t-shirt-a-manches-longues-tec-stalker-de-banded-max7\/","og_site_name":"Lucky-Hunter","article_modified_time":"2023-03-14T14:13:54+00:00","og_image":[{"width":1000,"height":1000,"url":"https:\/\/staging.lucky-hunter.com\/wp-content\/uploads\/2022\/07\/JB-0183.png","type":"image\/png"}],"twitter_card":"summary_large_image","twitter_misc":{"Dur\u00e9e de lecture estim\u00e9e":"1 minute"},"schema":{"@context":"https:\/\/schema.org","@graph":[{"@type":"WebPage","@id":"https:\/\/staging.lucky-hunter.com\/fr\/product\/t-shirt-a-manches-longues-tec-stalker-de-banded-max7\/","url":"https:\/\/staging.lucky-hunter.com\/fr\/product\/t-shirt-a-manches-longues-tec-stalker-de-banded-max7\/","name":"T-shirt \u00e0 manches longues TEC Stalker de Banded - Max7","isPartOf":{"@id":"https:\/\/staging.lucky-hunter.com\/#website"},"primaryImageOfPage":{"@id":"https:\/\/staging.lucky-hunter.com\/fr\/product\/t-shirt-a-manches-longues-tec-stalker-de-banded-max7\/#primaryimage"},"image":{"@id":"https:\/\/staging.lucky-hunter.com\/fr\/product\/t-shirt-a-manches-longues-tec-stalker-de-banded-max7\/#primaryimage"},"thumbnailUrl":"https:\/\/staging.lucky-hunter.com\/wp-content\/uploads\/2022\/07\/JB-0183.png","datePublished":"2022-07-14T08:49:04+00:00","dateModified":"2023-03-14T14:13:54+00:00","description":"La s\u00e9rie Tec Stalker de Banded utilise un tissu l\u00e9ger, respirant et absorbant, qui \u00e9vacue la transpiration de votre corps.","breadcrumb":{"@id":"https:\/\/staging.lucky-hunter.com\/fr\/product\/t-shirt-a-manches-longues-tec-stalker-de-banded-max7\/#breadcrumb"},"inLanguage":"fr-FR","potentialAction":[{"@type":"ReadAction","target":["https:\/\/staging.lucky-hunter.com\/fr\/product\/t-shirt-a-manches-longues-tec-stalker-de-banded-max7\/"]}]},{"@type":"ImageObject","inLanguage":"fr-FR","@id":"https:\/\/staging.lucky-hunter.com\/fr\/product\/t-shirt-a-manches-longues-tec-stalker-de-banded-max7\/#primaryimage","url":"https:\/\/staging.lucky-hunter.com\/wp-content\/uploads\/2022\/07\/JB-0183.png","contentUrl":"https:\/\/staging.lucky-hunter.com\/wp-content\/uploads\/2022\/07\/JB-0183.png","width":1000,"height":1000},{"@type":"BreadcrumbList","@id":"https:\/\/staging.lucky-hunter.com\/fr\/product\/t-shirt-a-manches-longues-tec-stalker-de-banded-max7\/#breadcrumb","itemListElement":[{"@type":"ListItem","position":1,"name":"Home","item":"https:\/\/staging.lucky-hunter.com\/fr\/"},{"@type":"ListItem","position":2,"name":"Boutique","item":"https:\/\/staging.lucky-hunter.com\/fr\/shop\/"},{"@type":"ListItem","position":3,"name":"T-shirt \u00e0 manches longues TEC Stalker de Banded &#8211; Max7"}]},{"@type":"WebSite","@id":"https:\/\/staging.lucky-hunter.com\/#website","url":"https:\/\/staging.lucky-hunter.com\/","name":"Lucky-Hunter","description":"Gear Up or Give Up","potentialAction":[{"@type":"SearchAction","target":{"@type":"EntryPoint","urlTemplate":"https:\/\/staging.lucky-hunter.com\/?s={search_term_string}"},"query-input":{"@type":"PropertyValueSpecification","valueRequired":true,"valueName":"search_term_string"}}],"inLanguage":"fr-FR"}]}},"_links":{"self":[{"href":"https:\/\/staging.lucky-hunter.com\/fr\/wp-json\/wp\/v2\/product\/35284"}],"collection":[{"href":"https:\/\/staging.lucky-hunter.com\/fr\/wp-json\/wp\/v2\/product"}],"about":[{"href":"https:\/\/staging.lucky-hunter.com\/fr\/wp-json\/wp\/v2\/types\/product"}],"wp:featuredmedia":[{"embeddable":true,"href":"https:\/\/staging.lucky-hunter.com\/fr\/wp-json\/wp\/v2\/media\/54523"}],"wp:attachment":[{"href":"https:\/\/staging.lucky-hunter.com\/fr\/wp-json\/wp\/v2\/media?parent=35284"}],"wp:term":[{"taxonomy":"product_brand","embeddable":true,"href":"https:\/\/staging.lucky-hunter.com\/fr\/wp-json\/wp\/v2\/product_brand?post=35284"},{"taxonomy":"product_cat","embeddable":true,"href":"https:\/\/staging.lucky-hunter.com\/fr\/wp-json\/wp\/v2\/product_cat?post=35284"},{"taxonomy":"product_tag","embeddable":true,"href":"https:\/\/staging.lucky-hunter.com\/fr\/wp-json\/wp\/v2\/product_tag?post=35284"}],"curies":[{"name":"wp","href":"https:\/\/api.w.org\/{rel}","templated":true}]}}