{"id":35283,"date":"2022-07-14T11:44:14","date_gmt":"2022-07-14T09:44:14","guid":{"rendered":"https:\/\/staging.lucky-hunter.com\/product\/couche-de-base-isolante-banded-primaloft\/"},"modified":"2023-03-14T15:34:45","modified_gmt":"2023-03-14T14:34:45","slug":"couche-de-base-isolante-banded-primaloft","status":"publish","type":"product","link":"https:\/\/staging.lucky-hunter.com\/fr\/product\/couche-de-base-isolante-banded-primaloft\/","title":{"rendered":"Couche de base isolante Banded PrimaLoft"},"content":{"rendered":"<p><iframe title=\"Banded\u00ae PrimaLoft Insulated Base Layer - Top\" width=\"1020\" height=\"574\" src=\"https:\/\/www.youtube.com\/embed\/bBaFuGbMYo8?start=1&#038;wmode=transparent&amp;rel=0&amp;feature=oembed&#038;enablejsapi=1&#038;origin=https:\/\/staging.lucky-hunter.com\" frameborder=\"0\" allow=\"accelerometer; autoplay; clipboard-write; encrypted-media; gyroscope; picture-in-picture\" allowfullscreen><\/iframe><\/p>\n<h4><a href=\"https:\/\/staging.lucky-hunter.com\/wp-content\/uploads\/2022\/08\/Storrelsesguide-Herre-Engelsk.pdf\" target=\"_blank\" rel=\"noopener\"><strong>Voir le guide des tailles ici<\/strong><\/a><\/h4>\n<h2><strong>Couche de base Banded : transformer la technologie en confort<\/strong><\/h2>\n<p>La couche de base Banded Core utilise la technologie de cartographie du corps, ce qui la rend techniquement sup\u00e9rieure \u00e0 toute autre couche de base sur le march\u00e9.<\/p>\n<div>L&#8217;isolation PrimaLoft Silver est situ\u00e9e dans les zones strat\u00e9giques de perte de chaleur rapide par temps froid.<\/div>\n<div><\/div>\n<div>La technologie de cartographie du corps assure une isolation maximale l\u00e0 o\u00f9 vous en avez le plus besoin, tout en emp\u00eachant le corps de surchauffer. Combinez cela avec du polyester et de l&#8217;\u00e9lasthanne pour une capacit\u00e9 d&#8217;\u00e9vacuation maximale, et cette couche vous permet de rester sur le terrain l\u00e0 o\u00f9 des v\u00eatements inf\u00e9rieurs vous forceraient \u00e0 rentrer.<\/div>\n<div><\/div>\n<div>La couche de base Banded Core surpasse m\u00eame les couches de base en laine les plus fines en mati\u00e8re de gestion de la chaleur, d&#8217;\u00e9vacuation de l&#8217;humidit\u00e9 et de respirabilit\u00e9. La couche de base Banded Core est plus confortable contre la peau et co\u00fbte moins cher. De plus, son m\u00e9lange polyester \/ \u00e9lasthanne ne s&#8217;affaissera pas avec le temps, contrairement \u00e0 la laine, offrant une meilleure r\u00e9tention de la forme \u00e0 long terme, et donc une meilleure valeur pour votre argent.<\/div>\n<div><\/div>\n<div><\/div>\n<div><strong>Caract\u00e9ristiques principales\u00a0:<\/strong><\/div>\n<ul>\n<li>L&#8217;isolation PrimaLoft Silver de 40 grammes est l\u00e9g\u00e8re, chaude et ne retient pas l&#8217;humidit\u00e9<\/li>\n<li>La technologie de cartographie du corps concentre l&#8217;isolation l\u00e0 o\u00f9 vous en avez le plus besoin<\/li>\n<li>La fabrication extensible dans les 4 sens permet tous les mouvements<\/li>\n<li>Le tissu est un m\u00e9lange de polyester et d&#8217;\u00e9lasthanne qui \u00e9vacue l&#8217;humidit\u00e9 de votre peau.<\/li>\n<li>Couleur : mousse espagnole<\/li>\n<\/ul>\n","protected":false},"excerpt":{"rendered":"<p>La couche de base Banded Core utilise la technologie de cartographie du corps, ce qui la rend techniquement sup\u00e9rieure \u00e0 toute autre couche de base sur le march\u00e9.<\/p>\n","protected":false},"featured_media":54459,"template":"","meta":[],"product_brand":[8137],"product_cat":[9257],"product_tag":[],"yoast_head":"<!-- This site is optimized with the Yoast SEO plugin v24.3 - https:\/\/yoast.com\/wordpress\/plugins\/seo\/ -->\n<title>Couche de base isolante Banded PrimaLoft - Lucky-Hunter.com<\/title>\n<meta name=\"description\" content=\"La couche de base Banded Core utilise la technologie de cartographie du corps, ce qui la rend techniquement sup\u00e9rieure \u00e0 toute autre couche de base sur le march\u00e9.\" \/>\n<meta name=\"robots\" content=\"noindex, follow, max-snippet:-1, max-image-preview:large, max-video-preview:-1\" \/>\n<meta property=\"og:locale\" content=\"fr_FR\" \/>\n<meta property=\"og:type\" content=\"article\" \/>\n<meta property=\"og:title\" content=\"Couche de base isolante Banded PrimaLoft - Lucky-Hunter.com\" \/>\n<meta property=\"og:description\" content=\"La couche de base Banded Core utilise la technologie de cartographie du corps, ce qui la rend techniquement sup\u00e9rieure \u00e0 toute autre couche de base sur le march\u00e9.\" \/>\n<meta property=\"og:url\" content=\"https:\/\/staging.lucky-hunter.com\/fr\/product\/couche-de-base-isolante-banded-primaloft\/\" \/>\n<meta property=\"og:site_name\" content=\"Lucky-Hunter\" \/>\n<meta property=\"article:modified_time\" content=\"2023-03-14T14:34:45+00:00\" \/>\n<meta property=\"og:image\" content=\"https:\/\/staging.lucky-hunter.com\/wp-content\/uploads\/2022\/07\/JB-0190.png\" \/>\n\t<meta property=\"og:image:width\" content=\"1000\" \/>\n\t<meta property=\"og:image:height\" content=\"1000\" \/>\n\t<meta property=\"og:image:type\" content=\"image\/png\" \/>\n<meta name=\"twitter:card\" content=\"summary_large_image\" \/>\n<meta name=\"twitter:label1\" content=\"Dur\u00e9e de lecture estim\u00e9e\" \/>\n\t<meta name=\"twitter:data1\" content=\"2 minutes\" \/>\n<script type=\"application\/ld+json\" class=\"yoast-schema-graph\">{\"@context\":\"https:\/\/schema.org\",\"@graph\":[{\"@type\":\"WebPage\",\"@id\":\"https:\/\/staging.lucky-hunter.com\/fr\/product\/couche-de-base-isolante-banded-primaloft\/\",\"url\":\"https:\/\/staging.lucky-hunter.com\/fr\/product\/couche-de-base-isolante-banded-primaloft\/\",\"name\":\"Couche de base isolante Banded PrimaLoft - Lucky-Hunter.com\",\"isPartOf\":{\"@id\":\"https:\/\/staging.lucky-hunter.com\/#website\"},\"primaryImageOfPage\":{\"@id\":\"https:\/\/staging.lucky-hunter.com\/fr\/product\/couche-de-base-isolante-banded-primaloft\/#primaryimage\"},\"image\":{\"@id\":\"https:\/\/staging.lucky-hunter.com\/fr\/product\/couche-de-base-isolante-banded-primaloft\/#primaryimage\"},\"thumbnailUrl\":\"https:\/\/staging.lucky-hunter.com\/wp-content\/uploads\/2022\/07\/JB-0190.png\",\"datePublished\":\"2022-07-14T09:44:14+00:00\",\"dateModified\":\"2023-03-14T14:34:45+00:00\",\"description\":\"La couche de base Banded Core utilise la technologie de cartographie du corps, ce qui la rend techniquement sup\u00e9rieure \u00e0 toute autre couche de base sur le march\u00e9.\",\"breadcrumb\":{\"@id\":\"https:\/\/staging.lucky-hunter.com\/fr\/product\/couche-de-base-isolante-banded-primaloft\/#breadcrumb\"},\"inLanguage\":\"fr-FR\",\"potentialAction\":[{\"@type\":\"ReadAction\",\"target\":[\"https:\/\/staging.lucky-hunter.com\/fr\/product\/couche-de-base-isolante-banded-primaloft\/\"]}]},{\"@type\":\"ImageObject\",\"inLanguage\":\"fr-FR\",\"@id\":\"https:\/\/staging.lucky-hunter.com\/fr\/product\/couche-de-base-isolante-banded-primaloft\/#primaryimage\",\"url\":\"https:\/\/staging.lucky-hunter.com\/wp-content\/uploads\/2022\/07\/JB-0190.png\",\"contentUrl\":\"https:\/\/staging.lucky-hunter.com\/wp-content\/uploads\/2022\/07\/JB-0190.png\",\"width\":1000,\"height\":1000},{\"@type\":\"BreadcrumbList\",\"@id\":\"https:\/\/staging.lucky-hunter.com\/fr\/product\/couche-de-base-isolante-banded-primaloft\/#breadcrumb\",\"itemListElement\":[{\"@type\":\"ListItem\",\"position\":1,\"name\":\"Home\",\"item\":\"https:\/\/staging.lucky-hunter.com\/fr\/\"},{\"@type\":\"ListItem\",\"position\":2,\"name\":\"Boutique\",\"item\":\"https:\/\/staging.lucky-hunter.com\/fr\/shop\/\"},{\"@type\":\"ListItem\",\"position\":3,\"name\":\"Couche de base isolante Banded PrimaLoft\"}]},{\"@type\":\"WebSite\",\"@id\":\"https:\/\/staging.lucky-hunter.com\/#website\",\"url\":\"https:\/\/staging.lucky-hunter.com\/\",\"name\":\"Lucky-Hunter\",\"description\":\"Gear Up or Give Up\",\"potentialAction\":[{\"@type\":\"SearchAction\",\"target\":{\"@type\":\"EntryPoint\",\"urlTemplate\":\"https:\/\/staging.lucky-hunter.com\/?s={search_term_string}\"},\"query-input\":{\"@type\":\"PropertyValueSpecification\",\"valueRequired\":true,\"valueName\":\"search_term_string\"}}],\"inLanguage\":\"fr-FR\"}]}<\/script>\n<!-- \/ Yoast SEO plugin. -->","yoast_head_json":{"title":"Couche de base isolante Banded PrimaLoft - Lucky-Hunter.com","description":"La couche de base Banded Core utilise la technologie de cartographie du corps, ce qui la rend techniquement sup\u00e9rieure \u00e0 toute autre couche de base sur le march\u00e9.","robots":{"index":"noindex","follow":"follow","max-snippet":"max-snippet:-1","max-image-preview":"max-image-preview:large","max-video-preview":"max-video-preview:-1"},"og_locale":"fr_FR","og_type":"article","og_title":"Couche de base isolante Banded PrimaLoft - Lucky-Hunter.com","og_description":"La couche de base Banded Core utilise la technologie de cartographie du corps, ce qui la rend techniquement sup\u00e9rieure \u00e0 toute autre couche de base sur le march\u00e9.","og_url":"https:\/\/staging.lucky-hunter.com\/fr\/product\/couche-de-base-isolante-banded-primaloft\/","og_site_name":"Lucky-Hunter","article_modified_time":"2023-03-14T14:34:45+00:00","og_image":[{"width":1000,"height":1000,"url":"https:\/\/staging.lucky-hunter.com\/wp-content\/uploads\/2022\/07\/JB-0190.png","type":"image\/png"}],"twitter_card":"summary_large_image","twitter_misc":{"Dur\u00e9e de lecture estim\u00e9e":"2 minutes"},"schema":{"@context":"https:\/\/schema.org","@graph":[{"@type":"WebPage","@id":"https:\/\/staging.lucky-hunter.com\/fr\/product\/couche-de-base-isolante-banded-primaloft\/","url":"https:\/\/staging.lucky-hunter.com\/fr\/product\/couche-de-base-isolante-banded-primaloft\/","name":"Couche de base isolante Banded PrimaLoft - Lucky-Hunter.com","isPartOf":{"@id":"https:\/\/staging.lucky-hunter.com\/#website"},"primaryImageOfPage":{"@id":"https:\/\/staging.lucky-hunter.com\/fr\/product\/couche-de-base-isolante-banded-primaloft\/#primaryimage"},"image":{"@id":"https:\/\/staging.lucky-hunter.com\/fr\/product\/couche-de-base-isolante-banded-primaloft\/#primaryimage"},"thumbnailUrl":"https:\/\/staging.lucky-hunter.com\/wp-content\/uploads\/2022\/07\/JB-0190.png","datePublished":"2022-07-14T09:44:14+00:00","dateModified":"2023-03-14T14:34:45+00:00","description":"La couche de base Banded Core utilise la technologie de cartographie du corps, ce qui la rend techniquement sup\u00e9rieure \u00e0 toute autre couche de base sur le march\u00e9.","breadcrumb":{"@id":"https:\/\/staging.lucky-hunter.com\/fr\/product\/couche-de-base-isolante-banded-primaloft\/#breadcrumb"},"inLanguage":"fr-FR","potentialAction":[{"@type":"ReadAction","target":["https:\/\/staging.lucky-hunter.com\/fr\/product\/couche-de-base-isolante-banded-primaloft\/"]}]},{"@type":"ImageObject","inLanguage":"fr-FR","@id":"https:\/\/staging.lucky-hunter.com\/fr\/product\/couche-de-base-isolante-banded-primaloft\/#primaryimage","url":"https:\/\/staging.lucky-hunter.com\/wp-content\/uploads\/2022\/07\/JB-0190.png","contentUrl":"https:\/\/staging.lucky-hunter.com\/wp-content\/uploads\/2022\/07\/JB-0190.png","width":1000,"height":1000},{"@type":"BreadcrumbList","@id":"https:\/\/staging.lucky-hunter.com\/fr\/product\/couche-de-base-isolante-banded-primaloft\/#breadcrumb","itemListElement":[{"@type":"ListItem","position":1,"name":"Home","item":"https:\/\/staging.lucky-hunter.com\/fr\/"},{"@type":"ListItem","position":2,"name":"Boutique","item":"https:\/\/staging.lucky-hunter.com\/fr\/shop\/"},{"@type":"ListItem","position":3,"name":"Couche de base isolante Banded PrimaLoft"}]},{"@type":"WebSite","@id":"https:\/\/staging.lucky-hunter.com\/#website","url":"https:\/\/staging.lucky-hunter.com\/","name":"Lucky-Hunter","description":"Gear Up or Give Up","potentialAction":[{"@type":"SearchAction","target":{"@type":"EntryPoint","urlTemplate":"https:\/\/staging.lucky-hunter.com\/?s={search_term_string}"},"query-input":{"@type":"PropertyValueSpecification","valueRequired":true,"valueName":"search_term_string"}}],"inLanguage":"fr-FR"}]}},"_links":{"self":[{"href":"https:\/\/staging.lucky-hunter.com\/fr\/wp-json\/wp\/v2\/product\/35283"}],"collection":[{"href":"https:\/\/staging.lucky-hunter.com\/fr\/wp-json\/wp\/v2\/product"}],"about":[{"href":"https:\/\/staging.lucky-hunter.com\/fr\/wp-json\/wp\/v2\/types\/product"}],"wp:featuredmedia":[{"embeddable":true,"href":"https:\/\/staging.lucky-hunter.com\/fr\/wp-json\/wp\/v2\/media\/54459"}],"wp:attachment":[{"href":"https:\/\/staging.lucky-hunter.com\/fr\/wp-json\/wp\/v2\/media?parent=35283"}],"wp:term":[{"taxonomy":"product_brand","embeddable":true,"href":"https:\/\/staging.lucky-hunter.com\/fr\/wp-json\/wp\/v2\/product_brand?post=35283"},{"taxonomy":"product_cat","embeddable":true,"href":"https:\/\/staging.lucky-hunter.com\/fr\/wp-json\/wp\/v2\/product_cat?post=35283"},{"taxonomy":"product_tag","embeddable":true,"href":"https:\/\/staging.lucky-hunter.com\/fr\/wp-json\/wp\/v2\/product_tag?post=35283"}],"curies":[{"name":"wp","href":"https:\/\/api.w.org\/{rel}","templated":true}]}}