{"id":32397,"date":"2022-09-01T12:10:12","date_gmt":"2022-09-01T10:10:12","guid":{"rendered":"https:\/\/staging.lucky-hunter.com\/product\/decoys-3\/"},"modified":"2024-05-01T08:38:53","modified_gmt":"2024-05-01T06:38:53","slug":"final-approach","status":"publish","type":"product","link":"https:\/\/staging.lucky-hunter.com\/fr\/product\/final-approach\/","title":{"rendered":"Formes Flottantes d\u2019Oies Rieuses Final Approach &#8211; pack de 6"},"content":{"rendered":"<p><iframe title=\"Final Approach Floating Goose Decoys | Specklebelly &amp; Greylags\" width=\"1020\" height=\"574\" src=\"https:\/\/www.youtube.com\/embed\/QahVxW9JrX8?wmode=transparent&amp;rel=0&amp;feature=oembed&#038;enablejsapi=1&#038;origin=https:\/\/staging.lucky-hunter.com\" frameborder=\"0\" allow=\"accelerometer; autoplay; clipboard-write; encrypted-media; gyroscope; picture-in-picture\" allowfullscreen><\/iframe><\/p>\n<h2>Des formes parfaites pour chasser l\u2019oie sur l&#8217;eau<\/h2>\n<p>Final Approach pr\u00e9sente ses nouvelles formes d\u2019Oies Rieuses flottantes &#8211; magnifiques et \u00e0 un prix tr\u00e8s comp\u00e9titif. Il s&#8217;agit d&#8217;une version am\u00e9lior\u00e9e de la s\u00e9rie Standard.<\/p>\n<p>Sp\u00e9cialis\u00e9e dans l\u2019\u00e9quipement pour la chasse au gibier d\u2019eau, Final Approach est l&#8217;une des marques les plus r\u00e9put\u00e9es aux \u00c9tats-Unis. Leur passion pour la chasse aux oiseaux et leurs exigences \u00e9lev\u00e9es en mati\u00e8re d&#8217;\u00e9quipement se retrouvent dans tous leurs produits, des formes aux aff\u00fbts, en passant par les sacs et les accessoires.<\/p>\n<p>Le design monobloc de ces formes d\u2019oies cendr\u00e9es flottantes leur conf\u00e8re la durabilit\u00e9 dont tout chasseur de gibier d\u2019eau souhaite b\u00e9n\u00e9ficier. Les formes sont dot\u00e9es d\u2019un nouveau design d\u00e9taill\u00e9 et r\u00e9aliste, tant en termes de sculpture que de peinture. Elles seront sans aucun doute parmi les formes d\u2019oies les plus vendues. Essayez-les, vous comprendrez pourquoi.<\/p>\n<p><strong>Caract\u00e9ristiques\u00a0:<\/strong><\/p>\n<ul>\n<li>Fabrication F.A. robuste et durable, comme toujours !<\/li>\n<li>Design monobloc pour une durabilit\u00e9 accrue<\/li>\n<li>Quille lest\u00e9e avec syst\u00e8me de blocage de corde<\/li>\n<li>Sch\u00e9ma de peinture am\u00e9lior\u00e9 pour une apparence r\u00e9aliste<\/li>\n<li>Pack de 6 formes \u00e0 peinture mate<\/li>\n<li>Taille standard.<\/li>\n<\/ul>\n","protected":false},"excerpt":{"rendered":"<p>Final Approach pr\u00e9sente ses nouvelles formes d\u2019Oies Rieuses flottantes &#8211; magnifiques et \u00e0 un prix tr\u00e8s comp\u00e9titif. Il s&#8217;agit d&#8217;une version am\u00e9lior\u00e9e des formes flottantes de la s\u00e9rie Standard, elles ont \u00e9t\u00e9 re-sculpt\u00e9es et dot\u00e9es d\u2019un nouveau sch\u00e9ma de peinture ultra mate plus r\u00e9aliste.<\/p>\n","protected":false},"featured_media":55417,"template":"","meta":[],"product_brand":[8136],"product_cat":[8177],"product_tag":[9446],"yoast_head":"<!-- This site is optimized with the Yoast SEO plugin v24.3 - https:\/\/yoast.com\/wordpress\/plugins\/seo\/ -->\n<title>Formes Flottantes d\u2019Oies Rieuses Final Approach | Parfaites pour chasser sur l&#039;eau<\/title>\n<meta name=\"description\" content=\"Final Approach pr\u00e9sente ses nouvelles formes d\u2019Oies Rieuses flottantes - magnifiques et \u00e0 un prix tr\u00e8s comp\u00e9titif. Il s&#039;agit d&#039;une version am\u00e9lior\u00e9e de la s\u00e9rie Standard.\" \/>\n<meta name=\"robots\" content=\"noindex, follow, max-snippet:-1, max-image-preview:large, max-video-preview:-1\" \/>\n<meta property=\"og:locale\" content=\"fr_FR\" \/>\n<meta property=\"og:type\" content=\"article\" \/>\n<meta property=\"og:title\" content=\"Formes Flottantes d\u2019Oies Rieuses Final Approach | Parfaites pour chasser sur l&#039;eau\" \/>\n<meta property=\"og:description\" content=\"Final Approach pr\u00e9sente ses nouvelles formes d\u2019Oies Rieuses flottantes - magnifiques et \u00e0 un prix tr\u00e8s comp\u00e9titif. Il s&#039;agit d&#039;une version am\u00e9lior\u00e9e de la s\u00e9rie Standard.\" \/>\n<meta property=\"og:url\" content=\"https:\/\/staging.lucky-hunter.com\/fr\/product\/final-approach\/\" \/>\n<meta property=\"og:site_name\" content=\"Lucky-Hunter\" \/>\n<meta property=\"article:modified_time\" content=\"2024-05-01T06:38:53+00:00\" \/>\n<meta property=\"og:image\" content=\"https:\/\/staging.lucky-hunter.com\/wp-content\/uploads\/2022\/09\/LF-404-1.png\" \/>\n\t<meta property=\"og:image:width\" content=\"1000\" \/>\n\t<meta property=\"og:image:height\" content=\"1000\" \/>\n\t<meta property=\"og:image:type\" content=\"image\/png\" \/>\n<meta name=\"twitter:card\" content=\"summary_large_image\" \/>\n<meta name=\"twitter:label1\" content=\"Dur\u00e9e de lecture estim\u00e9e\" \/>\n\t<meta name=\"twitter:data1\" content=\"1 minute\" \/>\n<script type=\"application\/ld+json\" class=\"yoast-schema-graph\">{\"@context\":\"https:\/\/schema.org\",\"@graph\":[{\"@type\":\"WebPage\",\"@id\":\"https:\/\/staging.lucky-hunter.com\/fr\/product\/final-approach\/\",\"url\":\"https:\/\/staging.lucky-hunter.com\/fr\/product\/final-approach\/\",\"name\":\"Formes Flottantes d\u2019Oies Rieuses Final Approach | Parfaites pour chasser sur l'eau\",\"isPartOf\":{\"@id\":\"https:\/\/staging.lucky-hunter.com\/#website\"},\"primaryImageOfPage\":{\"@id\":\"https:\/\/staging.lucky-hunter.com\/fr\/product\/final-approach\/#primaryimage\"},\"image\":{\"@id\":\"https:\/\/staging.lucky-hunter.com\/fr\/product\/final-approach\/#primaryimage\"},\"thumbnailUrl\":\"https:\/\/staging.lucky-hunter.com\/wp-content\/uploads\/2022\/09\/LF-404-1.png\",\"datePublished\":\"2022-09-01T10:10:12+00:00\",\"dateModified\":\"2024-05-01T06:38:53+00:00\",\"description\":\"Final Approach pr\u00e9sente ses nouvelles formes d\u2019Oies Rieuses flottantes - magnifiques et \u00e0 un prix tr\u00e8s comp\u00e9titif. Il s'agit d'une version am\u00e9lior\u00e9e de la s\u00e9rie Standard.\",\"breadcrumb\":{\"@id\":\"https:\/\/staging.lucky-hunter.com\/fr\/product\/final-approach\/#breadcrumb\"},\"inLanguage\":\"fr-FR\",\"potentialAction\":[{\"@type\":\"ReadAction\",\"target\":[\"https:\/\/staging.lucky-hunter.com\/fr\/product\/final-approach\/\"]}]},{\"@type\":\"ImageObject\",\"inLanguage\":\"fr-FR\",\"@id\":\"https:\/\/staging.lucky-hunter.com\/fr\/product\/final-approach\/#primaryimage\",\"url\":\"https:\/\/staging.lucky-hunter.com\/wp-content\/uploads\/2022\/09\/LF-404-1.png\",\"contentUrl\":\"https:\/\/staging.lucky-hunter.com\/wp-content\/uploads\/2022\/09\/LF-404-1.png\",\"width\":1000,\"height\":1000},{\"@type\":\"BreadcrumbList\",\"@id\":\"https:\/\/staging.lucky-hunter.com\/fr\/product\/final-approach\/#breadcrumb\",\"itemListElement\":[{\"@type\":\"ListItem\",\"position\":1,\"name\":\"Home\",\"item\":\"https:\/\/staging.lucky-hunter.com\/fr\/\"},{\"@type\":\"ListItem\",\"position\":2,\"name\":\"Boutique\",\"item\":\"https:\/\/staging.lucky-hunter.com\/fr\/shop\/\"},{\"@type\":\"ListItem\",\"position\":3,\"name\":\"Formes Flottantes d\u2019Oies Rieuses Final Approach &#8211; pack de 6\"}]},{\"@type\":\"WebSite\",\"@id\":\"https:\/\/staging.lucky-hunter.com\/#website\",\"url\":\"https:\/\/staging.lucky-hunter.com\/\",\"name\":\"Lucky-Hunter\",\"description\":\"Gear Up or Give Up\",\"potentialAction\":[{\"@type\":\"SearchAction\",\"target\":{\"@type\":\"EntryPoint\",\"urlTemplate\":\"https:\/\/staging.lucky-hunter.com\/?s={search_term_string}\"},\"query-input\":{\"@type\":\"PropertyValueSpecification\",\"valueRequired\":true,\"valueName\":\"search_term_string\"}}],\"inLanguage\":\"fr-FR\"}]}<\/script>\n<!-- \/ Yoast SEO plugin. -->","yoast_head_json":{"title":"Formes Flottantes d\u2019Oies Rieuses Final Approach | Parfaites pour chasser sur l'eau","description":"Final Approach pr\u00e9sente ses nouvelles formes d\u2019Oies Rieuses flottantes - magnifiques et \u00e0 un prix tr\u00e8s comp\u00e9titif. Il s'agit d'une version am\u00e9lior\u00e9e de la s\u00e9rie Standard.","robots":{"index":"noindex","follow":"follow","max-snippet":"max-snippet:-1","max-image-preview":"max-image-preview:large","max-video-preview":"max-video-preview:-1"},"og_locale":"fr_FR","og_type":"article","og_title":"Formes Flottantes d\u2019Oies Rieuses Final Approach | Parfaites pour chasser sur l'eau","og_description":"Final Approach pr\u00e9sente ses nouvelles formes d\u2019Oies Rieuses flottantes - magnifiques et \u00e0 un prix tr\u00e8s comp\u00e9titif. Il s'agit d'une version am\u00e9lior\u00e9e de la s\u00e9rie Standard.","og_url":"https:\/\/staging.lucky-hunter.com\/fr\/product\/final-approach\/","og_site_name":"Lucky-Hunter","article_modified_time":"2024-05-01T06:38:53+00:00","og_image":[{"width":1000,"height":1000,"url":"https:\/\/staging.lucky-hunter.com\/wp-content\/uploads\/2022\/09\/LF-404-1.png","type":"image\/png"}],"twitter_card":"summary_large_image","twitter_misc":{"Dur\u00e9e de lecture estim\u00e9e":"1 minute"},"schema":{"@context":"https:\/\/schema.org","@graph":[{"@type":"WebPage","@id":"https:\/\/staging.lucky-hunter.com\/fr\/product\/final-approach\/","url":"https:\/\/staging.lucky-hunter.com\/fr\/product\/final-approach\/","name":"Formes Flottantes d\u2019Oies Rieuses Final Approach | Parfaites pour chasser sur l'eau","isPartOf":{"@id":"https:\/\/staging.lucky-hunter.com\/#website"},"primaryImageOfPage":{"@id":"https:\/\/staging.lucky-hunter.com\/fr\/product\/final-approach\/#primaryimage"},"image":{"@id":"https:\/\/staging.lucky-hunter.com\/fr\/product\/final-approach\/#primaryimage"},"thumbnailUrl":"https:\/\/staging.lucky-hunter.com\/wp-content\/uploads\/2022\/09\/LF-404-1.png","datePublished":"2022-09-01T10:10:12+00:00","dateModified":"2024-05-01T06:38:53+00:00","description":"Final Approach pr\u00e9sente ses nouvelles formes d\u2019Oies Rieuses flottantes - magnifiques et \u00e0 un prix tr\u00e8s comp\u00e9titif. Il s'agit d'une version am\u00e9lior\u00e9e de la s\u00e9rie Standard.","breadcrumb":{"@id":"https:\/\/staging.lucky-hunter.com\/fr\/product\/final-approach\/#breadcrumb"},"inLanguage":"fr-FR","potentialAction":[{"@type":"ReadAction","target":["https:\/\/staging.lucky-hunter.com\/fr\/product\/final-approach\/"]}]},{"@type":"ImageObject","inLanguage":"fr-FR","@id":"https:\/\/staging.lucky-hunter.com\/fr\/product\/final-approach\/#primaryimage","url":"https:\/\/staging.lucky-hunter.com\/wp-content\/uploads\/2022\/09\/LF-404-1.png","contentUrl":"https:\/\/staging.lucky-hunter.com\/wp-content\/uploads\/2022\/09\/LF-404-1.png","width":1000,"height":1000},{"@type":"BreadcrumbList","@id":"https:\/\/staging.lucky-hunter.com\/fr\/product\/final-approach\/#breadcrumb","itemListElement":[{"@type":"ListItem","position":1,"name":"Home","item":"https:\/\/staging.lucky-hunter.com\/fr\/"},{"@type":"ListItem","position":2,"name":"Boutique","item":"https:\/\/staging.lucky-hunter.com\/fr\/shop\/"},{"@type":"ListItem","position":3,"name":"Formes Flottantes d\u2019Oies Rieuses Final Approach &#8211; pack de 6"}]},{"@type":"WebSite","@id":"https:\/\/staging.lucky-hunter.com\/#website","url":"https:\/\/staging.lucky-hunter.com\/","name":"Lucky-Hunter","description":"Gear Up or Give Up","potentialAction":[{"@type":"SearchAction","target":{"@type":"EntryPoint","urlTemplate":"https:\/\/staging.lucky-hunter.com\/?s={search_term_string}"},"query-input":{"@type":"PropertyValueSpecification","valueRequired":true,"valueName":"search_term_string"}}],"inLanguage":"fr-FR"}]}},"_links":{"self":[{"href":"https:\/\/staging.lucky-hunter.com\/fr\/wp-json\/wp\/v2\/product\/32397"}],"collection":[{"href":"https:\/\/staging.lucky-hunter.com\/fr\/wp-json\/wp\/v2\/product"}],"about":[{"href":"https:\/\/staging.lucky-hunter.com\/fr\/wp-json\/wp\/v2\/types\/product"}],"wp:featuredmedia":[{"embeddable":true,"href":"https:\/\/staging.lucky-hunter.com\/fr\/wp-json\/wp\/v2\/media\/55417"}],"wp:attachment":[{"href":"https:\/\/staging.lucky-hunter.com\/fr\/wp-json\/wp\/v2\/media?parent=32397"}],"wp:term":[{"taxonomy":"product_brand","embeddable":true,"href":"https:\/\/staging.lucky-hunter.com\/fr\/wp-json\/wp\/v2\/product_brand?post=32397"},{"taxonomy":"product_cat","embeddable":true,"href":"https:\/\/staging.lucky-hunter.com\/fr\/wp-json\/wp\/v2\/product_cat?post=32397"},{"taxonomy":"product_tag","embeddable":true,"href":"https:\/\/staging.lucky-hunter.com\/fr\/wp-json\/wp\/v2\/product_tag?post=32397"}],"curies":[{"name":"wp","href":"https:\/\/api.w.org\/{rel}","templated":true}]}}