{"id":32387,"date":"2022-09-01T11:59:27","date_gmt":"2022-09-01T09:59:27","guid":{"rendered":"https:\/\/staging.lucky-hunter.com\/product\/decoys-2\/"},"modified":"2024-05-01T08:38:54","modified_gmt":"2024-05-01T06:38:54","slug":"final-approach-gadwall","status":"publish","type":"product","link":"https:\/\/staging.lucky-hunter.com\/fr\/product\/final-approach-gadwall\/","title":{"rendered":"Canards Chipeaux Final Approach &#8211; Pack de 6"},"content":{"rendered":"<p><iframe title=\"Final Approach LIVE Gadwall\" width=\"1020\" height=\"574\" src=\"https:\/\/www.youtube.com\/embed\/AqFd504gIsc?wmode=transparent&amp;rel=0&amp;feature=oembed&#038;enablejsapi=1&#038;origin=https:\/\/staging.lucky-hunter.com\" frameborder=\"0\" allow=\"accelerometer; autoplay; clipboard-write; encrypted-media; gyroscope; picture-in-picture\" allowfullscreen><\/iframe><\/p>\n<h2>Des formes de qualit\u00e9 par Final Approach<\/h2>\n<p>Tout nouveau pour 2021, le canard chipeau Final Approach LIVE. Ce pack de 6 est livr\u00e9 avec 3 canards m\u00e2les au repos et 3 mangeurs. Fabriqu\u00e9s \u00e0 partir d&#8217;un mat\u00e9riau EVA de qualit\u00e9 sup\u00e9rieure associ\u00e9 \u00e0 un sch\u00e9ma de peinture r\u00e9aliste, ces formes se d\u00e9marquent. L&#8217;attitude de ces formes n&#8217;a rien \u00e0 voir avec ce que vous avez vu auparavant. On trouve des canards chipeaux dans de nombreux environnements et ils constituent d\u2019excellentes formes. Ce pack de canards m\u00e2les vous offre la couleur qu\u2019il vous faut, pour que votre d\u00e9ploiement se d\u00e9marque des autres.<\/p>\n<h2>CARACT\u00c9RISTIQUES\u00a0:<\/h2>\n<ul>\n<li><strong>Mat\u00e9riau EVA de qualit\u00e9 sup\u00e9rieure<\/strong><\/li>\n<li><strong>Plumes \u00ab LIVE \u00bb incroyablement d\u00e9taill\u00e9es, cr\u00e9\u00e9es par le sculpteur champion du monde Tom Christie<\/strong><\/li>\n<li><strong>Conception monobloc<\/strong><\/li>\n<li><strong>Taille r\u00e9elle<\/strong><\/li>\n<li><strong>3 points d&#8217;attache pour le gr\u00e9ement<\/strong><\/li>\n<li><strong>Pack de 6\u00a0: 3 canards m\u00e2les au repos, 3 mangeurs<\/strong><\/li>\n<\/ul>\n","protected":false},"excerpt":{"rendered":"<p>Final Approach a con\u00e7u l&#8217;une des plus belles formes de canard chipeau sur le march\u00e9\u00a0! Des d\u00e9tails r\u00e9alistes et une qualit\u00e9 \u00e9lev\u00e9e.<\/p>\n","protected":false},"featured_media":47743,"template":"","meta":[],"product_brand":[8136],"product_cat":[8183],"product_tag":[9235],"yoast_head":"<!-- This site is optimized with the Yoast SEO plugin v24.3 - https:\/\/yoast.com\/wordpress\/plugins\/seo\/ -->\n<title>Canards Chipeaux Final Approach | Formes r\u00e9alistes sur Lucky-Hunter.com<\/title>\n<meta name=\"description\" content=\"On trouve des canards chipeaux dans de nombreux environnements et ils constituent d\u2019excellentes formes. Ce pack de m\u00e2les vous permet d\u2019ajouter \u00e0 votre troupeau toute la couleur dont vous avez besoin.\" \/>\n<meta name=\"robots\" content=\"noindex, follow, max-snippet:-1, max-image-preview:large, max-video-preview:-1\" \/>\n<meta property=\"og:locale\" content=\"fr_FR\" \/>\n<meta property=\"og:type\" content=\"article\" \/>\n<meta property=\"og:title\" content=\"Canards Chipeaux Final Approach | Formes r\u00e9alistes sur Lucky-Hunter.com\" \/>\n<meta property=\"og:description\" content=\"On trouve des canards chipeaux dans de nombreux environnements et ils constituent d\u2019excellentes formes. Ce pack de m\u00e2les vous permet d\u2019ajouter \u00e0 votre troupeau toute la couleur dont vous avez besoin.\" \/>\n<meta property=\"og:url\" content=\"https:\/\/staging.lucky-hunter.com\/product\/final-approach-gadwall\/\" \/>\n<meta property=\"og:site_name\" content=\"Lucky-Hunter\" \/>\n<meta property=\"article:modified_time\" content=\"2024-05-01T06:38:54+00:00\" \/>\n<meta property=\"og:image\" content=\"https:\/\/staging.lucky-hunter.com\/wp-content\/uploads\/2022\/09\/LF-381.png\" \/>\n\t<meta property=\"og:image:width\" content=\"1000\" \/>\n\t<meta property=\"og:image:height\" content=\"1000\" \/>\n\t<meta property=\"og:image:type\" content=\"image\/png\" \/>\n<meta name=\"twitter:card\" content=\"summary_large_image\" \/>\n<meta name=\"twitter:label1\" content=\"Dur\u00e9e de lecture estim\u00e9e\" \/>\n\t<meta name=\"twitter:data1\" content=\"1 minute\" \/>\n<script type=\"application\/ld+json\" class=\"yoast-schema-graph\">{\"@context\":\"https:\/\/schema.org\",\"@graph\":[{\"@type\":\"WebPage\",\"@id\":\"https:\/\/staging.lucky-hunter.com\/product\/final-approach-gadwall\/\",\"url\":\"https:\/\/staging.lucky-hunter.com\/product\/final-approach-gadwall\/\",\"name\":\"Canards Chipeaux Final Approach | Formes r\u00e9alistes sur Lucky-Hunter.com\",\"isPartOf\":{\"@id\":\"https:\/\/staging.lucky-hunter.com\/#website\"},\"primaryImageOfPage\":{\"@id\":\"https:\/\/staging.lucky-hunter.com\/product\/final-approach-gadwall\/#primaryimage\"},\"image\":{\"@id\":\"https:\/\/staging.lucky-hunter.com\/product\/final-approach-gadwall\/#primaryimage\"},\"thumbnailUrl\":\"https:\/\/staging.lucky-hunter.com\/wp-content\/uploads\/2022\/09\/LF-381.png\",\"datePublished\":\"2022-09-01T09:59:27+00:00\",\"dateModified\":\"2024-05-01T06:38:54+00:00\",\"description\":\"On trouve des canards chipeaux dans de nombreux environnements et ils constituent d\u2019excellentes formes. Ce pack de m\u00e2les vous permet d\u2019ajouter \u00e0 votre troupeau toute la couleur dont vous avez besoin.\",\"breadcrumb\":{\"@id\":\"https:\/\/staging.lucky-hunter.com\/product\/final-approach-gadwall\/#breadcrumb\"},\"inLanguage\":\"fr-FR\",\"potentialAction\":[{\"@type\":\"ReadAction\",\"target\":[\"https:\/\/staging.lucky-hunter.com\/product\/final-approach-gadwall\/\"]}]},{\"@type\":\"ImageObject\",\"inLanguage\":\"fr-FR\",\"@id\":\"https:\/\/staging.lucky-hunter.com\/product\/final-approach-gadwall\/#primaryimage\",\"url\":\"https:\/\/staging.lucky-hunter.com\/wp-content\/uploads\/2022\/09\/LF-381.png\",\"contentUrl\":\"https:\/\/staging.lucky-hunter.com\/wp-content\/uploads\/2022\/09\/LF-381.png\",\"width\":1000,\"height\":1000},{\"@type\":\"BreadcrumbList\",\"@id\":\"https:\/\/staging.lucky-hunter.com\/product\/final-approach-gadwall\/#breadcrumb\",\"itemListElement\":[{\"@type\":\"ListItem\",\"position\":1,\"name\":\"Home\",\"item\":\"https:\/\/staging.lucky-hunter.com\/fr\/\"},{\"@type\":\"ListItem\",\"position\":2,\"name\":\"Boutique\",\"item\":\"https:\/\/staging.lucky-hunter.com\/fr\/shop\/\"},{\"@type\":\"ListItem\",\"position\":3,\"name\":\"Canards Chipeaux Final Approach &#8211; Pack de 6\"}]},{\"@type\":\"WebSite\",\"@id\":\"https:\/\/staging.lucky-hunter.com\/#website\",\"url\":\"https:\/\/staging.lucky-hunter.com\/\",\"name\":\"Lucky-Hunter\",\"description\":\"Gear Up or Give Up\",\"potentialAction\":[{\"@type\":\"SearchAction\",\"target\":{\"@type\":\"EntryPoint\",\"urlTemplate\":\"https:\/\/staging.lucky-hunter.com\/?s={search_term_string}\"},\"query-input\":{\"@type\":\"PropertyValueSpecification\",\"valueRequired\":true,\"valueName\":\"search_term_string\"}}],\"inLanguage\":\"fr-FR\"}]}<\/script>\n<!-- \/ Yoast SEO plugin. -->","yoast_head_json":{"title":"Canards Chipeaux Final Approach | Formes r\u00e9alistes sur Lucky-Hunter.com","description":"On trouve des canards chipeaux dans de nombreux environnements et ils constituent d\u2019excellentes formes. Ce pack de m\u00e2les vous permet d\u2019ajouter \u00e0 votre troupeau toute la couleur dont vous avez besoin.","robots":{"index":"noindex","follow":"follow","max-snippet":"max-snippet:-1","max-image-preview":"max-image-preview:large","max-video-preview":"max-video-preview:-1"},"og_locale":"fr_FR","og_type":"article","og_title":"Canards Chipeaux Final Approach | Formes r\u00e9alistes sur Lucky-Hunter.com","og_description":"On trouve des canards chipeaux dans de nombreux environnements et ils constituent d\u2019excellentes formes. Ce pack de m\u00e2les vous permet d\u2019ajouter \u00e0 votre troupeau toute la couleur dont vous avez besoin.","og_url":"https:\/\/staging.lucky-hunter.com\/product\/final-approach-gadwall\/","og_site_name":"Lucky-Hunter","article_modified_time":"2024-05-01T06:38:54+00:00","og_image":[{"width":1000,"height":1000,"url":"https:\/\/staging.lucky-hunter.com\/wp-content\/uploads\/2022\/09\/LF-381.png","type":"image\/png"}],"twitter_card":"summary_large_image","twitter_misc":{"Dur\u00e9e de lecture estim\u00e9e":"1 minute"},"schema":{"@context":"https:\/\/schema.org","@graph":[{"@type":"WebPage","@id":"https:\/\/staging.lucky-hunter.com\/product\/final-approach-gadwall\/","url":"https:\/\/staging.lucky-hunter.com\/product\/final-approach-gadwall\/","name":"Canards Chipeaux Final Approach | Formes r\u00e9alistes sur Lucky-Hunter.com","isPartOf":{"@id":"https:\/\/staging.lucky-hunter.com\/#website"},"primaryImageOfPage":{"@id":"https:\/\/staging.lucky-hunter.com\/product\/final-approach-gadwall\/#primaryimage"},"image":{"@id":"https:\/\/staging.lucky-hunter.com\/product\/final-approach-gadwall\/#primaryimage"},"thumbnailUrl":"https:\/\/staging.lucky-hunter.com\/wp-content\/uploads\/2022\/09\/LF-381.png","datePublished":"2022-09-01T09:59:27+00:00","dateModified":"2024-05-01T06:38:54+00:00","description":"On trouve des canards chipeaux dans de nombreux environnements et ils constituent d\u2019excellentes formes. Ce pack de m\u00e2les vous permet d\u2019ajouter \u00e0 votre troupeau toute la couleur dont vous avez besoin.","breadcrumb":{"@id":"https:\/\/staging.lucky-hunter.com\/product\/final-approach-gadwall\/#breadcrumb"},"inLanguage":"fr-FR","potentialAction":[{"@type":"ReadAction","target":["https:\/\/staging.lucky-hunter.com\/product\/final-approach-gadwall\/"]}]},{"@type":"ImageObject","inLanguage":"fr-FR","@id":"https:\/\/staging.lucky-hunter.com\/product\/final-approach-gadwall\/#primaryimage","url":"https:\/\/staging.lucky-hunter.com\/wp-content\/uploads\/2022\/09\/LF-381.png","contentUrl":"https:\/\/staging.lucky-hunter.com\/wp-content\/uploads\/2022\/09\/LF-381.png","width":1000,"height":1000},{"@type":"BreadcrumbList","@id":"https:\/\/staging.lucky-hunter.com\/product\/final-approach-gadwall\/#breadcrumb","itemListElement":[{"@type":"ListItem","position":1,"name":"Home","item":"https:\/\/staging.lucky-hunter.com\/fr\/"},{"@type":"ListItem","position":2,"name":"Boutique","item":"https:\/\/staging.lucky-hunter.com\/fr\/shop\/"},{"@type":"ListItem","position":3,"name":"Canards Chipeaux Final Approach &#8211; Pack de 6"}]},{"@type":"WebSite","@id":"https:\/\/staging.lucky-hunter.com\/#website","url":"https:\/\/staging.lucky-hunter.com\/","name":"Lucky-Hunter","description":"Gear Up or Give Up","potentialAction":[{"@type":"SearchAction","target":{"@type":"EntryPoint","urlTemplate":"https:\/\/staging.lucky-hunter.com\/?s={search_term_string}"},"query-input":{"@type":"PropertyValueSpecification","valueRequired":true,"valueName":"search_term_string"}}],"inLanguage":"fr-FR"}]}},"_links":{"self":[{"href":"https:\/\/staging.lucky-hunter.com\/fr\/wp-json\/wp\/v2\/product\/32387"}],"collection":[{"href":"https:\/\/staging.lucky-hunter.com\/fr\/wp-json\/wp\/v2\/product"}],"about":[{"href":"https:\/\/staging.lucky-hunter.com\/fr\/wp-json\/wp\/v2\/types\/product"}],"wp:featuredmedia":[{"embeddable":true,"href":"https:\/\/staging.lucky-hunter.com\/fr\/wp-json\/wp\/v2\/media\/47743"}],"wp:attachment":[{"href":"https:\/\/staging.lucky-hunter.com\/fr\/wp-json\/wp\/v2\/media?parent=32387"}],"wp:term":[{"taxonomy":"product_brand","embeddable":true,"href":"https:\/\/staging.lucky-hunter.com\/fr\/wp-json\/wp\/v2\/product_brand?post=32387"},{"taxonomy":"product_cat","embeddable":true,"href":"https:\/\/staging.lucky-hunter.com\/fr\/wp-json\/wp\/v2\/product_cat?post=32387"},{"taxonomy":"product_tag","embeddable":true,"href":"https:\/\/staging.lucky-hunter.com\/fr\/wp-json\/wp\/v2\/product_tag?post=32387"}],"curies":[{"name":"wp","href":"https:\/\/api.w.org\/{rel}","templated":true}]}}