{"id":32360,"date":"2022-09-01T11:00:53","date_gmt":"2022-09-01T09:00:53","guid":{"rendered":"https:\/\/staging.lucky-hunter.com\/product\/final-approach-shovelers-6-pcs\/"},"modified":"2022-11-15T14:37:38","modified_gmt":"2022-11-15T13:37:38","slug":"final-approach-shovelers-6-pcs","status":"publish","type":"product","link":"https:\/\/staging.lucky-hunter.com\/fr\/product\/final-approach-shovelers-6-pcs\/","title":{"rendered":"Canards Souchets Final Approach &#8211; Pack de 6"},"content":{"rendered":"<p><iframe title=\"Final Approach Live Shovelers\" width=\"1020\" height=\"574\" src=\"https:\/\/www.youtube.com\/embed\/FTiCbtH383I?wmode=transparent&amp;rel=0&amp;feature=oembed&#038;enablejsapi=1&#038;origin=https:\/\/staging.lucky-hunter.com\" frameborder=\"0\" allow=\"accelerometer; autoplay; clipboard-write; encrypted-media; gyroscope; picture-in-picture\" allowfullscreen><\/iframe><\/p>\n<h2>Des formes de qualit\u00e9 par Final Approach<\/h2>\n<p>Ces formes de canards souchets Final Approach sont les plus belles sur le march\u00e9\u00a0! Les d\u00e9tails et le contraste \u00e9tonnant de la peinture font ressortir ces formes sur l&#8217;eau. Leur fabrication en plastique EVA de qualit\u00e9 sup\u00e9rieure garantit une adh\u00e9rence de la peinture plus longue, une meilleure durabilit\u00e9 et une forme plus l\u00e9g\u00e8re. Attachez-les comme vous le souhaitez gr\u00e2ce aux trois points d&#8217;attache sur la quille. Donnez vie \u00e0 votre d\u00e9ploiement gr\u00e2ce aux Souchets Live.<\/p>\n<h2>CARACT\u00c9RISTIQUES\u00a0:<\/h2>\n<ul>\n<li><strong>Plastique EVA de qualit\u00e9 sup\u00e9rieure<\/strong><\/li>\n<li><strong>Plumes \u00ab LIVE \u00bb incroyablement d\u00e9taill\u00e9es, cr\u00e9\u00e9es par le sculpteur triple champion du monde Jamie Welsh.e<\/strong><\/li>\n<li><strong>Conception monobloc<\/strong><\/li>\n<li><strong>Pack de 6<\/strong><\/li>\n<li><strong>Comprend\u00a0:<\/strong> 3 canards droits et 3 en train de se nourrir<\/li>\n<\/ul>\n","protected":false},"excerpt":{"rendered":"<p>Ces formes ont \u00e9t\u00e9 con\u00e7ues pour capturer la v\u00e9ritable personnalit\u00e9 et l&#8217;anatomie d&#8217;un groupe de souchets en train de se nourrir, alors qu&#8217;ils cherchent de la nourriture \u00e0 la surface de l&#8217;eau.<\/p>\n","protected":false},"featured_media":32350,"template":"","meta":[],"product_brand":[8136],"product_cat":[8258],"product_tag":[9235],"yoast_head":"<!-- This site is optimized with the Yoast SEO plugin v24.3 - https:\/\/yoast.com\/wordpress\/plugins\/seo\/ -->\n<title>Canards Souchets Final Approach | Superbes formes \u00e0 un prix avantageux<\/title>\n<meta name=\"description\" content=\"Avec ces formes Final Approach, vos futures chasses au souchet seront couronn\u00e9es de succ\u00e8s. Le pack ne contient que des formes de m\u00e2les car ils sont plus efficaces pour attirer l\u2019attention.\" \/>\n<meta name=\"robots\" content=\"noindex, follow, max-snippet:-1, max-image-preview:large, max-video-preview:-1\" \/>\n<meta property=\"og:locale\" content=\"fr_FR\" \/>\n<meta property=\"og:type\" content=\"article\" \/>\n<meta property=\"og:title\" content=\"Canards Souchets Final Approach | Superbes formes \u00e0 un prix avantageux\" \/>\n<meta property=\"og:description\" content=\"Avec ces formes Final Approach, vos futures chasses au souchet seront couronn\u00e9es de succ\u00e8s. Le pack ne contient que des formes de m\u00e2les car ils sont plus efficaces pour attirer l\u2019attention.\" \/>\n<meta property=\"og:url\" content=\"https:\/\/staging.lucky-hunter.com\/product\/final-approach-shovelers-6-pcs\/\" \/>\n<meta property=\"og:site_name\" content=\"Lucky-Hunter\" \/>\n<meta property=\"article:modified_time\" content=\"2022-11-15T13:37:38+00:00\" \/>\n<meta property=\"og:image\" content=\"https:\/\/staging.lucky-hunter.com\/wp-content\/uploads\/2022\/09\/fr20_2048x.webp\" \/>\n\t<meta property=\"og:image:width\" content=\"1200\" \/>\n\t<meta property=\"og:image:height\" content=\"1200\" \/>\n\t<meta property=\"og:image:type\" content=\"image\/webp\" \/>\n<meta name=\"twitter:card\" content=\"summary_large_image\" \/>\n<meta name=\"twitter:label1\" content=\"Dur\u00e9e de lecture estim\u00e9e\" \/>\n\t<meta name=\"twitter:data1\" content=\"1 minute\" \/>\n<script type=\"application\/ld+json\" class=\"yoast-schema-graph\">{\"@context\":\"https:\/\/schema.org\",\"@graph\":[{\"@type\":\"WebPage\",\"@id\":\"https:\/\/staging.lucky-hunter.com\/product\/final-approach-shovelers-6-pcs\/\",\"url\":\"https:\/\/staging.lucky-hunter.com\/product\/final-approach-shovelers-6-pcs\/\",\"name\":\"Canards Souchets Final Approach | Superbes formes \u00e0 un prix avantageux\",\"isPartOf\":{\"@id\":\"https:\/\/staging.lucky-hunter.com\/#website\"},\"primaryImageOfPage\":{\"@id\":\"https:\/\/staging.lucky-hunter.com\/product\/final-approach-shovelers-6-pcs\/#primaryimage\"},\"image\":{\"@id\":\"https:\/\/staging.lucky-hunter.com\/product\/final-approach-shovelers-6-pcs\/#primaryimage\"},\"thumbnailUrl\":\"https:\/\/staging.lucky-hunter.com\/wp-content\/uploads\/2022\/09\/fr20_2048x.webp\",\"datePublished\":\"2022-09-01T09:00:53+00:00\",\"dateModified\":\"2022-11-15T13:37:38+00:00\",\"description\":\"Avec ces formes Final Approach, vos futures chasses au souchet seront couronn\u00e9es de succ\u00e8s. Le pack ne contient que des formes de m\u00e2les car ils sont plus efficaces pour attirer l\u2019attention.\",\"breadcrumb\":{\"@id\":\"https:\/\/staging.lucky-hunter.com\/product\/final-approach-shovelers-6-pcs\/#breadcrumb\"},\"inLanguage\":\"fr-FR\",\"potentialAction\":[{\"@type\":\"ReadAction\",\"target\":[\"https:\/\/staging.lucky-hunter.com\/product\/final-approach-shovelers-6-pcs\/\"]}]},{\"@type\":\"ImageObject\",\"inLanguage\":\"fr-FR\",\"@id\":\"https:\/\/staging.lucky-hunter.com\/product\/final-approach-shovelers-6-pcs\/#primaryimage\",\"url\":\"https:\/\/staging.lucky-hunter.com\/wp-content\/uploads\/2022\/09\/fr20_2048x.webp\",\"contentUrl\":\"https:\/\/staging.lucky-hunter.com\/wp-content\/uploads\/2022\/09\/fr20_2048x.webp\",\"width\":1200,\"height\":1200},{\"@type\":\"BreadcrumbList\",\"@id\":\"https:\/\/staging.lucky-hunter.com\/product\/final-approach-shovelers-6-pcs\/#breadcrumb\",\"itemListElement\":[{\"@type\":\"ListItem\",\"position\":1,\"name\":\"Home\",\"item\":\"https:\/\/staging.lucky-hunter.com\/fr\/\"},{\"@type\":\"ListItem\",\"position\":2,\"name\":\"Boutique\",\"item\":\"https:\/\/staging.lucky-hunter.com\/fr\/shop\/\"},{\"@type\":\"ListItem\",\"position\":3,\"name\":\"Canards Souchets Final Approach &#8211; Pack de 6\"}]},{\"@type\":\"WebSite\",\"@id\":\"https:\/\/staging.lucky-hunter.com\/#website\",\"url\":\"https:\/\/staging.lucky-hunter.com\/\",\"name\":\"Lucky-Hunter\",\"description\":\"Gear Up or Give Up\",\"potentialAction\":[{\"@type\":\"SearchAction\",\"target\":{\"@type\":\"EntryPoint\",\"urlTemplate\":\"https:\/\/staging.lucky-hunter.com\/?s={search_term_string}\"},\"query-input\":{\"@type\":\"PropertyValueSpecification\",\"valueRequired\":true,\"valueName\":\"search_term_string\"}}],\"inLanguage\":\"fr-FR\"}]}<\/script>\n<!-- \/ Yoast SEO plugin. -->","yoast_head_json":{"title":"Canards Souchets Final Approach | Superbes formes \u00e0 un prix avantageux","description":"Avec ces formes Final Approach, vos futures chasses au souchet seront couronn\u00e9es de succ\u00e8s. Le pack ne contient que des formes de m\u00e2les car ils sont plus efficaces pour attirer l\u2019attention.","robots":{"index":"noindex","follow":"follow","max-snippet":"max-snippet:-1","max-image-preview":"max-image-preview:large","max-video-preview":"max-video-preview:-1"},"og_locale":"fr_FR","og_type":"article","og_title":"Canards Souchets Final Approach | Superbes formes \u00e0 un prix avantageux","og_description":"Avec ces formes Final Approach, vos futures chasses au souchet seront couronn\u00e9es de succ\u00e8s. Le pack ne contient que des formes de m\u00e2les car ils sont plus efficaces pour attirer l\u2019attention.","og_url":"https:\/\/staging.lucky-hunter.com\/product\/final-approach-shovelers-6-pcs\/","og_site_name":"Lucky-Hunter","article_modified_time":"2022-11-15T13:37:38+00:00","og_image":[{"width":1200,"height":1200,"url":"https:\/\/staging.lucky-hunter.com\/wp-content\/uploads\/2022\/09\/fr20_2048x.webp","type":"image\/webp"}],"twitter_card":"summary_large_image","twitter_misc":{"Dur\u00e9e de lecture estim\u00e9e":"1 minute"},"schema":{"@context":"https:\/\/schema.org","@graph":[{"@type":"WebPage","@id":"https:\/\/staging.lucky-hunter.com\/product\/final-approach-shovelers-6-pcs\/","url":"https:\/\/staging.lucky-hunter.com\/product\/final-approach-shovelers-6-pcs\/","name":"Canards Souchets Final Approach | Superbes formes \u00e0 un prix avantageux","isPartOf":{"@id":"https:\/\/staging.lucky-hunter.com\/#website"},"primaryImageOfPage":{"@id":"https:\/\/staging.lucky-hunter.com\/product\/final-approach-shovelers-6-pcs\/#primaryimage"},"image":{"@id":"https:\/\/staging.lucky-hunter.com\/product\/final-approach-shovelers-6-pcs\/#primaryimage"},"thumbnailUrl":"https:\/\/staging.lucky-hunter.com\/wp-content\/uploads\/2022\/09\/fr20_2048x.webp","datePublished":"2022-09-01T09:00:53+00:00","dateModified":"2022-11-15T13:37:38+00:00","description":"Avec ces formes Final Approach, vos futures chasses au souchet seront couronn\u00e9es de succ\u00e8s. Le pack ne contient que des formes de m\u00e2les car ils sont plus efficaces pour attirer l\u2019attention.","breadcrumb":{"@id":"https:\/\/staging.lucky-hunter.com\/product\/final-approach-shovelers-6-pcs\/#breadcrumb"},"inLanguage":"fr-FR","potentialAction":[{"@type":"ReadAction","target":["https:\/\/staging.lucky-hunter.com\/product\/final-approach-shovelers-6-pcs\/"]}]},{"@type":"ImageObject","inLanguage":"fr-FR","@id":"https:\/\/staging.lucky-hunter.com\/product\/final-approach-shovelers-6-pcs\/#primaryimage","url":"https:\/\/staging.lucky-hunter.com\/wp-content\/uploads\/2022\/09\/fr20_2048x.webp","contentUrl":"https:\/\/staging.lucky-hunter.com\/wp-content\/uploads\/2022\/09\/fr20_2048x.webp","width":1200,"height":1200},{"@type":"BreadcrumbList","@id":"https:\/\/staging.lucky-hunter.com\/product\/final-approach-shovelers-6-pcs\/#breadcrumb","itemListElement":[{"@type":"ListItem","position":1,"name":"Home","item":"https:\/\/staging.lucky-hunter.com\/fr\/"},{"@type":"ListItem","position":2,"name":"Boutique","item":"https:\/\/staging.lucky-hunter.com\/fr\/shop\/"},{"@type":"ListItem","position":3,"name":"Canards Souchets Final Approach &#8211; Pack de 6"}]},{"@type":"WebSite","@id":"https:\/\/staging.lucky-hunter.com\/#website","url":"https:\/\/staging.lucky-hunter.com\/","name":"Lucky-Hunter","description":"Gear Up or Give Up","potentialAction":[{"@type":"SearchAction","target":{"@type":"EntryPoint","urlTemplate":"https:\/\/staging.lucky-hunter.com\/?s={search_term_string}"},"query-input":{"@type":"PropertyValueSpecification","valueRequired":true,"valueName":"search_term_string"}}],"inLanguage":"fr-FR"}]}},"_links":{"self":[{"href":"https:\/\/staging.lucky-hunter.com\/fr\/wp-json\/wp\/v2\/product\/32360"}],"collection":[{"href":"https:\/\/staging.lucky-hunter.com\/fr\/wp-json\/wp\/v2\/product"}],"about":[{"href":"https:\/\/staging.lucky-hunter.com\/fr\/wp-json\/wp\/v2\/types\/product"}],"wp:featuredmedia":[{"embeddable":true,"href":"https:\/\/staging.lucky-hunter.com\/fr\/wp-json\/wp\/v2\/media\/32350"}],"wp:attachment":[{"href":"https:\/\/staging.lucky-hunter.com\/fr\/wp-json\/wp\/v2\/media?parent=32360"}],"wp:term":[{"taxonomy":"product_brand","embeddable":true,"href":"https:\/\/staging.lucky-hunter.com\/fr\/wp-json\/wp\/v2\/product_brand?post=32360"},{"taxonomy":"product_cat","embeddable":true,"href":"https:\/\/staging.lucky-hunter.com\/fr\/wp-json\/wp\/v2\/product_cat?post=32360"},{"taxonomy":"product_tag","embeddable":true,"href":"https:\/\/staging.lucky-hunter.com\/fr\/wp-json\/wp\/v2\/product_tag?post=32360"}],"curies":[{"name":"wp","href":"https:\/\/api.w.org\/{rel}","templated":true}]}}