{"id":32323,"date":"2022-08-31T11:31:20","date_gmt":"2022-08-31T09:31:20","guid":{"rendered":"https:\/\/staging.lucky-hunter.com\/product\/final-approach-teal-decoys-12-pcs\/"},"modified":"2023-01-31T10:27:11","modified_gmt":"2023-01-31T09:27:11","slug":"final-approach-teal-decoys-12-pcs","status":"publish","type":"product","link":"https:\/\/staging.lucky-hunter.com\/fr\/product\/final-approach-teal-decoys-12-pcs\/","title":{"rendered":"Formes de Sarcelles Final Approach &#8211; pack de 12"},"content":{"rendered":"<p><iframe title=\"Final Approach HD Greenwing Teal\" width=\"1020\" height=\"574\" src=\"https:\/\/www.youtube.com\/embed\/x10jppIq5A4?start=73&#038;wmode=transparent&amp;rel=0&amp;feature=oembed&#038;enablejsapi=1&#038;origin=https:\/\/staging.lucky-hunter.com\" frameborder=\"0\" allow=\"accelerometer; autoplay; clipboard-write; encrypted-media; gyroscope; picture-in-picture; web-share\" allowfullscreen><\/iframe><\/p>\n<h2>Des formes de qualit\u00e9 par Final Approach<\/h2>\n<p>Ce n\u2019est que lorsque vous aurez ces formes en main que vous pourrez appr\u00e9cier pleinement la qualit\u00e9 du travail r\u00e9alis\u00e9 par Final Approach. Leur niveau de d\u00e9tails est in\u00e9gal\u00e9, du haut de la t\u00eate jusqu\u2019\u00e0 l&#8217;extr\u00e9mit\u00e9 de la queue. Id\u00e9ales lorsqu\u2019il y a des sarcelles dans votre r\u00e9gion ou si vous voulez ajouter un peu de vari\u00e9t\u00e9 \u00e0 votre d\u00e9ploiement. Ce pack de 12 contient 8 m\u00e2les et 4 femelles.<\/p>\n<h4><strong>CARACT\u00c9RISTIQUES\u00a0:<\/strong><\/h4>\n<ul>\n<li>Plastique haut de gamme<\/li>\n<li>Niveau de d\u00e9tails exceptionnel, par le sculpteur champion du monde Wayne Simkin<\/li>\n<li>Taille r\u00e9elle<\/li>\n<li>Monobloc<\/li>\n<li>Sch\u00e9ma de peinture r\u00e9aliste<\/li>\n<li>Pack de 12<\/li>\n<li>8 m\u00e2les t\u00eate baiss\u00e9e, 4 femelles en train de se nourrir<\/li>\n<\/ul>\n","protected":false},"excerpt":{"rendered":"<p>Final Approach a repouss\u00e9 les limites de la rentabilit\u00e9. Ce pack contient 12 sarcelles de qualit\u00e9 sup\u00e9rieure \u00e0 un prix tr\u00e8s avantageux.<\/p>\n","protected":false},"featured_media":56736,"template":"","meta":[],"product_brand":[8136],"product_cat":[8181],"product_tag":[],"yoast_head":"<!-- This site is optimized with the Yoast SEO plugin v24.3 - https:\/\/yoast.com\/wordpress\/plugins\/seo\/ -->\n<title>Formes Flottantes de Sarcelles Final Approach | 12 formes de qualit\u00e9 sup\u00e9rieure pour la chasse \u00e0 la Sarcelle<\/title>\n<meta name=\"description\" content=\"Vous en aurez vraiment pour votre argent ! 12 leurres de tr\u00e8s bonne qualit\u00e9 pour votre prochaine chasse \u00e0 la Sarcelle - D\u00e9couvrez-les sur Lucky-Hunter.com\" \/>\n<meta name=\"robots\" content=\"noindex, follow, max-snippet:-1, max-image-preview:large, max-video-preview:-1\" \/>\n<meta property=\"og:locale\" content=\"fr_FR\" \/>\n<meta property=\"og:type\" content=\"article\" \/>\n<meta property=\"og:title\" content=\"Formes Flottantes de Sarcelles Final Approach | 12 formes de qualit\u00e9 sup\u00e9rieure pour la chasse \u00e0 la Sarcelle\" \/>\n<meta property=\"og:description\" content=\"Vous en aurez vraiment pour votre argent ! 12 leurres de tr\u00e8s bonne qualit\u00e9 pour votre prochaine chasse \u00e0 la Sarcelle - D\u00e9couvrez-les sur Lucky-Hunter.com\" \/>\n<meta property=\"og:url\" content=\"https:\/\/staging.lucky-hunter.com\/fr\/product\/final-approach-teal-decoys-12-pcs\/\" \/>\n<meta property=\"og:site_name\" content=\"Lucky-Hunter\" \/>\n<meta property=\"article:modified_time\" content=\"2023-01-31T09:27:11+00:00\" \/>\n<meta property=\"og:image\" content=\"https:\/\/staging.lucky-hunter.com\/wp-content\/uploads\/2022\/08\/LF-383-1.png\" \/>\n\t<meta property=\"og:image:width\" content=\"1000\" \/>\n\t<meta property=\"og:image:height\" content=\"1000\" \/>\n\t<meta property=\"og:image:type\" content=\"image\/png\" \/>\n<meta name=\"twitter:card\" content=\"summary_large_image\" \/>\n<meta name=\"twitter:label1\" content=\"Dur\u00e9e de lecture estim\u00e9e\" \/>\n\t<meta name=\"twitter:data1\" content=\"1 minute\" \/>\n<script type=\"application\/ld+json\" class=\"yoast-schema-graph\">{\"@context\":\"https:\/\/schema.org\",\"@graph\":[{\"@type\":\"WebPage\",\"@id\":\"https:\/\/staging.lucky-hunter.com\/fr\/product\/final-approach-teal-decoys-12-pcs\/\",\"url\":\"https:\/\/staging.lucky-hunter.com\/fr\/product\/final-approach-teal-decoys-12-pcs\/\",\"name\":\"Formes Flottantes de Sarcelles Final Approach | 12 formes de qualit\u00e9 sup\u00e9rieure pour la chasse \u00e0 la Sarcelle\",\"isPartOf\":{\"@id\":\"https:\/\/staging.lucky-hunter.com\/#website\"},\"primaryImageOfPage\":{\"@id\":\"https:\/\/staging.lucky-hunter.com\/fr\/product\/final-approach-teal-decoys-12-pcs\/#primaryimage\"},\"image\":{\"@id\":\"https:\/\/staging.lucky-hunter.com\/fr\/product\/final-approach-teal-decoys-12-pcs\/#primaryimage\"},\"thumbnailUrl\":\"https:\/\/staging.lucky-hunter.com\/wp-content\/uploads\/2022\/08\/LF-383-1.png\",\"datePublished\":\"2022-08-31T09:31:20+00:00\",\"dateModified\":\"2023-01-31T09:27:11+00:00\",\"description\":\"Vous en aurez vraiment pour votre argent ! 12 leurres de tr\u00e8s bonne qualit\u00e9 pour votre prochaine chasse \u00e0 la Sarcelle - D\u00e9couvrez-les sur Lucky-Hunter.com\",\"breadcrumb\":{\"@id\":\"https:\/\/staging.lucky-hunter.com\/fr\/product\/final-approach-teal-decoys-12-pcs\/#breadcrumb\"},\"inLanguage\":\"fr-FR\",\"potentialAction\":[{\"@type\":\"ReadAction\",\"target\":[\"https:\/\/staging.lucky-hunter.com\/fr\/product\/final-approach-teal-decoys-12-pcs\/\"]}]},{\"@type\":\"ImageObject\",\"inLanguage\":\"fr-FR\",\"@id\":\"https:\/\/staging.lucky-hunter.com\/fr\/product\/final-approach-teal-decoys-12-pcs\/#primaryimage\",\"url\":\"https:\/\/staging.lucky-hunter.com\/wp-content\/uploads\/2022\/08\/LF-383-1.png\",\"contentUrl\":\"https:\/\/staging.lucky-hunter.com\/wp-content\/uploads\/2022\/08\/LF-383-1.png\",\"width\":1000,\"height\":1000},{\"@type\":\"BreadcrumbList\",\"@id\":\"https:\/\/staging.lucky-hunter.com\/fr\/product\/final-approach-teal-decoys-12-pcs\/#breadcrumb\",\"itemListElement\":[{\"@type\":\"ListItem\",\"position\":1,\"name\":\"Home\",\"item\":\"https:\/\/staging.lucky-hunter.com\/fr\/\"},{\"@type\":\"ListItem\",\"position\":2,\"name\":\"Boutique\",\"item\":\"https:\/\/staging.lucky-hunter.com\/fr\/shop\/\"},{\"@type\":\"ListItem\",\"position\":3,\"name\":\"Formes de Sarcelles Final Approach &#8211; pack de 12\"}]},{\"@type\":\"WebSite\",\"@id\":\"https:\/\/staging.lucky-hunter.com\/#website\",\"url\":\"https:\/\/staging.lucky-hunter.com\/\",\"name\":\"Lucky-Hunter\",\"description\":\"Gear Up or Give Up\",\"potentialAction\":[{\"@type\":\"SearchAction\",\"target\":{\"@type\":\"EntryPoint\",\"urlTemplate\":\"https:\/\/staging.lucky-hunter.com\/?s={search_term_string}\"},\"query-input\":{\"@type\":\"PropertyValueSpecification\",\"valueRequired\":true,\"valueName\":\"search_term_string\"}}],\"inLanguage\":\"fr-FR\"}]}<\/script>\n<!-- \/ Yoast SEO plugin. -->","yoast_head_json":{"title":"Formes Flottantes de Sarcelles Final Approach | 12 formes de qualit\u00e9 sup\u00e9rieure pour la chasse \u00e0 la Sarcelle","description":"Vous en aurez vraiment pour votre argent ! 12 leurres de tr\u00e8s bonne qualit\u00e9 pour votre prochaine chasse \u00e0 la Sarcelle - D\u00e9couvrez-les sur Lucky-Hunter.com","robots":{"index":"noindex","follow":"follow","max-snippet":"max-snippet:-1","max-image-preview":"max-image-preview:large","max-video-preview":"max-video-preview:-1"},"og_locale":"fr_FR","og_type":"article","og_title":"Formes Flottantes de Sarcelles Final Approach | 12 formes de qualit\u00e9 sup\u00e9rieure pour la chasse \u00e0 la Sarcelle","og_description":"Vous en aurez vraiment pour votre argent ! 12 leurres de tr\u00e8s bonne qualit\u00e9 pour votre prochaine chasse \u00e0 la Sarcelle - D\u00e9couvrez-les sur Lucky-Hunter.com","og_url":"https:\/\/staging.lucky-hunter.com\/fr\/product\/final-approach-teal-decoys-12-pcs\/","og_site_name":"Lucky-Hunter","article_modified_time":"2023-01-31T09:27:11+00:00","og_image":[{"width":1000,"height":1000,"url":"https:\/\/staging.lucky-hunter.com\/wp-content\/uploads\/2022\/08\/LF-383-1.png","type":"image\/png"}],"twitter_card":"summary_large_image","twitter_misc":{"Dur\u00e9e de lecture estim\u00e9e":"1 minute"},"schema":{"@context":"https:\/\/schema.org","@graph":[{"@type":"WebPage","@id":"https:\/\/staging.lucky-hunter.com\/fr\/product\/final-approach-teal-decoys-12-pcs\/","url":"https:\/\/staging.lucky-hunter.com\/fr\/product\/final-approach-teal-decoys-12-pcs\/","name":"Formes Flottantes de Sarcelles Final Approach | 12 formes de qualit\u00e9 sup\u00e9rieure pour la chasse \u00e0 la Sarcelle","isPartOf":{"@id":"https:\/\/staging.lucky-hunter.com\/#website"},"primaryImageOfPage":{"@id":"https:\/\/staging.lucky-hunter.com\/fr\/product\/final-approach-teal-decoys-12-pcs\/#primaryimage"},"image":{"@id":"https:\/\/staging.lucky-hunter.com\/fr\/product\/final-approach-teal-decoys-12-pcs\/#primaryimage"},"thumbnailUrl":"https:\/\/staging.lucky-hunter.com\/wp-content\/uploads\/2022\/08\/LF-383-1.png","datePublished":"2022-08-31T09:31:20+00:00","dateModified":"2023-01-31T09:27:11+00:00","description":"Vous en aurez vraiment pour votre argent ! 12 leurres de tr\u00e8s bonne qualit\u00e9 pour votre prochaine chasse \u00e0 la Sarcelle - D\u00e9couvrez-les sur Lucky-Hunter.com","breadcrumb":{"@id":"https:\/\/staging.lucky-hunter.com\/fr\/product\/final-approach-teal-decoys-12-pcs\/#breadcrumb"},"inLanguage":"fr-FR","potentialAction":[{"@type":"ReadAction","target":["https:\/\/staging.lucky-hunter.com\/fr\/product\/final-approach-teal-decoys-12-pcs\/"]}]},{"@type":"ImageObject","inLanguage":"fr-FR","@id":"https:\/\/staging.lucky-hunter.com\/fr\/product\/final-approach-teal-decoys-12-pcs\/#primaryimage","url":"https:\/\/staging.lucky-hunter.com\/wp-content\/uploads\/2022\/08\/LF-383-1.png","contentUrl":"https:\/\/staging.lucky-hunter.com\/wp-content\/uploads\/2022\/08\/LF-383-1.png","width":1000,"height":1000},{"@type":"BreadcrumbList","@id":"https:\/\/staging.lucky-hunter.com\/fr\/product\/final-approach-teal-decoys-12-pcs\/#breadcrumb","itemListElement":[{"@type":"ListItem","position":1,"name":"Home","item":"https:\/\/staging.lucky-hunter.com\/fr\/"},{"@type":"ListItem","position":2,"name":"Boutique","item":"https:\/\/staging.lucky-hunter.com\/fr\/shop\/"},{"@type":"ListItem","position":3,"name":"Formes de Sarcelles Final Approach &#8211; pack de 12"}]},{"@type":"WebSite","@id":"https:\/\/staging.lucky-hunter.com\/#website","url":"https:\/\/staging.lucky-hunter.com\/","name":"Lucky-Hunter","description":"Gear Up or Give Up","potentialAction":[{"@type":"SearchAction","target":{"@type":"EntryPoint","urlTemplate":"https:\/\/staging.lucky-hunter.com\/?s={search_term_string}"},"query-input":{"@type":"PropertyValueSpecification","valueRequired":true,"valueName":"search_term_string"}}],"inLanguage":"fr-FR"}]}},"_links":{"self":[{"href":"https:\/\/staging.lucky-hunter.com\/fr\/wp-json\/wp\/v2\/product\/32323"}],"collection":[{"href":"https:\/\/staging.lucky-hunter.com\/fr\/wp-json\/wp\/v2\/product"}],"about":[{"href":"https:\/\/staging.lucky-hunter.com\/fr\/wp-json\/wp\/v2\/types\/product"}],"wp:featuredmedia":[{"embeddable":true,"href":"https:\/\/staging.lucky-hunter.com\/fr\/wp-json\/wp\/v2\/media\/56736"}],"wp:attachment":[{"href":"https:\/\/staging.lucky-hunter.com\/fr\/wp-json\/wp\/v2\/media?parent=32323"}],"wp:term":[{"taxonomy":"product_brand","embeddable":true,"href":"https:\/\/staging.lucky-hunter.com\/fr\/wp-json\/wp\/v2\/product_brand?post=32323"},{"taxonomy":"product_cat","embeddable":true,"href":"https:\/\/staging.lucky-hunter.com\/fr\/wp-json\/wp\/v2\/product_cat?post=32323"},{"taxonomy":"product_tag","embeddable":true,"href":"https:\/\/staging.lucky-hunter.com\/fr\/wp-json\/wp\/v2\/product_tag?post=32323"}],"curies":[{"name":"wp","href":"https:\/\/api.w.org\/{rel}","templated":true}]}}