{"id":32197,"date":"2022-06-16T12:43:23","date_gmt":"2022-06-16T10:43:23","guid":{"rendered":"https:\/\/staging.lucky-hunter.com\/product\/camouflage-neige-rigem-right-xtreme-ghillie\/"},"modified":"2025-06-24T14:24:11","modified_gmt":"2025-06-24T12:24:11","slug":"camouflage-neige-rigem-right-xtreme-ghillie","status":"publish","type":"product","link":"https:\/\/staging.lucky-hunter.com\/fr\/product\/camouflage-neige-rigem-right-xtreme-ghillie\/","title":{"rendered":"Camouflage neige Xtreme Ghillie &#8211; Rig\u00b4Em Right"},"content":{"rendered":"<div>Le camouflage neige Rig&#8217;Em Right&#8217;s Xtreme Ghillie se fixe \u00e0 l\u2019aff\u00fbt couch\u00e9 Xtreme Ghillie et vous aide \u00e0 vous cacher dans la neige ou dans une configuration de leurres cygnes.<\/div>\n<div><\/div>\n<div>Se ferme et s&#8217;ouvre facilement.<\/div>\n<div><\/div>\n<div>La couverture de neige a des sangles de chaume pour ajouter de la v\u00e9g\u00e9tation suppl\u00e9mentaire sur le terrain.<\/div>\n","protected":false},"excerpt":{"rendered":"<p>Le camouflage neige Rig&#8217;Em Right&#8217;s Xtreme Ghillie vous aide \u00e0 vous cacher dans la neige.<\/p>\n","protected":false},"featured_media":55392,"template":"","meta":[],"product_brand":[8127],"product_cat":[8164],"product_tag":[],"yoast_head":"<!-- This site is optimized with the Yoast SEO plugin v24.3 - https:\/\/yoast.com\/wordpress\/plugins\/seo\/ -->\n<title>Camouflage neige Rig\u00b4Em Right Xtreme Ghillie<\/title>\n<meta name=\"description\" content=\"Le camouflage neige Rig&#039;Em Right&#039;s Xtreme Ghillie se fixe \u00e0 l\u2019aff\u00fbt couch\u00e9 Xtreme Ghillie et vous aide \u00e0 vous cacher dans la neige.\" \/>\n<meta name=\"robots\" content=\"noindex, follow, max-snippet:-1, max-image-preview:large, max-video-preview:-1\" \/>\n<meta property=\"og:locale\" content=\"fr_FR\" \/>\n<meta property=\"og:type\" content=\"article\" \/>\n<meta property=\"og:title\" content=\"Camouflage neige Rig\u00b4Em Right Xtreme Ghillie\" \/>\n<meta property=\"og:description\" content=\"Le camouflage neige Rig&#039;Em Right&#039;s Xtreme Ghillie se fixe \u00e0 l\u2019aff\u00fbt couch\u00e9 Xtreme Ghillie et vous aide \u00e0 vous cacher dans la neige.\" \/>\n<meta property=\"og:url\" content=\"https:\/\/staging.lucky-hunter.com\/fr\/product\/camouflage-neige-rigem-right-xtreme-ghillie\/\" \/>\n<meta property=\"og:site_name\" content=\"Lucky-Hunter\" \/>\n<meta property=\"article:modified_time\" content=\"2025-06-24T12:24:11+00:00\" \/>\n<meta property=\"og:image\" content=\"https:\/\/staging.lucky-hunter.com\/wp-content\/uploads\/2022\/06\/LS-220.png\" \/>\n\t<meta property=\"og:image:width\" content=\"1000\" \/>\n\t<meta property=\"og:image:height\" content=\"1000\" \/>\n\t<meta property=\"og:image:type\" content=\"image\/png\" \/>\n<meta name=\"twitter:card\" content=\"summary_large_image\" \/>\n<meta name=\"twitter:label1\" content=\"Dur\u00e9e de lecture estim\u00e9e\" \/>\n\t<meta name=\"twitter:data1\" content=\"1 minute\" \/>\n<script type=\"application\/ld+json\" class=\"yoast-schema-graph\">{\"@context\":\"https:\/\/schema.org\",\"@graph\":[{\"@type\":\"WebPage\",\"@id\":\"https:\/\/staging.lucky-hunter.com\/fr\/product\/camouflage-neige-rigem-right-xtreme-ghillie\/\",\"url\":\"https:\/\/staging.lucky-hunter.com\/fr\/product\/camouflage-neige-rigem-right-xtreme-ghillie\/\",\"name\":\"Camouflage neige Rig\u00b4Em Right Xtreme Ghillie\",\"isPartOf\":{\"@id\":\"https:\/\/staging.lucky-hunter.com\/#website\"},\"primaryImageOfPage\":{\"@id\":\"https:\/\/staging.lucky-hunter.com\/fr\/product\/camouflage-neige-rigem-right-xtreme-ghillie\/#primaryimage\"},\"image\":{\"@id\":\"https:\/\/staging.lucky-hunter.com\/fr\/product\/camouflage-neige-rigem-right-xtreme-ghillie\/#primaryimage\"},\"thumbnailUrl\":\"https:\/\/staging.lucky-hunter.com\/wp-content\/uploads\/2022\/06\/LS-220.png\",\"datePublished\":\"2022-06-16T10:43:23+00:00\",\"dateModified\":\"2025-06-24T12:24:11+00:00\",\"description\":\"Le camouflage neige Rig'Em Right's Xtreme Ghillie se fixe \u00e0 l\u2019aff\u00fbt couch\u00e9 Xtreme Ghillie et vous aide \u00e0 vous cacher dans la neige.\",\"breadcrumb\":{\"@id\":\"https:\/\/staging.lucky-hunter.com\/fr\/product\/camouflage-neige-rigem-right-xtreme-ghillie\/#breadcrumb\"},\"inLanguage\":\"fr-FR\",\"potentialAction\":[{\"@type\":\"ReadAction\",\"target\":[\"https:\/\/staging.lucky-hunter.com\/fr\/product\/camouflage-neige-rigem-right-xtreme-ghillie\/\"]}]},{\"@type\":\"ImageObject\",\"inLanguage\":\"fr-FR\",\"@id\":\"https:\/\/staging.lucky-hunter.com\/fr\/product\/camouflage-neige-rigem-right-xtreme-ghillie\/#primaryimage\",\"url\":\"https:\/\/staging.lucky-hunter.com\/wp-content\/uploads\/2022\/06\/LS-220.png\",\"contentUrl\":\"https:\/\/staging.lucky-hunter.com\/wp-content\/uploads\/2022\/06\/LS-220.png\",\"width\":1000,\"height\":1000},{\"@type\":\"BreadcrumbList\",\"@id\":\"https:\/\/staging.lucky-hunter.com\/fr\/product\/camouflage-neige-rigem-right-xtreme-ghillie\/#breadcrumb\",\"itemListElement\":[{\"@type\":\"ListItem\",\"position\":1,\"name\":\"Home\",\"item\":\"https:\/\/staging.lucky-hunter.com\/fr\/\"},{\"@type\":\"ListItem\",\"position\":2,\"name\":\"Boutique\",\"item\":\"https:\/\/staging.lucky-hunter.com\/fr\/shop\/\"},{\"@type\":\"ListItem\",\"position\":3,\"name\":\"Camouflage neige Xtreme Ghillie &#8211; Rig\u00b4Em Right\"}]},{\"@type\":\"WebSite\",\"@id\":\"https:\/\/staging.lucky-hunter.com\/#website\",\"url\":\"https:\/\/staging.lucky-hunter.com\/\",\"name\":\"Lucky-Hunter\",\"description\":\"Gear Up or Give Up\",\"potentialAction\":[{\"@type\":\"SearchAction\",\"target\":{\"@type\":\"EntryPoint\",\"urlTemplate\":\"https:\/\/staging.lucky-hunter.com\/?s={search_term_string}\"},\"query-input\":{\"@type\":\"PropertyValueSpecification\",\"valueRequired\":true,\"valueName\":\"search_term_string\"}}],\"inLanguage\":\"fr-FR\"}]}<\/script>\n<!-- \/ Yoast SEO plugin. -->","yoast_head_json":{"title":"Camouflage neige Rig\u00b4Em Right Xtreme Ghillie","description":"Le camouflage neige Rig'Em Right's Xtreme Ghillie se fixe \u00e0 l\u2019aff\u00fbt couch\u00e9 Xtreme Ghillie et vous aide \u00e0 vous cacher dans la neige.","robots":{"index":"noindex","follow":"follow","max-snippet":"max-snippet:-1","max-image-preview":"max-image-preview:large","max-video-preview":"max-video-preview:-1"},"og_locale":"fr_FR","og_type":"article","og_title":"Camouflage neige Rig\u00b4Em Right Xtreme Ghillie","og_description":"Le camouflage neige Rig'Em Right's Xtreme Ghillie se fixe \u00e0 l\u2019aff\u00fbt couch\u00e9 Xtreme Ghillie et vous aide \u00e0 vous cacher dans la neige.","og_url":"https:\/\/staging.lucky-hunter.com\/fr\/product\/camouflage-neige-rigem-right-xtreme-ghillie\/","og_site_name":"Lucky-Hunter","article_modified_time":"2025-06-24T12:24:11+00:00","og_image":[{"width":1000,"height":1000,"url":"https:\/\/staging.lucky-hunter.com\/wp-content\/uploads\/2022\/06\/LS-220.png","type":"image\/png"}],"twitter_card":"summary_large_image","twitter_misc":{"Dur\u00e9e de lecture estim\u00e9e":"1 minute"},"schema":{"@context":"https:\/\/schema.org","@graph":[{"@type":"WebPage","@id":"https:\/\/staging.lucky-hunter.com\/fr\/product\/camouflage-neige-rigem-right-xtreme-ghillie\/","url":"https:\/\/staging.lucky-hunter.com\/fr\/product\/camouflage-neige-rigem-right-xtreme-ghillie\/","name":"Camouflage neige Rig\u00b4Em Right Xtreme Ghillie","isPartOf":{"@id":"https:\/\/staging.lucky-hunter.com\/#website"},"primaryImageOfPage":{"@id":"https:\/\/staging.lucky-hunter.com\/fr\/product\/camouflage-neige-rigem-right-xtreme-ghillie\/#primaryimage"},"image":{"@id":"https:\/\/staging.lucky-hunter.com\/fr\/product\/camouflage-neige-rigem-right-xtreme-ghillie\/#primaryimage"},"thumbnailUrl":"https:\/\/staging.lucky-hunter.com\/wp-content\/uploads\/2022\/06\/LS-220.png","datePublished":"2022-06-16T10:43:23+00:00","dateModified":"2025-06-24T12:24:11+00:00","description":"Le camouflage neige Rig'Em Right's Xtreme Ghillie se fixe \u00e0 l\u2019aff\u00fbt couch\u00e9 Xtreme Ghillie et vous aide \u00e0 vous cacher dans la neige.","breadcrumb":{"@id":"https:\/\/staging.lucky-hunter.com\/fr\/product\/camouflage-neige-rigem-right-xtreme-ghillie\/#breadcrumb"},"inLanguage":"fr-FR","potentialAction":[{"@type":"ReadAction","target":["https:\/\/staging.lucky-hunter.com\/fr\/product\/camouflage-neige-rigem-right-xtreme-ghillie\/"]}]},{"@type":"ImageObject","inLanguage":"fr-FR","@id":"https:\/\/staging.lucky-hunter.com\/fr\/product\/camouflage-neige-rigem-right-xtreme-ghillie\/#primaryimage","url":"https:\/\/staging.lucky-hunter.com\/wp-content\/uploads\/2022\/06\/LS-220.png","contentUrl":"https:\/\/staging.lucky-hunter.com\/wp-content\/uploads\/2022\/06\/LS-220.png","width":1000,"height":1000},{"@type":"BreadcrumbList","@id":"https:\/\/staging.lucky-hunter.com\/fr\/product\/camouflage-neige-rigem-right-xtreme-ghillie\/#breadcrumb","itemListElement":[{"@type":"ListItem","position":1,"name":"Home","item":"https:\/\/staging.lucky-hunter.com\/fr\/"},{"@type":"ListItem","position":2,"name":"Boutique","item":"https:\/\/staging.lucky-hunter.com\/fr\/shop\/"},{"@type":"ListItem","position":3,"name":"Camouflage neige Xtreme Ghillie &#8211; Rig\u00b4Em Right"}]},{"@type":"WebSite","@id":"https:\/\/staging.lucky-hunter.com\/#website","url":"https:\/\/staging.lucky-hunter.com\/","name":"Lucky-Hunter","description":"Gear Up or Give Up","potentialAction":[{"@type":"SearchAction","target":{"@type":"EntryPoint","urlTemplate":"https:\/\/staging.lucky-hunter.com\/?s={search_term_string}"},"query-input":{"@type":"PropertyValueSpecification","valueRequired":true,"valueName":"search_term_string"}}],"inLanguage":"fr-FR"}]}},"_links":{"self":[{"href":"https:\/\/staging.lucky-hunter.com\/fr\/wp-json\/wp\/v2\/product\/32197"}],"collection":[{"href":"https:\/\/staging.lucky-hunter.com\/fr\/wp-json\/wp\/v2\/product"}],"about":[{"href":"https:\/\/staging.lucky-hunter.com\/fr\/wp-json\/wp\/v2\/types\/product"}],"wp:featuredmedia":[{"embeddable":true,"href":"https:\/\/staging.lucky-hunter.com\/fr\/wp-json\/wp\/v2\/media\/55392"}],"wp:attachment":[{"href":"https:\/\/staging.lucky-hunter.com\/fr\/wp-json\/wp\/v2\/media?parent=32197"}],"wp:term":[{"taxonomy":"product_brand","embeddable":true,"href":"https:\/\/staging.lucky-hunter.com\/fr\/wp-json\/wp\/v2\/product_brand?post=32197"},{"taxonomy":"product_cat","embeddable":true,"href":"https:\/\/staging.lucky-hunter.com\/fr\/wp-json\/wp\/v2\/product_cat?post=32197"},{"taxonomy":"product_tag","embeddable":true,"href":"https:\/\/staging.lucky-hunter.com\/fr\/wp-json\/wp\/v2\/product_tag?post=32197"}],"curies":[{"name":"wp","href":"https:\/\/api.w.org\/{rel}","templated":true}]}}